{"id":226,"date":"2015-08-22T01:42:29","date_gmt":"2015-08-22T01:42:29","guid":{"rendered":"http:\/\/dahua.evosec.eu\/?page_id=226"},"modified":"2016-09-11T17:47:32","modified_gmt":"2016-09-11T17:47:32","slug":"device-security-assessment","status":"publish","type":"page","link":"https:\/\/dahua.evosec.eu\/da\/device-security-assessment\/","title":{"rendered":"Enheden Sikringsvurderingen &amp; H\u00e5ndh\u00e6velse"},"content":{"rendered":"<div><i>Opdatere 25 September, 2015<\/i><br \/>\r\nFor nu, vi har identificeret fejl, udviklet en patch (vil v\u00e6re tilg\u00e6ngelig for de fleste DAHUA-baseret produkter) og ogs\u00e5 l\u00f8sninger til at gendanne enheden til situationer hvor:<\/p>\r\n<ul>\r\n<li>Enheden holder op med at reagere, registrering eller ikke kan tilg\u00e5s via internettet mens direkte tilsluttet eller via PPPoE<\/li>\r\n<li>Enheden stadig poster, men du kan ikke f\u00e5 adgang til den via internettet<\/li>\r\n<li>Enheden viser en &#8220;System has been hacked&#8221;, &#8220;Device has been hacked&#8221;, &#8220;DVR has been hacked&#8221; eller andre meddelelser og den <strong>admin<\/strong> konto har ingen rettigheder<\/li>\r\n<\/ul>\r\n<\/div>\r\n<hr \/>\r\n<div><i>Update 1 September, 2015<\/i><br \/>\r\nVi har udviklet brugerdefinerede firmware(s) for gamle enheder, der er udsat for telnet(port 23)->root username angreb(via standard, uforanderlig <strong>vizxv<\/strong> adgangskode). Vi er i stand til at tilpasse\/patch n\u00e6sten alle gamle firmware med en sikker adgangskode, som du giver.<\/p>\r\n<p>Hvorfor? Fordi ved hj\u00e6lp af root&#038;<strong>vizxv<\/strong> adgangskode enheder er s\u00e5rbare over for data l\u00e6kager (herunder flere, klartekst-gemte legitimationsoplysninger), post(er) sletning, standsning af drift (for mindst 4 minutter), nulstilling af konfiguration ect.<\/p>\r\n<div class=\"panel panel-default\">\r\n<div class=\"panel-heading\">Nogle ber\u00f8rte modeller<\/div>\r\n<div class=\"panel-body\">\r\nDVR0404HE-AN, DVR0404HE-AS, DVR0404HF-AN, DVR0404HF-AS, DVR0404HF-AT, DVR0404HF-U, DVR0404LE-AN, DVR0404LE-AS, DVR0404LF-A, DVR0404LF-AS, DVR0404LF-AST, DVR0404LF-L, DVR0404LF-S, DVR0804HF-U, DVR0804LE-AS, DVR0804LF-A, DVR0804LF-AS, DVR0804LF-AST, DVR0804LF-L, DVR0804LF-S, DVR1604HF-L-E, DVR1604HF-S-E, DVR1604HF-U, DVR1604LE-AS, DVR1604LE-SL, DVR1604LF-A, DVR1604LF-AE, DVR1604LF-AS, DVR1604LF-AST, DVR1604LF-L, DVR1604LF-S, DVR3108H, DVR310XE, DVR3116E, DVR3116H\r\n  <\/div>\r\n<\/div>\r\n<hr \/>\r\n<div>Nogle DVRs, NVRs (og andre integreret sikkerhed eller overv\u00e5gningsudstyr) kan og kan blive kompromitteret af forskellige sikkerhedsproblemer. For dem, vil vi fjernt-vurdere din nuv\u00e6rende enhedssikkerhed og udstede en bet\u00e6nkningen.\r\n<\/div>\r\n<\/p>\r\n<div><strong>Tip:<\/strong> Denne funktion er i \u00f8jeblikket under udvikling.<br \/>\r\nVi vil g\u00f8re #pentesting og nogle #hardwarefingerprinting. Vi vil ogs\u00e5 bruge f\u00e6lles #CVEs tilg\u00e6ngelige og nogle inde-udviklet v\u00e6rkt\u00f8jer. Vi vil pr\u00e6sentere en statistik over s\u00e5rbare enheder i den n\u00e6rmeste fremtid.\r\n<\/div>","protected":false},"excerpt":{"rendered":"Opdatere 25 September, 2015 For nu, vi har identificeret fejl, udviklet en patch (vil v\u00e6re tilg\u00e6ngelig for de fleste DAHUA-baseret produkter) og ogs\u00e5 l\u00f8sninger til at gendanne enheden til situationer hvor: Enheden holder op med at reagere, registrering eller ikke kan tilg\u00e5s via internettet mens direkte tilsluttet eller via PPPoE Enheden stadig poster, men du&hellip; <a class=\"more-link\" href=\"https:\/\/dahua.evosec.eu\/da\/device-security-assessment\/\">Continue Reading Enheden Sikringsvurderingen &amp; H\u00e5ndh\u00e6velse<\/a>","protected":false},"author":1,"featured_media":0,"parent":0,"menu_order":0,"comment_status":"closed","ping_status":"closed","template":"","meta":{"footnotes":""},"class_list":["post-226","page","type-page","status-publish","hentry"],"translation":{"provider":"WPGlobus","version":"3.0.1","language":"da","enabled_languages":["en","da","de","es","fi","fr","it","hu","nl","no","pt","pl","ru","sv","ja"],"languages":{"en":{"title":true,"content":true,"excerpt":false},"da":{"title":true,"content":true,"excerpt":false},"de":{"title":true,"content":true,"excerpt":false},"es":{"title":true,"content":true,"excerpt":false},"fi":{"title":true,"content":true,"excerpt":false},"fr":{"title":true,"content":true,"excerpt":false},"it":{"title":true,"content":true,"excerpt":false},"hu":{"title":true,"content":true,"excerpt":false},"nl":{"title":true,"content":true,"excerpt":false},"no":{"title":true,"content":true,"excerpt":false},"pt":{"title":true,"content":true,"excerpt":false},"pl":{"title":true,"content":true,"excerpt":false},"ru":{"title":true,"content":true,"excerpt":false},"sv":{"title":true,"content":true,"excerpt":false},"ja":{"title":false,"content":false,"excerpt":false}}},"yoast_head":"<!-- This site is optimized with the Yoast SEO plugin v27.3 - https:\/\/yoast.com\/product\/yoast-seo-wordpress\/ -->\n<title>Enheden Sikringsvurderingen &amp; H\u00e5ndh\u00e6velse - Premium Tech Support for DAHUA produkter<\/title>\n<meta name=\"robots\" content=\"index, follow, max-snippet:-1, max-image-preview:large, max-video-preview:-1\" \/>\n<link rel=\"canonical\" href=\"https:\/\/dahua.evosec.eu\/hu\/device-security-assessment\/\" \/>\n<meta property=\"og:locale\" content=\"da_DK\" \/>\n<meta property=\"og:type\" content=\"article\" \/>\n<meta property=\"og:title\" content=\"Enheden Sikringsvurderingen &amp; H\u00e5ndh\u00e6velse - Premium Tech Support for DAHUA produkter\" \/>\n<meta property=\"og:url\" content=\"https:\/\/dahua.evosec.eu\/hu\/device-security-assessment\/\" \/>\n<meta property=\"og:site_name\" content=\"Premium Tech Support for DAHUA produkter\" \/>\n<meta property=\"article:publisher\" content=\"https:\/\/www.facebook.com\/euroevosolutions\" \/>\n<meta property=\"article:modified_time\" content=\"2016-09-11T17:47:32+00:00\" \/>\n<meta name=\"twitter:card\" content=\"summary_large_image\" \/>\n<meta name=\"twitter:site\" content=\"@evosec_eu\" \/>\n<meta name=\"twitter:label1\" content=\"Estimeret l\u00e6setid\" \/>\n\t<meta name=\"twitter:data1\" content=\"22 minutter\" \/>\n<script type=\"application\/ld+json\" class=\"yoast-schema-graph\">{\"@context\":\"https:\\\/\\\/schema.org\",\"@graph\":[{\"@type\":\"WebPage\",\"@id\":\"https:\\\/\\\/dahua.evosec.eu\\\/hu\\\/device-security-assessment\\\/\",\"url\":\"https:\\\/\\\/dahua.evosec.eu\\\/hu\\\/device-security-assessment\\\/\",\"name\":\"Enheden Sikringsvurderingen &amp; H\u00e5ndh\u00e6velse - Premium Tech Support for DAHUA produkter\",\"isPartOf\":{\"@id\":\"https:\\\/\\\/dahua.evosec.eu\\\/#website\"},\"datePublished\":\"2015-08-22T01:42:29+00:00\",\"dateModified\":\"2016-09-11T17:47:32+00:00\",\"description\":\"\",\"breadcrumb\":{\"@id\":\"https:\\\/\\\/dahua.evosec.eu\\\/hu\\\/device-security-assessment\\\/#breadcrumb\"},\"inLanguage\":\"da-DK\",\"potentialAction\":[{\"@type\":\"ReadAction\",\"target\":[\"https:\\\/\\\/dahua.evosec.eu\\\/hu\\\/device-security-assessment\\\/\"]}]},{\"@type\":\"BreadcrumbList\",\"@id\":\"https:\\\/\\\/dahua.evosec.eu\\\/hu\\\/device-security-assessment\\\/#breadcrumb\",\"itemListElement\":[{\"@type\":\"ListItem\",\"position\":1,\"name\":\"Home\",\"item\":\"https:\\\/\\\/dahua.evosec.eu\\\/\"},{\"@type\":\"ListItem\",\"position\":2,\"name\":\"K\u00e9sz\u00fcl\u00e9k Biztons\u00e1gi \u00e9rt\u00e9kel\u00e9si &amp; V\u00e9grehajt\u00e1si\"}]},{\"@type\":\"WebSite\",\"@id\":\"https:\\\/\\\/dahua.evosec.eu\\\/#website\",\"url\":\"https:\\\/\\\/dahua.evosec.eu\\\/\",\"name\":\"Premium Tech Support for DAHUA produkter\",\"description\":\"Support, Integration &amp; Automation\",\"potentialAction\":[{\"@type\":\"SearchAction\",\"target\":{\"@type\":\"EntryPoint\",\"urlTemplate\":\"https:\\\/\\\/dahua.evosec.eu\\\/?s={search_term_string}\"},\"query-input\":{\"@type\":\"PropertyValueSpecification\",\"valueRequired\":true,\"valueName\":\"search_term_string\"}}],\"inLanguage\":\"da-DK\"}]}<\/script>\n<!-- \/ Yoast SEO plugin. -->","yoast_head_json":{"title":"Enheden Sikringsvurderingen &amp; H\u00e5ndh\u00e6velse - Premium Tech Support for DAHUA produkter","robots":{"index":"index","follow":"follow","max-snippet":"max-snippet:-1","max-image-preview":"max-image-preview:large","max-video-preview":"max-video-preview:-1"},"canonical":"https:\/\/dahua.evosec.eu\/hu\/device-security-assessment\/","og_locale":"da_DK","og_type":"article","og_title":"Enheden Sikringsvurderingen &amp; H\u00e5ndh\u00e6velse - Premium Tech Support for DAHUA produkter","og_url":"https:\/\/dahua.evosec.eu\/hu\/device-security-assessment\/","og_site_name":"Premium Tech Support for DAHUA produkter","article_publisher":"https:\/\/www.facebook.com\/euroevosolutions","article_modified_time":"2016-09-11T17:47:32+00:00","twitter_card":"summary_large_image","twitter_site":"@evosec_eu","twitter_misc":{"Estimeret l\u00e6setid":"22 minutter"},"schema":{"@context":"https:\/\/schema.org","@graph":[{"@type":"WebPage","@id":"https:\/\/dahua.evosec.eu\/hu\/device-security-assessment\/","url":"https:\/\/dahua.evosec.eu\/hu\/device-security-assessment\/","name":"Enheden Sikringsvurderingen &amp; H\u00e5ndh\u00e6velse - Premium Tech Support for DAHUA produkter","isPartOf":{"@id":"https:\/\/dahua.evosec.eu\/#website"},"datePublished":"2015-08-22T01:42:29+00:00","dateModified":"2016-09-11T17:47:32+00:00","description":"","breadcrumb":{"@id":"https:\/\/dahua.evosec.eu\/hu\/device-security-assessment\/#breadcrumb"},"inLanguage":"da-DK","potentialAction":[{"@type":"ReadAction","target":["https:\/\/dahua.evosec.eu\/hu\/device-security-assessment\/"]}]},{"@type":"BreadcrumbList","@id":"https:\/\/dahua.evosec.eu\/hu\/device-security-assessment\/#breadcrumb","itemListElement":[{"@type":"ListItem","position":1,"name":"Home","item":"https:\/\/dahua.evosec.eu\/"},{"@type":"ListItem","position":2,"name":"K\u00e9sz\u00fcl\u00e9k Biztons\u00e1gi \u00e9rt\u00e9kel\u00e9si &amp; V\u00e9grehajt\u00e1si"}]},{"@type":"WebSite","@id":"https:\/\/dahua.evosec.eu\/#website","url":"https:\/\/dahua.evosec.eu\/","name":"Premium Tech Support for DAHUA produkter","description":"Support, Integration &amp; Automation","potentialAction":[{"@type":"SearchAction","target":{"@type":"EntryPoint","urlTemplate":"https:\/\/dahua.evosec.eu\/?s={search_term_string}"},"query-input":{"@type":"PropertyValueSpecification","valueRequired":true,"valueName":"search_term_string"}}],"inLanguage":"da-DK"}]}},"_links":{"self":[{"href":"https:\/\/dahua.evosec.eu\/da\/wp-json\/wp\/v2\/pages\/226","targetHints":{"allow":["GET"]}}],"collection":[{"href":"https:\/\/dahua.evosec.eu\/da\/wp-json\/wp\/v2\/pages"}],"about":[{"href":"https:\/\/dahua.evosec.eu\/da\/wp-json\/wp\/v2\/types\/page"}],"author":[{"embeddable":true,"href":"https:\/\/dahua.evosec.eu\/da\/wp-json\/wp\/v2\/users\/1"}],"replies":[{"embeddable":true,"href":"https:\/\/dahua.evosec.eu\/da\/wp-json\/wp\/v2\/comments?post=226"}],"version-history":[{"count":0,"href":"https:\/\/dahua.evosec.eu\/da\/wp-json\/wp\/v2\/pages\/226\/revisions"}],"wp:attachment":[{"href":"https:\/\/dahua.evosec.eu\/da\/wp-json\/wp\/v2\/media?parent=226"}],"curies":[{"name":"wp","href":"https:\/\/api.w.org\/{rel}","templated":true}]}}