{"id":13,"date":"2015-06-11T14:23:18","date_gmt":"2015-06-11T14:23:18","guid":{"rendered":"http:\/\/dahua.evosec.eu\/?page_id=13"},"modified":"2018-08-24T00:50:03","modified_gmt":"2018-08-23T23:50:03","slug":"password-recovery","status":"publish","type":"page","link":"https:\/\/dahua.evosec.eu\/de\/password-recovery\/","title":{"rendered":"DAHUA Passwort \u00e4ndern Oder Zur\u00fccksetzen"},"content":{"rendered":"<div class=\"alert alert-success\" role=\"alert\">\r\n<div class=\"row\">\r\n<div class=\"col-md-1\">\r\n<i class=\"fa fa-money fa-3x\" aria-hidden=\"true\"><\/i>\r\n<\/div>\r\n<div class=\"col-md-11\">\r\nWir haben die L\u00f6sungen f\u00fcr Ihre Probleme! Wir bieten eine schnelle und einfache M\u00f6glichkeit f\u00fcr Sie zur\u00fccksetzen und \u00e4ndern jedes Passwort auf \u00e4lteren oder neueren DAHUA Produkte verwendet.\r\n<\/div>\r\n<\/div>\r\n<\/div>\r\n<hr \/>\r\n<div class=\"alert alert-info text-center lead\" role=\"alert\">\r\n    <i class=\"fa fa-info-circle fa-fw\" aria-hidden=\"true\"><\/i> \r\n    <a href=\"https:\/\/dahua-passwords.evosec.eu\/\">Schauen Sie sich unsere neuen und verbesserten service &#8211; https:\/\/dahua-passwords.evosec.eu\/<\/a>\r\n    <i class=\"fa fa-info-circle fa-fw\" aria-hidden=\"true\"><\/i>\r\n<\/div>\r\n<hr \/>\r\n<br \/>\r\n<div style=\"text-align:justify\">Ob Sie Ihr von Ihrem DAHUA Ger\u00e4t (oder Ger\u00e4te Passwort) oder k\u00f6nnen mich nicht erinnern, k\u00f6nnen wir Ihnen &#8211; Bereitstellung von Anleitungen und ein einzigartiges, tempor\u00e4res Passwort (g\u00fcltig nur an einem Tag) helfen. Du musst das Ger\u00e4t zu \u00f6ffnen, keine Einstellungen werden zur\u00fcckgesetzt und verlieren Sie keine Informationen.<br \/>\r\nSie m\u00fcssen um physischen Zugriff auf das Ger\u00e4t und folgen unseren Anweisungen mit einer Maus \u00fcber USB-Port angeschlossen.<\/div>\r\n<br \/>\r\n<div class=\"alert alert-warning text-center\" role=\"alert\"><i class=\"fa fa-exclamation-triangle fa-fw\" aria-hidden=\"true\"><\/i> Wenn das Datum auf Ihrem Ger\u00e4t vom Tagesdatum abweicht, m\u00fcssen Sie die zweite Option ausw\u00e4hlen &#8211; <strong>Erweiterte<\/strong>! <i class=\"fa fa-exclamation-triangle fa-fw\" aria-hidden=\"true\"><\/i><\/div>\r\n<br \/>\r\n<div class=\"panel panel-default panel-primary\">\r\n<div class=\"panel-heading\">Welchen Service Ihnen passt besser?<\/div>\r\n  <div class=\"panel-body\">\r\n<div class=\"DHPass\">\r\n    <div class=\"row\">\r\n        <div class=\"col-xs-12 col-sm-offset-4 col-sm-8\">\r\n            <div class=\"row\">\r\n                <div class=\"col-xs-4 PlanHeader Plan1\">\r\n                    <div class=\"PlanTitle\">Einfach<\/div>\r\n                    <div class=\"PlanPrice\">4.99$<\/div>\r\n                <\/div>\r\n                <div class=\"col-xs-4 PlanHeader Plan2\">\r\n                    <div class=\"PlanTitle\">Erweiterte<\/div>\r\n                    <div class=\"PlanPrice\">9.99$<\/div>\r\n                <\/div>\r\n                <div class=\"col-xs-4 PlanHeader Plan3\">\r\n                    <div class=\"PlanTitle\">Expert<\/div>\r\n                    <div class=\"PlanPrice\">29.99$<\/div>\r\n                <\/div>\r\n            <\/div>\r\n        <\/div>\r\n    <\/div>\r\n    <div class=\"row PriceFeatureRow\">\r\n        <div class=\"col-xs-12 col-sm-4 PlanFeature\">\r\n            Tempor\u00e4res Kennwort\r\n        <\/div>\r\n        <div class=\"col-xs-12 col-sm-8\">\r\n            <div class=\"row\">\r\n                <div class=\"col-xs-4 col-sm-4 PlanFeature Plan1\">\r\n                    <i class=\"fa fa-check PlanCheck\"><\/i>\r\n                <\/div>\r\n                <div class=\"col-xs-4 col-sm-4 PlanFeature Plan2\">\r\n                    <i class=\"fa fa-check PlanCheck\"><\/i>\r\n                <\/div>\r\n                <div class=\"col-xs-4 col-sm-4 PlanFeature Plan3\">\r\n                    <i class=\"fa fa-check PlanCheck\"><\/i>\r\n                <\/div>\r\n            <\/div>\r\n        <\/div>\r\n    <\/div>\r\n    <div class=\"row PriceFeatureRow\">\r\n        <div class=\"col-xs-12 col-sm-4 PlanFeature\">\r\n            Digitale Reisef\u00fchrer (PDF)\r\n        <\/div>\r\n        <div class=\"col-xs-12 col-sm-8\">\r\n            <div class=\"row\">\r\n                <div class=\"col-xs-4 col-sm-4 PlanFeature Plan1\">\r\n                    <i class=\"fa fa-check PlanCheck\"><\/i>\r\n                <\/div>\r\n                <div class=\"col-xs-4 col-sm-4 PlanFeature Plan2\">\r\n                    <i class=\"fa fa-check PlanCheck\"><\/i>\r\n                <\/div>\r\n                <div class=\"col-xs-4 col-sm-4 PlanFeature Plan3\">\r\n                    <i class=\"fa fa-check PlanCheck\"><\/i>\r\n                <\/div>\r\n            <\/div>\r\n        <\/div>\r\n    <\/div>\r\n    <div class=\"row PriceFeatureRow\">\r\n        <div class=\"col-xs-12 col-sm-4 PlanFeature\">\r\n            Support per E-Mail\r\n        <\/div>\r\n        <div class=\"col-xs-12 col-sm-8\">\r\n            <div class=\"row\">\r\n                <div class=\"col-xs-4 col-sm-4 PlanFeature Plan1\">\r\n                    <i class=\"fa fa-times-circle PlanUnCheck\"><\/i>\r\n                <\/div>\r\n                <div class=\"col-xs-4 col-sm-4 PlanFeature Plan2\">\r\n                    <i class=\"fa fa-check PlanCheck\"><\/i>\r\n                <\/div>\r\n                <div class=\"col-xs-4 col-sm-4 PlanFeature Plan3\">\r\n                    <i class=\"fa fa-check PlanCheck\"><\/i>\r\n                <\/div>\r\n            <\/div>\r\n        <\/div>\r\n    <\/div>\r\n   <div class=\"row PriceFeatureRow\">\r\n        <div class=\"col-xs-12 col-sm-4 PlanFeature\">\r\n            Tag Flexibilit\u00e4t *\r\n        <\/div>\r\n        <div class=\"col-xs-12 col-sm-8\">\r\n            <div class=\"row\">\r\n                <div class=\"col-xs-4 col-sm-4 PlanFeature Plan1\">\r\n                    <i class=\"fa fa-times-circle PlanUnCheck\"><\/i>\r\n                <\/div>\r\n                <div class=\"col-xs-4 col-sm-4 PlanFeature Plan2\">\r\n                    <i class=\"fa fa-check PlanCheck\"><\/i>\r\n                <\/div>\r\n                <div class=\"col-xs-4 col-sm-4 PlanFeature Plan3\">\r\n                    <i class=\"fa fa-check PlanCheck\"><\/i>\r\n                <\/div>\r\n            <\/div>\r\n        <\/div>\r\n    <\/div>\r\n   <div class=\"row PriceFeatureRow\">\r\n        <div class=\"col-xs-12 col-sm-4 PlanFeature\">\r\n            Support per Live-Chat\r\n        <\/div>\r\n        <div class=\"col-xs-12 col-sm-8\">\r\n            <div class=\"row\">\r\n                <div class=\"col-xs-4 col-sm-4 PlanFeature Plan1\">\r\n                    <i class=\"fa fa-times-circle PlanUnCheck\"><\/i>\r\n                <\/div>\r\n                <div class=\"col-xs-4 col-sm-4 PlanFeature Plan2\">\r\n                    <i class=\"fa fa-times-circle PlanUnCheck\"><\/i>\r\n                <\/div>\r\n                <div class=\"col-xs-4 col-sm-4 PlanFeature Plan3\">\r\n                    <i class=\"fa fa-check PlanCheck\"><\/i>\r\n                <\/div>\r\n            <\/div>\r\n        <\/div>\r\n    <\/div>\r\n   <div class=\"row PriceFeatureRow\">\r\n        <div class=\"col-xs-12 col-sm-4 PlanFeature\">\r\n            Log-Untersuchung<br \/>\r\n        <\/div>\r\n        <div class=\"col-xs-12 col-sm-8\">\r\n            <div class=\"row\">\r\n                <div class=\"col-xs-4 col-sm-4 PlanFeature Plan1\">\r\n                    <i class=\"fa fa-times-circle PlanUnCheck\"><\/i>\r\n                <\/div>\r\n                <div class=\"col-xs-4 col-sm-4 PlanFeature Plan2\">\r\n                    <i class=\"fa fa-times-circle PlanCheck\"><\/i>\r\n                <\/div>\r\n                <div class=\"col-xs-4 col-sm-4 PlanFeature Plan3\">\r\n                    <i class=\"fa fa-check PlanCheck\"><\/i>\r\n                <\/div>\r\n            <\/div>\r\n        <\/div>\r\n    <\/div>\r\n    <div class=\"row\">\r\n        <div class=\"col-xs-12 col-sm-offset-4 col-sm-8\">\r\n            <div class=\"row\">\r\n                \r\n                 <div class=\"col-xs-4 PlanHeader PlanBottom\">\r\n                    <a class=\"btn btn-default\" href=\"https:\/\/dahua-passwords.evosec.eu\">Bestellung<\/a><br \/>\r\n                <\/div>\r\n                <div class=\"col-xs-4 PlanHeader PlanBottom\">\r\n            \t    <a class=\"btn btn-default\" href=\"https:\/\/dahua-passwords.evosec.eu\">Bestellung<\/a><br \/>\r\n                <\/div>\r\n                <div class=\"col-xs-4 PlanHeader PlanBottom\">\r\n            \t    <a class=\"btn btn-default\" href=\"https:\/\/dahua-passwords.evosec.eu\">Bestellung<\/a><br \/>\r\n                <\/div>\r\n            <\/div>\r\n        <\/div>\r\n    <\/div>\r\n<\/div>\r\n<\/div>\r\n* Wenn das aktuelle Datum auf Ihrem DVR\/NVR vom Tagesdatum abweicht.\r\n<\/div>\r\n<br \/>\r\n<br \/>\r\n<div class=\"alert alert-success\" role=\"alert\">Lieferung sollte sofort (per e-Mail) oder in einem Fenster eine Stunde. Wenn es nicht passieren (Bitte \u00fcberpr\u00fcfen Sie Ihren SPAM\/Bulk Posteingang), bitte <a class=\"vt-p\" href=\"\/de\/contact\/\">kontaktieren Sie uns<\/a> f\u00fcr weitere Unterst\u00fctzung. Danke!<\/div>\r\n<hr \/>\r\n\r\n<div class=\"panel panel-primary\">\r\n  <div class=\"panel-heading\">FAQ: Was kann ich mit diesem Passwort?<\/div>\r\n  <div class=\"panel-body\">\r\n    Mit dem Passwort k\u00f6nnen, das wir Ihnen anbieten werden, k\u00f6nnen Sie \u00e4ndern die Passwort vergessen (Sie verwenden unser Passwort als \\ <strong>alle<\/strong> Konto auf dem Ger\u00e4t.\r\n  <\/div>\r\n<\/div>\r\n\r\n<div class=\"panel panel-primary\">\r\n  <div class=\"panel-heading\">FAQ: Welche Ger\u00e4te Service funktioniert?<\/div>\r\n  <div class=\"panel-body\">\r\n     Es funktioniert mit fast allen DAHUA-basierten Ger\u00e4ten, die einen USB-Anschluss f\u00fcr Maus und ein S-VIDEO\/VGA\/HDMI f\u00fcr Monitor-Ausgang haben.\r\n  <\/div>\r\n<\/div>\r\n\r\n<hr \/>\r\n<p class=\"text-center\">\r\n<strong>Probe<\/strong>:<br \/>\r\n<a href=\"http:\/\/dahua.evosec.eu\/wp-content\/uploads\/2015\/06\/evosec_dh_pass.png\"><img decoding=\"async\" src=\"http:\/\/dahua.evosec.eu\/wp-content\/uploads\/2015\/06\/evosec_dh_pass-704x1024.png\" class=\"aligncenter img-responsive img-rounded\" \/><\/a>\r\n<\/p>\r\n<hr \/>\r\n<p class=\"text-center\">\r\n<strong>Unterst\u00fctzten Men\u00fcs<\/strong>:<br \/>\r\n<strong>V1:<\/strong><br \/>\r\n<img decoding=\"async\" src=\"http:\/\/dahua.evosec.eu\/wp-content\/uploads\/2017\/03\/v1_login.png\" alt=\"V1 Login\" \/>\r\n<strong>V2:<\/strong><br \/>\r\n<img decoding=\"async\" src=\"http:\/\/dahua.evosec.eu\/wp-content\/uploads\/2017\/03\/v2_login.png\" alt=\"V2 Login\" \/>\r\n<\/p>\r\n<hr \/>\r\n<br \/>\r\n<div class=\"panel panel-warning\">\r\n<div class=\"panel-body\">\r\n<p>Mythos kaputt:<\/p>\r\n<p class=\"list-group-item-text\">Das Kennwort wird nicht zur\u00fcckgesetzt, wenn Sie den Akku entfernen, da es nicht in der Weise gespeichert werden, die sie in ein BIOS gespeichert ist. Dies wird nur Zur\u00fccksetzen Ihrer Uhr und machen Ihnen das Leben schwerer (vielleicht unm\u00f6glich) versucht einen master-Passwort zu erhalten.<\/div>\r\n<div class=\"panel-body\">PRO-Tipp: das Passwort wir Ihnen schicken ist auch bekannt als <strong>Dahua master-Passwort<\/strong><\/div>\r\n<\/div>","protected":false},"excerpt":{"rendered":"Wir haben die L\u00f6sungen f\u00fcr Ihre Probleme! Wir bieten eine schnelle und einfache M\u00f6glichkeit f\u00fcr Sie zur\u00fccksetzen und \u00e4ndern jedes Passwort auf \u00e4lteren oder neueren DAHUA Produkte verwendet. Schauen Sie sich unsere neuen und verbesserten service &#8211; https:\/\/dahua-passwords.evosec.eu\/ Ob Sie Ihr von Ihrem DAHUA Ger\u00e4t (oder Ger\u00e4te Passwort) oder k\u00f6nnen mich nicht erinnern, k\u00f6nnen wir&hellip; <a class=\"more-link\" href=\"https:\/\/dahua.evosec.eu\/de\/password-recovery\/\">Continue Reading DAHUA Passwort \u00e4ndern Oder Zur\u00fccksetzen<\/a>","protected":false},"author":1,"featured_media":879,"parent":0,"menu_order":0,"comment_status":"closed","ping_status":"closed","template":"","meta":{"footnotes":""},"class_list":["post-13","page","type-page","status-publish","has-post-thumbnail","hentry"],"translation":{"provider":"WPGlobus","version":"3.0.1","language":"de","enabled_languages":["en","da","de","es","fi","fr","it","hu","nl","no","pt","pl","ru","sv","ja"],"languages":{"en":{"title":true,"content":true,"excerpt":false},"da":{"title":true,"content":true,"excerpt":false},"de":{"title":true,"content":true,"excerpt":false},"es":{"title":true,"content":true,"excerpt":false},"fi":{"title":true,"content":true,"excerpt":false},"fr":{"title":true,"content":true,"excerpt":false},"it":{"title":true,"content":true,"excerpt":false},"hu":{"title":true,"content":true,"excerpt":false},"nl":{"title":true,"content":true,"excerpt":false},"no":{"title":true,"content":true,"excerpt":false},"pt":{"title":true,"content":true,"excerpt":false},"pl":{"title":true,"content":true,"excerpt":false},"ru":{"title":true,"content":true,"excerpt":false},"sv":{"title":true,"content":true,"excerpt":false},"ja":{"title":true,"content":true,"excerpt":false}}},"yoast_head":"<!-- This site is optimized with the Yoast SEO plugin v27.3 - https:\/\/yoast.com\/product\/yoast-seo-wordpress\/ -->\n<title>DAHUA Passwort-Reset - Premium-Support<\/title>\n<meta name=\"description\" content=\"Wir bieten eine schnelle M\u00f6glichkeit zum Zur\u00fccksetzen und \u00e4ndern jedes Passwort auf \u00e4lteren oder neueren DAHUA Produkte verwendet\" \/>\n<meta name=\"robots\" content=\"index, follow, max-snippet:-1, max-image-preview:large, max-video-preview:-1\" \/>\n<link rel=\"canonical\" href=\"https:\/\/dahua.evosec.eu\/password-recovery\/\" \/>\n<meta property=\"og:locale\" content=\"de_DE\" \/>\n<meta property=\"og:type\" content=\"article\" \/>\n<meta property=\"og:title\" content=\"DAHUA Passwort-Reset - Premium-Support\" \/>\n<meta property=\"og:description\" content=\"Wir bieten eine schnelle M\u00f6glichkeit zum Zur\u00fccksetzen und \u00e4ndern jedes Passwort auf \u00e4lteren oder neueren DAHUA Produkte verwendet\" \/>\n<meta property=\"og:url\" content=\"https:\/\/dahua.evosec.eu\/password-recovery\/\" \/>\n<meta property=\"og:site_name\" content=\"Premium-Support f\u00fcr DAHUA Produkte\" \/>\n<meta property=\"article:publisher\" content=\"https:\/\/www.facebook.com\/euroevosolutions\" \/>\n<meta property=\"article:modified_time\" content=\"2018-08-23T23:50:03+00:00\" \/>\n<meta property=\"og:image\" content=\"https:\/\/dahua.evosec.eu\/wp-content\/uploads\/2015\/06\/pass_gen_250x0.png\" \/>\n\t<meta property=\"og:image:width\" content=\"250\" \/>\n\t<meta property=\"og:image:height\" content=\"250\" \/>\n\t<meta property=\"og:image:type\" content=\"image\/png\" \/>\n<meta name=\"twitter:card\" content=\"summary_large_image\" \/>\n<meta name=\"twitter:site\" content=\"@evosec_eu\" \/>\n<meta name=\"twitter:label1\" content=\"Gesch\u00e4tzte Lesezeit\" \/>\n\t<meta name=\"twitter:data1\" content=\"23\u00a0Minuten\" \/>\n<script type=\"application\/ld+json\" class=\"yoast-schema-graph\">{\"@context\":\"https:\\\/\\\/schema.org\",\"@graph\":[{\"@type\":\"WebPage\",\"@id\":\"https:\\\/\\\/dahua.evosec.eu\\\/password-recovery\\\/\",\"url\":\"https:\\\/\\\/dahua.evosec.eu\\\/password-recovery\\\/\",\"name\":\"DAHUA Passwort-Reset - Premium-Support\",\"isPartOf\":{\"@id\":\"https:\\\/\\\/dahua.evosec.eu\\\/#website\"},\"primaryImageOfPage\":{\"@id\":\"https:\\\/\\\/dahua.evosec.eu\\\/password-recovery\\\/#primaryimage\"},\"image\":{\"@id\":\"https:\\\/\\\/dahua.evosec.eu\\\/password-recovery\\\/#primaryimage\"},\"thumbnailUrl\":\"https:\\\/\\\/dahua.evosec.eu\\\/wp-content\\\/uploads\\\/2015\\\/06\\\/pass_gen_250x0.png\",\"datePublished\":\"2015-06-11T14:23:18+00:00\",\"dateModified\":\"2018-08-23T23:50:03+00:00\",\"description\":\"Wir bieten eine schnelle M\u00f6glichkeit zum Zur\u00fccksetzen und \u00e4ndern jedes Passwort auf \u00e4lteren oder neueren DAHUA Produkte verwendet\",\"breadcrumb\":{\"@id\":\"https:\\\/\\\/dahua.evosec.eu\\\/password-recovery\\\/#breadcrumb\"},\"inLanguage\":\"de\",\"potentialAction\":[{\"@type\":\"ReadAction\",\"target\":[\"https:\\\/\\\/dahua.evosec.eu\\\/password-recovery\\\/\"]}]},{\"@type\":\"ImageObject\",\"inLanguage\":\"de\",\"@id\":\"https:\\\/\\\/dahua.evosec.eu\\\/password-recovery\\\/#primaryimage\",\"url\":\"https:\\\/\\\/dahua.evosec.eu\\\/wp-content\\\/uploads\\\/2015\\\/06\\\/pass_gen_250x0.png\",\"contentUrl\":\"https:\\\/\\\/dahua.evosec.eu\\\/wp-content\\\/uploads\\\/2015\\\/06\\\/pass_gen_250x0.png\",\"width\":250,\"height\":250,\"caption\":\"DAHUA Password\"},{\"@type\":\"BreadcrumbList\",\"@id\":\"https:\\\/\\\/dahua.evosec.eu\\\/password-recovery\\\/#breadcrumb\",\"itemListElement\":[{\"@type\":\"ListItem\",\"position\":1,\"name\":\"Home\",\"item\":\"https:\\\/\\\/dahua.evosec.eu\\\/\"},{\"@type\":\"ListItem\",\"position\":2,\"name\":\"DAHUA Password Change or Reset\"}]},{\"@type\":\"WebSite\",\"@id\":\"https:\\\/\\\/dahua.evosec.eu\\\/#website\",\"url\":\"https:\\\/\\\/dahua.evosec.eu\\\/\",\"name\":\"Premium-Support f\u00fcr DAHUA Produkte\",\"description\":\"Wir sind ein 3rd Party Unternehmen erfahrene DAHUA Produkte\",\"potentialAction\":[{\"@type\":\"SearchAction\",\"target\":{\"@type\":\"EntryPoint\",\"urlTemplate\":\"https:\\\/\\\/dahua.evosec.eu\\\/?s={search_term_string}\"},\"query-input\":{\"@type\":\"PropertyValueSpecification\",\"valueRequired\":true,\"valueName\":\"search_term_string\"}}],\"inLanguage\":\"de\"}]}<\/script>\n<!-- \/ Yoast SEO plugin. -->","yoast_head_json":{"title":"DAHUA Passwort-Reset - Premium-Support","description":"Wir bieten eine schnelle M\u00f6glichkeit zum Zur\u00fccksetzen und \u00e4ndern jedes Passwort auf \u00e4lteren oder neueren DAHUA Produkte verwendet","robots":{"index":"index","follow":"follow","max-snippet":"max-snippet:-1","max-image-preview":"max-image-preview:large","max-video-preview":"max-video-preview:-1"},"canonical":"https:\/\/dahua.evosec.eu\/password-recovery\/","og_locale":"de_DE","og_type":"article","og_title":"DAHUA Passwort-Reset - Premium-Support","og_description":"Wir bieten eine schnelle M\u00f6glichkeit zum Zur\u00fccksetzen und \u00e4ndern jedes Passwort auf \u00e4lteren oder neueren DAHUA Produkte verwendet","og_url":"https:\/\/dahua.evosec.eu\/password-recovery\/","og_site_name":"Premium-Support f\u00fcr DAHUA Produkte","article_publisher":"https:\/\/www.facebook.com\/euroevosolutions","article_modified_time":"2018-08-23T23:50:03+00:00","og_image":[{"width":250,"height":250,"url":"https:\/\/dahua.evosec.eu\/wp-content\/uploads\/2015\/06\/pass_gen_250x0.png","type":"image\/png"}],"twitter_card":"summary_large_image","twitter_site":"@evosec_eu","twitter_misc":{"Gesch\u00e4tzte Lesezeit":"23\u00a0Minuten"},"schema":{"@context":"https:\/\/schema.org","@graph":[{"@type":"WebPage","@id":"https:\/\/dahua.evosec.eu\/password-recovery\/","url":"https:\/\/dahua.evosec.eu\/password-recovery\/","name":"DAHUA Passwort-Reset - Premium-Support","isPartOf":{"@id":"https:\/\/dahua.evosec.eu\/#website"},"primaryImageOfPage":{"@id":"https:\/\/dahua.evosec.eu\/password-recovery\/#primaryimage"},"image":{"@id":"https:\/\/dahua.evosec.eu\/password-recovery\/#primaryimage"},"thumbnailUrl":"https:\/\/dahua.evosec.eu\/wp-content\/uploads\/2015\/06\/pass_gen_250x0.png","datePublished":"2015-06-11T14:23:18+00:00","dateModified":"2018-08-23T23:50:03+00:00","description":"Wir bieten eine schnelle M\u00f6glichkeit zum Zur\u00fccksetzen und \u00e4ndern jedes Passwort auf \u00e4lteren oder neueren DAHUA Produkte verwendet","breadcrumb":{"@id":"https:\/\/dahua.evosec.eu\/password-recovery\/#breadcrumb"},"inLanguage":"de","potentialAction":[{"@type":"ReadAction","target":["https:\/\/dahua.evosec.eu\/password-recovery\/"]}]},{"@type":"ImageObject","inLanguage":"de","@id":"https:\/\/dahua.evosec.eu\/password-recovery\/#primaryimage","url":"https:\/\/dahua.evosec.eu\/wp-content\/uploads\/2015\/06\/pass_gen_250x0.png","contentUrl":"https:\/\/dahua.evosec.eu\/wp-content\/uploads\/2015\/06\/pass_gen_250x0.png","width":250,"height":250,"caption":"DAHUA Password"},{"@type":"BreadcrumbList","@id":"https:\/\/dahua.evosec.eu\/password-recovery\/#breadcrumb","itemListElement":[{"@type":"ListItem","position":1,"name":"Home","item":"https:\/\/dahua.evosec.eu\/"},{"@type":"ListItem","position":2,"name":"DAHUA Password Change or Reset"}]},{"@type":"WebSite","@id":"https:\/\/dahua.evosec.eu\/#website","url":"https:\/\/dahua.evosec.eu\/","name":"Premium-Support f\u00fcr DAHUA Produkte","description":"Wir sind ein 3rd Party Unternehmen erfahrene DAHUA Produkte","potentialAction":[{"@type":"SearchAction","target":{"@type":"EntryPoint","urlTemplate":"https:\/\/dahua.evosec.eu\/?s={search_term_string}"},"query-input":{"@type":"PropertyValueSpecification","valueRequired":true,"valueName":"search_term_string"}}],"inLanguage":"de"}]}},"_links":{"self":[{"href":"https:\/\/dahua.evosec.eu\/de\/wp-json\/wp\/v2\/pages\/13","targetHints":{"allow":["GET"]}}],"collection":[{"href":"https:\/\/dahua.evosec.eu\/de\/wp-json\/wp\/v2\/pages"}],"about":[{"href":"https:\/\/dahua.evosec.eu\/de\/wp-json\/wp\/v2\/types\/page"}],"author":[{"embeddable":true,"href":"https:\/\/dahua.evosec.eu\/de\/wp-json\/wp\/v2\/users\/1"}],"replies":[{"embeddable":true,"href":"https:\/\/dahua.evosec.eu\/de\/wp-json\/wp\/v2\/comments?post=13"}],"version-history":[{"count":0,"href":"https:\/\/dahua.evosec.eu\/de\/wp-json\/wp\/v2\/pages\/13\/revisions"}],"wp:featuredmedia":[{"embeddable":true,"href":"https:\/\/dahua.evosec.eu\/de\/wp-json\/wp\/v2\/media\/879"}],"wp:attachment":[{"href":"https:\/\/dahua.evosec.eu\/de\/wp-json\/wp\/v2\/media?parent=13"}],"curies":[{"name":"wp","href":"https:\/\/api.w.org\/{rel}","templated":true}]}}