{"id":2,"date":"2015-06-10T21:07:33","date_gmt":"2015-06-10T21:07:33","guid":{"rendered":"http:\/\/dahua.evosec.eu\/?page_id=2"},"modified":"2017-04-24T23:32:02","modified_gmt":"2017-04-24T23:32:02","slug":"about-us","status":"publish","type":"page","link":"https:\/\/dahua.evosec.eu\/de\/","title":{"rendered":"\u00dcber Uns"},"content":{"rendered":"<p style=\"text-align: center\">\nWir nutze, Verkauf, Konfiguration und DAHUA Produkte seit mehreren Jahren unterst\u00fctzt.<br \/>\nMit diesem Hintergrund und mit der rasanten Verbreitung dieser Produkte widmeten wir ein Team von Spezialisten zur Unterst\u00fctzung mehrerer <strong>Premium-Dienste<\/strong> m\u00f6gen:<br \/>\n<ul>\n<li>Sofortige Reaktion auf \u00fcberpr\u00fcft <i>Master-Passwort<\/i> Anfragen<\/li>\n<li>Hospitationen zu \u00fcberpr\u00fcfen und <i>Durchsetzung<\/i> von verschiedenen Firmware-Versionen<\/li>\n<li>Ma\u00dfgeschneiderte\/Custom Kunden, basierend auf spezifischen Anforderungen<\/li>\n<li>Integration mit anderen Herstellern<\/li>\n<li>Komplette kundenspezifische Softwaresuite und die Integration in bestehende<\/li>\n<\/ul>\n<\/p>\n","protected":false},"excerpt":{"rendered":"Wir nutze, Verkauf, Konfiguration und DAHUA Produkte seit mehreren Jahren unterst\u00fctzt. Mit diesem Hintergrund und mit der rasanten Verbreitung dieser Produkte widmeten wir ein Team von Spezialisten zur Unterst\u00fctzung mehrerer Premium-Dienste m\u00f6gen: Sofortige Reaktion auf \u00fcberpr\u00fcft Master-Passwort Anfragen Hospitationen zu \u00fcberpr\u00fcfen und Durchsetzung von verschiedenen Firmware-Versionen Ma\u00dfgeschneiderte\/Custom Kunden, basierend auf spezifischen Anforderungen Integration mit anderen&hellip; <a class=\"more-link\" href=\"https:\/\/dahua.evosec.eu\/de\/\">Continue Reading \u00dcber Uns<\/a>","protected":false},"author":1,"featured_media":261,"parent":0,"menu_order":0,"comment_status":"closed","ping_status":"closed","template":"","meta":{"footnotes":""},"class_list":["post-2","page","type-page","status-publish","has-post-thumbnail","hentry"],"translation":{"provider":"WPGlobus","version":"3.0.1","language":"de","enabled_languages":["en","da","de","es","fi","fr","it","hu","nl","no","pt","pl","ru","sv","ja"],"languages":{"en":{"title":true,"content":true,"excerpt":false},"da":{"title":true,"content":true,"excerpt":false},"de":{"title":true,"content":true,"excerpt":false},"es":{"title":true,"content":true,"excerpt":false},"fi":{"title":true,"content":true,"excerpt":false},"fr":{"title":true,"content":true,"excerpt":false},"it":{"title":true,"content":true,"excerpt":false},"hu":{"title":true,"content":true,"excerpt":false},"nl":{"title":true,"content":true,"excerpt":false},"no":{"title":true,"content":true,"excerpt":false},"pt":{"title":true,"content":true,"excerpt":false},"pl":{"title":true,"content":true,"excerpt":false},"ru":{"title":true,"content":true,"excerpt":false},"sv":{"title":true,"content":true,"excerpt":false},"ja":{"title":true,"content":true,"excerpt":false}}},"yoast_head":"<!-- This site is optimized with the Yoast SEO plugin v27.3 - https:\/\/yoast.com\/product\/yoast-seo-wordpress\/ -->\n<title>Premium Support Services f\u00fcr DAHUA Produkte<\/title>\n<meta name=\"description\" content=\"Unterst\u00fctzung DAHUA Produkte - DVRs, NVRs, IP-Kameras, Speed Domes und Video-T\u00fcrsprechanlage . Passwort-Wiederherstellung , Firmware-Update, Einstellungen und andere\" \/>\n<meta name=\"robots\" content=\"index, follow, max-snippet:-1, max-image-preview:large, max-video-preview:-1\" \/>\n<link rel=\"canonical\" href=\"https:\/\/dahua.evosec.eu\/\" \/>\n<meta property=\"og:locale\" content=\"de_DE\" \/>\n<meta property=\"og:type\" content=\"article\" \/>\n<meta property=\"og:title\" content=\"Premium Support Services f\u00fcr DAHUA Produkte\" \/>\n<meta property=\"og:description\" content=\"Unterst\u00fctzung DAHUA Produkte - DVRs, NVRs, IP-Kameras, Speed Domes und Video-T\u00fcrsprechanlage . Passwort-Wiederherstellung , Firmware-Update, Einstellungen und andere\" \/>\n<meta property=\"og:url\" content=\"https:\/\/dahua.evosec.eu\/\" \/>\n<meta property=\"og:site_name\" content=\"Premium-Support f\u00fcr DAHUA Produkte\" \/>\n<meta property=\"article:publisher\" content=\"https:\/\/www.facebook.com\/euroevosolutions\" \/>\n<meta property=\"article:modified_time\" content=\"2017-04-24T23:32:02+00:00\" \/>\n<meta property=\"og:image\" content=\"https:\/\/dahua.evosec.eu\/wp-content\/uploads\/2015\/06\/Teams1.jpeg\" \/>\n\t<meta property=\"og:image:width\" content=\"518\" \/>\n\t<meta property=\"og:image:height\" content=\"423\" \/>\n\t<meta property=\"og:image:type\" content=\"image\/jpeg\" \/>\n<meta name=\"twitter:card\" content=\"summary_large_image\" \/>\n<meta name=\"twitter:site\" content=\"@evosec_eu\" \/>\n<meta name=\"twitter:label1\" content=\"Gesch\u00e4tzte Lesezeit\" \/>\n\t<meta name=\"twitter:data1\" content=\"5\u00a0Minuten\" \/>\n<script type=\"application\/ld+json\" class=\"yoast-schema-graph\">{\"@context\":\"https:\\\/\\\/schema.org\",\"@graph\":[{\"@type\":\"WebPage\",\"@id\":\"https:\\\/\\\/dahua.evosec.eu\\\/\",\"url\":\"https:\\\/\\\/dahua.evosec.eu\\\/\",\"name\":\"Premium Support Services for DAHUA Products\",\"isPartOf\":{\"@id\":\"https:\\\/\\\/dahua.evosec.eu\\\/#website\"},\"primaryImageOfPage\":{\"@id\":\"https:\\\/\\\/dahua.evosec.eu\\\/#primaryimage\"},\"image\":{\"@id\":\"https:\\\/\\\/dahua.evosec.eu\\\/#primaryimage\"},\"thumbnailUrl\":\"https:\\\/\\\/dahua.evosec.eu\\\/wp-content\\\/uploads\\\/2015\\\/06\\\/Teams1.jpeg\",\"datePublished\":\"2015-06-10T21:07:33+00:00\",\"dateModified\":\"2017-04-24T23:32:02+00:00\",\"description\":\"Unterst\u00fctzung DAHUA Produkte - DVRs, NVRs, IP-Kameras, Speed Domes und Video-T\u00fcrsprechanlage . Passwort-Wiederherstellung , Firmware-Update, Einstellungen und andere\",\"breadcrumb\":{\"@id\":\"https:\\\/\\\/dahua.evosec.eu\\\/#breadcrumb\"},\"inLanguage\":\"de\",\"potentialAction\":[{\"@type\":\"ReadAction\",\"target\":[\"https:\\\/\\\/dahua.evosec.eu\\\/\"]}]},{\"@type\":\"ImageObject\",\"inLanguage\":\"de\",\"@id\":\"https:\\\/\\\/dahua.evosec.eu\\\/#primaryimage\",\"url\":\"https:\\\/\\\/dahua.evosec.eu\\\/wp-content\\\/uploads\\\/2015\\\/06\\\/Teams1.jpeg\",\"contentUrl\":\"https:\\\/\\\/dahua.evosec.eu\\\/wp-content\\\/uploads\\\/2015\\\/06\\\/Teams1.jpeg\",\"width\":518,\"height\":423},{\"@type\":\"BreadcrumbList\",\"@id\":\"https:\\\/\\\/dahua.evosec.eu\\\/#breadcrumb\",\"itemListElement\":[{\"@type\":\"ListItem\",\"position\":1,\"name\":\"Home\",\"item\":\"https:\\\/\\\/dahua.evosec.eu\\\/\"},{\"@type\":\"ListItem\",\"position\":2,\"name\":\"ABOUT US\"}]},{\"@type\":\"WebSite\",\"@id\":\"https:\\\/\\\/dahua.evosec.eu\\\/#website\",\"url\":\"https:\\\/\\\/dahua.evosec.eu\\\/\",\"name\":\"Premium-Support f\u00fcr DAHUA Produkte\",\"description\":\"Wir sind ein 3rd Party Unternehmen erfahrene DAHUA Produkte\",\"potentialAction\":[{\"@type\":\"SearchAction\",\"target\":{\"@type\":\"EntryPoint\",\"urlTemplate\":\"https:\\\/\\\/dahua.evosec.eu\\\/?s={search_term_string}\"},\"query-input\":{\"@type\":\"PropertyValueSpecification\",\"valueRequired\":true,\"valueName\":\"search_term_string\"}}],\"inLanguage\":\"de\"}]}<\/script>\n<!-- \/ Yoast SEO plugin. -->","yoast_head_json":{"title":"Premium Support Services f\u00fcr DAHUA Produkte","description":"Unterst\u00fctzung DAHUA Produkte - DVRs, NVRs, IP-Kameras, Speed Domes und Video-T\u00fcrsprechanlage . Passwort-Wiederherstellung , Firmware-Update, Einstellungen und andere","robots":{"index":"index","follow":"follow","max-snippet":"max-snippet:-1","max-image-preview":"max-image-preview:large","max-video-preview":"max-video-preview:-1"},"canonical":"https:\/\/dahua.evosec.eu\/","og_locale":"de_DE","og_type":"article","og_title":"Premium Support Services f\u00fcr DAHUA Produkte","og_description":"Unterst\u00fctzung DAHUA Produkte - DVRs, NVRs, IP-Kameras, Speed Domes und Video-T\u00fcrsprechanlage . Passwort-Wiederherstellung , Firmware-Update, Einstellungen und andere","og_url":"https:\/\/dahua.evosec.eu\/","og_site_name":"Premium-Support f\u00fcr DAHUA Produkte","article_publisher":"https:\/\/www.facebook.com\/euroevosolutions","article_modified_time":"2017-04-24T23:32:02+00:00","og_image":[{"width":518,"height":423,"url":"https:\/\/dahua.evosec.eu\/wp-content\/uploads\/2015\/06\/Teams1.jpeg","type":"image\/jpeg"}],"twitter_card":"summary_large_image","twitter_site":"@evosec_eu","twitter_misc":{"Gesch\u00e4tzte Lesezeit":"5\u00a0Minuten"},"schema":{"@context":"https:\/\/schema.org","@graph":[{"@type":"WebPage","@id":"https:\/\/dahua.evosec.eu\/","url":"https:\/\/dahua.evosec.eu\/","name":"Premium Support Services for DAHUA Products","isPartOf":{"@id":"https:\/\/dahua.evosec.eu\/#website"},"primaryImageOfPage":{"@id":"https:\/\/dahua.evosec.eu\/#primaryimage"},"image":{"@id":"https:\/\/dahua.evosec.eu\/#primaryimage"},"thumbnailUrl":"https:\/\/dahua.evosec.eu\/wp-content\/uploads\/2015\/06\/Teams1.jpeg","datePublished":"2015-06-10T21:07:33+00:00","dateModified":"2017-04-24T23:32:02+00:00","description":"Unterst\u00fctzung DAHUA Produkte - DVRs, NVRs, IP-Kameras, Speed Domes und Video-T\u00fcrsprechanlage . Passwort-Wiederherstellung , Firmware-Update, Einstellungen und andere","breadcrumb":{"@id":"https:\/\/dahua.evosec.eu\/#breadcrumb"},"inLanguage":"de","potentialAction":[{"@type":"ReadAction","target":["https:\/\/dahua.evosec.eu\/"]}]},{"@type":"ImageObject","inLanguage":"de","@id":"https:\/\/dahua.evosec.eu\/#primaryimage","url":"https:\/\/dahua.evosec.eu\/wp-content\/uploads\/2015\/06\/Teams1.jpeg","contentUrl":"https:\/\/dahua.evosec.eu\/wp-content\/uploads\/2015\/06\/Teams1.jpeg","width":518,"height":423},{"@type":"BreadcrumbList","@id":"https:\/\/dahua.evosec.eu\/#breadcrumb","itemListElement":[{"@type":"ListItem","position":1,"name":"Home","item":"https:\/\/dahua.evosec.eu\/"},{"@type":"ListItem","position":2,"name":"ABOUT US"}]},{"@type":"WebSite","@id":"https:\/\/dahua.evosec.eu\/#website","url":"https:\/\/dahua.evosec.eu\/","name":"Premium-Support f\u00fcr DAHUA Produkte","description":"Wir sind ein 3rd Party Unternehmen erfahrene DAHUA Produkte","potentialAction":[{"@type":"SearchAction","target":{"@type":"EntryPoint","urlTemplate":"https:\/\/dahua.evosec.eu\/?s={search_term_string}"},"query-input":{"@type":"PropertyValueSpecification","valueRequired":true,"valueName":"search_term_string"}}],"inLanguage":"de"}]}},"_links":{"self":[{"href":"https:\/\/dahua.evosec.eu\/de\/wp-json\/wp\/v2\/pages\/2","targetHints":{"allow":["GET"]}}],"collection":[{"href":"https:\/\/dahua.evosec.eu\/de\/wp-json\/wp\/v2\/pages"}],"about":[{"href":"https:\/\/dahua.evosec.eu\/de\/wp-json\/wp\/v2\/types\/page"}],"author":[{"embeddable":true,"href":"https:\/\/dahua.evosec.eu\/de\/wp-json\/wp\/v2\/users\/1"}],"replies":[{"embeddable":true,"href":"https:\/\/dahua.evosec.eu\/de\/wp-json\/wp\/v2\/comments?post=2"}],"version-history":[{"count":0,"href":"https:\/\/dahua.evosec.eu\/de\/wp-json\/wp\/v2\/pages\/2\/revisions"}],"wp:featuredmedia":[{"embeddable":true,"href":"https:\/\/dahua.evosec.eu\/de\/wp-json\/wp\/v2\/media\/261"}],"wp:attachment":[{"href":"https:\/\/dahua.evosec.eu\/de\/wp-json\/wp\/v2\/media?parent=2"}],"curies":[{"name":"wp","href":"https:\/\/api.w.org\/{rel}","templated":true}]}}