{"id":226,"date":"2015-08-22T01:42:29","date_gmt":"2015-08-22T01:42:29","guid":{"rendered":"http:\/\/dahua.evosec.eu\/?page_id=226"},"modified":"2016-09-11T17:47:32","modified_gmt":"2016-09-11T17:47:32","slug":"device-security-assessment","status":"publish","type":"page","link":"https:\/\/dahua.evosec.eu\/de\/device-security-assessment\/","title":{"rendered":"Ger\u00e4t Security Assessment &amp; Amp; Durchsetzung"},"content":{"rendered":"<div><i>Update 25. September 2015<\/i><br \/>\r\nDenn jetzt haben wir Fehler identifiziert, entwickelt einen Patch (werden die meisten DAHUA basierenden Produkten zur Verf\u00fcgung gestellt) und auch L\u00f6sungen f\u00fcr die Wiederherstellung des Ger\u00e4ts f\u00fcr Situationen wo:<\/p>\r\n<ul>\r\n<li>Ger\u00e4t nicht mehr reagiert, Aufnahme oder kann nicht zugegriffen werden, \u00fcber das Internet direkt angeschlossen oder \u00fcber PPPoE<\/li>\r\n<li>Ger\u00e4t noch Aufzeichnungen, aber Sie k\u00f6nnen nicht es \u00fcber das Internet zugreifen.<\/li>\r\n<li>Ger\u00e4t zeigt eine &#8222;System has been hacked&#8220;, &#8222;Device has been hacked&#8220;, &#8222;DVR has been hacked&#8220; oder andere Nachrichten und die <strong>admin<\/strong> Konto hat keine Rechte<\/li>\r\n<\/ul>\r\n<\/div>\r\n<hr \/>\r\n<div><i>Update 1. September 2015<\/i><br \/>\r\nWir haben benutzerdefinierte Firmware(s) f\u00fcr alte Ger\u00e4te entwickelt, die anf\u00e4llig f\u00fcr telnet(port 23)->root Benutzername-Angriffe(per Default, unver\u00e4nderlich <strong>vizxv<\/strong> (Passwort). Wir sind in der Lage, anpassen\/fast jede alte Firmware mit einem sicheren Passwort Patch, die Sie bereitstellen.<\/p>\r\n<p>Warum? Denn mit root&#038;<strong>vizxv<\/strong> Passwort-Ger\u00e4te sind anf\u00e4llig f\u00fcr Daten (einschlie\u00dflich mehrere, Klartext-gespeicherte Anmeldeinformationen) undicht ist, Datens\u00e4tze l\u00f6schen, Halt des Vorgangs (bei mindestens 4 Minuten), Zur\u00fccksetzen der Konfiguration ect.<\/p>\r\n<div class=\"panel panel-default\">\r\n<div class=\"panel-heading\">Einige Betroffene Modelle<\/div>\r\n<div class=\"panel-body\">\r\nDVR0404HE-AN, DVR0404HE-AS, DVR0404HF-AN, DVR0404HF-AS, DVR0404HF-AT, DVR0404HF-U, DVR0404LE-AN, DVR0404LE-AS, DVR0404LF-A, DVR0404LF-AS, DVR0404LF-AST, DVR0404LF-L, DVR0404LF-S, DVR0804HF-U, DVR0804LE-AS, DVR0804LF-A, DVR0804LF-AS, DVR0804LF-AST, DVR0804LF-L, DVR0804LF-S, DVR1604HF-L-E, DVR1604HF-S-E, DVR1604HF-U, DVR1604LE-AS, DVR1604LE-SL, DVR1604LF-A, DVR1604LF-AE, DVR1604LF-AS, DVR1604LF-AST, DVR1604LF-L, DVR1604LF-S, DVR3108H, DVR310XE, DVR3116E, DVR3116H\r\n  <\/div>\r\n<\/div>\r\n<hr \/>\r\n<div>Einige DVRs, NVRs (und andere eingebettete Sicherheit oder monitoring-Ger\u00e4te) und k\u00f6nnen durch verschiedene Sicherheitsprobleme beeintr\u00e4chtigt werden k\u00f6nnte. F\u00fcr diejenigen wir aus der Ferne beurteilen Ihre aktuelle Ger\u00e4tesicherheit und einen Bericht.\r\n<\/div>\r\n<\/p>\r\n<div><strong>Tipp:<\/strong> Diese Funktion ist derzeit in der Entwicklung.<br \/>\r\nWir werden tun, #pentesting und einige #hardwarefingerprinting. Wir werden auch gemeinsame #CVEs zur Verf\u00fcgung und einige innen entwickelten Tools verwenden. In naher Zukunft pr\u00e4sentieren wir eine Statistik der anf\u00e4llige Ger\u00e4te.\r\n<\/div>","protected":false},"excerpt":{"rendered":"Update 25. September 2015 Denn jetzt haben wir Fehler identifiziert, entwickelt einen Patch (werden die meisten DAHUA basierenden Produkten zur Verf\u00fcgung gestellt) und auch L\u00f6sungen f\u00fcr die Wiederherstellung des Ger\u00e4ts f\u00fcr Situationen wo: Ger\u00e4t nicht mehr reagiert, Aufnahme oder kann nicht zugegriffen werden, \u00fcber das Internet direkt angeschlossen oder \u00fcber PPPoE Ger\u00e4t noch Aufzeichnungen, aber&hellip; <a class=\"more-link\" href=\"https:\/\/dahua.evosec.eu\/de\/device-security-assessment\/\">Continue Reading Ger\u00e4t Security Assessment &amp; Amp; Durchsetzung<\/a>","protected":false},"author":1,"featured_media":0,"parent":0,"menu_order":0,"comment_status":"closed","ping_status":"closed","template":"","meta":{"footnotes":""},"class_list":["post-226","page","type-page","status-publish","hentry"],"translation":{"provider":"WPGlobus","version":"3.0.1","language":"de","enabled_languages":["en","da","de","es","fi","fr","it","hu","nl","no","pt","pl","ru","sv","ja"],"languages":{"en":{"title":true,"content":true,"excerpt":false},"da":{"title":true,"content":true,"excerpt":false},"de":{"title":true,"content":true,"excerpt":false},"es":{"title":true,"content":true,"excerpt":false},"fi":{"title":true,"content":true,"excerpt":false},"fr":{"title":true,"content":true,"excerpt":false},"it":{"title":true,"content":true,"excerpt":false},"hu":{"title":true,"content":true,"excerpt":false},"nl":{"title":true,"content":true,"excerpt":false},"no":{"title":true,"content":true,"excerpt":false},"pt":{"title":true,"content":true,"excerpt":false},"pl":{"title":true,"content":true,"excerpt":false},"ru":{"title":true,"content":true,"excerpt":false},"sv":{"title":true,"content":true,"excerpt":false},"ja":{"title":false,"content":false,"excerpt":false}}},"yoast_head":"<!-- This site is optimized with the Yoast SEO plugin v27.4 - https:\/\/yoast.com\/product\/yoast-seo-wordpress\/ -->\n<title>Remote-Security Assessment von Video-Sicherheitsger\u00e4te<\/title>\n<meta name=\"description\" content=\"Wir testen \/ PenTest Ihr Ger\u00e4t, um herauszufinden, ob \/ was es verwundbar ist. F\u00fcr DAHUA-basierte Produkte, wir sind in der Lage Patches zu entwickeln, die Probleme l\u00f6sen kann.\" \/>\n<meta name=\"robots\" content=\"index, follow, max-snippet:-1, max-image-preview:large, max-video-preview:-1\" \/>\n<link rel=\"canonical\" href=\"https:\/\/dahua.evosec.eu\/hu\/device-security-assessment\/\" \/>\n<meta property=\"og:locale\" content=\"de_DE\" \/>\n<meta property=\"og:type\" content=\"article\" \/>\n<meta property=\"og:title\" content=\"Remote-Security Assessment von Video-Sicherheitsger\u00e4te\" \/>\n<meta property=\"og:description\" content=\"Wir testen \/ PenTest Ihr Ger\u00e4t, um herauszufinden, ob \/ was es verwundbar ist. F\u00fcr DAHUA-basierte Produkte, wir sind in der Lage Patches zu entwickeln, die Probleme l\u00f6sen kann.\" \/>\n<meta property=\"og:url\" content=\"https:\/\/dahua.evosec.eu\/hu\/device-security-assessment\/\" \/>\n<meta property=\"og:site_name\" content=\"Premium-Support f\u00fcr DAHUA Produkte\" \/>\n<meta property=\"article:publisher\" content=\"https:\/\/www.facebook.com\/euroevosolutions\" \/>\n<meta property=\"article:modified_time\" content=\"2016-09-11T17:47:32+00:00\" \/>\n<meta name=\"twitter:card\" content=\"summary_large_image\" \/>\n<meta name=\"twitter:site\" content=\"@evosec_eu\" \/>\n<meta name=\"twitter:label1\" content=\"Gesch\u00e4tzte Lesezeit\" \/>\n\t<meta name=\"twitter:data1\" content=\"22\u00a0Minuten\" \/>\n<script type=\"application\/ld+json\" class=\"yoast-schema-graph\">{\"@context\":\"https:\\\/\\\/schema.org\",\"@graph\":[{\"@type\":\"WebPage\",\"@id\":\"https:\\\/\\\/dahua.evosec.eu\\\/hu\\\/device-security-assessment\\\/\",\"url\":\"https:\\\/\\\/dahua.evosec.eu\\\/hu\\\/device-security-assessment\\\/\",\"name\":\"Ger\u00e4t Security Assessment &amp; Amp; Durchsetzung - Premium-Support f\u00fcr DAHUA Produkte\",\"isPartOf\":{\"@id\":\"https:\\\/\\\/dahua.evosec.eu\\\/#website\"},\"datePublished\":\"2015-08-22T01:42:29+00:00\",\"dateModified\":\"2016-09-11T17:47:32+00:00\",\"description\":\"Wir testen \\\/ PenTest Ihr Ger\u00e4t, um herauszufinden, ob \\\/ was es verwundbar ist. F\u00fcr DAHUA-basierte Produkte, wir sind in der Lage Patches zu entwickeln, die Probleme l\u00f6sen kann.\",\"breadcrumb\":{\"@id\":\"https:\\\/\\\/dahua.evosec.eu\\\/hu\\\/device-security-assessment\\\/#breadcrumb\"},\"inLanguage\":\"de\",\"potentialAction\":[{\"@type\":\"ReadAction\",\"target\":[\"https:\\\/\\\/dahua.evosec.eu\\\/hu\\\/device-security-assessment\\\/\"]}]},{\"@type\":\"BreadcrumbList\",\"@id\":\"https:\\\/\\\/dahua.evosec.eu\\\/hu\\\/device-security-assessment\\\/#breadcrumb\",\"itemListElement\":[{\"@type\":\"ListItem\",\"position\":1,\"name\":\"Home\",\"item\":\"https:\\\/\\\/dahua.evosec.eu\\\/\"},{\"@type\":\"ListItem\",\"position\":2,\"name\":\"K\u00e9sz\u00fcl\u00e9k Biztons\u00e1gi \u00e9rt\u00e9kel\u00e9si &amp; V\u00e9grehajt\u00e1si\"}]},{\"@type\":\"WebSite\",\"@id\":\"https:\\\/\\\/dahua.evosec.eu\\\/#website\",\"url\":\"https:\\\/\\\/dahua.evosec.eu\\\/\",\"name\":\"Premium-Support f\u00fcr DAHUA Produkte\",\"description\":\"Wir sind ein 3rd Party Unternehmen erfahrene DAHUA Produkte\",\"potentialAction\":[{\"@type\":\"SearchAction\",\"target\":{\"@type\":\"EntryPoint\",\"urlTemplate\":\"https:\\\/\\\/dahua.evosec.eu\\\/?s={search_term_string}\"},\"query-input\":{\"@type\":\"PropertyValueSpecification\",\"valueRequired\":true,\"valueName\":\"search_term_string\"}}],\"inLanguage\":\"de\"}]}<\/script>\n<!-- \/ Yoast SEO plugin. -->","yoast_head_json":{"title":"Remote-Security Assessment von Video-Sicherheitsger\u00e4te","description":"Wir testen \/ PenTest Ihr Ger\u00e4t, um herauszufinden, ob \/ was es verwundbar ist. F\u00fcr DAHUA-basierte Produkte, wir sind in der Lage Patches zu entwickeln, die Probleme l\u00f6sen kann.","robots":{"index":"index","follow":"follow","max-snippet":"max-snippet:-1","max-image-preview":"max-image-preview:large","max-video-preview":"max-video-preview:-1"},"canonical":"https:\/\/dahua.evosec.eu\/hu\/device-security-assessment\/","og_locale":"de_DE","og_type":"article","og_title":"Remote-Security Assessment von Video-Sicherheitsger\u00e4te","og_description":"Wir testen \/ PenTest Ihr Ger\u00e4t, um herauszufinden, ob \/ was es verwundbar ist. F\u00fcr DAHUA-basierte Produkte, wir sind in der Lage Patches zu entwickeln, die Probleme l\u00f6sen kann.","og_url":"https:\/\/dahua.evosec.eu\/hu\/device-security-assessment\/","og_site_name":"Premium-Support f\u00fcr DAHUA Produkte","article_publisher":"https:\/\/www.facebook.com\/euroevosolutions","article_modified_time":"2016-09-11T17:47:32+00:00","twitter_card":"summary_large_image","twitter_site":"@evosec_eu","twitter_misc":{"Gesch\u00e4tzte Lesezeit":"22\u00a0Minuten"},"schema":{"@context":"https:\/\/schema.org","@graph":[{"@type":"WebPage","@id":"https:\/\/dahua.evosec.eu\/hu\/device-security-assessment\/","url":"https:\/\/dahua.evosec.eu\/hu\/device-security-assessment\/","name":"Ger\u00e4t Security Assessment &amp; Amp; Durchsetzung - Premium-Support f\u00fcr DAHUA Produkte","isPartOf":{"@id":"https:\/\/dahua.evosec.eu\/#website"},"datePublished":"2015-08-22T01:42:29+00:00","dateModified":"2016-09-11T17:47:32+00:00","description":"Wir testen \/ PenTest Ihr Ger\u00e4t, um herauszufinden, ob \/ was es verwundbar ist. F\u00fcr DAHUA-basierte Produkte, wir sind in der Lage Patches zu entwickeln, die Probleme l\u00f6sen kann.","breadcrumb":{"@id":"https:\/\/dahua.evosec.eu\/hu\/device-security-assessment\/#breadcrumb"},"inLanguage":"de","potentialAction":[{"@type":"ReadAction","target":["https:\/\/dahua.evosec.eu\/hu\/device-security-assessment\/"]}]},{"@type":"BreadcrumbList","@id":"https:\/\/dahua.evosec.eu\/hu\/device-security-assessment\/#breadcrumb","itemListElement":[{"@type":"ListItem","position":1,"name":"Home","item":"https:\/\/dahua.evosec.eu\/"},{"@type":"ListItem","position":2,"name":"K\u00e9sz\u00fcl\u00e9k Biztons\u00e1gi \u00e9rt\u00e9kel\u00e9si &amp; V\u00e9grehajt\u00e1si"}]},{"@type":"WebSite","@id":"https:\/\/dahua.evosec.eu\/#website","url":"https:\/\/dahua.evosec.eu\/","name":"Premium-Support f\u00fcr DAHUA Produkte","description":"Wir sind ein 3rd Party Unternehmen erfahrene DAHUA Produkte","potentialAction":[{"@type":"SearchAction","target":{"@type":"EntryPoint","urlTemplate":"https:\/\/dahua.evosec.eu\/?s={search_term_string}"},"query-input":{"@type":"PropertyValueSpecification","valueRequired":true,"valueName":"search_term_string"}}],"inLanguage":"de"}]}},"_links":{"self":[{"href":"https:\/\/dahua.evosec.eu\/de\/wp-json\/wp\/v2\/pages\/226","targetHints":{"allow":["GET"]}}],"collection":[{"href":"https:\/\/dahua.evosec.eu\/de\/wp-json\/wp\/v2\/pages"}],"about":[{"href":"https:\/\/dahua.evosec.eu\/de\/wp-json\/wp\/v2\/types\/page"}],"author":[{"embeddable":true,"href":"https:\/\/dahua.evosec.eu\/de\/wp-json\/wp\/v2\/users\/1"}],"replies":[{"embeddable":true,"href":"https:\/\/dahua.evosec.eu\/de\/wp-json\/wp\/v2\/comments?post=226"}],"version-history":[{"count":0,"href":"https:\/\/dahua.evosec.eu\/de\/wp-json\/wp\/v2\/pages\/226\/revisions"}],"wp:attachment":[{"href":"https:\/\/dahua.evosec.eu\/de\/wp-json\/wp\/v2\/media?parent=226"}],"curies":[{"name":"wp","href":"https:\/\/api.w.org\/{rel}","templated":true}]}}