{"id":25,"date":"2015-06-11T15:15:07","date_gmt":"2015-06-11T15:15:07","guid":{"rendered":"http:\/\/dahua.evosec.eu\/?page_id=25"},"modified":"2016-09-10T23:49:53","modified_gmt":"2016-09-10T23:49:53","slug":"client-setup","status":"publish","type":"page","link":"https:\/\/dahua.evosec.eu\/de\/client-setup\/","title":{"rendered":"DAHUA Client-Setup"},"content":{"rendered":"<div class=\"row\">\r\n<div class=\"col-xs-12 col-md-12 col-md-6 col-lg-6\">\r\n<div class=\"thumbnail\">\r\n <img decoding=\"async\" class=\"aligncenter img-responsive\" src=\"http:\/\/dahua.evosec.eu\/wp-content\/uploads\/2015\/06\/dahua_desktop.jpg\" alt=\"DAHUA ON Desktop\" \/><\/p>\r\n<div class=\"caption\">\r\n<h3><strong>Q:<\/strong> Ihre Kameras auf Ihrem Desktop anzeigen m\u00f6chten?<\/h3>\r\n<p><strong>A:<\/strong> Wir helfen Ihnen Ihre DAHUA-Client f\u00fcr Windows setup!<\/p>\r\n<\/div>\r\n<\/div>\r\n<\/div>\r\n<div class=\"col-xs-12 col-md-12 col-md-6 col-lg-6\">\r\n<div class=\"thumbnail\">\r\n<img decoding=\"async\" class=\"aligncenter img-responsive\" src=\"http:\/\/dahua.evosec.eu\/wp-content\/uploads\/2015\/06\/dahua_laptop_client.jpg\" alt=\"DAHUA On Laptop\"\/><\/p>\r\n<div class=\"caption\">\r\n<h3><strong>Q:<\/strong>M\u00f6chten Sie Ihr Unternehmen von Ihrem Laptop zu \u00fcberwachen?<\/h3>\r\n<p><strong>A:<\/strong> Wir k\u00f6nnen Ihre DAHUA-Web-Client setup, damit Sie Ihr Sicherheitssystem anzeigen k\u00f6nnen, w\u00e4hrend Sie unterwegs sind.<\/p>\r\n<\/div>\r\n<\/div>\r\n<\/div>\r\n<\/div>\r\n<div class=\"row\">\r\n<div class=\"col-xs-12 col-md-12 col-md-6 col-lg-6\">\r\n<div class=\"thumbnail\"><img decoding=\"async\" class=\"aligncenter img-responsive\" src=\"http:\/\/dahua.evosec.eu\/wp-content\/uploads\/2015\/06\/dahua_macbook.jpg\" alt=\"DAHUA on MacBook\" \/><\/p>\r\n<div class=\"caption\">\r\n<h3>Oder werfen Sie einen schnellen Blick w\u00e4hrend der Arbeit an Ihrem MacBook?<\/h3>\r\n<\/div>\r\n<\/div>\r\n<\/div>\r\n<div class=\"col-xs-12 col-md-12 col-md-6 col-lg-6\">\r\n<div class=\"thumbnail\"><img loading=\"lazy\" decoding=\"async\" width=\"400\" height=\"300\" class=\"aligncenter size-full wp-image-73\" src=\"http:\/\/dahua.evosec.eu\/wp-content\/uploads\/2015\/06\/dahua_tv.jpg\" alt=\"DAHUA ON TV\" srcset=\"https:\/\/dahua.evosec.eu\/wp-content\/uploads\/2015\/06\/dahua_tv.jpg 400w, https:\/\/dahua.evosec.eu\/wp-content\/uploads\/2015\/06\/dahua_tv-300x225.jpg 300w, https:\/\/dahua.evosec.eu\/wp-content\/uploads\/2015\/06\/dahua_tv-360x270.jpg 360w, https:\/\/dahua.evosec.eu\/wp-content\/uploads\/2015\/06\/dahua_tv-200x150.jpg 200w, https:\/\/dahua.evosec.eu\/wp-content\/uploads\/2015\/06\/dahua_tv-100x75.jpg 100w\" sizes=\"auto, (max-width: 400px) 100vw, 400px\" \/><\/p>\r\n<div class=\"caption\">\r\n<h3>Oder vielleicht sehen, was rund um Ihr Haus direkt auf dem Fernseher ist?<\/h3>\r\n<\/div>\r\n<\/div>\r\n<\/div>\r\n<\/div>\r\n<hr \/>\r\n<div class=\"alert alert-success\" role=\"alert\">Wir sind hier um Ihnen zu helfen!<\/strong><\/div>\r\n<hr \/>\r\n<div class=\"panel panel-default\">\r\n<div class=\"panel-heading\">\r\nBen\u00f6tigen Sie weitere Informationen? Lassen Sie uns Ihre Frage und wir werden Sie in k\u00fcrzester Zeit kontaktieren.\r\n<\/div>\r\n<div class=\"panel-body\">\r\n[contact-form-7 id=&#8220;242&#8243; title=&#8220;Weitere Details&#8220;]\r\n<\/div>\r\n<\/div>","protected":false},"excerpt":{"rendered":"Q: Ihre Kameras auf Ihrem Desktop anzeigen m\u00f6chten? A: Wir helfen Ihnen Ihre DAHUA-Client f\u00fcr Windows setup! Q:M\u00f6chten Sie Ihr Unternehmen von Ihrem Laptop zu \u00fcberwachen? A: Wir k\u00f6nnen Ihre DAHUA-Web-Client setup, damit Sie Ihr Sicherheitssystem anzeigen k\u00f6nnen, w\u00e4hrend Sie unterwegs sind. Oder werfen Sie einen schnellen Blick w\u00e4hrend der Arbeit an Ihrem MacBook? Oder&hellip; <a class=\"more-link\" href=\"https:\/\/dahua.evosec.eu\/de\/client-setup\/\">Continue Reading DAHUA Client-Setup<\/a>","protected":false},"author":1,"featured_media":424,"parent":0,"menu_order":0,"comment_status":"closed","ping_status":"closed","template":"","meta":{"footnotes":""},"class_list":["post-25","page","type-page","status-publish","has-post-thumbnail","hentry"],"translation":{"provider":"WPGlobus","version":"3.0.1","language":"de","enabled_languages":["en","da","de","es","fi","fr","it","hu","nl","no","pt","pl","ru","sv","ja"],"languages":{"en":{"title":true,"content":true,"excerpt":false},"da":{"title":true,"content":true,"excerpt":false},"de":{"title":true,"content":true,"excerpt":false},"es":{"title":true,"content":true,"excerpt":false},"fi":{"title":true,"content":true,"excerpt":false},"fr":{"title":true,"content":true,"excerpt":false},"it":{"title":true,"content":true,"excerpt":false},"hu":{"title":true,"content":true,"excerpt":false},"nl":{"title":true,"content":true,"excerpt":false},"no":{"title":true,"content":true,"excerpt":false},"pt":{"title":true,"content":true,"excerpt":false},"pl":{"title":true,"content":true,"excerpt":false},"ru":{"title":true,"content":true,"excerpt":false},"sv":{"title":true,"content":true,"excerpt":false},"ja":{"title":false,"content":false,"excerpt":false}}},"yoast_head":"<!-- This site is optimized with the Yoast SEO plugin v27.3 - https:\/\/yoast.com\/product\/yoast-seo-wordpress\/ -->\n<title>DAHUA Client-Setup - Premium-Support f\u00fcr DAHUA Produkte<\/title>\n<meta name=\"robots\" content=\"index, follow, max-snippet:-1, max-image-preview:large, max-video-preview:-1\" \/>\n<link rel=\"canonical\" href=\"https:\/\/dahua.evosec.eu\/client-setup\/\" \/>\n<meta property=\"og:locale\" content=\"de_DE\" \/>\n<meta property=\"og:type\" content=\"article\" \/>\n<meta property=\"og:title\" content=\"DAHUA Client-Setup - Premium-Support f\u00fcr DAHUA Produkte\" \/>\n<meta property=\"og:url\" content=\"https:\/\/dahua.evosec.eu\/client-setup\/\" \/>\n<meta property=\"og:site_name\" content=\"Premium-Support f\u00fcr DAHUA Produkte\" \/>\n<meta property=\"article:publisher\" content=\"https:\/\/www.facebook.com\/euroevosolutions\" \/>\n<meta property=\"article:modified_time\" content=\"2016-09-10T23:49:53+00:00\" \/>\n<meta property=\"og:image\" content=\"https:\/\/dahua.evosec.eu\/wp-content\/uploads\/2015\/06\/monitor.jpg\" \/>\n\t<meta property=\"og:image:width\" content=\"200\" \/>\n\t<meta property=\"og:image:height\" content=\"200\" \/>\n\t<meta property=\"og:image:type\" content=\"image\/jpeg\" \/>\n<meta name=\"twitter:card\" content=\"summary_large_image\" \/>\n<meta name=\"twitter:site\" content=\"@evosec_eu\" \/>\n<meta name=\"twitter:label1\" content=\"Gesch\u00e4tzte Lesezeit\" \/>\n\t<meta name=\"twitter:data1\" content=\"7\u00a0Minuten\" \/>\n<script type=\"application\/ld+json\" class=\"yoast-schema-graph\">{\"@context\":\"https:\\\/\\\/schema.org\",\"@graph\":[{\"@type\":\"WebPage\",\"@id\":\"https:\\\/\\\/dahua.evosec.eu\\\/client-setup\\\/\",\"url\":\"https:\\\/\\\/dahua.evosec.eu\\\/client-setup\\\/\",\"name\":\"DAHUA Client-Setup - Premium-Support f\u00fcr DAHUA Produkte\",\"isPartOf\":{\"@id\":\"https:\\\/\\\/dahua.evosec.eu\\\/#website\"},\"primaryImageOfPage\":{\"@id\":\"https:\\\/\\\/dahua.evosec.eu\\\/client-setup\\\/#primaryimage\"},\"image\":{\"@id\":\"https:\\\/\\\/dahua.evosec.eu\\\/client-setup\\\/#primaryimage\"},\"thumbnailUrl\":\"https:\\\/\\\/dahua.evosec.eu\\\/wp-content\\\/uploads\\\/2015\\\/06\\\/monitor.jpg\",\"datePublished\":\"2015-06-11T15:15:07+00:00\",\"dateModified\":\"2016-09-10T23:49:53+00:00\",\"description\":\"Help you setup the client software on Windows PCs, Linux, MacOS or any other device that supports a DAHUA view\\\/config client\",\"breadcrumb\":{\"@id\":\"https:\\\/\\\/dahua.evosec.eu\\\/client-setup\\\/#breadcrumb\"},\"inLanguage\":\"de\",\"potentialAction\":[{\"@type\":\"ReadAction\",\"target\":[\"https:\\\/\\\/dahua.evosec.eu\\\/client-setup\\\/\"]}]},{\"@type\":\"ImageObject\",\"inLanguage\":\"de\",\"@id\":\"https:\\\/\\\/dahua.evosec.eu\\\/client-setup\\\/#primaryimage\",\"url\":\"https:\\\/\\\/dahua.evosec.eu\\\/wp-content\\\/uploads\\\/2015\\\/06\\\/monitor.jpg\",\"contentUrl\":\"https:\\\/\\\/dahua.evosec.eu\\\/wp-content\\\/uploads\\\/2015\\\/06\\\/monitor.jpg\",\"width\":200,\"height\":200},{\"@type\":\"BreadcrumbList\",\"@id\":\"https:\\\/\\\/dahua.evosec.eu\\\/client-setup\\\/#breadcrumb\",\"itemListElement\":[{\"@type\":\"ListItem\",\"position\":1,\"name\":\"Home\",\"item\":\"https:\\\/\\\/dahua.evosec.eu\\\/\"},{\"@type\":\"ListItem\",\"position\":2,\"name\":\"DAHUA Client Setup\"}]},{\"@type\":\"WebSite\",\"@id\":\"https:\\\/\\\/dahua.evosec.eu\\\/#website\",\"url\":\"https:\\\/\\\/dahua.evosec.eu\\\/\",\"name\":\"Premium-Support f\u00fcr DAHUA Produkte\",\"description\":\"Wir sind ein 3rd Party Unternehmen erfahrene DAHUA Produkte\",\"potentialAction\":[{\"@type\":\"SearchAction\",\"target\":{\"@type\":\"EntryPoint\",\"urlTemplate\":\"https:\\\/\\\/dahua.evosec.eu\\\/?s={search_term_string}\"},\"query-input\":{\"@type\":\"PropertyValueSpecification\",\"valueRequired\":true,\"valueName\":\"search_term_string\"}}],\"inLanguage\":\"de\"}]}<\/script>\n<!-- \/ Yoast SEO plugin. -->","yoast_head_json":{"title":"DAHUA Client-Setup - Premium-Support f\u00fcr DAHUA Produkte","robots":{"index":"index","follow":"follow","max-snippet":"max-snippet:-1","max-image-preview":"max-image-preview:large","max-video-preview":"max-video-preview:-1"},"canonical":"https:\/\/dahua.evosec.eu\/client-setup\/","og_locale":"de_DE","og_type":"article","og_title":"DAHUA Client-Setup - Premium-Support f\u00fcr DAHUA Produkte","og_url":"https:\/\/dahua.evosec.eu\/client-setup\/","og_site_name":"Premium-Support f\u00fcr DAHUA Produkte","article_publisher":"https:\/\/www.facebook.com\/euroevosolutions","article_modified_time":"2016-09-10T23:49:53+00:00","og_image":[{"width":200,"height":200,"url":"https:\/\/dahua.evosec.eu\/wp-content\/uploads\/2015\/06\/monitor.jpg","type":"image\/jpeg"}],"twitter_card":"summary_large_image","twitter_site":"@evosec_eu","twitter_misc":{"Gesch\u00e4tzte Lesezeit":"7\u00a0Minuten"},"schema":{"@context":"https:\/\/schema.org","@graph":[{"@type":"WebPage","@id":"https:\/\/dahua.evosec.eu\/client-setup\/","url":"https:\/\/dahua.evosec.eu\/client-setup\/","name":"DAHUA Client-Setup - Premium-Support f\u00fcr DAHUA Produkte","isPartOf":{"@id":"https:\/\/dahua.evosec.eu\/#website"},"primaryImageOfPage":{"@id":"https:\/\/dahua.evosec.eu\/client-setup\/#primaryimage"},"image":{"@id":"https:\/\/dahua.evosec.eu\/client-setup\/#primaryimage"},"thumbnailUrl":"https:\/\/dahua.evosec.eu\/wp-content\/uploads\/2015\/06\/monitor.jpg","datePublished":"2015-06-11T15:15:07+00:00","dateModified":"2016-09-10T23:49:53+00:00","description":"Help you setup the client software on Windows PCs, Linux, MacOS or any other device that supports a DAHUA view\/config client","breadcrumb":{"@id":"https:\/\/dahua.evosec.eu\/client-setup\/#breadcrumb"},"inLanguage":"de","potentialAction":[{"@type":"ReadAction","target":["https:\/\/dahua.evosec.eu\/client-setup\/"]}]},{"@type":"ImageObject","inLanguage":"de","@id":"https:\/\/dahua.evosec.eu\/client-setup\/#primaryimage","url":"https:\/\/dahua.evosec.eu\/wp-content\/uploads\/2015\/06\/monitor.jpg","contentUrl":"https:\/\/dahua.evosec.eu\/wp-content\/uploads\/2015\/06\/monitor.jpg","width":200,"height":200},{"@type":"BreadcrumbList","@id":"https:\/\/dahua.evosec.eu\/client-setup\/#breadcrumb","itemListElement":[{"@type":"ListItem","position":1,"name":"Home","item":"https:\/\/dahua.evosec.eu\/"},{"@type":"ListItem","position":2,"name":"DAHUA Client Setup"}]},{"@type":"WebSite","@id":"https:\/\/dahua.evosec.eu\/#website","url":"https:\/\/dahua.evosec.eu\/","name":"Premium-Support f\u00fcr DAHUA Produkte","description":"Wir sind ein 3rd Party Unternehmen erfahrene DAHUA Produkte","potentialAction":[{"@type":"SearchAction","target":{"@type":"EntryPoint","urlTemplate":"https:\/\/dahua.evosec.eu\/?s={search_term_string}"},"query-input":{"@type":"PropertyValueSpecification","valueRequired":true,"valueName":"search_term_string"}}],"inLanguage":"de"}]}},"_links":{"self":[{"href":"https:\/\/dahua.evosec.eu\/de\/wp-json\/wp\/v2\/pages\/25","targetHints":{"allow":["GET"]}}],"collection":[{"href":"https:\/\/dahua.evosec.eu\/de\/wp-json\/wp\/v2\/pages"}],"about":[{"href":"https:\/\/dahua.evosec.eu\/de\/wp-json\/wp\/v2\/types\/page"}],"author":[{"embeddable":true,"href":"https:\/\/dahua.evosec.eu\/de\/wp-json\/wp\/v2\/users\/1"}],"replies":[{"embeddable":true,"href":"https:\/\/dahua.evosec.eu\/de\/wp-json\/wp\/v2\/comments?post=25"}],"version-history":[{"count":0,"href":"https:\/\/dahua.evosec.eu\/de\/wp-json\/wp\/v2\/pages\/25\/revisions"}],"wp:featuredmedia":[{"embeddable":true,"href":"https:\/\/dahua.evosec.eu\/de\/wp-json\/wp\/v2\/media\/424"}],"wp:attachment":[{"href":"https:\/\/dahua.evosec.eu\/de\/wp-json\/wp\/v2\/media?parent=25"}],"curies":[{"name":"wp","href":"https:\/\/api.w.org\/{rel}","templated":true}]}}