{"id":226,"date":"2015-08-22T01:42:29","date_gmt":"2015-08-22T01:42:29","guid":{"rendered":"http:\/\/dahua.evosec.eu\/?page_id=226"},"modified":"2016-09-11T17:47:32","modified_gmt":"2016-09-11T17:47:32","slug":"device-security-assessment","status":"publish","type":"page","link":"https:\/\/dahua.evosec.eu\/es\/device-security-assessment\/","title":{"rendered":"Evaluaci\u00f3n De Seguridad De Dispositivo &amp; Aplicaci\u00f3n De La"},"content":{"rendered":"<div><i>Actualizaci\u00f3n 25 de septiembre de 2015<\/i><br \/>\r\nPor ahora, hemos identificado errores, desarroll\u00f3 un parche (estar\u00e1 disponible para la mayor\u00eda de los productos basados en DAHUA) y tambi\u00e9n soluciones para recuperar el dispositivo para situaciones donde:<\/p>\r\n<ul>\r\n<li>Dispositivo deja de responder, la grabaci\u00f3n o no se puede acceder a trav\u00e9s de Internet mientras est\u00e1 conectado directamente o a trav\u00e9s de PPPoE<\/li>\r\n<li>Dispositivo los registros todav\u00eda, pero usted no puede acceder a trav\u00e9s de Internet<\/li>\r\n<li>Dispositivo muestra un \u00abSystem has been hacked\u00bb, \u00abDevice has been hacked\u00bb, \u00abDVR has been hacked\u00bb u otros mensajes y la <strong>admin<\/strong> cuenta no tiene derecho<\/li>\r\n<\/ul>\r\n<\/div>\r\n<hr \/>\r\n<div><i>Actualizaci\u00f3n 01 de septiembre de 2015<\/i><br \/>\r\nHemos desarrollado firmware(s) personalizados para dispositivos antiguos que son propensos a telnet(port 23)->root ataques de username(por defecto, inmutable <strong>vizxv<\/strong> contrase\u00f1a). Somos capaces de parche personalizar casi cualquier firmware antiguo con una contrase\u00f1a segura que usted proporcione.<\/p>\r\n<p>\u00bfPor qu\u00e9? Porque usando root&#038;<strong>vizxv<\/strong> contrase\u00f1a dispositivos son vulnerables a los datos de p\u00e9rdidas (incluyendo varios, texto almacenadas credenciales), se ha borrado, historial fin de la operaci\u00f3n (durante al menos 4 minutos), restablecimiento de configuraci\u00f3n ect.<\/p>\r\n<div class=\"panel panel-default\">\r\n<div class=\"panel-heading\">Algunos modelos afectados<\/div>\r\n<div class=\"panel-body\">\r\nDVR0404HE-AN, DVR0404HE-AS, DVR0404HF-AN, DVR0404HF-AS, DVR0404HF-AT, DVR0404HF-U, DVR0404LE-AN, DVR0404LE-AS, DVR0404LF-A, DVR0404LF-AS, DVR0404LF-AST, DVR0404LF-L, DVR0404LF-S, DVR0804HF-U, DVR0804LE-AS, DVR0804LF-A, DVR0804LF-AS, DVR0804LF-AST, DVR0804LF-L, DVR0804LF-S, DVR1604HF-L-E, DVR1604HF-S-E, DVR1604HF-U, DVR1604LE-AS, DVR1604LE-SL, DVR1604LF-A, DVR1604LF-AE, DVR1604LF-AS, DVR1604LF-AST, DVR1604LF-L, DVR1604LF-S, DVR3108H, DVR310XE, DVR3116E, DVR3116H\r\n  <\/div>\r\n<\/div>\r\n<hr \/>\r\n<div>Algunos DVR, NVR (y otros integrado seguridad o dispositivos de vigilancia) pueden y podr\u00edan verse comprometidos por problemas de seguridad. Para aquellos, que remotamente-valoraci\u00f3n de la seguridad de su dispositivo actual y emitir un informe.\r\n<\/div>\r\n<\/p>\r\n<div><strong>Consejo:<\/strong> Esta caracter\u00edstica est\u00e1 actualmente en desarrollo.<br \/>\r\nNos va a hacer #pentesting y algunos #hardwarefingerprinting. Tambi\u00e9n utilizamos #CVEs comunes disponibles y algunas herramientas desarrolladas dentro. Vamos a presentar una estad\u00edstica de dispositivos vulnerables en el futuro cercano.\r\n<\/div>","protected":false},"excerpt":{"rendered":"Actualizaci\u00f3n 25 de septiembre de 2015 Por ahora, hemos identificado errores, desarroll\u00f3 un parche (estar\u00e1 disponible para la mayor\u00eda de los productos basados en DAHUA) y tambi\u00e9n soluciones para recuperar el dispositivo para situaciones donde: Dispositivo deja de responder, la grabaci\u00f3n o no se puede acceder a trav\u00e9s de Internet mientras est\u00e1 conectado directamente o&hellip; <a class=\"more-link\" href=\"https:\/\/dahua.evosec.eu\/es\/device-security-assessment\/\">Continue Reading Evaluaci\u00f3n De Seguridad De Dispositivo &amp; Aplicaci\u00f3n De La<\/a>","protected":false},"author":1,"featured_media":0,"parent":0,"menu_order":0,"comment_status":"closed","ping_status":"closed","template":"","meta":{"footnotes":""},"class_list":["post-226","page","type-page","status-publish","hentry"],"translation":{"provider":"WPGlobus","version":"3.0.1","language":"es","enabled_languages":["en","da","de","es","fi","fr","it","hu","nl","no","pt","pl","ru","sv","ja"],"languages":{"en":{"title":true,"content":true,"excerpt":false},"da":{"title":true,"content":true,"excerpt":false},"de":{"title":true,"content":true,"excerpt":false},"es":{"title":true,"content":true,"excerpt":false},"fi":{"title":true,"content":true,"excerpt":false},"fr":{"title":true,"content":true,"excerpt":false},"it":{"title":true,"content":true,"excerpt":false},"hu":{"title":true,"content":true,"excerpt":false},"nl":{"title":true,"content":true,"excerpt":false},"no":{"title":true,"content":true,"excerpt":false},"pt":{"title":true,"content":true,"excerpt":false},"pl":{"title":true,"content":true,"excerpt":false},"ru":{"title":true,"content":true,"excerpt":false},"sv":{"title":true,"content":true,"excerpt":false},"ja":{"title":false,"content":false,"excerpt":false}}},"yoast_head":"<!-- This site is optimized with the Yoast SEO plugin v27.3 - https:\/\/yoast.com\/product\/yoast-seo-wordpress\/ -->\n<title>Evaluaci\u00f3n de la Seguridad remota de dispositivos de seguridad de v\u00eddeo<\/title>\n<meta name=\"description\" content=\"Vamos a probar \/ PenTest su dispositivo para averiguar si \/ lo que es vulnerable a. Para los productos basados \u200b\u200ben DAHUA, somos capaces de desarrollar parches que pueden resolver problemas.\" \/>\n<meta name=\"robots\" content=\"index, follow, max-snippet:-1, max-image-preview:large, max-video-preview:-1\" \/>\n<link rel=\"canonical\" href=\"https:\/\/dahua.evosec.eu\/hu\/device-security-assessment\/\" \/>\n<meta property=\"og:locale\" content=\"es_ES\" \/>\n<meta property=\"og:type\" content=\"article\" \/>\n<meta property=\"og:title\" content=\"Evaluaci\u00f3n de la Seguridad remota de dispositivos de seguridad de v\u00eddeo\" \/>\n<meta property=\"og:description\" content=\"Vamos a probar \/ PenTest su dispositivo para averiguar si \/ lo que es vulnerable a. Para los productos basados \u200b\u200ben DAHUA, somos capaces de desarrollar parches que pueden resolver problemas.\" \/>\n<meta property=\"og:url\" content=\"https:\/\/dahua.evosec.eu\/hu\/device-security-assessment\/\" \/>\n<meta property=\"og:site_name\" content=\"Soporte Premium para productos de DAHUA\" \/>\n<meta property=\"article:publisher\" content=\"https:\/\/www.facebook.com\/euroevosolutions\" \/>\n<meta property=\"article:modified_time\" content=\"2016-09-11T17:47:32+00:00\" \/>\n<meta name=\"twitter:card\" content=\"summary_large_image\" \/>\n<meta name=\"twitter:site\" content=\"@evosec_eu\" \/>\n<meta name=\"twitter:label1\" content=\"Tiempo de lectura\" \/>\n\t<meta name=\"twitter:data1\" content=\"22 minutos\" \/>\n<script type=\"application\/ld+json\" class=\"yoast-schema-graph\">{\"@context\":\"https:\\\/\\\/schema.org\",\"@graph\":[{\"@type\":\"WebPage\",\"@id\":\"https:\\\/\\\/dahua.evosec.eu\\\/hu\\\/device-security-assessment\\\/\",\"url\":\"https:\\\/\\\/dahua.evosec.eu\\\/hu\\\/device-security-assessment\\\/\",\"name\":\"Evaluaci\u00f3n De Seguridad De Dispositivo &amp; Aplicaci\u00f3n De La - Soporte Premium para productos de DAHUA\",\"isPartOf\":{\"@id\":\"https:\\\/\\\/dahua.evosec.eu\\\/#website\"},\"datePublished\":\"2015-08-22T01:42:29+00:00\",\"dateModified\":\"2016-09-11T17:47:32+00:00\",\"description\":\"Vamos a probar \\\/ PenTest su dispositivo para averiguar si \\\/ lo que es vulnerable a. Para los productos basados \u200b\u200ben DAHUA, somos capaces de desarrollar parches que pueden resolver problemas.\",\"breadcrumb\":{\"@id\":\"https:\\\/\\\/dahua.evosec.eu\\\/hu\\\/device-security-assessment\\\/#breadcrumb\"},\"inLanguage\":\"es\",\"potentialAction\":[{\"@type\":\"ReadAction\",\"target\":[\"https:\\\/\\\/dahua.evosec.eu\\\/hu\\\/device-security-assessment\\\/\"]}]},{\"@type\":\"BreadcrumbList\",\"@id\":\"https:\\\/\\\/dahua.evosec.eu\\\/hu\\\/device-security-assessment\\\/#breadcrumb\",\"itemListElement\":[{\"@type\":\"ListItem\",\"position\":1,\"name\":\"Home\",\"item\":\"https:\\\/\\\/dahua.evosec.eu\\\/\"},{\"@type\":\"ListItem\",\"position\":2,\"name\":\"K\u00e9sz\u00fcl\u00e9k Biztons\u00e1gi \u00e9rt\u00e9kel\u00e9si &amp; V\u00e9grehajt\u00e1si\"}]},{\"@type\":\"WebSite\",\"@id\":\"https:\\\/\\\/dahua.evosec.eu\\\/#website\",\"url\":\"https:\\\/\\\/dahua.evosec.eu\\\/\",\"name\":\"Soporte Premium para productos de DAHUA\",\"description\":\"Somos una empresa de partido 3 \u00ba experiencia en productos DAHUA\",\"potentialAction\":[{\"@type\":\"SearchAction\",\"target\":{\"@type\":\"EntryPoint\",\"urlTemplate\":\"https:\\\/\\\/dahua.evosec.eu\\\/?s={search_term_string}\"},\"query-input\":{\"@type\":\"PropertyValueSpecification\",\"valueRequired\":true,\"valueName\":\"search_term_string\"}}],\"inLanguage\":\"es\"}]}<\/script>\n<!-- \/ Yoast SEO plugin. -->","yoast_head_json":{"title":"Evaluaci\u00f3n de la Seguridad remota de dispositivos de seguridad de v\u00eddeo","description":"Vamos a probar \/ PenTest su dispositivo para averiguar si \/ lo que es vulnerable a. Para los productos basados \u200b\u200ben DAHUA, somos capaces de desarrollar parches que pueden resolver problemas.","robots":{"index":"index","follow":"follow","max-snippet":"max-snippet:-1","max-image-preview":"max-image-preview:large","max-video-preview":"max-video-preview:-1"},"canonical":"https:\/\/dahua.evosec.eu\/hu\/device-security-assessment\/","og_locale":"es_ES","og_type":"article","og_title":"Evaluaci\u00f3n de la Seguridad remota de dispositivos de seguridad de v\u00eddeo","og_description":"Vamos a probar \/ PenTest su dispositivo para averiguar si \/ lo que es vulnerable a. Para los productos basados \u200b\u200ben DAHUA, somos capaces de desarrollar parches que pueden resolver problemas.","og_url":"https:\/\/dahua.evosec.eu\/hu\/device-security-assessment\/","og_site_name":"Soporte Premium para productos de DAHUA","article_publisher":"https:\/\/www.facebook.com\/euroevosolutions","article_modified_time":"2016-09-11T17:47:32+00:00","twitter_card":"summary_large_image","twitter_site":"@evosec_eu","twitter_misc":{"Tiempo de lectura":"22 minutos"},"schema":{"@context":"https:\/\/schema.org","@graph":[{"@type":"WebPage","@id":"https:\/\/dahua.evosec.eu\/hu\/device-security-assessment\/","url":"https:\/\/dahua.evosec.eu\/hu\/device-security-assessment\/","name":"Evaluaci\u00f3n De Seguridad De Dispositivo &amp; Aplicaci\u00f3n De La - Soporte Premium para productos de DAHUA","isPartOf":{"@id":"https:\/\/dahua.evosec.eu\/#website"},"datePublished":"2015-08-22T01:42:29+00:00","dateModified":"2016-09-11T17:47:32+00:00","description":"Vamos a probar \/ PenTest su dispositivo para averiguar si \/ lo que es vulnerable a. Para los productos basados \u200b\u200ben DAHUA, somos capaces de desarrollar parches que pueden resolver problemas.","breadcrumb":{"@id":"https:\/\/dahua.evosec.eu\/hu\/device-security-assessment\/#breadcrumb"},"inLanguage":"es","potentialAction":[{"@type":"ReadAction","target":["https:\/\/dahua.evosec.eu\/hu\/device-security-assessment\/"]}]},{"@type":"BreadcrumbList","@id":"https:\/\/dahua.evosec.eu\/hu\/device-security-assessment\/#breadcrumb","itemListElement":[{"@type":"ListItem","position":1,"name":"Home","item":"https:\/\/dahua.evosec.eu\/"},{"@type":"ListItem","position":2,"name":"K\u00e9sz\u00fcl\u00e9k Biztons\u00e1gi \u00e9rt\u00e9kel\u00e9si &amp; V\u00e9grehajt\u00e1si"}]},{"@type":"WebSite","@id":"https:\/\/dahua.evosec.eu\/#website","url":"https:\/\/dahua.evosec.eu\/","name":"Soporte Premium para productos de DAHUA","description":"Somos una empresa de partido 3 \u00ba experiencia en productos DAHUA","potentialAction":[{"@type":"SearchAction","target":{"@type":"EntryPoint","urlTemplate":"https:\/\/dahua.evosec.eu\/?s={search_term_string}"},"query-input":{"@type":"PropertyValueSpecification","valueRequired":true,"valueName":"search_term_string"}}],"inLanguage":"es"}]}},"_links":{"self":[{"href":"https:\/\/dahua.evosec.eu\/es\/wp-json\/wp\/v2\/pages\/226","targetHints":{"allow":["GET"]}}],"collection":[{"href":"https:\/\/dahua.evosec.eu\/es\/wp-json\/wp\/v2\/pages"}],"about":[{"href":"https:\/\/dahua.evosec.eu\/es\/wp-json\/wp\/v2\/types\/page"}],"author":[{"embeddable":true,"href":"https:\/\/dahua.evosec.eu\/es\/wp-json\/wp\/v2\/users\/1"}],"replies":[{"embeddable":true,"href":"https:\/\/dahua.evosec.eu\/es\/wp-json\/wp\/v2\/comments?post=226"}],"version-history":[{"count":0,"href":"https:\/\/dahua.evosec.eu\/es\/wp-json\/wp\/v2\/pages\/226\/revisions"}],"wp:attachment":[{"href":"https:\/\/dahua.evosec.eu\/es\/wp-json\/wp\/v2\/media?parent=226"}],"curies":[{"name":"wp","href":"https:\/\/api.w.org\/{rel}","templated":true}]}}