{"id":1066,"date":"2017-03-01T15:20:40","date_gmt":"2017-03-01T15:20:40","guid":{"rendered":"http:\/\/dahua.evosec.eu\/?page_id=1066"},"modified":"2017-03-02T01:57:28","modified_gmt":"2017-03-02T01:57:28","slug":"premium-support","status":"publish","type":"page","link":"https:\/\/dahua.evosec.eu\/fi\/premium-support\/","title":{"rendered":"Premium-tuki &#8211; DAHUA-tuotteet"},"content":{"rendered":"<div>\r\n<i class=\"fa fa-users fa-fw\" aria-hidden=\"true\"><\/i>\r\nJumissa m\u00e4\u00e4ritett\u00e4ess\u00e4 laitteet? Voi selvitt\u00e4\u00e4, mit\u00e4 vikaa j\u00e4rjestelm\u00e4n? Lost asiakirjat? Olemme t\u00e4\u00e4ll\u00e4 auttaa sinua! Meill\u00e4 on useita vaihtoehtoja, joista valita:\r\n<\/div>\r\n<br \/>\r\n<div class=\"panel panel-default panel-primary\">\r\n<div class=\"panel-heading\">Mik\u00e4 palvelu sopii sinulle paremmin?<\/div>\r\n  <div class=\"panel-body\">\r\n<div class=\"DHPass\">\r\n    <div class=\"row\">\r\n        <div class=\"col-xs-12 col-sm-offset-4 col-sm-8\">\r\n            <div class=\"row\">\r\n                <div class=\"col-xs-4 PlanHeader Plan1\">\r\n                    <div class=\"PlanTitle\">S\u00e4hk\u00f6posti<br \/><br \/><\/div>\r\n                    <div class=\"PlanPrice\">29.99$\/p\u00e4iv\u00e4<\/div>\r\n                <\/div>\r\n                <div class=\"col-xs-4 PlanHeader Plan2\">\r\n                    <div class=\"PlanTitle\">Live<br \/><br \/><\/div>\r\n                    <div class=\"PlanPrice\">29.99$\/Fi<\/div>\r\n                <\/div>\r\n                <div class=\"col-xs-4 PlanHeader Plan3\">\r\n                    <div class=\"PlanTitle\">Live+<br \/>Kauko<\/div>\r\n                    <div class=\"PlanPrice\">49.99$\/Fi<\/div>\r\n                <\/div>\r\n            <\/div>\r\n        <\/div>\r\n    <\/div>\r\n    <div class=\"row PriceFeatureRow\">\r\n        <div class=\"col-xs-12 col-sm-4 PlanFeature\">\r\n            S\u00e4hk\u00f6postituki<br \/>\r\n(via dahua@evosec.eu)\r\n        <\/div>\r\n        <div class=\"col-xs-12 col-sm-8\">\r\n            <div class=\"row\">\r\n                <div class=\"col-xs-4 col-sm-4 PlanFeature Plan1\">\r\n                    <i class=\"fa fa-check PlanCheck\"><\/i><br \/><br \/>\r\n                <\/div>\r\n                <div class=\"col-xs-4 col-sm-4 PlanFeature Plan2\">\r\n                    <i class=\"fa fa-check PlanCheck\"><\/i><br \/><br \/>\r\n                <\/div>\r\n                <div class=\"col-xs-4 col-sm-4 PlanFeature Plan3\">\r\n                    <i class=\"fa fa-check PlanCheck\"><\/i><br \/><br \/>\r\n                <\/div>\r\n            <\/div>\r\n        <\/div>\r\n    <\/div>\r\n    <div class=\"row PriceFeatureRow\">\r\n        <div class=\"col-xs-12 col-sm-4 PlanFeature\">\r\n            <a href=\"https:\/\/www.skype.com\" target=\"_blank\"><i class=\"fa fa-skype fa-fw\" aria-hidden=\"true\"><\/i>Skype<\/a> Tuki\r\n        <\/div>\r\n        <div class=\"col-xs-12 col-sm-8\">\r\n            <div class=\"row\">\r\n                <div class=\"col-xs-4 col-sm-4 PlanFeature Plan1\">\r\n                     <i class=\"fa fa-times-circle PlanUnCheck\"><\/i>\r\n                <\/div>\r\n                <div class=\"col-xs-4 col-sm-4 PlanFeature Plan2\">\r\n                    <i class=\"fa fa-check PlanCheck\"><\/i>\r\n                <\/div>\r\n                <div class=\"col-xs-4 col-sm-4 PlanFeature Plan3\">\r\n                    <i class=\"fa fa-check PlanCheck\"><\/i>\r\n                <\/div>\r\n            <\/div>\r\n        <\/div>\r\n    <\/div>\r\n    <div class=\"row PriceFeatureRow\">\r\n        <div class=\"col-xs-12 col-sm-4 PlanFeature\">\r\n            Live Chat-ratkaisu\r\n        <\/div>\r\n        <div class=\"col-xs-12 col-sm-8\">\r\n            <div class=\"row\">\r\n                <div class=\"col-xs-4 col-sm-4 PlanFeature Plan1\">\r\n                     <i class=\"fa fa-times-circle PlanUnCheck\"><\/i>\r\n                <\/div>\r\n                <div class=\"col-xs-4 col-sm-4 PlanFeature Plan2\">\r\n                    <i class=\"fa fa-check PlanCheck\"><\/i>\r\n                <\/div>\r\n                <div class=\"col-xs-4 col-sm-4 PlanFeature Plan3\">\r\n                    <i class=\"fa fa-check PlanCheck\"><\/i>\r\n                <\/div>\r\n            <\/div>\r\n        <\/div>\r\n    <\/div>\r\n    <div class=\"row PriceFeatureRow\">\r\n        <div class=\"col-xs-12 col-sm-4 PlanFeature\">\r\n            <a href=\"https:\/\/download.teamviewer.com\/download\/TeamViewerQS_en.exe\" target=\"_blank\">TeamViewer<\/a> Tuki\r\n        <\/div>\r\n        <div class=\"col-xs-12 col-sm-8\">\r\n            <div class=\"row\">\r\n                <div class=\"col-xs-4 col-sm-4 PlanFeature Plan1\">\r\n                     <i class=\"fa fa-times-circle PlanUnCheck\"><\/i>\r\n                <\/div>\r\n                <div class=\"col-xs-4 col-sm-4 PlanFeature Plan2\">\r\n                    <i class=\"fa fa-times-circle PlanUnCheck\"><\/i>\r\n                <\/div>\r\n                <div class=\"col-xs-4 col-sm-4 PlanFeature Plan3\">\r\n                    <i class=\"fa fa-check PlanCheck\"><\/i>\r\n                <\/div>\r\n            <\/div>\r\n        <\/div>\r\n    <\/div>\r\n   <div class=\"row PriceFeatureRow\">\r\n        <div class=\"col-xs-12 col-sm-4 PlanFeature\">\r\n            <a href=\"https:\/\/anydesk.com\/download\" target=\"_blank\">AnyDesk<\/a> Tuki\r\n        <\/div>\r\n        <div class=\"col-xs-12 col-sm-8\">\r\n            <div class=\"row\">\r\n                <div class=\"col-xs-4 col-sm-4 PlanFeature Plan1\">\r\n                     <i class=\"fa fa-times-circle PlanUnCheck\"><\/i>\r\n                <\/div>\r\n                <div class=\"col-xs-4 col-sm-4 PlanFeature Plan2\">\r\n                    <i class=\"fa fa-times-circle PlanUnCheck\"><\/i>\r\n                <\/div>\r\n                <div class=\"col-xs-4 col-sm-4 PlanFeature Plan3\">\r\n                    <i class=\"fa fa-check PlanCheck\"><\/i>\r\n                <\/div>\r\n            <\/div>\r\n        <\/div>\r\n    <\/div>\r\n<div class=\"row PriceFeatureRow\">\r\n        <div class=\"col-xs-12 col-sm-4 PlanFeature\">\r\n            Et\u00e4laite<sup>1<\/sup><br \/> Kokoonpano\r\n        <\/div>\r\n        <div class=\"col-xs-12 col-sm-8\">\r\n            <div class=\"row\">\r\n                <div class=\"col-xs-4 col-sm-4 PlanFeature Plan1\">\r\n                     <i class=\"fa fa-times-circle PlanUnCheck\"><\/i><br \/><br \/>\r\n                <\/div>\r\n                <div class=\"col-xs-4 col-sm-4 PlanFeature Plan2\">\r\n                    <i class=\"fa fa-times-circle PlanUnCheck\"><\/i><br \/><br \/>\r\n                <\/div>\r\n                <div class=\"col-xs-4 col-sm-4 PlanFeature Plan3\">\r\n                    <i class=\"fa fa-check PlanCheck\"><\/i><br \/><br \/>\r\n                <\/div>\r\n            <\/div>\r\n        <\/div>\r\n    <\/div>\r\n<div class=\"row PriceFeatureRow\">\r\n        <div class=\"col-xs-12 col-sm-4 PlanFeature\">\r\n            Remote Software<sup>2<\/sup><br \/> Kokoonpano\r\n        <\/div>\r\n        <div class=\"col-xs-12 col-sm-8\">\r\n            <div class=\"row\">\r\n                <div class=\"col-xs-4 col-sm-4 PlanFeature Plan1\">\r\n                     <i class=\"fa fa-times-circle PlanUnCheck\"><\/i><br \/><br \/>\r\n                <\/div>\r\n                <div class=\"col-xs-4 col-sm-4 PlanFeature Plan2\">\r\n                    <i class=\"fa fa-times-circle PlanUnCheck\"><\/i><br \/><br \/>\r\n                <\/div>\r\n                <div class=\"col-xs-4 col-sm-4 PlanFeature Plan3\">\r\n                    <i class=\"fa fa-check PlanCheck\"><\/i><br \/><br \/>\r\n                <\/div>\r\n            <\/div>\r\n        <\/div>\r\n    <\/div>\r\n    <div class=\"row\">\r\n        <div class=\"col-xs-12 col-sm-offset-4 col-sm-8\">\r\n            <div class=\"row\">\r\n                 <div class=\"col-xs-4 PlanHeader PlanBottom Plan1\">\r\n                    <form class=\"wpcf7-form evo-pass-rec\" action=\"https:\/\/www.paypal.com\/cgi-bin\/webscr\" method=\"post\"><img alt=\"\" border=\"\" width=\"1\" height=\"1\" ><input name=\"cmd\" type=\"hidden\" value=\"_xclick\" \/><input name=\"business\" type=\"hidden\" value=\"mirceapetrescu2004@yahoo.com\" \/><input name=\"item_name\" type=\"hidden\" value=\"DAHUA: One Day Email Support\" \/><input name=\"item_number\" type=\"hidden\" value=\"1\" \/><input name=\"amount\" type=\"hidden\" value=\"29.99\" \/><input name=\"no_shipping\" type=\"hidden\" value=\"1\" \/><input name=\"currency_code\" type=\"hidden\" value=\"USD\" \/><input name=\"return\" type=\"hidden\" value=\"http:\/\/dahua.evosec.eu\/thank-you-for-your-payment\/\" \/><input name=\"image_url\" type=\"hidden\" value=\"http:\/\/dahua.evosec.eu\/assets\/pp_logo.png\" \/><input name=\"cancel_return\" type=\"hidden\" value=\"http:\/\/dahua.evosec.eu\/payment-denied-or-canceled\/\" \/><input name=\"cbt\" type=\"hidden\" value=\"Return to DAHUA Premium Support Services\" \/><input name=\"cpp_cart_border_color\" type=\"hidden\" value=\"#7F7F7F\" \/>\r\n<input type=\"submit\" class=\"form-control btn-primary DHPassOrder\" value=\"Tilaus\" onClick=\"ga('send', 'event', { eventCategory: 'Payments', eventAction: 'HCVR Pass Send En'});\" \/> \r\n<\/form>\r\n<br \/>                \r\n<\/div>\r\n                <div class=\"col-xs-4 PlanHeader PlanBottom Plan2\">\r\n                    <form class=\"wpcf7-form evo-pass-rec\" action=\"https:\/\/www.paypal.com\/cgi-bin\/webscr\" method=\"post\"><img alt=\"\" border=\"\" width=\"1\" height=\"1\" ><input name=\"cmd\" type=\"hidden\" value=\"_xclick\" \/><input name=\"business\" type=\"hidden\" value=\"mirceapetrescu2004@yahoo.com\" \/><input name=\"item_name\" type=\"hidden\" value=\"DAHUA: One Hour Live Support\" \/><input name=\"item_number\" type=\"hidden\" value=\"1\" \/><input name=\"amount\" type=\"hidden\" value=\"29.99\" \/><input name=\"no_shipping\" type=\"hidden\" value=\"1\" \/><input name=\"currency_code\" type=\"hidden\" value=\"USD\" \/><input name=\"return\" type=\"hidden\" value=\"http:\/\/dahua.evosec.eu\/thank-you-for-your-payment\/\" \/><input name=\"image_url\" type=\"hidden\" value=\"http:\/\/dahua.evosec.eu\/assets\/pp_logo.png\" \/><input name=\"cancel_return\" type=\"hidden\" value=\"http:\/\/dahua.evosec.eu\/payment-denied-or-canceled\/\" \/><input name=\"cbt\" type=\"hidden\" value=\"Return to DAHUA Premium Support Services\" \/><input name=\"cpp_cart_border_color\" type=\"hidden\" value=\"#7F7F7F\" \/>\r\n<input type=\"submit\" class=\"form-control btn-primary DHPassOrder\" value=\"Tilaus\" onClick=\"ga('send', 'event', { eventCategory: 'Payments', eventAction: 'HCVR Pass Send En'});\" \/> \r\n<\/form><br \/>\r\n                <\/div>\r\n                <div class=\"col-xs-4 PlanHeader PlanBottom Plan3\">\r\n                    <form class=\"wpcf7-form evo-pass-rec\" action=\"https:\/\/www.paypal.com\/cgi-bin\/webscr\" method=\"post\"><img alt=\"\" border=\"\" width=\"1\" height=\"1\" ><input name=\"cmd\" type=\"hidden\" value=\"_xclick\" \/><input name=\"business\" type=\"hidden\" value=\"mirceapetrescu2004@yahoo.com\" \/><input name=\"item_name\" type=\"hidden\" value=\"\"DAHUA: One Hour Live Support + Remote Support\" \/><input name=\"item_number\" type=\"hidden\" value=\"1\" \/><input name=\"amount\" type=\"hidden\" value=\"49.99\" \/><input name=\"no_shipping\" type=\"hidden\" value=\"1\" \/><input name=\"currency_code\" type=\"hidden\" value=\"USD\" \/><input name=\"return\" type=\"hidden\" value=\"http:\/\/dahua.evosec.eu\/thank-you-for-your-payment\/\" \/><input name=\"image_url\" type=\"hidden\" value=\"http:\/\/dahua.evosec.eu\/assets\/pp_logo.png\" \/><input name=\"cancel_return\" type=\"hidden\" value=\"http:\/\/dahua.evosec.eu\/payment-denied-or-canceled\/\" \/><input name=\"cbt\" type=\"hidden\" value=\"Return to DAHUA Premium Support Services\" \/><input name=\"cpp_cart_border_color\" type=\"hidden\" value=\"#7F7F7F\" \/>\r\n<input type=\"submit\" class=\"form-control btn-primary DHPassOrder\" value=\"Tilaus\" onClick=\"ga('send', 'event', { eventCategory: 'Payments', eventAction: 'HCVR Pass Send En'});\" \/> \r\n<\/form><br \/>\r\n                <\/div>\r\n            <\/div>\r\n        <\/div>\r\n    <\/div>\r\n<\/div>\r\n<\/div>\r\n<\/div>\r\n<br \/>\r\n<br \/>\r\n<div class=\"alert alert-success\" role=\"alert\">Otamme sinuun yhteytt\u00e4 Setup tiedot maksun j\u00e4lkeen tai voit <a class=\"vt-p\" href=\"\/fi\/contact\/\">Ota yhteytt\u00e4<\/a>!<\/div>\r\n<hr \/>\r\n<div class=\"row\">\r\n<sup>1<\/sup>Tarjoamme tukea seuraaville laitteille: DVR (Digital videonauhurit) laajenee Puolassa, HCVRs, IP-kamerat, Speed Dome IP-kamerat ja VDP (Video ovi puhelimet)<br \/>\r\n<sup>2<\/sup>Tarjoamme tukea seuraavat ohjelmistot: Internet Browsers(as clients), gDMSS, iDMSS, wDMSS, SmartPSS version 1 ja version 2 SmartPSS<br \/>\r\n<\/div>","protected":false},"excerpt":{"rendered":"Jumissa m\u00e4\u00e4ritett\u00e4ess\u00e4 laitteet? Voi selvitt\u00e4\u00e4, mit\u00e4 vikaa j\u00e4rjestelm\u00e4n? Lost asiakirjat? Olemme t\u00e4\u00e4ll\u00e4 auttaa sinua! Meill\u00e4 on useita vaihtoehtoja, joista valita: Mik\u00e4 palvelu sopii sinulle paremmin? S\u00e4hk\u00f6posti 29.99$\/p\u00e4iv\u00e4 Live 29.99$\/Fi Live+Kauko 49.99$\/Fi S\u00e4hk\u00f6postituki (via dahua@evosec.eu) Skype Tuki Live Chat-ratkaisu TeamViewer Tuki AnyDesk Tuki Et\u00e4laite1 Kokoonpano Remote Software2 Kokoonpano","protected":false},"author":1,"featured_media":0,"parent":0,"menu_order":0,"comment_status":"closed","ping_status":"closed","template":"","meta":{"footnotes":""},"class_list":["post-1066","page","type-page","status-publish","hentry"],"translation":{"provider":"WPGlobus","version":"3.0.1","language":"fi","enabled_languages":["en","da","de","es","fi","fr","it","hu","nl","no","pt","pl","ru","sv","ja"],"languages":{"en":{"title":true,"content":true,"excerpt":false},"da":{"title":true,"content":true,"excerpt":false},"de":{"title":true,"content":true,"excerpt":false},"es":{"title":true,"content":true,"excerpt":false},"fi":{"title":true,"content":true,"excerpt":false},"fr":{"title":true,"content":true,"excerpt":false},"it":{"title":true,"content":true,"excerpt":false},"hu":{"title":true,"content":true,"excerpt":false},"nl":{"title":true,"content":true,"excerpt":false},"no":{"title":true,"content":true,"excerpt":false},"pt":{"title":true,"content":true,"excerpt":false},"pl":{"title":true,"content":true,"excerpt":false},"ru":{"title":true,"content":true,"excerpt":false},"sv":{"title":true,"content":true,"excerpt":false},"ja":{"title":true,"content":true,"excerpt":false}}},"yoast_head":"<!-- This site is optimized with the Yoast SEO plugin v27.4 - https:\/\/yoast.com\/product\/yoast-seo-wordpress\/ -->\n<title>Premium-tuki - DAHUA-tuotteet - Premium-tuki DAHUA tuotteet<\/title>\n<meta name=\"robots\" content=\"index, follow, max-snippet:-1, max-image-preview:large, max-video-preview:-1\" \/>\n<link rel=\"canonical\" href=\"https:\/\/dahua.evosec.eu\/premium-support\/\" \/>\n<meta property=\"og:locale\" content=\"fi_FI\" \/>\n<meta property=\"og:type\" content=\"article\" \/>\n<meta property=\"og:title\" content=\"Premium-tuki - DAHUA-tuotteet - Premium-tuki DAHUA tuotteet\" \/>\n<meta property=\"og:url\" content=\"https:\/\/dahua.evosec.eu\/premium-support\/\" \/>\n<meta property=\"og:site_name\" content=\"Premium-tuki DAHUA tuotteet\" \/>\n<meta property=\"article:publisher\" content=\"https:\/\/www.facebook.com\/euroevosolutions\" \/>\n<meta property=\"article:modified_time\" content=\"2017-03-02T01:57:28+00:00\" \/>\n<meta name=\"twitter:card\" content=\"summary_large_image\" \/>\n<meta name=\"twitter:site\" content=\"@evosec_eu\" \/>\n<meta name=\"twitter:label1\" content=\"Arvioitu lukuaika\" \/>\n\t<meta name=\"twitter:data1\" content=\"5 minuuttia\" \/>\n<script type=\"application\/ld+json\" class=\"yoast-schema-graph\">{\"@context\":\"https:\\\/\\\/schema.org\",\"@graph\":[{\"@type\":\"WebPage\",\"@id\":\"https:\\\/\\\/dahua.evosec.eu\\\/premium-support\\\/\",\"url\":\"https:\\\/\\\/dahua.evosec.eu\\\/premium-support\\\/\",\"name\":\"Premium-tuki - DAHUA-tuotteet - Premium-tuki DAHUA tuotteet\",\"isPartOf\":{\"@id\":\"https:\\\/\\\/dahua.evosec.eu\\\/#website\"},\"datePublished\":\"2017-03-01T15:20:40+00:00\",\"dateModified\":\"2017-03-02T01:57:28+00:00\",\"breadcrumb\":{\"@id\":\"https:\\\/\\\/dahua.evosec.eu\\\/premium-support\\\/#breadcrumb\"},\"inLanguage\":\"fi\",\"potentialAction\":[{\"@type\":\"ReadAction\",\"target\":[\"https:\\\/\\\/dahua.evosec.eu\\\/premium-support\\\/\"]}]},{\"@type\":\"BreadcrumbList\",\"@id\":\"https:\\\/\\\/dahua.evosec.eu\\\/premium-support\\\/#breadcrumb\",\"itemListElement\":[{\"@type\":\"ListItem\",\"position\":1,\"name\":\"Home\",\"item\":\"https:\\\/\\\/dahua.evosec.eu\\\/\"},{\"@type\":\"ListItem\",\"position\":2,\"name\":\"Premium Support &#8211; DAHUA-based products\"}]},{\"@type\":\"WebSite\",\"@id\":\"https:\\\/\\\/dahua.evosec.eu\\\/#website\",\"url\":\"https:\\\/\\\/dahua.evosec.eu\\\/\",\"name\":\"Premium-tuki DAHUA tuotteet\",\"description\":\"Me &amp; #039, uudelleen 3rd party yritys kokenut DAHUA tuotteita!\",\"potentialAction\":[{\"@type\":\"SearchAction\",\"target\":{\"@type\":\"EntryPoint\",\"urlTemplate\":\"https:\\\/\\\/dahua.evosec.eu\\\/?s={search_term_string}\"},\"query-input\":{\"@type\":\"PropertyValueSpecification\",\"valueRequired\":true,\"valueName\":\"search_term_string\"}}],\"inLanguage\":\"fi\"}]}<\/script>\n<!-- \/ Yoast SEO plugin. -->","yoast_head_json":{"title":"Premium-tuki - DAHUA-tuotteet - Premium-tuki DAHUA tuotteet","robots":{"index":"index","follow":"follow","max-snippet":"max-snippet:-1","max-image-preview":"max-image-preview:large","max-video-preview":"max-video-preview:-1"},"canonical":"https:\/\/dahua.evosec.eu\/premium-support\/","og_locale":"fi_FI","og_type":"article","og_title":"Premium-tuki - DAHUA-tuotteet - Premium-tuki DAHUA tuotteet","og_url":"https:\/\/dahua.evosec.eu\/premium-support\/","og_site_name":"Premium-tuki DAHUA tuotteet","article_publisher":"https:\/\/www.facebook.com\/euroevosolutions","article_modified_time":"2017-03-02T01:57:28+00:00","twitter_card":"summary_large_image","twitter_site":"@evosec_eu","twitter_misc":{"Arvioitu lukuaika":"5 minuuttia"},"schema":{"@context":"https:\/\/schema.org","@graph":[{"@type":"WebPage","@id":"https:\/\/dahua.evosec.eu\/premium-support\/","url":"https:\/\/dahua.evosec.eu\/premium-support\/","name":"Premium-tuki - DAHUA-tuotteet - Premium-tuki DAHUA tuotteet","isPartOf":{"@id":"https:\/\/dahua.evosec.eu\/#website"},"datePublished":"2017-03-01T15:20:40+00:00","dateModified":"2017-03-02T01:57:28+00:00","breadcrumb":{"@id":"https:\/\/dahua.evosec.eu\/premium-support\/#breadcrumb"},"inLanguage":"fi","potentialAction":[{"@type":"ReadAction","target":["https:\/\/dahua.evosec.eu\/premium-support\/"]}]},{"@type":"BreadcrumbList","@id":"https:\/\/dahua.evosec.eu\/premium-support\/#breadcrumb","itemListElement":[{"@type":"ListItem","position":1,"name":"Home","item":"https:\/\/dahua.evosec.eu\/"},{"@type":"ListItem","position":2,"name":"Premium Support &#8211; DAHUA-based products"}]},{"@type":"WebSite","@id":"https:\/\/dahua.evosec.eu\/#website","url":"https:\/\/dahua.evosec.eu\/","name":"Premium-tuki DAHUA tuotteet","description":"Me &amp; #039, uudelleen 3rd party yritys kokenut DAHUA tuotteita!","potentialAction":[{"@type":"SearchAction","target":{"@type":"EntryPoint","urlTemplate":"https:\/\/dahua.evosec.eu\/?s={search_term_string}"},"query-input":{"@type":"PropertyValueSpecification","valueRequired":true,"valueName":"search_term_string"}}],"inLanguage":"fi"}]}},"_links":{"self":[{"href":"https:\/\/dahua.evosec.eu\/fi\/wp-json\/wp\/v2\/pages\/1066","targetHints":{"allow":["GET"]}}],"collection":[{"href":"https:\/\/dahua.evosec.eu\/fi\/wp-json\/wp\/v2\/pages"}],"about":[{"href":"https:\/\/dahua.evosec.eu\/fi\/wp-json\/wp\/v2\/types\/page"}],"author":[{"embeddable":true,"href":"https:\/\/dahua.evosec.eu\/fi\/wp-json\/wp\/v2\/users\/1"}],"replies":[{"embeddable":true,"href":"https:\/\/dahua.evosec.eu\/fi\/wp-json\/wp\/v2\/comments?post=1066"}],"version-history":[{"count":0,"href":"https:\/\/dahua.evosec.eu\/fi\/wp-json\/wp\/v2\/pages\/1066\/revisions"}],"wp:attachment":[{"href":"https:\/\/dahua.evosec.eu\/fi\/wp-json\/wp\/v2\/media?parent=1066"}],"curies":[{"name":"wp","href":"https:\/\/api.w.org\/{rel}","templated":true}]}}