{"id":1123,"date":"2017-03-17T03:13:28","date_gmt":"2017-03-17T03:13:28","guid":{"rendered":"http:\/\/dahua.evosec.eu\/?page_id=1123"},"modified":"2017-03-25T16:28:56","modified_gmt":"2017-03-25T16:28:56","slug":"fast-remote-dahua-password-reset-dvr-nvr-hcvr-ip-camera-speeddome-camera","status":"publish","type":"page","link":"https:\/\/dahua.evosec.eu\/fi\/fast-remote-dahua-password-reset-dvr-nvr-hcvr-ip-camera-speeddome-camera\/","title":{"rendered":"Nopean Kauko DAHUA Salasanan &#8211; DVR \/ NVR \/ HCVR \/ IP-kamera \/ SpeedDome Kamera"},"content":{"rendered":"<div class=\"alert alert-success\" role=\"alert\">\n<div class=\"row\">\n<div class=\"col-md-1\">\n<i class=\"fa fa-money fa-3x\" aria-hidden=\"true\"><\/i>\n<\/div>\n<div class=\"col-md-11\">\nSaimme ratkaisu ongelmiisi! Tarjoamme nopea tapa palauttaa ja heilahdus jokin tunnussana k\u00e4ytetty vanhempi tai uudempi DAHUA tuotteita.\n<\/div>\n<\/div>\n<\/div>\n<p>\n<strong>Toimii l\u00e4hes mik\u00e4 tahansa DAHUA laite &#8211; IP Camera, HDCVI DVR, NVR, Video Door Phone jne <\/strong> Meid\u00e4n tarvitsee vain IP tai DDNS \/ Dynamic DNS \/ verkkotunnus ja <strong>WEB-portti*<\/strong> (ei tietoja\/37777 portti).\n<\/p>\n<p>\nSalasanan ja l\u00e4het\u00e4mme sinulle v\u00e4liaikaisen salasanan (s\u00e4hk\u00f6postitse). Et tarvitse USB, VGA- tai HDMI-yhteys. Yksinkertaista ja nopeaa! Tilaa nyt &#8211; <strong>vain 9.99USD<\/strong>!\n<\/p>\n<hr \/>\n<form class=\"wpcf7-form evo-pass-rec\" action=\"https:\/\/www.paypal.com\/cgi-bin\/webscr\" method=\"post\"><img alt=\"\" border=\"\" width=\"1\" height=\"1\" ><input name=\"cmd\" type=\"hidden\" value=\"_xclick\" \/><input name=\"business\" type=\"hidden\" value=\"mirceapetrescu2004@yahoo.com\" \/><input name=\"item_name\" type=\"hidden\" value=\"DAHUA: Remote Password Recovery\" \/><input name=\"item_number\" type=\"hidden\" value=\"1\" \/><input name=\"amount\" type=\"hidden\" value=\"9.99\" \/><input name=\"no_shipping\" type=\"hidden\" value=\"1\" \/><input name=\"currency_code\" type=\"hidden\" value=\"USD\" \/><input name=\"return\" type=\"hidden\" value=\"http:\/\/dahua.evosec.eu\/thank-you-for-your-payment\/\" \/><input name=\"image_url\" type=\"hidden\" value=\"http:\/\/dahua.evosec.eu\/assets\/pp_logo.png\" \/><input name=\"cancel_return\" type=\"hidden\" value=\"http:\/\/dahua.evosec.eu\/payment-denied-or-canceled\/\" \/><input name=\"cbt\" type=\"hidden\" value=\"Return to DAHUA Premium Support Services\" \/><input name=\"cpp_cart_border_color\" type=\"hidden\" value=\"#7F7F7F\" \/>\n<input type=\"submit\" class=\"form-control btn-primary DHPassOrder\" value=\"J\u00e4rjestys - vain 9,99 dollaria\" onClick=\"ga('send', 'event', { eventCategory: 'Payments', eventAction: 'HCVR Pass Send En'});\" \/> \n<\/form><br \/><br \/>\n<p class=\"well well-info\">\n*WEB-portti on yleens\u00e4 80, jos p\u00e4\u00e4set kameran kautta IE \/ Chrome \/ EDGE, vaikka se on reitittimen takana.\n<\/p>\n<p class=\"well well-success\">\nRahat takaisin-takuu lauseke: Jos palvelumme ei (uudelleen) p\u00e4\u00e4sy laitteisiin, emme t\u00e4ysin tukea sinua! Kaikki maksut k\u00e4sittelee turvallisesti PayPalin kautta!\n<\/p>\n","protected":false},"excerpt":{"rendered":"Saimme ratkaisu ongelmiisi! Tarjoamme nopea tapa palauttaa ja heilahdus jokin tunnussana k\u00e4ytetty vanhempi tai uudempi DAHUA tuotteita. Toimii l\u00e4hes mik\u00e4 tahansa DAHUA laite &#8211; IP Camera, HDCVI DVR, NVR, Video Door Phone jne Meid\u00e4n tarvitsee vain IP tai DDNS \/ Dynamic DNS \/ verkkotunnus ja WEB-portti* (ei tietoja\/37777 portti). Salasanan ja l\u00e4het\u00e4mme sinulle v\u00e4liaikaisen salasanan&hellip; <a class=\"more-link\" href=\"https:\/\/dahua.evosec.eu\/fi\/fast-remote-dahua-password-reset-dvr-nvr-hcvr-ip-camera-speeddome-camera\/\">Continue Reading Nopean Kauko DAHUA Salasanan &#8211; DVR \/ NVR \/ HCVR \/ IP-kamera \/ SpeedDome Kamera<\/a>","protected":false},"author":1,"featured_media":0,"parent":0,"menu_order":0,"comment_status":"closed","ping_status":"closed","template":"","meta":{"footnotes":""},"class_list":["post-1123","page","type-page","status-publish","hentry"],"translation":{"provider":"WPGlobus","version":"3.0.1","language":"fi","enabled_languages":["en","da","de","es","fi","fr","it","hu","nl","no","pt","pl","ru","sv","ja"],"languages":{"en":{"title":true,"content":true,"excerpt":false},"da":{"title":true,"content":true,"excerpt":false},"de":{"title":true,"content":true,"excerpt":false},"es":{"title":true,"content":true,"excerpt":false},"fi":{"title":true,"content":true,"excerpt":false},"fr":{"title":true,"content":true,"excerpt":false},"it":{"title":true,"content":true,"excerpt":false},"hu":{"title":true,"content":true,"excerpt":false},"nl":{"title":true,"content":true,"excerpt":false},"no":{"title":true,"content":true,"excerpt":false},"pt":{"title":true,"content":true,"excerpt":false},"pl":{"title":true,"content":true,"excerpt":false},"ru":{"title":true,"content":true,"excerpt":false},"sv":{"title":true,"content":true,"excerpt":false},"ja":{"title":true,"content":true,"excerpt":false}}},"yoast_head":"<!-- This site is optimized with the Yoast SEO plugin v27.3 - https:\/\/yoast.com\/product\/yoast-seo-wordpress\/ -->\n<title>Nopean Kauko DAHUA Salasanan - DVR \/ NVR \/ HCVR \/ IP-kamera \/ SpeedDome Kamera - Premium-tuki DAHUA tuotteet<\/title>\n<meta name=\"robots\" content=\"index, follow, max-snippet:-1, max-image-preview:large, max-video-preview:-1\" \/>\n<link rel=\"canonical\" href=\"https:\/\/dahua.evosec.eu\/fast-remote-dahua-password-reset-dvr-nvr-hcvr-ip-camera-speeddome-camera\/\" \/>\n<meta property=\"og:locale\" content=\"fi_FI\" \/>\n<meta property=\"og:type\" content=\"article\" \/>\n<meta property=\"og:title\" content=\"Nopean Kauko DAHUA Salasanan - DVR \/ NVR \/ HCVR \/ IP-kamera \/ SpeedDome Kamera - Premium-tuki DAHUA tuotteet\" \/>\n<meta property=\"og:url\" content=\"https:\/\/dahua.evosec.eu\/fast-remote-dahua-password-reset-dvr-nvr-hcvr-ip-camera-speeddome-camera\/\" \/>\n<meta property=\"og:site_name\" content=\"Premium-tuki DAHUA tuotteet\" \/>\n<meta property=\"article:publisher\" content=\"https:\/\/www.facebook.com\/euroevosolutions\" \/>\n<meta property=\"article:modified_time\" content=\"2017-03-25T16:28:56+00:00\" \/>\n<meta name=\"twitter:card\" content=\"summary_large_image\" \/>\n<meta name=\"twitter:site\" content=\"@evosec_eu\" \/>\n<meta name=\"twitter:label1\" content=\"Arvioitu lukuaika\" \/>\n\t<meta name=\"twitter:data1\" content=\"10 minuuttia\" \/>\n<script type=\"application\/ld+json\" class=\"yoast-schema-graph\">{\"@context\":\"https:\\\/\\\/schema.org\",\"@graph\":[{\"@type\":\"WebPage\",\"@id\":\"https:\\\/\\\/dahua.evosec.eu\\\/fast-remote-dahua-password-reset-dvr-nvr-hcvr-ip-camera-speeddome-camera\\\/\",\"url\":\"https:\\\/\\\/dahua.evosec.eu\\\/fast-remote-dahua-password-reset-dvr-nvr-hcvr-ip-camera-speeddome-camera\\\/\",\"name\":\"Nopean Kauko DAHUA Salasanan - DVR \\\/ NVR \\\/ HCVR \\\/ IP-kamera \\\/ SpeedDome Kamera - Premium-tuki DAHUA tuotteet\",\"isPartOf\":{\"@id\":\"https:\\\/\\\/dahua.evosec.eu\\\/#website\"},\"datePublished\":\"2017-03-17T03:13:28+00:00\",\"dateModified\":\"2017-03-25T16:28:56+00:00\",\"description\":\"We got the solution(s) to your problems! We offer a fast way for you to reset and change any password used on older or newer DAHUA products.\",\"breadcrumb\":{\"@id\":\"https:\\\/\\\/dahua.evosec.eu\\\/fast-remote-dahua-password-reset-dvr-nvr-hcvr-ip-camera-speeddome-camera\\\/#breadcrumb\"},\"inLanguage\":\"fi\",\"potentialAction\":[{\"@type\":\"ReadAction\",\"target\":[\"https:\\\/\\\/dahua.evosec.eu\\\/fast-remote-dahua-password-reset-dvr-nvr-hcvr-ip-camera-speeddome-camera\\\/\"]}]},{\"@type\":\"BreadcrumbList\",\"@id\":\"https:\\\/\\\/dahua.evosec.eu\\\/fast-remote-dahua-password-reset-dvr-nvr-hcvr-ip-camera-speeddome-camera\\\/#breadcrumb\",\"itemListElement\":[{\"@type\":\"ListItem\",\"position\":1,\"name\":\"Home\",\"item\":\"https:\\\/\\\/dahua.evosec.eu\\\/\"},{\"@type\":\"ListItem\",\"position\":2,\"name\":\"Fast Remote DAHUA Password Reset &#8211; for DVR \\\/ NVR \\\/ HCVR \\\/ IP Camera \\\/ SpeedDome Camera\"}]},{\"@type\":\"WebSite\",\"@id\":\"https:\\\/\\\/dahua.evosec.eu\\\/#website\",\"url\":\"https:\\\/\\\/dahua.evosec.eu\\\/\",\"name\":\"Premium-tuki DAHUA tuotteet\",\"description\":\"Me &amp; #039, uudelleen 3rd party yritys kokenut DAHUA tuotteita!\",\"potentialAction\":[{\"@type\":\"SearchAction\",\"target\":{\"@type\":\"EntryPoint\",\"urlTemplate\":\"https:\\\/\\\/dahua.evosec.eu\\\/?s={search_term_string}\"},\"query-input\":{\"@type\":\"PropertyValueSpecification\",\"valueRequired\":true,\"valueName\":\"search_term_string\"}}],\"inLanguage\":\"fi\"}]}<\/script>\n<!-- \/ Yoast SEO plugin. -->","yoast_head_json":{"title":"Nopean Kauko DAHUA Salasanan - DVR \/ NVR \/ HCVR \/ IP-kamera \/ SpeedDome Kamera - Premium-tuki DAHUA tuotteet","robots":{"index":"index","follow":"follow","max-snippet":"max-snippet:-1","max-image-preview":"max-image-preview:large","max-video-preview":"max-video-preview:-1"},"canonical":"https:\/\/dahua.evosec.eu\/fast-remote-dahua-password-reset-dvr-nvr-hcvr-ip-camera-speeddome-camera\/","og_locale":"fi_FI","og_type":"article","og_title":"Nopean Kauko DAHUA Salasanan - DVR \/ NVR \/ HCVR \/ IP-kamera \/ SpeedDome Kamera - Premium-tuki DAHUA tuotteet","og_url":"https:\/\/dahua.evosec.eu\/fast-remote-dahua-password-reset-dvr-nvr-hcvr-ip-camera-speeddome-camera\/","og_site_name":"Premium-tuki DAHUA tuotteet","article_publisher":"https:\/\/www.facebook.com\/euroevosolutions","article_modified_time":"2017-03-25T16:28:56+00:00","twitter_card":"summary_large_image","twitter_site":"@evosec_eu","twitter_misc":{"Arvioitu lukuaika":"10 minuuttia"},"schema":{"@context":"https:\/\/schema.org","@graph":[{"@type":"WebPage","@id":"https:\/\/dahua.evosec.eu\/fast-remote-dahua-password-reset-dvr-nvr-hcvr-ip-camera-speeddome-camera\/","url":"https:\/\/dahua.evosec.eu\/fast-remote-dahua-password-reset-dvr-nvr-hcvr-ip-camera-speeddome-camera\/","name":"Nopean Kauko DAHUA Salasanan - DVR \/ NVR \/ HCVR \/ IP-kamera \/ SpeedDome Kamera - Premium-tuki DAHUA tuotteet","isPartOf":{"@id":"https:\/\/dahua.evosec.eu\/#website"},"datePublished":"2017-03-17T03:13:28+00:00","dateModified":"2017-03-25T16:28:56+00:00","description":"We got the solution(s) to your problems! We offer a fast way for you to reset and change any password used on older or newer DAHUA products.","breadcrumb":{"@id":"https:\/\/dahua.evosec.eu\/fast-remote-dahua-password-reset-dvr-nvr-hcvr-ip-camera-speeddome-camera\/#breadcrumb"},"inLanguage":"fi","potentialAction":[{"@type":"ReadAction","target":["https:\/\/dahua.evosec.eu\/fast-remote-dahua-password-reset-dvr-nvr-hcvr-ip-camera-speeddome-camera\/"]}]},{"@type":"BreadcrumbList","@id":"https:\/\/dahua.evosec.eu\/fast-remote-dahua-password-reset-dvr-nvr-hcvr-ip-camera-speeddome-camera\/#breadcrumb","itemListElement":[{"@type":"ListItem","position":1,"name":"Home","item":"https:\/\/dahua.evosec.eu\/"},{"@type":"ListItem","position":2,"name":"Fast Remote DAHUA Password Reset &#8211; for DVR \/ NVR \/ HCVR \/ IP Camera \/ SpeedDome Camera"}]},{"@type":"WebSite","@id":"https:\/\/dahua.evosec.eu\/#website","url":"https:\/\/dahua.evosec.eu\/","name":"Premium-tuki DAHUA tuotteet","description":"Me &amp; #039, uudelleen 3rd party yritys kokenut DAHUA tuotteita!","potentialAction":[{"@type":"SearchAction","target":{"@type":"EntryPoint","urlTemplate":"https:\/\/dahua.evosec.eu\/?s={search_term_string}"},"query-input":{"@type":"PropertyValueSpecification","valueRequired":true,"valueName":"search_term_string"}}],"inLanguage":"fi"}]}},"_links":{"self":[{"href":"https:\/\/dahua.evosec.eu\/fi\/wp-json\/wp\/v2\/pages\/1123","targetHints":{"allow":["GET"]}}],"collection":[{"href":"https:\/\/dahua.evosec.eu\/fi\/wp-json\/wp\/v2\/pages"}],"about":[{"href":"https:\/\/dahua.evosec.eu\/fi\/wp-json\/wp\/v2\/types\/page"}],"author":[{"embeddable":true,"href":"https:\/\/dahua.evosec.eu\/fi\/wp-json\/wp\/v2\/users\/1"}],"replies":[{"embeddable":true,"href":"https:\/\/dahua.evosec.eu\/fi\/wp-json\/wp\/v2\/comments?post=1123"}],"version-history":[{"count":0,"href":"https:\/\/dahua.evosec.eu\/fi\/wp-json\/wp\/v2\/pages\/1123\/revisions"}],"wp:attachment":[{"href":"https:\/\/dahua.evosec.eu\/fi\/wp-json\/wp\/v2\/media?parent=1123"}],"curies":[{"name":"wp","href":"https:\/\/api.w.org\/{rel}","templated":true}]}}