{"id":13,"date":"2015-06-11T14:23:18","date_gmt":"2015-06-11T14:23:18","guid":{"rendered":"http:\/\/dahua.evosec.eu\/?page_id=13"},"modified":"2018-08-24T00:50:03","modified_gmt":"2018-08-23T23:50:03","slug":"password-recovery","status":"publish","type":"page","link":"https:\/\/dahua.evosec.eu\/fi\/password-recovery\/","title":{"rendered":"DAHUA Salasanan Vaihto Tai Reset"},"content":{"rendered":"<div class=\"alert alert-success\" role=\"alert\">\r\n<div class=\"row\">\r\n<div class=\"col-md-1\">\r\n<i class=\"fa fa-money fa-3x\" aria-hidden=\"true\"><\/i>\r\n<\/div>\r\n<div class=\"col-md-11\">\r\nSaimme ratkaisu ongelmiisi! Tarjoamme nopea ja helppo tapa, jolla voit palauttaa ja heilahdus jokin tunnussana k\u00e4ytetty vanhempi tai uudempi DAHUA tuotteita.\r\n<\/div>\r\n<\/div>\r\n<\/div>\r\n<hr \/>\r\n<div class=\"alert alert-info text-center lead\" role=\"alert\">\r\n    <i class=\"fa fa-info-circle fa-fw\" aria-hidden=\"true\"><\/i> \r\n    <a href=\"https:\/\/dahua-passwords.evosec.eu\/\">Tutustu uusia ja parannettuja palvelu &#8211; https:\/\/dahua-passwords.evosec.eu\/<\/a>\r\n    <i class=\"fa fa-info-circle fa-fw\" aria-hidden=\"true\"><\/i>\r\n<\/div>\r\n<hr \/>\r\n<br \/>\r\n<div style=\"text-align:justify\">Unohtanut salasanasi DAHUA laite (tai laitteet) tai muista, voimme auttaa sinua &#8211; ohjeita ja ainutlaatuinen ja v\u00e4liaikaisen salasanan (voimassa vain yksi p\u00e4iv\u00e4). Sinun ei tarvitse avata laitetta, ei asetukset palautetaan ja et menet\u00e4 tietoja.<br \/>\r\nSinun t\u00e4ytyy saada fyysist\u00e4 p\u00e4\u00e4sy\u00e4 laitteen ja seuraamalla ohjeitamme hiirell\u00e4 kytketty USB-porttiin.<\/div>\r\n<br \/>\r\n<div class=\"alert alert-warning text-center\" role=\"alert\"><i class=\"fa fa-exclamation-triangle fa-fw\" aria-hidden=\"true\"><\/i> Jos laitteen p\u00e4iv\u00e4m\u00e4\u00e4r\u00e4 on eri kuluvasta p\u00e4iv\u00e4st\u00e4, sinun t\u00e4ytyy valita toinen vaihtoehto &#8211; <strong>Advanced<\/strong>! <i class=\"fa fa-exclamation-triangle fa-fw\" aria-hidden=\"true\"><\/i><\/div>\r\n<br \/>\r\n<div class=\"panel panel-default panel-primary\">\r\n<div class=\"panel-heading\">Mik\u00e4 palvelu sopii sinulle paremmin?<\/div>\r\n  <div class=\"panel-body\">\r\n<div class=\"DHPass\">\r\n    <div class=\"row\">\r\n        <div class=\"col-xs-12 col-sm-offset-4 col-sm-8\">\r\n            <div class=\"row\">\r\n                <div class=\"col-xs-4 PlanHeader Plan1\">\r\n                    <div class=\"PlanTitle\">Yksinkertainen<\/div>\r\n                    <div class=\"PlanPrice\">4.99$<\/div>\r\n                <\/div>\r\n                <div class=\"col-xs-4 PlanHeader Plan2\">\r\n                    <div class=\"PlanTitle\">Advanced<\/div>\r\n                    <div class=\"PlanPrice\">9.99$<\/div>\r\n                <\/div>\r\n                <div class=\"col-xs-4 PlanHeader Plan3\">\r\n                    <div class=\"PlanTitle\">Asiantuntija<\/div>\r\n                    <div class=\"PlanPrice\">29.99$<\/div>\r\n                <\/div>\r\n            <\/div>\r\n        <\/div>\r\n    <\/div>\r\n    <div class=\"row PriceFeatureRow\">\r\n        <div class=\"col-xs-12 col-sm-4 PlanFeature\">\r\n            Tilap\u00e4inen salasana\r\n        <\/div>\r\n        <div class=\"col-xs-12 col-sm-8\">\r\n            <div class=\"row\">\r\n                <div class=\"col-xs-4 col-sm-4 PlanFeature Plan1\">\r\n                    <i class=\"fa fa-check PlanCheck\"><\/i>\r\n                <\/div>\r\n                <div class=\"col-xs-4 col-sm-4 PlanFeature Plan2\">\r\n                    <i class=\"fa fa-check PlanCheck\"><\/i>\r\n                <\/div>\r\n                <div class=\"col-xs-4 col-sm-4 PlanFeature Plan3\">\r\n                    <i class=\"fa fa-check PlanCheck\"><\/i>\r\n                <\/div>\r\n            <\/div>\r\n        <\/div>\r\n    <\/div>\r\n    <div class=\"row PriceFeatureRow\">\r\n        <div class=\"col-xs-12 col-sm-4 PlanFeature\">\r\n            Digital opas (PDF)\r\n        <\/div>\r\n        <div class=\"col-xs-12 col-sm-8\">\r\n            <div class=\"row\">\r\n                <div class=\"col-xs-4 col-sm-4 PlanFeature Plan1\">\r\n                    <i class=\"fa fa-check PlanCheck\"><\/i>\r\n                <\/div>\r\n                <div class=\"col-xs-4 col-sm-4 PlanFeature Plan2\">\r\n                    <i class=\"fa fa-check PlanCheck\"><\/i>\r\n                <\/div>\r\n                <div class=\"col-xs-4 col-sm-4 PlanFeature Plan3\">\r\n                    <i class=\"fa fa-check PlanCheck\"><\/i>\r\n                <\/div>\r\n            <\/div>\r\n        <\/div>\r\n    <\/div>\r\n    <div class=\"row PriceFeatureRow\">\r\n        <div class=\"col-xs-12 col-sm-4 PlanFeature\">\r\n            Tuki s\u00e4hk\u00f6postitse\r\n        <\/div>\r\n        <div class=\"col-xs-12 col-sm-8\">\r\n            <div class=\"row\">\r\n                <div class=\"col-xs-4 col-sm-4 PlanFeature Plan1\">\r\n                    <i class=\"fa fa-times-circle PlanUnCheck\"><\/i>\r\n                <\/div>\r\n                <div class=\"col-xs-4 col-sm-4 PlanFeature Plan2\">\r\n                    <i class=\"fa fa-check PlanCheck\"><\/i>\r\n                <\/div>\r\n                <div class=\"col-xs-4 col-sm-4 PlanFeature Plan3\">\r\n                    <i class=\"fa fa-check PlanCheck\"><\/i>\r\n                <\/div>\r\n            <\/div>\r\n        <\/div>\r\n    <\/div>\r\n   <div class=\"row PriceFeatureRow\">\r\n        <div class=\"col-xs-12 col-sm-4 PlanFeature\">\r\n            P\u00e4iv\u00e4 joustavuutta *\r\n        <\/div>\r\n        <div class=\"col-xs-12 col-sm-8\">\r\n            <div class=\"row\">\r\n                <div class=\"col-xs-4 col-sm-4 PlanFeature Plan1\">\r\n                    <i class=\"fa fa-times-circle PlanUnCheck\"><\/i>\r\n                <\/div>\r\n                <div class=\"col-xs-4 col-sm-4 PlanFeature Plan2\">\r\n                    <i class=\"fa fa-check PlanCheck\"><\/i>\r\n                <\/div>\r\n                <div class=\"col-xs-4 col-sm-4 PlanFeature Plan3\">\r\n                    <i class=\"fa fa-check PlanCheck\"><\/i>\r\n                <\/div>\r\n            <\/div>\r\n        <\/div>\r\n    <\/div>\r\n   <div class=\"row PriceFeatureRow\">\r\n        <div class=\"col-xs-12 col-sm-4 PlanFeature\">\r\n            Tukea kautta Live Chat\r\n        <\/div>\r\n        <div class=\"col-xs-12 col-sm-8\">\r\n            <div class=\"row\">\r\n                <div class=\"col-xs-4 col-sm-4 PlanFeature Plan1\">\r\n                    <i class=\"fa fa-times-circle PlanUnCheck\"><\/i>\r\n                <\/div>\r\n                <div class=\"col-xs-4 col-sm-4 PlanFeature Plan2\">\r\n                    <i class=\"fa fa-times-circle PlanUnCheck\"><\/i>\r\n                <\/div>\r\n                <div class=\"col-xs-4 col-sm-4 PlanFeature Plan3\">\r\n                    <i class=\"fa fa-check PlanCheck\"><\/i>\r\n                <\/div>\r\n            <\/div>\r\n        <\/div>\r\n    <\/div>\r\n   <div class=\"row PriceFeatureRow\">\r\n        <div class=\"col-xs-12 col-sm-4 PlanFeature\">\r\n            Loki tutkimuksen<br \/>\r\n        <\/div>\r\n        <div class=\"col-xs-12 col-sm-8\">\r\n            <div class=\"row\">\r\n                <div class=\"col-xs-4 col-sm-4 PlanFeature Plan1\">\r\n                    <i class=\"fa fa-times-circle PlanUnCheck\"><\/i>\r\n                <\/div>\r\n                <div class=\"col-xs-4 col-sm-4 PlanFeature Plan2\">\r\n                    <i class=\"fa fa-times-circle PlanCheck\"><\/i>\r\n                <\/div>\r\n                <div class=\"col-xs-4 col-sm-4 PlanFeature Plan3\">\r\n                    <i class=\"fa fa-check PlanCheck\"><\/i>\r\n                <\/div>\r\n            <\/div>\r\n        <\/div>\r\n    <\/div>\r\n    <div class=\"row\">\r\n        <div class=\"col-xs-12 col-sm-offset-4 col-sm-8\">\r\n            <div class=\"row\">\r\n                \r\n                 <div class=\"col-xs-4 PlanHeader PlanBottom\">\r\n                    <a class=\"btn btn-default\" href=\"https:\/\/dahua-passwords.evosec.eu\">Tilaus<\/a><br \/>\r\n                <\/div>\r\n                <div class=\"col-xs-4 PlanHeader PlanBottom\">\r\n            \t    <a class=\"btn btn-default\" href=\"https:\/\/dahua-passwords.evosec.eu\">Tilaus<\/a><br \/>\r\n                <\/div>\r\n                <div class=\"col-xs-4 PlanHeader PlanBottom\">\r\n            \t    <a class=\"btn btn-default\" href=\"https:\/\/dahua-passwords.evosec.eu\">Tilaus<\/a><br \/>\r\n                <\/div>\r\n            <\/div>\r\n        <\/div>\r\n    <\/div>\r\n<\/div>\r\n<\/div>\r\n* Jos Nykyisen\u00e4 p\u00e4iv\u00e4m\u00e4\u00e4r\u00e4n\u00e4 DVR\/NVR on eri kuin nykyinen p\u00e4iv\u00e4m\u00e4\u00e4r\u00e4.\r\n<\/div>\r\n<br \/>\r\n<br \/>\r\n<div class=\"alert alert-success\" role=\"alert\">Toimitus olisi instant (s\u00e4hk\u00f6postitse) tai tunnin-ikkunassa. Jos n\u00e4in ei tapahdu (Tarkista SPAM\/Bulk-Saapuneet), ota <a class=\"vt-p\" href=\"\/fi\/contact\/\">Ota yhteytt\u00e4<\/a> saadaksesi lis\u00e4tietoja. Kiitos!<\/div>\r\n<hr \/>\r\n\r\n<div class=\"panel panel-primary\">\r\n  <div class=\"panel-heading\">Usein kysytyt kysymykset: Mit\u00e4 tehd\u00e4 t\u00e4ll\u00e4 salasanalla?<\/div>\r\n  <div class=\"panel-body\">\r\n    Tarjoamme sinulle salasanan voit muuttaa unohtuneen salasanan (k\u00e4ytt\u00e4\u00e4 salasanan \u201dvanha salasana\u201d) ja setup uuden salasanan <strong>Kaikki<\/strong> tili laitteessa.\r\n  <\/div>\r\n<\/div>\r\n\r\n<div class=\"panel panel-primary\">\r\n  <div class=\"panel-heading\">Usein kysytyt kysymykset: Mit\u00e4 laitteita toimiiko t\u00e4m\u00e4 palvelu?<\/div>\r\n  <div class=\"panel-body\">\r\n     Se toimii l\u00e4hes kaikissa DAHUA-laitteissa, joissa on USB-liit\u00e4nt\u00e4, hiiri ja S-VIDEO\/VGA\/HDMI monitor-ulostulo.\r\n  <\/div>\r\n<\/div>\r\n\r\n<hr \/>\r\n<p class=\"text-center\">\r\n<strong>N\u00e4yte<\/strong>:<br \/>\r\n<a href=\"http:\/\/dahua.evosec.eu\/wp-content\/uploads\/2015\/06\/evosec_dh_pass.png\"><img decoding=\"async\" src=\"http:\/\/dahua.evosec.eu\/wp-content\/uploads\/2015\/06\/evosec_dh_pass-704x1024.png\" class=\"aligncenter img-responsive img-rounded\" \/><\/a>\r\n<\/p>\r\n<hr \/>\r\n<p class=\"text-center\">\r\n<strong>Tuetut valikot<\/strong>:<br \/>\r\n<strong>V1:<\/strong><br \/>\r\n<img decoding=\"async\" src=\"http:\/\/dahua.evosec.eu\/wp-content\/uploads\/2017\/03\/v1_login.png\" alt=\"V1 Login\" \/>\r\n<strong>V2:<\/strong><br \/>\r\n<img decoding=\"async\" src=\"http:\/\/dahua.evosec.eu\/wp-content\/uploads\/2017\/03\/v2_login.png\" alt=\"V2 Login\" \/>\r\n<\/p>\r\n<hr \/>\r\n<br \/>\r\n<div class=\"panel panel-warning\">\r\n<div class=\"panel-body\">\r\n<p>Myytti rikottu:<\/p>\r\n<p class=\"list-group-item-text\">Salasana ei nollata Jos poistat akun, koska ei ole tallennettu tavalla, se on tallennettu BIOS. T\u00e4m\u00e4 vain nollaa kellon ja vaikeuttaa el\u00e4m\u00e4si (ehk\u00e4 mahdotonta) yritt\u00e4\u00e4 saada p\u00e4\u00e4salasana.<\/div>\r\n<div class=\"panel-body\">PROVINKKI: l\u00e4het\u00e4mme salasanan tunnetaan my\u00f6s <strong>Dahua Ajomets\u00e4styksen johtaja tunnussana<\/strong><\/div>\r\n<\/div>","protected":false},"excerpt":{"rendered":"Saimme ratkaisu ongelmiisi! Tarjoamme nopea ja helppo tapa, jolla voit palauttaa ja heilahdus jokin tunnussana k\u00e4ytetty vanhempi tai uudempi DAHUA tuotteita. Tutustu uusia ja parannettuja palvelu &#8211; https:\/\/dahua-passwords.evosec.eu\/ Unohtanut salasanasi DAHUA laite (tai laitteet) tai muista, voimme auttaa sinua &#8211; ohjeita ja ainutlaatuinen ja v\u00e4liaikaisen salasanan (voimassa vain yksi p\u00e4iv\u00e4). Sinun ei tarvitse avata laitetta,&hellip; <a class=\"more-link\" href=\"https:\/\/dahua.evosec.eu\/fi\/password-recovery\/\">Continue Reading DAHUA Salasanan Vaihto Tai Reset<\/a>","protected":false},"author":1,"featured_media":879,"parent":0,"menu_order":0,"comment_status":"closed","ping_status":"closed","template":"","meta":{"footnotes":""},"class_list":["post-13","page","type-page","status-publish","has-post-thumbnail","hentry"],"translation":{"provider":"WPGlobus","version":"3.0.1","language":"fi","enabled_languages":["en","da","de","es","fi","fr","it","hu","nl","no","pt","pl","ru","sv","ja"],"languages":{"en":{"title":true,"content":true,"excerpt":false},"da":{"title":true,"content":true,"excerpt":false},"de":{"title":true,"content":true,"excerpt":false},"es":{"title":true,"content":true,"excerpt":false},"fi":{"title":true,"content":true,"excerpt":false},"fr":{"title":true,"content":true,"excerpt":false},"it":{"title":true,"content":true,"excerpt":false},"hu":{"title":true,"content":true,"excerpt":false},"nl":{"title":true,"content":true,"excerpt":false},"no":{"title":true,"content":true,"excerpt":false},"pt":{"title":true,"content":true,"excerpt":false},"pl":{"title":true,"content":true,"excerpt":false},"ru":{"title":true,"content":true,"excerpt":false},"sv":{"title":true,"content":true,"excerpt":false},"ja":{"title":true,"content":true,"excerpt":false}}},"yoast_head":"<!-- This site is optimized with the Yoast SEO plugin v27.4 - https:\/\/yoast.com\/product\/yoast-seo-wordpress\/ -->\n<title>DAHUA salasanan - Premium Support<\/title>\n<meta name=\"description\" content=\"Tarjoamme nopea tapa palauttaa ja heilahdus jokin tunnussana k\u00e4ytetty vanhempi tai uudempi DAHUA tuotteita\" \/>\n<meta name=\"robots\" content=\"index, follow, max-snippet:-1, max-image-preview:large, max-video-preview:-1\" \/>\n<link rel=\"canonical\" href=\"https:\/\/dahua.evosec.eu\/password-recovery\/\" \/>\n<meta property=\"og:locale\" content=\"fi_FI\" \/>\n<meta property=\"og:type\" content=\"article\" \/>\n<meta property=\"og:title\" content=\"DAHUA salasanan - Premium Support\" \/>\n<meta property=\"og:description\" content=\"Tarjoamme nopea tapa palauttaa ja heilahdus jokin tunnussana k\u00e4ytetty vanhempi tai uudempi DAHUA tuotteita\" \/>\n<meta property=\"og:url\" content=\"https:\/\/dahua.evosec.eu\/password-recovery\/\" \/>\n<meta property=\"og:site_name\" content=\"Premium-tuki DAHUA tuotteet\" \/>\n<meta property=\"article:publisher\" content=\"https:\/\/www.facebook.com\/euroevosolutions\" \/>\n<meta property=\"article:modified_time\" content=\"2018-08-23T23:50:03+00:00\" \/>\n<meta property=\"og:image\" content=\"https:\/\/dahua.evosec.eu\/wp-content\/uploads\/2015\/06\/pass_gen_250x0.png\" \/>\n\t<meta property=\"og:image:width\" content=\"250\" \/>\n\t<meta property=\"og:image:height\" content=\"250\" \/>\n\t<meta property=\"og:image:type\" content=\"image\/png\" \/>\n<meta name=\"twitter:card\" content=\"summary_large_image\" \/>\n<meta name=\"twitter:site\" content=\"@evosec_eu\" \/>\n<meta name=\"twitter:label1\" content=\"Arvioitu lukuaika\" \/>\n\t<meta name=\"twitter:data1\" content=\"23 minuuttia\" \/>\n<script type=\"application\/ld+json\" class=\"yoast-schema-graph\">{\"@context\":\"https:\\\/\\\/schema.org\",\"@graph\":[{\"@type\":\"WebPage\",\"@id\":\"https:\\\/\\\/dahua.evosec.eu\\\/password-recovery\\\/\",\"url\":\"https:\\\/\\\/dahua.evosec.eu\\\/password-recovery\\\/\",\"name\":\"DAHUA salasanan - Premium Support\",\"isPartOf\":{\"@id\":\"https:\\\/\\\/dahua.evosec.eu\\\/#website\"},\"primaryImageOfPage\":{\"@id\":\"https:\\\/\\\/dahua.evosec.eu\\\/password-recovery\\\/#primaryimage\"},\"image\":{\"@id\":\"https:\\\/\\\/dahua.evosec.eu\\\/password-recovery\\\/#primaryimage\"},\"thumbnailUrl\":\"https:\\\/\\\/dahua.evosec.eu\\\/wp-content\\\/uploads\\\/2015\\\/06\\\/pass_gen_250x0.png\",\"datePublished\":\"2015-06-11T14:23:18+00:00\",\"dateModified\":\"2018-08-23T23:50:03+00:00\",\"description\":\"Tarjoamme nopea tapa palauttaa ja heilahdus jokin tunnussana k\u00e4ytetty vanhempi tai uudempi DAHUA tuotteita\",\"breadcrumb\":{\"@id\":\"https:\\\/\\\/dahua.evosec.eu\\\/password-recovery\\\/#breadcrumb\"},\"inLanguage\":\"fi\",\"potentialAction\":[{\"@type\":\"ReadAction\",\"target\":[\"https:\\\/\\\/dahua.evosec.eu\\\/password-recovery\\\/\"]}]},{\"@type\":\"ImageObject\",\"inLanguage\":\"fi\",\"@id\":\"https:\\\/\\\/dahua.evosec.eu\\\/password-recovery\\\/#primaryimage\",\"url\":\"https:\\\/\\\/dahua.evosec.eu\\\/wp-content\\\/uploads\\\/2015\\\/06\\\/pass_gen_250x0.png\",\"contentUrl\":\"https:\\\/\\\/dahua.evosec.eu\\\/wp-content\\\/uploads\\\/2015\\\/06\\\/pass_gen_250x0.png\",\"width\":250,\"height\":250,\"caption\":\"DAHUA Password\"},{\"@type\":\"BreadcrumbList\",\"@id\":\"https:\\\/\\\/dahua.evosec.eu\\\/password-recovery\\\/#breadcrumb\",\"itemListElement\":[{\"@type\":\"ListItem\",\"position\":1,\"name\":\"Home\",\"item\":\"https:\\\/\\\/dahua.evosec.eu\\\/\"},{\"@type\":\"ListItem\",\"position\":2,\"name\":\"DAHUA Password Change or Reset\"}]},{\"@type\":\"WebSite\",\"@id\":\"https:\\\/\\\/dahua.evosec.eu\\\/#website\",\"url\":\"https:\\\/\\\/dahua.evosec.eu\\\/\",\"name\":\"Premium-tuki DAHUA tuotteet\",\"description\":\"Me &amp; #039, uudelleen 3rd party yritys kokenut DAHUA tuotteita!\",\"potentialAction\":[{\"@type\":\"SearchAction\",\"target\":{\"@type\":\"EntryPoint\",\"urlTemplate\":\"https:\\\/\\\/dahua.evosec.eu\\\/?s={search_term_string}\"},\"query-input\":{\"@type\":\"PropertyValueSpecification\",\"valueRequired\":true,\"valueName\":\"search_term_string\"}}],\"inLanguage\":\"fi\"}]}<\/script>\n<!-- \/ Yoast SEO plugin. -->","yoast_head_json":{"title":"DAHUA salasanan - Premium Support","description":"Tarjoamme nopea tapa palauttaa ja heilahdus jokin tunnussana k\u00e4ytetty vanhempi tai uudempi DAHUA tuotteita","robots":{"index":"index","follow":"follow","max-snippet":"max-snippet:-1","max-image-preview":"max-image-preview:large","max-video-preview":"max-video-preview:-1"},"canonical":"https:\/\/dahua.evosec.eu\/password-recovery\/","og_locale":"fi_FI","og_type":"article","og_title":"DAHUA salasanan - Premium Support","og_description":"Tarjoamme nopea tapa palauttaa ja heilahdus jokin tunnussana k\u00e4ytetty vanhempi tai uudempi DAHUA tuotteita","og_url":"https:\/\/dahua.evosec.eu\/password-recovery\/","og_site_name":"Premium-tuki DAHUA tuotteet","article_publisher":"https:\/\/www.facebook.com\/euroevosolutions","article_modified_time":"2018-08-23T23:50:03+00:00","og_image":[{"width":250,"height":250,"url":"https:\/\/dahua.evosec.eu\/wp-content\/uploads\/2015\/06\/pass_gen_250x0.png","type":"image\/png"}],"twitter_card":"summary_large_image","twitter_site":"@evosec_eu","twitter_misc":{"Arvioitu lukuaika":"23 minuuttia"},"schema":{"@context":"https:\/\/schema.org","@graph":[{"@type":"WebPage","@id":"https:\/\/dahua.evosec.eu\/password-recovery\/","url":"https:\/\/dahua.evosec.eu\/password-recovery\/","name":"DAHUA salasanan - Premium Support","isPartOf":{"@id":"https:\/\/dahua.evosec.eu\/#website"},"primaryImageOfPage":{"@id":"https:\/\/dahua.evosec.eu\/password-recovery\/#primaryimage"},"image":{"@id":"https:\/\/dahua.evosec.eu\/password-recovery\/#primaryimage"},"thumbnailUrl":"https:\/\/dahua.evosec.eu\/wp-content\/uploads\/2015\/06\/pass_gen_250x0.png","datePublished":"2015-06-11T14:23:18+00:00","dateModified":"2018-08-23T23:50:03+00:00","description":"Tarjoamme nopea tapa palauttaa ja heilahdus jokin tunnussana k\u00e4ytetty vanhempi tai uudempi DAHUA tuotteita","breadcrumb":{"@id":"https:\/\/dahua.evosec.eu\/password-recovery\/#breadcrumb"},"inLanguage":"fi","potentialAction":[{"@type":"ReadAction","target":["https:\/\/dahua.evosec.eu\/password-recovery\/"]}]},{"@type":"ImageObject","inLanguage":"fi","@id":"https:\/\/dahua.evosec.eu\/password-recovery\/#primaryimage","url":"https:\/\/dahua.evosec.eu\/wp-content\/uploads\/2015\/06\/pass_gen_250x0.png","contentUrl":"https:\/\/dahua.evosec.eu\/wp-content\/uploads\/2015\/06\/pass_gen_250x0.png","width":250,"height":250,"caption":"DAHUA Password"},{"@type":"BreadcrumbList","@id":"https:\/\/dahua.evosec.eu\/password-recovery\/#breadcrumb","itemListElement":[{"@type":"ListItem","position":1,"name":"Home","item":"https:\/\/dahua.evosec.eu\/"},{"@type":"ListItem","position":2,"name":"DAHUA Password Change or Reset"}]},{"@type":"WebSite","@id":"https:\/\/dahua.evosec.eu\/#website","url":"https:\/\/dahua.evosec.eu\/","name":"Premium-tuki DAHUA tuotteet","description":"Me &amp; #039, uudelleen 3rd party yritys kokenut DAHUA tuotteita!","potentialAction":[{"@type":"SearchAction","target":{"@type":"EntryPoint","urlTemplate":"https:\/\/dahua.evosec.eu\/?s={search_term_string}"},"query-input":{"@type":"PropertyValueSpecification","valueRequired":true,"valueName":"search_term_string"}}],"inLanguage":"fi"}]}},"_links":{"self":[{"href":"https:\/\/dahua.evosec.eu\/fi\/wp-json\/wp\/v2\/pages\/13","targetHints":{"allow":["GET"]}}],"collection":[{"href":"https:\/\/dahua.evosec.eu\/fi\/wp-json\/wp\/v2\/pages"}],"about":[{"href":"https:\/\/dahua.evosec.eu\/fi\/wp-json\/wp\/v2\/types\/page"}],"author":[{"embeddable":true,"href":"https:\/\/dahua.evosec.eu\/fi\/wp-json\/wp\/v2\/users\/1"}],"replies":[{"embeddable":true,"href":"https:\/\/dahua.evosec.eu\/fi\/wp-json\/wp\/v2\/comments?post=13"}],"version-history":[{"count":0,"href":"https:\/\/dahua.evosec.eu\/fi\/wp-json\/wp\/v2\/pages\/13\/revisions"}],"wp:featuredmedia":[{"embeddable":true,"href":"https:\/\/dahua.evosec.eu\/fi\/wp-json\/wp\/v2\/media\/879"}],"wp:attachment":[{"href":"https:\/\/dahua.evosec.eu\/fi\/wp-json\/wp\/v2\/media?parent=13"}],"curies":[{"name":"wp","href":"https:\/\/api.w.org\/{rel}","templated":true}]}}