{"id":2,"date":"2015-06-10T21:07:33","date_gmt":"2015-06-10T21:07:33","guid":{"rendered":"http:\/\/dahua.evosec.eu\/?page_id=2"},"modified":"2017-04-24T23:32:02","modified_gmt":"2017-04-24T23:32:02","slug":"about-us","status":"publish","type":"page","link":"https:\/\/dahua.evosec.eu\/fi\/","title":{"rendered":"Tietoja Meist\u00e4"},"content":{"rendered":"<p style=\"text-align: center\">\nOlemme k\u00e4ytt\u00e4neet, myynti, m\u00e4\u00e4ritt\u00e4minen ja tukemalla DAHUA tuotteita useita vuosia.<br \/>\nT\u00e4ss\u00e4 mieless\u00e4 ja nopean levi\u00e4misen n\u00e4m\u00e4 tuotteet olemme omistettu asiantuntijatiimi tukemaan useita <strong>Premium-palvelut<\/strong> kuten:<br \/>\n<ul>\n<li>Vastata tarkasti <i>Ajomets\u00e4styksen johtaja tunnussana<\/i> pyynn\u00f6t<\/li>\n<li>Security-Wise tarkistaa ja <i>t\u00e4yt\u00e4nt\u00f6\u00f6npano<\/i> eri firmware versioita<\/li>\n<li>Bespoke\/asiakassuhde asiakkaita, perustuvat erityisi\u00e4 vaatimuksia<\/li>\n<li>Integrointi muiden valmistajien<\/li>\n<li>T\u00e4ydellinen mukautetun ohjelmiston ja integrointi olemassa olevia<\/li>\n<\/ul>\n<\/p>\n","protected":false},"excerpt":{"rendered":"Olemme k\u00e4ytt\u00e4neet, myynti, m\u00e4\u00e4ritt\u00e4minen ja tukemalla DAHUA tuotteita useita vuosia. T\u00e4ss\u00e4 mieless\u00e4 ja nopean levi\u00e4misen n\u00e4m\u00e4 tuotteet olemme omistettu asiantuntijatiimi tukemaan useita Premium-palvelut kuten: Vastata tarkasti Ajomets\u00e4styksen johtaja tunnussana pyynn\u00f6t Security-Wise tarkistaa ja t\u00e4yt\u00e4nt\u00f6\u00f6npano eri firmware versioita Bespoke\/asiakassuhde asiakkaita, perustuvat erityisi\u00e4 vaatimuksia Integrointi muiden valmistajien T\u00e4ydellinen mukautetun ohjelmiston ja integrointi olemassa olevia","protected":false},"author":1,"featured_media":261,"parent":0,"menu_order":0,"comment_status":"closed","ping_status":"closed","template":"","meta":{"footnotes":""},"class_list":["post-2","page","type-page","status-publish","has-post-thumbnail","hentry"],"translation":{"provider":"WPGlobus","version":"3.0.1","language":"fi","enabled_languages":["en","da","de","es","fi","fr","it","hu","nl","no","pt","pl","ru","sv","ja"],"languages":{"en":{"title":true,"content":true,"excerpt":false},"da":{"title":true,"content":true,"excerpt":false},"de":{"title":true,"content":true,"excerpt":false},"es":{"title":true,"content":true,"excerpt":false},"fi":{"title":true,"content":true,"excerpt":false},"fr":{"title":true,"content":true,"excerpt":false},"it":{"title":true,"content":true,"excerpt":false},"hu":{"title":true,"content":true,"excerpt":false},"nl":{"title":true,"content":true,"excerpt":false},"no":{"title":true,"content":true,"excerpt":false},"pt":{"title":true,"content":true,"excerpt":false},"pl":{"title":true,"content":true,"excerpt":false},"ru":{"title":true,"content":true,"excerpt":false},"sv":{"title":true,"content":true,"excerpt":false},"ja":{"title":true,"content":true,"excerpt":false}}},"yoast_head":"<!-- This site is optimized with the Yoast SEO plugin v27.3 - https:\/\/yoast.com\/product\/yoast-seo-wordpress\/ -->\n<title>Premium Support Services for DAHUA Products<\/title>\n<meta name=\"robots\" content=\"index, follow, max-snippet:-1, max-image-preview:large, max-video-preview:-1\" \/>\n<link rel=\"canonical\" href=\"https:\/\/dahua.evosec.eu\/\" \/>\n<meta property=\"og:locale\" content=\"fi_FI\" \/>\n<meta property=\"og:type\" content=\"article\" \/>\n<meta property=\"og:title\" content=\"Tietoja Meist\u00e4 - Premium-tuki DAHUA tuotteet\" \/>\n<meta property=\"og:url\" content=\"https:\/\/dahua.evosec.eu\/\" \/>\n<meta property=\"og:site_name\" content=\"Premium-tuki DAHUA tuotteet\" \/>\n<meta property=\"article:publisher\" content=\"https:\/\/www.facebook.com\/euroevosolutions\" \/>\n<meta property=\"article:modified_time\" content=\"2017-04-24T23:32:02+00:00\" \/>\n<meta property=\"og:image\" content=\"https:\/\/dahua.evosec.eu\/wp-content\/uploads\/2015\/06\/Teams1.jpeg\" \/>\n\t<meta property=\"og:image:width\" content=\"518\" \/>\n\t<meta property=\"og:image:height\" content=\"423\" \/>\n\t<meta property=\"og:image:type\" content=\"image\/jpeg\" \/>\n<meta name=\"twitter:card\" content=\"summary_large_image\" \/>\n<meta name=\"twitter:site\" content=\"@evosec_eu\" \/>\n<meta name=\"twitter:label1\" content=\"Arvioitu lukuaika\" \/>\n\t<meta name=\"twitter:data1\" content=\"5 minuuttia\" \/>\n<script type=\"application\/ld+json\" class=\"yoast-schema-graph\">{\"@context\":\"https:\\\/\\\/schema.org\",\"@graph\":[{\"@type\":\"WebPage\",\"@id\":\"https:\\\/\\\/dahua.evosec.eu\\\/\",\"url\":\"https:\\\/\\\/dahua.evosec.eu\\\/\",\"name\":\"Premium Support Services for DAHUA Products\",\"isPartOf\":{\"@id\":\"https:\\\/\\\/dahua.evosec.eu\\\/#website\"},\"primaryImageOfPage\":{\"@id\":\"https:\\\/\\\/dahua.evosec.eu\\\/#primaryimage\"},\"image\":{\"@id\":\"https:\\\/\\\/dahua.evosec.eu\\\/#primaryimage\"},\"thumbnailUrl\":\"https:\\\/\\\/dahua.evosec.eu\\\/wp-content\\\/uploads\\\/2015\\\/06\\\/Teams1.jpeg\",\"datePublished\":\"2015-06-10T21:07:33+00:00\",\"dateModified\":\"2017-04-24T23:32:02+00:00\",\"description\":\"\",\"breadcrumb\":{\"@id\":\"https:\\\/\\\/dahua.evosec.eu\\\/#breadcrumb\"},\"inLanguage\":\"fi\",\"potentialAction\":[{\"@type\":\"ReadAction\",\"target\":[\"https:\\\/\\\/dahua.evosec.eu\\\/\"]}]},{\"@type\":\"ImageObject\",\"inLanguage\":\"fi\",\"@id\":\"https:\\\/\\\/dahua.evosec.eu\\\/#primaryimage\",\"url\":\"https:\\\/\\\/dahua.evosec.eu\\\/wp-content\\\/uploads\\\/2015\\\/06\\\/Teams1.jpeg\",\"contentUrl\":\"https:\\\/\\\/dahua.evosec.eu\\\/wp-content\\\/uploads\\\/2015\\\/06\\\/Teams1.jpeg\",\"width\":518,\"height\":423},{\"@type\":\"BreadcrumbList\",\"@id\":\"https:\\\/\\\/dahua.evosec.eu\\\/#breadcrumb\",\"itemListElement\":[{\"@type\":\"ListItem\",\"position\":1,\"name\":\"Home\",\"item\":\"https:\\\/\\\/dahua.evosec.eu\\\/\"},{\"@type\":\"ListItem\",\"position\":2,\"name\":\"ABOUT US\"}]},{\"@type\":\"WebSite\",\"@id\":\"https:\\\/\\\/dahua.evosec.eu\\\/#website\",\"url\":\"https:\\\/\\\/dahua.evosec.eu\\\/\",\"name\":\"Premium-tuki DAHUA tuotteet\",\"description\":\"Me &amp; #039, uudelleen 3rd party yritys kokenut DAHUA tuotteita!\",\"potentialAction\":[{\"@type\":\"SearchAction\",\"target\":{\"@type\":\"EntryPoint\",\"urlTemplate\":\"https:\\\/\\\/dahua.evosec.eu\\\/?s={search_term_string}\"},\"query-input\":{\"@type\":\"PropertyValueSpecification\",\"valueRequired\":true,\"valueName\":\"search_term_string\"}}],\"inLanguage\":\"fi\"}]}<\/script>\n<!-- \/ Yoast SEO plugin. -->","yoast_head_json":{"title":"Premium Support Services for DAHUA Products","robots":{"index":"index","follow":"follow","max-snippet":"max-snippet:-1","max-image-preview":"max-image-preview:large","max-video-preview":"max-video-preview:-1"},"canonical":"https:\/\/dahua.evosec.eu\/","og_locale":"fi_FI","og_type":"article","og_title":"Tietoja Meist\u00e4 - Premium-tuki DAHUA tuotteet","og_url":"https:\/\/dahua.evosec.eu\/","og_site_name":"Premium-tuki DAHUA tuotteet","article_publisher":"https:\/\/www.facebook.com\/euroevosolutions","article_modified_time":"2017-04-24T23:32:02+00:00","og_image":[{"width":518,"height":423,"url":"https:\/\/dahua.evosec.eu\/wp-content\/uploads\/2015\/06\/Teams1.jpeg","type":"image\/jpeg"}],"twitter_card":"summary_large_image","twitter_site":"@evosec_eu","twitter_misc":{"Arvioitu lukuaika":"5 minuuttia"},"schema":{"@context":"https:\/\/schema.org","@graph":[{"@type":"WebPage","@id":"https:\/\/dahua.evosec.eu\/","url":"https:\/\/dahua.evosec.eu\/","name":"Premium Support Services for DAHUA Products","isPartOf":{"@id":"https:\/\/dahua.evosec.eu\/#website"},"primaryImageOfPage":{"@id":"https:\/\/dahua.evosec.eu\/#primaryimage"},"image":{"@id":"https:\/\/dahua.evosec.eu\/#primaryimage"},"thumbnailUrl":"https:\/\/dahua.evosec.eu\/wp-content\/uploads\/2015\/06\/Teams1.jpeg","datePublished":"2015-06-10T21:07:33+00:00","dateModified":"2017-04-24T23:32:02+00:00","description":"","breadcrumb":{"@id":"https:\/\/dahua.evosec.eu\/#breadcrumb"},"inLanguage":"fi","potentialAction":[{"@type":"ReadAction","target":["https:\/\/dahua.evosec.eu\/"]}]},{"@type":"ImageObject","inLanguage":"fi","@id":"https:\/\/dahua.evosec.eu\/#primaryimage","url":"https:\/\/dahua.evosec.eu\/wp-content\/uploads\/2015\/06\/Teams1.jpeg","contentUrl":"https:\/\/dahua.evosec.eu\/wp-content\/uploads\/2015\/06\/Teams1.jpeg","width":518,"height":423},{"@type":"BreadcrumbList","@id":"https:\/\/dahua.evosec.eu\/#breadcrumb","itemListElement":[{"@type":"ListItem","position":1,"name":"Home","item":"https:\/\/dahua.evosec.eu\/"},{"@type":"ListItem","position":2,"name":"ABOUT US"}]},{"@type":"WebSite","@id":"https:\/\/dahua.evosec.eu\/#website","url":"https:\/\/dahua.evosec.eu\/","name":"Premium-tuki DAHUA tuotteet","description":"Me &amp; #039, uudelleen 3rd party yritys kokenut DAHUA tuotteita!","potentialAction":[{"@type":"SearchAction","target":{"@type":"EntryPoint","urlTemplate":"https:\/\/dahua.evosec.eu\/?s={search_term_string}"},"query-input":{"@type":"PropertyValueSpecification","valueRequired":true,"valueName":"search_term_string"}}],"inLanguage":"fi"}]}},"_links":{"self":[{"href":"https:\/\/dahua.evosec.eu\/fi\/wp-json\/wp\/v2\/pages\/2","targetHints":{"allow":["GET"]}}],"collection":[{"href":"https:\/\/dahua.evosec.eu\/fi\/wp-json\/wp\/v2\/pages"}],"about":[{"href":"https:\/\/dahua.evosec.eu\/fi\/wp-json\/wp\/v2\/types\/page"}],"author":[{"embeddable":true,"href":"https:\/\/dahua.evosec.eu\/fi\/wp-json\/wp\/v2\/users\/1"}],"replies":[{"embeddable":true,"href":"https:\/\/dahua.evosec.eu\/fi\/wp-json\/wp\/v2\/comments?post=2"}],"version-history":[{"count":0,"href":"https:\/\/dahua.evosec.eu\/fi\/wp-json\/wp\/v2\/pages\/2\/revisions"}],"wp:featuredmedia":[{"embeddable":true,"href":"https:\/\/dahua.evosec.eu\/fi\/wp-json\/wp\/v2\/media\/261"}],"wp:attachment":[{"href":"https:\/\/dahua.evosec.eu\/fi\/wp-json\/wp\/v2\/media?parent=2"}],"curies":[{"name":"wp","href":"https:\/\/api.w.org\/{rel}","templated":true}]}}