{"id":19,"date":"2015-06-11T15:12:50","date_gmt":"2015-06-11T15:12:50","guid":{"rendered":"http:\/\/dahua.evosec.eu\/?page_id=19"},"modified":"2016-09-16T23:25:40","modified_gmt":"2016-09-16T23:25:40","slug":"setup-dahua-devices","status":"publish","type":"page","link":"https:\/\/dahua.evosec.eu\/fr\/setup-dahua-devices\/","title":{"rendered":"Installation De Dispositifs DAHUA"},"content":{"rendered":"<p>Nous soutenons une pleine gamme de DAHUA-fabrication de produits.<\/p>\r\n<br \/>\r\n<br \/>\r\n<div class=\"panel panel-default\">\r\n  <div class=\"panel-heading\">Configuration de l\u2019appareil seul<\/div>\r\n  <div class=\"panel-body\">\r\n<div class=\"DHPass\">\r\n<div class=\"row\"><div class=\"col-xs-12 col-sm-offset-4 col-sm-8\"><div class=\"row\"><div class=\"col-xs-4 PlanHeader Plan1\"><div class=\"PlanTitle\">Basic<\/div><div class=\"PlanPrice\">29.99$<\/div><\/div><div class=\"col-xs-4 PlanHeader Plan2\"><div class=\"PlanTitle\">Advanced<\/div><div class=\"PlanPrice\">49.99$<\/div><\/div><div class=\"col-xs-4 PlanHeader Plan3\"><div class=\"PlanTitle\">Expert<\/div><div class=\"PlanPrice\">Ask<\/div><\/div><\/div><\/div><\/div><div class=\"row PriceFeatureRow\"><div class=\"col-xs-12 col-sm-4 PlanFeature\">Param\u00e8tres de sortie vid\u00e9o<\/div><div class=\"col-xs-12 col-sm-8\"><div class=\"row\"><div class=\"col-xs-4 col-sm-4 PlanFeature Plan1\"><i class=\"fa fa-check PlanCheck\"><\/i><\/div><div class=\"col-xs-4 col-sm-4 PlanFeature Plan2\"><i class=\"fa fa-check PlanCheck\"><\/i><\/div><div class=\"col-xs-4 col-sm-4 PlanFeature Plan3\"><i class=\"fa fa-check PlanCheck\"><\/i><\/div><\/div><\/div><\/div><div class=\"row PriceFeatureRow\"><div class=\"col-xs-12 col-sm-4 PlanFeature\">R\u00e9seau de base<\/div><div class=\"col-xs-12 col-sm-8\"><div class=\"row\"><div class=\"col-xs-4 col-sm-4 PlanFeature Plan1\"><i class=\"fa fa-check PlanCheck\"><\/i><\/div><div class=\"col-xs-4 col-sm-4 PlanFeature Plan2\"><i class=\"fa fa-check PlanCheck\"><\/i><\/div><div class=\"col-xs-4 col-sm-4 PlanFeature Plan3\"><i class=\"fa fa-check PlanCheck\"><\/i><\/div><\/div><\/div><\/div><div class=\"row PriceFeatureRow\"><div class=\"col-xs-12 col-sm-4 PlanFeature\">R\u00e9seaux avanc\u00e9s<\/div><div class=\"col-xs-12 col-sm-8\"><div class=\"row\"><div class=\"col-xs-4 col-sm-4 PlanFeature Plan1\"><i class=\"fa fa-times-circle PlanUnCheck\"><\/i><\/div><div class=\"col-xs-4 col-sm-4 PlanFeature Plan2\"><i class=\"fa fa-times-circle PlanUnCheck\"><\/i><\/div><div class=\"col-xs-4 col-sm-4 PlanFeature Plan3\"><i class=\"fa fa-check PlanCheck\"><\/i><\/div><\/div><\/div><\/div><div class=\"row PriceFeatureRow\"><div class=\"col-xs-12 col-sm-4 PlanFeature\">Configuration de l\u2019enregistrement*<\/div><div class=\"col-xs-12 col-sm-8\"><div class=\"row\"><div class=\"col-xs-4 col-sm-4 PlanFeature Plan1\"><i class=\"fa fa-check PlanCheck\"><\/i><\/div><div class=\"col-xs-4 col-sm-4 PlanFeature Plan2\"><i class=\"fa fa-check PlanCheck\"><\/i><\/div><div class=\"col-xs-4 col-sm-4 PlanFeature Plan3\"><i class=\"fa fa-check PlanCheck\"><\/i><\/div><\/div><\/div><\/div><div class=\"row PriceFeatureRow\"><div class=\"col-xs-12 col-sm-4 PlanFeature\">Annexe Recordings*<\/div><div class=\"col-xs-12 col-sm-8\"><div class=\"row\"><div class=\"col-xs-4 col-sm-4 PlanFeature Plan1\"><i class=\"fa fa-check PlanCheck\"><\/i><\/div><div class=\"col-xs-4 col-sm-4 PlanFeature Plan2\"><i class=\"fa fa-check PlanCheck\"><\/i><\/div><div class=\"col-xs-4 col-sm-4 PlanFeature Plan3\"><i class=\"fa fa-check PlanCheck\"><\/i><\/div><\/div><\/div><\/div><div class=\"row PriceFeatureRow\"><div class=\"col-xs-12 col-sm-4 PlanFeature\">Installation de d\u00e9tection de mouvement*<\/div><div class=\"col-xs-12 col-sm-8\"><div class=\"row\"><div class=\"col-xs-4 col-sm-4 PlanFeature Plan1\"><i class=\"fa fa-check PlanCheck\"><\/i><\/div><div class=\"col-xs-4 col-sm-4 PlanFeature Plan2\"><i class=\"fa fa-check PlanCheck\"><\/i><\/div><div class=\"col-xs-4 col-sm-4 PlanFeature Plan3\"><i class=\"fa fa-check PlanCheck\"><\/i><\/div><\/div><\/div><\/div><div class=\"row PriceFeatureRow\"><div class=\"col-xs-12 col-sm-4 PlanFeature\">R\u00e9glage d\u2019une alarme d\u2019entr\u00e9e<\/div><div class=\"col-xs-12 col-sm-8\"><div class=\"row\"><div class=\"col-xs-4 col-sm-4 PlanFeature Plan1\"><i class=\"fa fa-times-circle PlanUnCheck\"><\/i><\/div><div class=\"col-xs-4 col-sm-4 PlanFeature Plan2\"><i class=\"fa fa-check PlanCheck\"><\/i><\/div><div class=\"col-xs-4 col-sm-4 PlanFeature Plan3\"><i class=\"fa fa-check PlanCheck\"><\/i><\/div><\/div><\/div><\/div><div class=\"row PriceFeatureRow\"><div class=\"col-xs-12 col-sm-4 PlanFeature\">Installation PTZ*<\/div><div class=\"col-xs-12 col-sm-8\"><div class=\"row\"><div class=\"col-xs-4 col-sm-4 PlanFeature Plan1\"><i class=\"fa fa-times-circle PlanUnCheck\"><\/i><\/div><div class=\"col-xs-4 col-sm-4 PlanFeature Plan2\"><i class=\"fa fa-check PlanCheck\"><\/i><\/div><div class=\"col-xs-4 col-sm-4 PlanFeature Plan3\"><i class=\"fa fa-check PlanCheck\"><\/i><\/div><\/div><\/div><\/div><div class=\"row PriceFeatureRow\"><div class=\"col-xs-12 col-sm-4 PlanFeature\">Configuration de courriel*<\/div><div class=\"col-xs-12 col-sm-8\"><div class=\"row\"><div class=\"col-xs-4 col-sm-4 PlanFeature Plan1\"><i class=\"fa fa-times-circle PlanUnCheck\"><\/i><\/div><div class=\"col-xs-4 col-sm-4 PlanFeature Plan2\"><i class=\"fa fa-check PlanCheck\"><\/i><\/div><div class=\"col-xs-4 col-sm-4 PlanFeature Plan3\"><i class=\"fa fa-check PlanCheck\"><\/i><\/div><\/div><\/div><\/div><div class=\"row PriceFeatureRow\"><div class=\"col-xs-12 col-sm-4 PlanFeature\">DDNS Setup<\/div><div class=\"col-xs-12 col-sm-8\"><div class=\"row\"><div class=\"col-xs-4 col-sm-4 PlanFeature Plan1\"><i class=\"fa fa-check PlanCheck\"><\/i><\/div><div class=\"col-xs-4 col-sm-4 PlanFeature Plan2\"><i class=\"fa fa-check PlanCheck\"><\/i><\/div><div class=\"col-xs-4 col-sm-4 PlanFeature Plan3\"><i class=\"fa fa-check PlanCheck\"><\/i><\/div><\/div><\/div><\/div><div class=\"row PriceFeatureRow\"><div class=\"col-xs-12 col-sm-4 PlanFeature\">Dispositif pare-feux<\/div><div class=\"col-xs-12 col-sm-8\"><div class=\"row\"><div class=\"col-xs-4 col-sm-4 PlanFeature Plan1\"><i class=\"fa fa-times-circle PlanUnCheck\"><\/i><\/div><div class=\"col-xs-4 col-sm-4 PlanFeature Plan2\"><i class=\"fa fa-check PlanCheck\"><\/i><\/div><div class=\"col-xs-4 col-sm-4 PlanFeature Plan3\"><i class=\"fa fa-check PlanCheck\"><\/i><\/div><\/div><\/div><\/div><div class=\"row PriceFeatureRow\"><div class=\"col-xs-12 col-sm-4 PlanFeature\">Sauvegarde \u00e0 distance<\/div><div class=\"col-xs-12 col-sm-8\"><div class=\"row\"><div class=\"col-xs-4 col-sm-4 PlanFeature Plan1\"><i class=\"fa fa-times-circle PlanUnCheck\"><\/i><\/div><div class=\"col-xs-4 col-sm-4 PlanFeature Plan2\"><i class=\"fa fa-check PlanCheck\"><\/i><\/div><div class=\"col-xs-4 col-sm-4 PlanFeature Plan3\"><i class=\"fa fa-check PlanCheck\"><\/i><\/div><\/div><\/div><\/div><div class=\"row PriceFeatureRow\"><div class=\"col-xs-12 col-sm-4 PlanFeature\">Configuration de l\u2019int\u00e9gration\/POS<\/div><div class=\"col-xs-12 col-sm-8\"><div class=\"row\"><div class=\"col-xs-4 col-sm-4 PlanFeature Plan1\"><i class=\"fa fa-times-circle PlanUnCheck\"><\/i><\/div><div class=\"col-xs-4 col-sm-4 PlanFeature Plan2\"><i class=\"fa fa-times-circle PlanUnCheck\"><\/i><\/div><div class=\"col-xs-4 col-sm-4 PlanFeature Plan3\"><i class=\"fa fa-check PlanCheck\"><\/i><\/div><\/div><\/div><\/div><div class=\"row PriceFeatureRow\"><div class=\"col-xs-12 col-sm-4 PlanFeature\">Programme d\u2019installation de Reporting\/Erreurs<\/div><div class=\"col-xs-12 col-sm-8\"><div class=\"row\"><div class=\"col-xs-4 col-sm-4 PlanFeature Plan1\"><i class=\"fa fa-times-circle PlanUnCheck\"><\/i><\/div><div class=\"col-xs-4 col-sm-4 PlanFeature Plan2\"><i class=\"fa fa-check PlanCheck\"><\/i><\/div><div class=\"col-xs-4 col-sm-4 PlanFeature Plan3\"><i class=\"fa fa-check PlanCheck\"><\/i><\/div><\/div><\/div><\/div><div class=\"row PriceFeatureRow\"><div class=\"col-xs-12 col-sm-4 PlanFeature\">Sortie d\u2019alarme*<\/div><div class=\"col-xs-12 col-sm-8\"><div class=\"row\"><div class=\"col-xs-4 col-sm-4 PlanFeature Plan1\"><i class=\"fa fa-times-circle PlanUnCheck\"><\/i><\/div><div class=\"col-xs-4 col-sm-4 PlanFeature Plan2\"><i class=\"fa fa-check PlanCheck\"><\/i><\/div><div class=\"col-xs-4 col-sm-4 PlanFeature Plan3\"><i class=\"fa fa-check PlanCheck\"><\/i><\/div><\/div><\/div><\/div><div class=\"row PriceFeatureRow\"><div class=\"col-xs-12 col-sm-4 PlanFeature\">Stockage simple<\/div><div class=\"col-xs-12 col-sm-8\"><div class=\"row\"><div class=\"col-xs-4 col-sm-4 PlanFeature Plan1\"><i class=\"fa fa-check PlanCheck\"><\/i><\/div><div class=\"col-xs-4 col-sm-4 PlanFeature Plan2\"><i class=\"fa fa-check PlanCheck\"><\/i><\/div><div class=\"col-xs-4 col-sm-4 PlanFeature Plan3\"><i class=\"fa fa-check PlanCheck\"><\/i><\/div><\/div><\/div><\/div><div class=\"row PriceFeatureRow\"><div class=\"col-xs-12 col-sm-4 PlanFeature\">Stockage avanc\u00e9*<\/div><div class=\"col-xs-12 col-sm-8\"><div class=\"row\"><div class=\"col-xs-4 col-sm-4 PlanFeature Plan1\"><i class=\"fa fa-times-circle PlanUnCheck\"><\/i><\/div><div class=\"col-xs-4 col-sm-4 PlanFeature Plan2\"><i class=\"fa fa-check PlanCheck\"><\/i><\/div><div class=\"col-xs-4 col-sm-4 PlanFeature Plan3\"><i class=\"fa fa-check PlanCheck\"><\/i><\/div><\/div><\/div><\/div><div class=\"row PriceFeatureRow\"><div class=\"col-xs-12 col-sm-4 PlanFeature\">Plusieurs niveaux utilisateurs<\/div><div class=\"col-xs-12 col-sm-8\"><div class=\"row\"><div class=\"col-xs-4 col-sm-4 PlanFeature Plan1\"><i class=\"fa fa-times-circle PlanUnCheck\"><\/i><\/div><div class=\"col-xs-4 col-sm-4 PlanFeature Plan2\"><i class=\"fa fa-check PlanCheck\"><\/i><\/div><div class=\"col-xs-4 col-sm-4 PlanFeature Plan3\"><i class=\"fa fa-check PlanCheck\"><\/i><\/div><\/div><\/div><\/div>\r\n<div class=\"row\"><div class=\"col-xs-12 col-sm-offset-4 col-sm-8\"><div class=\"row\"><div class=\"col-xs-4 PlanHeader PlanBottom Plan1\"><form class=\"wpcf7-form evo-pass-rec\" action=\"https:\/\/www.paypal.com\/cgi-bin\/webscr\" method=\"post\"><input name=\"cmd\" type=\"hidden\" value=\"_xclick\" \/><input name=\"business\" type=\"hidden\" value=\"mirceapetrescu2004@yahoo.com\" \/><input name=\"item_name\" type=\"hidden\" value=\"Single Device Setup-Basic\" \/><input name=\"item_number\" type=\"hidden\" value=\"1\" \/><input name=\"amount\" type=\"hidden\" value=\"29.99\" \/><input name=\"no_shipping\" type=\"hidden\" value=\"1\" \/><input name=\"currency_code\" type=\"hidden\" value=\"USD\" \/><input name=\"return\" type=\"hidden\" value=\"http:\/\/dahua.evosec.eu\/thank-you-for-your-payment\/\" \/><input name=\"image_url\" type=\"hidden\" value=\"http:\/\/dahua.evosec.eu\/assets\/pp_logo.png\" \/><input name=\"cancel_return\" type=\"hidden\" value=\"http:\/\/dahua.evosec.eu\/payment-denied-or-canceled\/\" \/><input name=\"cbt\" type=\"hidden\" value=\"Return to DAHUA Premium Support Services\" \/><input name=\"cpp_cart_border_color\" type=\"hidden\" value=\"#7F7F7F\" \/><input type=\"submit\" class=\"form-control btn-primary DHPassOrder\" value=\"Order\" onClick=\"ga('send', 'event', { eventCategory: 'Payments', eventAction: 'HCVR Pass Send En'});\" \/><\/form><\/div><div class=\"col-xs-4 PlanHeader PlanBottom Plan2\"><form class=\"wpcf7-form evo-pass-rec\" action=\"https:\/\/www.paypal.com\/cgi-bin\/webscr\" method=\"post\"><input name=\"cmd\" type=\"hidden\" value=\"_xclick\" \/><input name=\"business\" type=\"hidden\" value=\"mirceapetrescu2004@yahoo.com\" \/><input name=\"item_name\" type=\"hidden\" value=\"-Advanced\" \/><input name=\"item_number\" type=\"hidden\" value=\"1\" \/><input name=\"amount\" type=\"hidden\" value=\"49.99\" \/><input name=\"no_shipping\" type=\"hidden\" value=\"1\" \/><input name=\"currency_code\" type=\"hidden\" value=\"USD\" \/><input name=\"return\" type=\"hidden\" value=\"http:\/\/dahua.evosec.eu\/thank-you-for-your-payment\/\" \/><input name=\"image_url\" type=\"hidden\" value=\"http:\/\/dahua.evosec.eu\/assets\/pp_logo.png\" \/><input name=\"cancel_return\" type=\"hidden\" value=\"http:\/\/dahua.evosec.eu\/payment-denied-or-canceled\/\" \/><input name=\"cbt\" type=\"hidden\" value=\"Return to DAHUA Premium Support Services\" \/><input name=\"cpp_cart_border_color\" type=\"hidden\" value=\"#7F7F7F\" \/><input type=\"submit\" class=\"form-control btn-primary DHPassOrder\" value=\"Order\" onClick=\"ga('send', 'event', { eventCategory: 'Payments', eventAction: 'HCVR Pass Send En'});\" \/><\/form><\/div><div class=\"col-xs-4 PlanHeader PlanBottom Plan3\"><a class=\"form-control btn-primary DHPassOrder\" href=\"\/ask-new-question\/\">Contact<\/a><\/div><\/div><\/div><\/div>\r\n<\/div>\r\n<\/div>\r\n<\/div>\r\n\r\n<br \/>\r\n<small>*Selon l\u2019appareil<\/small>\r\n<hr \/>\r\nPour en savoir plus? Laissez-nous votre question et nous vous contacterons dans un d\u00e9lai tr\u00e8s court.<br \/>\r\n[contact-form-7 id=\u00a0\u00bb242&Prime; title=\u00a0\u00bbD\u00e9tails suppl\u00e9mentaires\u00a0\u00bb]<\/p>","protected":false},"excerpt":{"rendered":"Nous soutenons une pleine gamme de DAHUA-fabrication de produits. Configuration de l\u2019appareil seul Basic29.99$Advanced49.99$ExpertAskParam\u00e8tres de sortie vid\u00e9oR\u00e9seau de baseR\u00e9seaux avanc\u00e9sConfiguration de l\u2019enregistrement*Annexe Recordings*Installation de d\u00e9tection de mouvement*R\u00e9glage d\u2019une alarme d\u2019entr\u00e9eInstallation PTZ*Configuration de courriel*DDNS SetupDispositif pare-feuxSauvegarde \u00e0 distanceConfiguration de l\u2019int\u00e9gration\/POSProgramme d\u2019installation de Reporting\/ErreursSortie d\u2019alarme*Stockage simpleStockage avanc\u00e9*Plusieurs niveaux utilisateurs Contact *Selon l\u2019appareil Pour en savoir plus? Laissez-nous&hellip; <a class=\"more-link\" href=\"https:\/\/dahua.evosec.eu\/fr\/setup-dahua-devices\/\">Continue Reading Installation De Dispositifs DAHUA<\/a>","protected":false},"author":1,"featured_media":426,"parent":0,"menu_order":0,"comment_status":"closed","ping_status":"closed","template":"","meta":{"footnotes":""},"class_list":["post-19","page","type-page","status-publish","has-post-thumbnail","hentry"],"translation":{"provider":"WPGlobus","version":"3.0.1","language":"fr","enabled_languages":["en","da","de","es","fi","fr","it","hu","nl","no","pt","pl","ru","sv","ja"],"languages":{"en":{"title":true,"content":true,"excerpt":false},"da":{"title":true,"content":true,"excerpt":false},"de":{"title":true,"content":true,"excerpt":false},"es":{"title":true,"content":true,"excerpt":false},"fi":{"title":true,"content":true,"excerpt":false},"fr":{"title":true,"content":true,"excerpt":false},"it":{"title":true,"content":true,"excerpt":false},"hu":{"title":true,"content":true,"excerpt":false},"nl":{"title":true,"content":true,"excerpt":false},"no":{"title":true,"content":true,"excerpt":false},"pt":{"title":true,"content":true,"excerpt":false},"pl":{"title":true,"content":true,"excerpt":false},"ru":{"title":true,"content":true,"excerpt":false},"sv":{"title":true,"content":true,"excerpt":false},"ja":{"title":false,"content":false,"excerpt":false}}},"yoast_head":"<!-- This site is optimized with the Yoast SEO plugin v27.3 - https:\/\/yoast.com\/product\/yoast-seo-wordpress\/ -->\n<title>DAHUA Devices Setup - Premium Support<\/title>\n<meta name=\"robots\" content=\"index, follow, max-snippet:-1, max-image-preview:large, max-video-preview:-1\" \/>\n<link rel=\"canonical\" href=\"https:\/\/dahua.evosec.eu\/setup-dahua-devices\/\" \/>\n<meta property=\"og:locale\" content=\"fr_FR\" \/>\n<meta property=\"og:type\" content=\"article\" \/>\n<meta property=\"og:title\" content=\"Installation De Dispositifs DAHUA - Support Premium pour les produits DAHUA\" \/>\n<meta property=\"og:url\" content=\"https:\/\/dahua.evosec.eu\/setup-dahua-devices\/\" \/>\n<meta property=\"og:site_name\" content=\"Support Premium pour les produits DAHUA\" \/>\n<meta property=\"article:publisher\" content=\"https:\/\/www.facebook.com\/euroevosolutions\" \/>\n<meta property=\"article:modified_time\" content=\"2016-09-16T23:25:40+00:00\" \/>\n<meta property=\"og:image\" content=\"https:\/\/dahua.evosec.eu\/wp-content\/uploads\/2015\/06\/devices.jpg\" \/>\n\t<meta property=\"og:image:width\" content=\"200\" \/>\n\t<meta property=\"og:image:height\" content=\"200\" \/>\n\t<meta property=\"og:image:type\" content=\"image\/jpeg\" \/>\n<meta name=\"twitter:card\" content=\"summary_large_image\" \/>\n<meta name=\"twitter:site\" content=\"@evosec_eu\" \/>\n<meta name=\"twitter:label1\" content=\"Dur\u00e9e de lecture estim\u00e9e\" \/>\n\t<meta name=\"twitter:data1\" content=\"6 minutes\" \/>\n<script type=\"application\/ld+json\" class=\"yoast-schema-graph\">{\"@context\":\"https:\\\/\\\/schema.org\",\"@graph\":[{\"@type\":\"WebPage\",\"@id\":\"https:\\\/\\\/dahua.evosec.eu\\\/setup-dahua-devices\\\/\",\"url\":\"https:\\\/\\\/dahua.evosec.eu\\\/setup-dahua-devices\\\/\",\"name\":\"DAHUA Devices Setup - Premium Support\",\"isPartOf\":{\"@id\":\"https:\\\/\\\/dahua.evosec.eu\\\/#website\"},\"primaryImageOfPage\":{\"@id\":\"https:\\\/\\\/dahua.evosec.eu\\\/setup-dahua-devices\\\/#primaryimage\"},\"image\":{\"@id\":\"https:\\\/\\\/dahua.evosec.eu\\\/setup-dahua-devices\\\/#primaryimage\"},\"thumbnailUrl\":\"https:\\\/\\\/dahua.evosec.eu\\\/wp-content\\\/uploads\\\/2015\\\/06\\\/devices.jpg\",\"datePublished\":\"2015-06-11T15:12:50+00:00\",\"dateModified\":\"2016-09-16T23:25:40+00:00\",\"description\":\"We will professionally remote setup all your DAHUA-branded devices, so you can fully benefit from your installed solution.\",\"breadcrumb\":{\"@id\":\"https:\\\/\\\/dahua.evosec.eu\\\/setup-dahua-devices\\\/#breadcrumb\"},\"inLanguage\":\"fr-FR\",\"potentialAction\":[{\"@type\":\"ReadAction\",\"target\":[\"https:\\\/\\\/dahua.evosec.eu\\\/setup-dahua-devices\\\/\"]}]},{\"@type\":\"ImageObject\",\"inLanguage\":\"fr-FR\",\"@id\":\"https:\\\/\\\/dahua.evosec.eu\\\/setup-dahua-devices\\\/#primaryimage\",\"url\":\"https:\\\/\\\/dahua.evosec.eu\\\/wp-content\\\/uploads\\\/2015\\\/06\\\/devices.jpg\",\"contentUrl\":\"https:\\\/\\\/dahua.evosec.eu\\\/wp-content\\\/uploads\\\/2015\\\/06\\\/devices.jpg\",\"width\":200,\"height\":200},{\"@type\":\"BreadcrumbList\",\"@id\":\"https:\\\/\\\/dahua.evosec.eu\\\/setup-dahua-devices\\\/#breadcrumb\",\"itemListElement\":[{\"@type\":\"ListItem\",\"position\":1,\"name\":\"Home\",\"item\":\"https:\\\/\\\/dahua.evosec.eu\\\/\"},{\"@type\":\"ListItem\",\"position\":2,\"name\":\"DAHUA Devices Setup\"}]},{\"@type\":\"WebSite\",\"@id\":\"https:\\\/\\\/dahua.evosec.eu\\\/#website\",\"url\":\"https:\\\/\\\/dahua.evosec.eu\\\/\",\"name\":\"Support Premium pour les produits DAHUA\",\"description\":\"Nous sommes une entreprise parti 3e exp\u00e9riment\u00e9e dans les produits DAHUA\",\"potentialAction\":[{\"@type\":\"SearchAction\",\"target\":{\"@type\":\"EntryPoint\",\"urlTemplate\":\"https:\\\/\\\/dahua.evosec.eu\\\/?s={search_term_string}\"},\"query-input\":{\"@type\":\"PropertyValueSpecification\",\"valueRequired\":true,\"valueName\":\"search_term_string\"}}],\"inLanguage\":\"fr-FR\"}]}<\/script>\n<!-- \/ Yoast SEO plugin. -->","yoast_head_json":{"title":"DAHUA Devices Setup - Premium Support","robots":{"index":"index","follow":"follow","max-snippet":"max-snippet:-1","max-image-preview":"max-image-preview:large","max-video-preview":"max-video-preview:-1"},"canonical":"https:\/\/dahua.evosec.eu\/setup-dahua-devices\/","og_locale":"fr_FR","og_type":"article","og_title":"Installation De Dispositifs DAHUA - Support Premium pour les produits DAHUA","og_url":"https:\/\/dahua.evosec.eu\/setup-dahua-devices\/","og_site_name":"Support Premium pour les produits DAHUA","article_publisher":"https:\/\/www.facebook.com\/euroevosolutions","article_modified_time":"2016-09-16T23:25:40+00:00","og_image":[{"width":200,"height":200,"url":"https:\/\/dahua.evosec.eu\/wp-content\/uploads\/2015\/06\/devices.jpg","type":"image\/jpeg"}],"twitter_card":"summary_large_image","twitter_site":"@evosec_eu","twitter_misc":{"Dur\u00e9e de lecture estim\u00e9e":"6 minutes"},"schema":{"@context":"https:\/\/schema.org","@graph":[{"@type":"WebPage","@id":"https:\/\/dahua.evosec.eu\/setup-dahua-devices\/","url":"https:\/\/dahua.evosec.eu\/setup-dahua-devices\/","name":"DAHUA Devices Setup - Premium Support","isPartOf":{"@id":"https:\/\/dahua.evosec.eu\/#website"},"primaryImageOfPage":{"@id":"https:\/\/dahua.evosec.eu\/setup-dahua-devices\/#primaryimage"},"image":{"@id":"https:\/\/dahua.evosec.eu\/setup-dahua-devices\/#primaryimage"},"thumbnailUrl":"https:\/\/dahua.evosec.eu\/wp-content\/uploads\/2015\/06\/devices.jpg","datePublished":"2015-06-11T15:12:50+00:00","dateModified":"2016-09-16T23:25:40+00:00","description":"We will professionally remote setup all your DAHUA-branded devices, so you can fully benefit from your installed solution.","breadcrumb":{"@id":"https:\/\/dahua.evosec.eu\/setup-dahua-devices\/#breadcrumb"},"inLanguage":"fr-FR","potentialAction":[{"@type":"ReadAction","target":["https:\/\/dahua.evosec.eu\/setup-dahua-devices\/"]}]},{"@type":"ImageObject","inLanguage":"fr-FR","@id":"https:\/\/dahua.evosec.eu\/setup-dahua-devices\/#primaryimage","url":"https:\/\/dahua.evosec.eu\/wp-content\/uploads\/2015\/06\/devices.jpg","contentUrl":"https:\/\/dahua.evosec.eu\/wp-content\/uploads\/2015\/06\/devices.jpg","width":200,"height":200},{"@type":"BreadcrumbList","@id":"https:\/\/dahua.evosec.eu\/setup-dahua-devices\/#breadcrumb","itemListElement":[{"@type":"ListItem","position":1,"name":"Home","item":"https:\/\/dahua.evosec.eu\/"},{"@type":"ListItem","position":2,"name":"DAHUA Devices Setup"}]},{"@type":"WebSite","@id":"https:\/\/dahua.evosec.eu\/#website","url":"https:\/\/dahua.evosec.eu\/","name":"Support Premium pour les produits DAHUA","description":"Nous sommes une entreprise parti 3e exp\u00e9riment\u00e9e dans les produits DAHUA","potentialAction":[{"@type":"SearchAction","target":{"@type":"EntryPoint","urlTemplate":"https:\/\/dahua.evosec.eu\/?s={search_term_string}"},"query-input":{"@type":"PropertyValueSpecification","valueRequired":true,"valueName":"search_term_string"}}],"inLanguage":"fr-FR"}]}},"_links":{"self":[{"href":"https:\/\/dahua.evosec.eu\/fr\/wp-json\/wp\/v2\/pages\/19","targetHints":{"allow":["GET"]}}],"collection":[{"href":"https:\/\/dahua.evosec.eu\/fr\/wp-json\/wp\/v2\/pages"}],"about":[{"href":"https:\/\/dahua.evosec.eu\/fr\/wp-json\/wp\/v2\/types\/page"}],"author":[{"embeddable":true,"href":"https:\/\/dahua.evosec.eu\/fr\/wp-json\/wp\/v2\/users\/1"}],"replies":[{"embeddable":true,"href":"https:\/\/dahua.evosec.eu\/fr\/wp-json\/wp\/v2\/comments?post=19"}],"version-history":[{"count":0,"href":"https:\/\/dahua.evosec.eu\/fr\/wp-json\/wp\/v2\/pages\/19\/revisions"}],"wp:featuredmedia":[{"embeddable":true,"href":"https:\/\/dahua.evosec.eu\/fr\/wp-json\/wp\/v2\/media\/426"}],"wp:attachment":[{"href":"https:\/\/dahua.evosec.eu\/fr\/wp-json\/wp\/v2\/media?parent=19"}],"curies":[{"name":"wp","href":"https:\/\/api.w.org\/{rel}","templated":true}]}}