{"id":2,"date":"2015-06-10T21:07:33","date_gmt":"2015-06-10T21:07:33","guid":{"rendered":"http:\/\/dahua.evosec.eu\/?page_id=2"},"modified":"2017-04-24T23:32:02","modified_gmt":"2017-04-24T23:32:02","slug":"about-us","status":"publish","type":"page","link":"https:\/\/dahua.evosec.eu\/fr\/","title":{"rendered":"Qui Sommes-nous"},"content":{"rendered":"<p style=\"text-align: center\">\nNous avons utilis\u00e9, vente, configuration et support technique des produits DAHUA pendant plusieurs ann\u00e9es.<br \/>\nDans cet esprit et avec la propagation rapide de ces produits, nous avons consacr\u00e9 une \u00e9quipe de sp\u00e9cialistes \u00e0 l\u2019appui de plusieurs <strong>services Premium<\/strong> comme:<br \/>\n<ul>\n<li>R\u00e9ponse instantan\u00e9e \u00e0 v\u00e9rifi\u00e9 <i>mot de passe principal<\/i> demandes<\/li>\n<li>Presques v\u00e9rifier et <i>application de la Loi<\/i> des versions de firmware diff\u00e9rent<\/li>\n<li>Sur mesure\/Custom clients, bas\u00e9s sur les exigences sp\u00e9cifiques<\/li>\n<li>Int\u00e9gration avec d\u2019autres fabricants<\/li>\n<li>Suite logicielle personnalis\u00e9e compl\u00e8te et int\u00e9gration avec celles qui existent d\u00e9j\u00e0<\/li>\n<\/ul>\n<\/p>\n","protected":false},"excerpt":{"rendered":"Nous avons utilis\u00e9, vente, configuration et support technique des produits DAHUA pendant plusieurs ann\u00e9es. Dans cet esprit et avec la propagation rapide de ces produits, nous avons consacr\u00e9 une \u00e9quipe de sp\u00e9cialistes \u00e0 l\u2019appui de plusieurs services Premium comme: R\u00e9ponse instantan\u00e9e \u00e0 v\u00e9rifi\u00e9 mot de passe principal demandes Presques v\u00e9rifier et application de la Loi&hellip; <a class=\"more-link\" href=\"https:\/\/dahua.evosec.eu\/fr\/\">Continue Reading Qui Sommes-nous<\/a>","protected":false},"author":1,"featured_media":261,"parent":0,"menu_order":0,"comment_status":"closed","ping_status":"closed","template":"","meta":{"footnotes":""},"class_list":["post-2","page","type-page","status-publish","has-post-thumbnail","hentry"],"translation":{"provider":"WPGlobus","version":"3.0.1","language":"fr","enabled_languages":["en","da","de","es","fi","fr","it","hu","nl","no","pt","pl","ru","sv","ja"],"languages":{"en":{"title":true,"content":true,"excerpt":false},"da":{"title":true,"content":true,"excerpt":false},"de":{"title":true,"content":true,"excerpt":false},"es":{"title":true,"content":true,"excerpt":false},"fi":{"title":true,"content":true,"excerpt":false},"fr":{"title":true,"content":true,"excerpt":false},"it":{"title":true,"content":true,"excerpt":false},"hu":{"title":true,"content":true,"excerpt":false},"nl":{"title":true,"content":true,"excerpt":false},"no":{"title":true,"content":true,"excerpt":false},"pt":{"title":true,"content":true,"excerpt":false},"pl":{"title":true,"content":true,"excerpt":false},"ru":{"title":true,"content":true,"excerpt":false},"sv":{"title":true,"content":true,"excerpt":false},"ja":{"title":true,"content":true,"excerpt":false}}},"yoast_head":"<!-- This site is optimized with the Yoast SEO plugin v27.3 - https:\/\/yoast.com\/product\/yoast-seo-wordpress\/ -->\n<title>Services de soutien luxe Dahua Produits<\/title>\n<meta name=\"description\" content=\"Soutenir Dahua Produits - DVR, NVR, cam\u00e9ras IP, Speed D\u00f4mes et vid\u00e9ophone. r\u00e9cup\u00e9ration de mot de passe, mise \u00e0 jour du micrologiciel, le programme d&#039;installation et d&#039;autres\" \/>\n<meta name=\"robots\" content=\"index, follow, max-snippet:-1, max-image-preview:large, max-video-preview:-1\" \/>\n<link rel=\"canonical\" href=\"https:\/\/dahua.evosec.eu\/\" \/>\n<meta property=\"og:locale\" content=\"fr_FR\" \/>\n<meta property=\"og:type\" content=\"article\" \/>\n<meta property=\"og:title\" content=\"Services de soutien luxe Dahua Produits\" \/>\n<meta property=\"og:description\" content=\"Soutenir Dahua Produits - DVR, NVR, cam\u00e9ras IP, Speed D\u00f4mes et vid\u00e9ophone. r\u00e9cup\u00e9ration de mot de passe, mise \u00e0 jour du micrologiciel, le programme d&#039;installation et d&#039;autres\" \/>\n<meta property=\"og:url\" content=\"https:\/\/dahua.evosec.eu\/\" \/>\n<meta property=\"og:site_name\" content=\"Support Premium pour les produits DAHUA\" \/>\n<meta property=\"article:publisher\" content=\"https:\/\/www.facebook.com\/euroevosolutions\" \/>\n<meta property=\"article:modified_time\" content=\"2017-04-24T23:32:02+00:00\" \/>\n<meta property=\"og:image\" content=\"https:\/\/dahua.evosec.eu\/wp-content\/uploads\/2015\/06\/Teams1.jpeg\" \/>\n\t<meta property=\"og:image:width\" content=\"518\" \/>\n\t<meta property=\"og:image:height\" content=\"423\" \/>\n\t<meta property=\"og:image:type\" content=\"image\/jpeg\" \/>\n<meta name=\"twitter:card\" content=\"summary_large_image\" \/>\n<meta name=\"twitter:site\" content=\"@evosec_eu\" \/>\n<meta name=\"twitter:label1\" content=\"Dur\u00e9e de lecture estim\u00e9e\" \/>\n\t<meta name=\"twitter:data1\" content=\"5 minutes\" \/>\n<script type=\"application\/ld+json\" class=\"yoast-schema-graph\">{\"@context\":\"https:\\\/\\\/schema.org\",\"@graph\":[{\"@type\":\"WebPage\",\"@id\":\"https:\\\/\\\/dahua.evosec.eu\\\/\",\"url\":\"https:\\\/\\\/dahua.evosec.eu\\\/\",\"name\":\"Premium Support Services for DAHUA Products\",\"isPartOf\":{\"@id\":\"https:\\\/\\\/dahua.evosec.eu\\\/#website\"},\"primaryImageOfPage\":{\"@id\":\"https:\\\/\\\/dahua.evosec.eu\\\/#primaryimage\"},\"image\":{\"@id\":\"https:\\\/\\\/dahua.evosec.eu\\\/#primaryimage\"},\"thumbnailUrl\":\"https:\\\/\\\/dahua.evosec.eu\\\/wp-content\\\/uploads\\\/2015\\\/06\\\/Teams1.jpeg\",\"datePublished\":\"2015-06-10T21:07:33+00:00\",\"dateModified\":\"2017-04-24T23:32:02+00:00\",\"description\":\"Soutenir Dahua Produits - DVR, NVR, cam\u00e9ras IP, Speed D\u00f4mes et vid\u00e9ophone. r\u00e9cup\u00e9ration de mot de passe, mise \u00e0 jour du micrologiciel, le programme d'installation et d'autres\",\"breadcrumb\":{\"@id\":\"https:\\\/\\\/dahua.evosec.eu\\\/#breadcrumb\"},\"inLanguage\":\"fr-FR\",\"potentialAction\":[{\"@type\":\"ReadAction\",\"target\":[\"https:\\\/\\\/dahua.evosec.eu\\\/\"]}]},{\"@type\":\"ImageObject\",\"inLanguage\":\"fr-FR\",\"@id\":\"https:\\\/\\\/dahua.evosec.eu\\\/#primaryimage\",\"url\":\"https:\\\/\\\/dahua.evosec.eu\\\/wp-content\\\/uploads\\\/2015\\\/06\\\/Teams1.jpeg\",\"contentUrl\":\"https:\\\/\\\/dahua.evosec.eu\\\/wp-content\\\/uploads\\\/2015\\\/06\\\/Teams1.jpeg\",\"width\":518,\"height\":423},{\"@type\":\"BreadcrumbList\",\"@id\":\"https:\\\/\\\/dahua.evosec.eu\\\/#breadcrumb\",\"itemListElement\":[{\"@type\":\"ListItem\",\"position\":1,\"name\":\"Home\",\"item\":\"https:\\\/\\\/dahua.evosec.eu\\\/\"},{\"@type\":\"ListItem\",\"position\":2,\"name\":\"ABOUT US\"}]},{\"@type\":\"WebSite\",\"@id\":\"https:\\\/\\\/dahua.evosec.eu\\\/#website\",\"url\":\"https:\\\/\\\/dahua.evosec.eu\\\/\",\"name\":\"Support Premium pour les produits DAHUA\",\"description\":\"Nous sommes une entreprise parti 3e exp\u00e9riment\u00e9e dans les produits DAHUA\",\"potentialAction\":[{\"@type\":\"SearchAction\",\"target\":{\"@type\":\"EntryPoint\",\"urlTemplate\":\"https:\\\/\\\/dahua.evosec.eu\\\/?s={search_term_string}\"},\"query-input\":{\"@type\":\"PropertyValueSpecification\",\"valueRequired\":true,\"valueName\":\"search_term_string\"}}],\"inLanguage\":\"fr-FR\"}]}<\/script>\n<!-- \/ Yoast SEO plugin. -->","yoast_head_json":{"title":"Services de soutien luxe Dahua Produits","description":"Soutenir Dahua Produits - DVR, NVR, cam\u00e9ras IP, Speed D\u00f4mes et vid\u00e9ophone. r\u00e9cup\u00e9ration de mot de passe, mise \u00e0 jour du micrologiciel, le programme d'installation et d'autres","robots":{"index":"index","follow":"follow","max-snippet":"max-snippet:-1","max-image-preview":"max-image-preview:large","max-video-preview":"max-video-preview:-1"},"canonical":"https:\/\/dahua.evosec.eu\/","og_locale":"fr_FR","og_type":"article","og_title":"Services de soutien luxe Dahua Produits","og_description":"Soutenir Dahua Produits - DVR, NVR, cam\u00e9ras IP, Speed D\u00f4mes et vid\u00e9ophone. r\u00e9cup\u00e9ration de mot de passe, mise \u00e0 jour du micrologiciel, le programme d'installation et d'autres","og_url":"https:\/\/dahua.evosec.eu\/","og_site_name":"Support Premium pour les produits DAHUA","article_publisher":"https:\/\/www.facebook.com\/euroevosolutions","article_modified_time":"2017-04-24T23:32:02+00:00","og_image":[{"width":518,"height":423,"url":"https:\/\/dahua.evosec.eu\/wp-content\/uploads\/2015\/06\/Teams1.jpeg","type":"image\/jpeg"}],"twitter_card":"summary_large_image","twitter_site":"@evosec_eu","twitter_misc":{"Dur\u00e9e de lecture estim\u00e9e":"5 minutes"},"schema":{"@context":"https:\/\/schema.org","@graph":[{"@type":"WebPage","@id":"https:\/\/dahua.evosec.eu\/","url":"https:\/\/dahua.evosec.eu\/","name":"Premium Support Services for DAHUA Products","isPartOf":{"@id":"https:\/\/dahua.evosec.eu\/#website"},"primaryImageOfPage":{"@id":"https:\/\/dahua.evosec.eu\/#primaryimage"},"image":{"@id":"https:\/\/dahua.evosec.eu\/#primaryimage"},"thumbnailUrl":"https:\/\/dahua.evosec.eu\/wp-content\/uploads\/2015\/06\/Teams1.jpeg","datePublished":"2015-06-10T21:07:33+00:00","dateModified":"2017-04-24T23:32:02+00:00","description":"Soutenir Dahua Produits - DVR, NVR, cam\u00e9ras IP, Speed D\u00f4mes et vid\u00e9ophone. r\u00e9cup\u00e9ration de mot de passe, mise \u00e0 jour du micrologiciel, le programme d'installation et d'autres","breadcrumb":{"@id":"https:\/\/dahua.evosec.eu\/#breadcrumb"},"inLanguage":"fr-FR","potentialAction":[{"@type":"ReadAction","target":["https:\/\/dahua.evosec.eu\/"]}]},{"@type":"ImageObject","inLanguage":"fr-FR","@id":"https:\/\/dahua.evosec.eu\/#primaryimage","url":"https:\/\/dahua.evosec.eu\/wp-content\/uploads\/2015\/06\/Teams1.jpeg","contentUrl":"https:\/\/dahua.evosec.eu\/wp-content\/uploads\/2015\/06\/Teams1.jpeg","width":518,"height":423},{"@type":"BreadcrumbList","@id":"https:\/\/dahua.evosec.eu\/#breadcrumb","itemListElement":[{"@type":"ListItem","position":1,"name":"Home","item":"https:\/\/dahua.evosec.eu\/"},{"@type":"ListItem","position":2,"name":"ABOUT US"}]},{"@type":"WebSite","@id":"https:\/\/dahua.evosec.eu\/#website","url":"https:\/\/dahua.evosec.eu\/","name":"Support Premium pour les produits DAHUA","description":"Nous sommes une entreprise parti 3e exp\u00e9riment\u00e9e dans les produits DAHUA","potentialAction":[{"@type":"SearchAction","target":{"@type":"EntryPoint","urlTemplate":"https:\/\/dahua.evosec.eu\/?s={search_term_string}"},"query-input":{"@type":"PropertyValueSpecification","valueRequired":true,"valueName":"search_term_string"}}],"inLanguage":"fr-FR"}]}},"_links":{"self":[{"href":"https:\/\/dahua.evosec.eu\/fr\/wp-json\/wp\/v2\/pages\/2","targetHints":{"allow":["GET"]}}],"collection":[{"href":"https:\/\/dahua.evosec.eu\/fr\/wp-json\/wp\/v2\/pages"}],"about":[{"href":"https:\/\/dahua.evosec.eu\/fr\/wp-json\/wp\/v2\/types\/page"}],"author":[{"embeddable":true,"href":"https:\/\/dahua.evosec.eu\/fr\/wp-json\/wp\/v2\/users\/1"}],"replies":[{"embeddable":true,"href":"https:\/\/dahua.evosec.eu\/fr\/wp-json\/wp\/v2\/comments?post=2"}],"version-history":[{"count":0,"href":"https:\/\/dahua.evosec.eu\/fr\/wp-json\/wp\/v2\/pages\/2\/revisions"}],"wp:featuredmedia":[{"embeddable":true,"href":"https:\/\/dahua.evosec.eu\/fr\/wp-json\/wp\/v2\/media\/261"}],"wp:attachment":[{"href":"https:\/\/dahua.evosec.eu\/fr\/wp-json\/wp\/v2\/media?parent=2"}],"curies":[{"name":"wp","href":"https:\/\/api.w.org\/{rel}","templated":true}]}}