{"id":226,"date":"2015-08-22T01:42:29","date_gmt":"2015-08-22T01:42:29","guid":{"rendered":"http:\/\/dahua.evosec.eu\/?page_id=226"},"modified":"2016-09-11T17:47:32","modified_gmt":"2016-09-11T17:47:32","slug":"device-security-assessment","status":"publish","type":"page","link":"https:\/\/dahua.evosec.eu\/fr\/device-security-assessment\/","title":{"rendered":"\u00c9valuation De S\u00e9curit\u00e9 P\u00e9riph\u00e9rique &amp; Amp\u00a0; Application De La Loi"},"content":{"rendered":"<div><i>Mise \u00e0 jour 25 septembre 2015<\/i><br \/>\r\nPour l\u2019instant, nous avons identifi\u00e9 des bogues, mis au point un patch (sera disponible \u00e0 la plupart des produits de base DAHUA) et \u00e9galement des solutions pour la r\u00e9cup\u00e9ration de l\u2019appareil pour les situations o\u00f9\u00a0:<\/p>\r\n<ul>\r\n<li>Appareil cesse de r\u00e9pondre, l\u2019enregistrement ou ne sont pas accessibles via Internet lorsque vous \u00eates connect\u00e9 directement ou par l\u2019interm\u00e9diaire de PPPoE<\/li>\r\n<li>Dispositif encore enregistrements, mais vous ne peut pas y acc\u00e9der via Internet<\/li>\r\n<li>Appareil affiche un \u00ab\u00a0System has been hacked\u00a0\u00bb, \u00ab\u00a0Device has been hacked\u00a0\u00bb, \u00ab\u00a0DVR has been hacked\u00a0\u00bb ou d\u2019autres messages et les <strong>admin<\/strong> compte n\u2019a aucun droit<\/li>\r\n<\/ul>\r\n<\/div>\r\n<hr \/>\r\n<div><i>Mise \u00e0 jour 1er septembre 2015<\/i><br \/>\r\nNous avons d\u00e9velopp\u00e9 des microprogrammes personnalis\u00e9s pour les appareils usag\u00e9s qui sont sujettes \u00e0 telnet(port 23)->root attaques de nom d\u2019utilisateur(par d\u00e9faut, immuable <strong>vizxv<\/strong> mot de passe). Nous sommes en mesure de personnaliser\/patch presque n\u2019importe quel ancien firmware avec un mot de passe s\u00e9curis\u00e9 que vous fournissez.<\/p>\r\n<p>Pourquoi\u00a0? Parce qu\u2019\u00e0 l\u2019aide root&#038;<strong>vizxv<\/strong> dispositifs de mot de passe sont vuln\u00e9rables aux donn\u00e9es fuit (y compris plusieurs, clair informations d\u2019identification stock\u00e9es), enregistrement (s) de suppression, arr\u00eat de fonctionnement (pendant au moins 4 minutes), r\u00e9initialisation de la configuration ect.<\/p>\r\n<div class=\"panel panel-default\">\r\n<div class=\"panel-heading\">Certains mod\u00e8les vis\u00e9s<\/div>\r\n<div class=\"panel-body\">\r\nDVR0404HE-AN, DVR0404HE-AS, DVR0404HF-AN, DVR0404HF-AS, DVR0404HF-AT, DVR0404HF-U, DVR0404LE-AN, DVR0404LE-AS, DVR0404LF-A, DVR0404LF-AS, DVR0404LF-AST, DVR0404LF-L, DVR0404LF-S, DVR0804HF-U, DVR0804LE-AS, DVR0804LF-A, DVR0804LF-AS, DVR0804LF-AST, DVR0804LF-L, DVR0804LF-S, DVR1604HF-L-E, DVR1604HF-S-E, DVR1604HF-U, DVR1604LE-AS, DVR1604LE-SL, DVR1604LF-A, DVR1604LF-AE, DVR1604LF-AS, DVR1604LF-AST, DVR1604LF-L, DVR1604LF-S, DVR3108H, DVR310XE, DVR3116E, DVR3116H\r\n  <\/div>\r\n<\/div>\r\n<hr \/>\r\n<div>Certains DVR, NVR (et autres s\u00e9curit\u00e9 embarqu\u00e9s ou dispositifs de contr\u00f4le) peuvent et risque d\u2019\u00eatre compromises par des probl\u00e8mes de s\u00e9curit\u00e9 diff\u00e9rents. Pour ceux, nous \u00e0 distance-\u00e9valuer la s\u00e9curit\u00e9 de votre appareil actuel et publier un rapport.\r\n<\/div>\r\n<\/p>\r\n<div><strong>Astuce\u00a0:<\/strong> Cette fonctionnalit\u00e9 est actuellement en cours d\u2019\u00e9laboration.<br \/>\r\nNous allons faire #pentesting et quelques #hardwarefingerprinting. Nous utiliserons \u00e9galement disponible commune #CVEs et quelques outils d\u00e9velopp\u00e9s \u00e0 l\u2019int\u00e9rieur. Nous pr\u00e9senterons une statistique des appareils vuln\u00e9rables dans un proche avenir.\r\n<\/div>","protected":false},"excerpt":{"rendered":"Mise \u00e0 jour 25 septembre 2015 Pour l\u2019instant, nous avons identifi\u00e9 des bogues, mis au point un patch (sera disponible \u00e0 la plupart des produits de base DAHUA) et \u00e9galement des solutions pour la r\u00e9cup\u00e9ration de l\u2019appareil pour les situations o\u00f9\u00a0: Appareil cesse de r\u00e9pondre, l\u2019enregistrement ou ne sont pas accessibles via Internet lorsque vous&hellip; <a class=\"more-link\" href=\"https:\/\/dahua.evosec.eu\/fr\/device-security-assessment\/\">Continue Reading \u00c9valuation De S\u00e9curit\u00e9 P\u00e9riph\u00e9rique &amp; Amp\u00a0; Application De La Loi<\/a>","protected":false},"author":1,"featured_media":0,"parent":0,"menu_order":0,"comment_status":"closed","ping_status":"closed","template":"","meta":{"footnotes":""},"class_list":["post-226","page","type-page","status-publish","hentry"],"translation":{"provider":"WPGlobus","version":"3.0.1","language":"fr","enabled_languages":["en","da","de","es","fi","fr","it","hu","nl","no","pt","pl","ru","sv","ja"],"languages":{"en":{"title":true,"content":true,"excerpt":false},"da":{"title":true,"content":true,"excerpt":false},"de":{"title":true,"content":true,"excerpt":false},"es":{"title":true,"content":true,"excerpt":false},"fi":{"title":true,"content":true,"excerpt":false},"fr":{"title":true,"content":true,"excerpt":false},"it":{"title":true,"content":true,"excerpt":false},"hu":{"title":true,"content":true,"excerpt":false},"nl":{"title":true,"content":true,"excerpt":false},"no":{"title":true,"content":true,"excerpt":false},"pt":{"title":true,"content":true,"excerpt":false},"pl":{"title":true,"content":true,"excerpt":false},"ru":{"title":true,"content":true,"excerpt":false},"sv":{"title":true,"content":true,"excerpt":false},"ja":{"title":false,"content":false,"excerpt":false}}},"yoast_head":"<!-- This site is optimized with the Yoast SEO plugin v27.4 - https:\/\/yoast.com\/product\/yoast-seo-wordpress\/ -->\n<title>T\u00e9l\u00e9commande \u00e9valuation de la s\u00e9curit\u00e9 de dispositifs de s\u00e9curit\u00e9 vid\u00e9o<\/title>\n<meta name=\"description\" content=\"Nous allons tester \/ PenTest votre appareil pour savoir si \/ ce qui est vuln\u00e9rable \u00e0. Pour les produits \u00e0 base de DAHUA, nous sommes en mesure de d\u00e9velopper des correctifs qui peuvent r\u00e9soudre les probl\u00e8mes.\" \/>\n<meta name=\"robots\" content=\"index, follow, max-snippet:-1, max-image-preview:large, max-video-preview:-1\" \/>\n<link rel=\"canonical\" href=\"https:\/\/dahua.evosec.eu\/hu\/device-security-assessment\/\" \/>\n<meta property=\"og:locale\" content=\"fr_FR\" \/>\n<meta property=\"og:type\" content=\"article\" \/>\n<meta property=\"og:title\" content=\"T\u00e9l\u00e9commande \u00e9valuation de la s\u00e9curit\u00e9 de dispositifs de s\u00e9curit\u00e9 vid\u00e9o\" \/>\n<meta property=\"og:description\" content=\"Nous allons tester \/ PenTest votre appareil pour savoir si \/ ce qui est vuln\u00e9rable \u00e0. Pour les produits \u00e0 base de DAHUA, nous sommes en mesure de d\u00e9velopper des correctifs qui peuvent r\u00e9soudre les probl\u00e8mes.\" \/>\n<meta property=\"og:url\" content=\"https:\/\/dahua.evosec.eu\/hu\/device-security-assessment\/\" \/>\n<meta property=\"og:site_name\" content=\"Support Premium pour les produits DAHUA\" \/>\n<meta property=\"article:publisher\" content=\"https:\/\/www.facebook.com\/euroevosolutions\" \/>\n<meta property=\"article:modified_time\" content=\"2016-09-11T17:47:32+00:00\" \/>\n<meta name=\"twitter:card\" content=\"summary_large_image\" \/>\n<meta name=\"twitter:site\" content=\"@evosec_eu\" \/>\n<meta name=\"twitter:label1\" content=\"Dur\u00e9e de lecture estim\u00e9e\" \/>\n\t<meta name=\"twitter:data1\" content=\"22 minutes\" \/>\n<script type=\"application\/ld+json\" class=\"yoast-schema-graph\">{\"@context\":\"https:\\\/\\\/schema.org\",\"@graph\":[{\"@type\":\"WebPage\",\"@id\":\"https:\\\/\\\/dahua.evosec.eu\\\/hu\\\/device-security-assessment\\\/\",\"url\":\"https:\\\/\\\/dahua.evosec.eu\\\/hu\\\/device-security-assessment\\\/\",\"name\":\"\u00c9valuation De S\u00e9curit\u00e9 P\u00e9riph\u00e9rique &amp; Amp\u00a0; Application De La Loi - Support Premium pour les produits DAHUA\",\"isPartOf\":{\"@id\":\"https:\\\/\\\/dahua.evosec.eu\\\/#website\"},\"datePublished\":\"2015-08-22T01:42:29+00:00\",\"dateModified\":\"2016-09-11T17:47:32+00:00\",\"description\":\"Nous allons tester \\\/ PenTest votre appareil pour savoir si \\\/ ce qui est vuln\u00e9rable \u00e0. Pour les produits \u00e0 base de DAHUA, nous sommes en mesure de d\u00e9velopper des correctifs qui peuvent r\u00e9soudre les probl\u00e8mes.\",\"breadcrumb\":{\"@id\":\"https:\\\/\\\/dahua.evosec.eu\\\/hu\\\/device-security-assessment\\\/#breadcrumb\"},\"inLanguage\":\"fr-FR\",\"potentialAction\":[{\"@type\":\"ReadAction\",\"target\":[\"https:\\\/\\\/dahua.evosec.eu\\\/hu\\\/device-security-assessment\\\/\"]}]},{\"@type\":\"BreadcrumbList\",\"@id\":\"https:\\\/\\\/dahua.evosec.eu\\\/hu\\\/device-security-assessment\\\/#breadcrumb\",\"itemListElement\":[{\"@type\":\"ListItem\",\"position\":1,\"name\":\"Home\",\"item\":\"https:\\\/\\\/dahua.evosec.eu\\\/\"},{\"@type\":\"ListItem\",\"position\":2,\"name\":\"K\u00e9sz\u00fcl\u00e9k Biztons\u00e1gi \u00e9rt\u00e9kel\u00e9si &amp; V\u00e9grehajt\u00e1si\"}]},{\"@type\":\"WebSite\",\"@id\":\"https:\\\/\\\/dahua.evosec.eu\\\/#website\",\"url\":\"https:\\\/\\\/dahua.evosec.eu\\\/\",\"name\":\"Support Premium pour les produits DAHUA\",\"description\":\"Nous sommes une entreprise parti 3e exp\u00e9riment\u00e9e dans les produits DAHUA\",\"potentialAction\":[{\"@type\":\"SearchAction\",\"target\":{\"@type\":\"EntryPoint\",\"urlTemplate\":\"https:\\\/\\\/dahua.evosec.eu\\\/?s={search_term_string}\"},\"query-input\":{\"@type\":\"PropertyValueSpecification\",\"valueRequired\":true,\"valueName\":\"search_term_string\"}}],\"inLanguage\":\"fr-FR\"}]}<\/script>\n<!-- \/ Yoast SEO plugin. -->","yoast_head_json":{"title":"T\u00e9l\u00e9commande \u00e9valuation de la s\u00e9curit\u00e9 de dispositifs de s\u00e9curit\u00e9 vid\u00e9o","description":"Nous allons tester \/ PenTest votre appareil pour savoir si \/ ce qui est vuln\u00e9rable \u00e0. Pour les produits \u00e0 base de DAHUA, nous sommes en mesure de d\u00e9velopper des correctifs qui peuvent r\u00e9soudre les probl\u00e8mes.","robots":{"index":"index","follow":"follow","max-snippet":"max-snippet:-1","max-image-preview":"max-image-preview:large","max-video-preview":"max-video-preview:-1"},"canonical":"https:\/\/dahua.evosec.eu\/hu\/device-security-assessment\/","og_locale":"fr_FR","og_type":"article","og_title":"T\u00e9l\u00e9commande \u00e9valuation de la s\u00e9curit\u00e9 de dispositifs de s\u00e9curit\u00e9 vid\u00e9o","og_description":"Nous allons tester \/ PenTest votre appareil pour savoir si \/ ce qui est vuln\u00e9rable \u00e0. Pour les produits \u00e0 base de DAHUA, nous sommes en mesure de d\u00e9velopper des correctifs qui peuvent r\u00e9soudre les probl\u00e8mes.","og_url":"https:\/\/dahua.evosec.eu\/hu\/device-security-assessment\/","og_site_name":"Support Premium pour les produits DAHUA","article_publisher":"https:\/\/www.facebook.com\/euroevosolutions","article_modified_time":"2016-09-11T17:47:32+00:00","twitter_card":"summary_large_image","twitter_site":"@evosec_eu","twitter_misc":{"Dur\u00e9e de lecture estim\u00e9e":"22 minutes"},"schema":{"@context":"https:\/\/schema.org","@graph":[{"@type":"WebPage","@id":"https:\/\/dahua.evosec.eu\/hu\/device-security-assessment\/","url":"https:\/\/dahua.evosec.eu\/hu\/device-security-assessment\/","name":"\u00c9valuation De S\u00e9curit\u00e9 P\u00e9riph\u00e9rique &amp; Amp\u00a0; Application De La Loi - Support Premium pour les produits DAHUA","isPartOf":{"@id":"https:\/\/dahua.evosec.eu\/#website"},"datePublished":"2015-08-22T01:42:29+00:00","dateModified":"2016-09-11T17:47:32+00:00","description":"Nous allons tester \/ PenTest votre appareil pour savoir si \/ ce qui est vuln\u00e9rable \u00e0. Pour les produits \u00e0 base de DAHUA, nous sommes en mesure de d\u00e9velopper des correctifs qui peuvent r\u00e9soudre les probl\u00e8mes.","breadcrumb":{"@id":"https:\/\/dahua.evosec.eu\/hu\/device-security-assessment\/#breadcrumb"},"inLanguage":"fr-FR","potentialAction":[{"@type":"ReadAction","target":["https:\/\/dahua.evosec.eu\/hu\/device-security-assessment\/"]}]},{"@type":"BreadcrumbList","@id":"https:\/\/dahua.evosec.eu\/hu\/device-security-assessment\/#breadcrumb","itemListElement":[{"@type":"ListItem","position":1,"name":"Home","item":"https:\/\/dahua.evosec.eu\/"},{"@type":"ListItem","position":2,"name":"K\u00e9sz\u00fcl\u00e9k Biztons\u00e1gi \u00e9rt\u00e9kel\u00e9si &amp; V\u00e9grehajt\u00e1si"}]},{"@type":"WebSite","@id":"https:\/\/dahua.evosec.eu\/#website","url":"https:\/\/dahua.evosec.eu\/","name":"Support Premium pour les produits DAHUA","description":"Nous sommes une entreprise parti 3e exp\u00e9riment\u00e9e dans les produits DAHUA","potentialAction":[{"@type":"SearchAction","target":{"@type":"EntryPoint","urlTemplate":"https:\/\/dahua.evosec.eu\/?s={search_term_string}"},"query-input":{"@type":"PropertyValueSpecification","valueRequired":true,"valueName":"search_term_string"}}],"inLanguage":"fr-FR"}]}},"_links":{"self":[{"href":"https:\/\/dahua.evosec.eu\/fr\/wp-json\/wp\/v2\/pages\/226","targetHints":{"allow":["GET"]}}],"collection":[{"href":"https:\/\/dahua.evosec.eu\/fr\/wp-json\/wp\/v2\/pages"}],"about":[{"href":"https:\/\/dahua.evosec.eu\/fr\/wp-json\/wp\/v2\/types\/page"}],"author":[{"embeddable":true,"href":"https:\/\/dahua.evosec.eu\/fr\/wp-json\/wp\/v2\/users\/1"}],"replies":[{"embeddable":true,"href":"https:\/\/dahua.evosec.eu\/fr\/wp-json\/wp\/v2\/comments?post=226"}],"version-history":[{"count":0,"href":"https:\/\/dahua.evosec.eu\/fr\/wp-json\/wp\/v2\/pages\/226\/revisions"}],"wp:attachment":[{"href":"https:\/\/dahua.evosec.eu\/fr\/wp-json\/wp\/v2\/media?parent=226"}],"curies":[{"name":"wp","href":"https:\/\/api.w.org\/{rel}","templated":true}]}}