{"id":1025,"date":"2017-02-22T23:11:14","date_gmt":"2017-02-22T23:11:14","guid":{"rendered":"http:\/\/dahua.evosec.eu\/?page_id=1025"},"modified":"2017-03-25T16:29:40","modified_gmt":"2017-03-25T16:29:40","slug":"intelbras-dvr-nvr-password-reset-recovery","status":"publish","type":"page","link":"https:\/\/dahua.evosec.eu\/hu\/intelbras-dvr-nvr-password-reset-recovery\/","title":{"rendered":"IntelBras DVR \/ NVR Password Reset Or Recovery"},"content":{"rendered":"<div class=\"alert alert-success\" role=\"alert\">\r\n<div class=\"row\">\r\n<div class=\"col-md-1\">\r\n<i class=\"fa fa-money fa-3x\" aria-hidden=\"true\"><\/i>\r\n<\/div>\r\n<div class=\"col-md-11\">\r\nYou got the money? We got the solution(s) to your problems! We offer a fast way for you to reset and change any password used on older or newer IntelBras products.\r\n<\/div>\r\n<\/div>\r\n<\/div>\r\n<hr \/>\r\n<div style=\"text-align:justify\">Whether you have lost your password of your IntelBras device(or devices) or can&#8217;t remember it, we can assist you &#8211; providing both instructions and a unique, temporary password (valid only one day). You don&#8217;t have to open the device, no settings are reset and you will not lose any information.<br \/>\r\nYou will have to get physical access to the device and follow our instructions using a mouse connected via USB port.<\/div>\r\n<br \/>\r\n<br \/>\r\n<div class=\"panel panel-default panel-primary\">\r\n<div class=\"panel-heading\">What service suits you better?<\/div>\r\n  <div class=\"panel-body\">\r\n<div class=\"DHPass\">\r\n    <div class=\"row\">\r\n        <div class=\"col-xs-12 col-sm-offset-4 col-sm-8\">\r\n            <div class=\"row\">\r\n                <div class=\"col-xs-4 PlanHeader Plan1\">\r\n                    <div class=\"PlanTitle\">Simple<\/div>\r\n                    <div class=\"PlanPrice\">4.99$<\/div>\r\n                <\/div>\r\n                <div class=\"col-xs-4 PlanHeader Plan2\">\r\n                    <div class=\"PlanTitle\">Advanced<\/div>\r\n                    <div class=\"PlanPrice\">9.99$<\/div>\r\n                <\/div>\r\n                <div class=\"col-xs-4 PlanHeader Plan3\">\r\n                    <div class=\"PlanTitle\">Expert<\/div>\r\n                    <div class=\"PlanPrice\">29.99$<\/div>\r\n                <\/div>\r\n            <\/div>\r\n        <\/div>\r\n    <\/div>\r\n    <div class=\"row PriceFeatureRow\">\r\n        <div class=\"col-xs-12 col-sm-4 PlanFeature\">\r\n            Temporary Password\r\n        <\/div>\r\n        <div class=\"col-xs-12 col-sm-8\">\r\n            <div class=\"row\">\r\n                <div class=\"col-xs-4 col-sm-4 PlanFeature Plan1\">\r\n                    <i class=\"fa fa-check PlanCheck\"><\/i>\r\n                <\/div>\r\n                <div class=\"col-xs-4 col-sm-4 PlanFeature Plan2\">\r\n                    <i class=\"fa fa-check PlanCheck\"><\/i>\r\n                <\/div>\r\n                <div class=\"col-xs-4 col-sm-4 PlanFeature Plan3\">\r\n                    <i class=\"fa fa-check PlanCheck\"><\/i>\r\n                <\/div>\r\n            <\/div>\r\n        <\/div>\r\n    <\/div>\r\n    <div class=\"row PriceFeatureRow\">\r\n        <div class=\"col-xs-12 col-sm-4 PlanFeature\">\r\n            Digital Guide (PDF)\r\n        <\/div>\r\n        <div class=\"col-xs-12 col-sm-8\">\r\n            <div class=\"row\">\r\n                <div class=\"col-xs-4 col-sm-4 PlanFeature Plan1\">\r\n                    <i class=\"fa fa-check PlanCheck\"><\/i>\r\n                <\/div>\r\n                <div class=\"col-xs-4 col-sm-4 PlanFeature Plan2\">\r\n                    <i class=\"fa fa-check PlanCheck\"><\/i>\r\n                <\/div>\r\n                <div class=\"col-xs-4 col-sm-4 PlanFeature Plan3\">\r\n                    <i class=\"fa fa-check PlanCheck\"><\/i>\r\n                <\/div>\r\n            <\/div>\r\n        <\/div>\r\n    <\/div>\r\n    <div class=\"row PriceFeatureRow\">\r\n        <div class=\"col-xs-12 col-sm-4 PlanFeature\">\r\n            Support Via E-Mail\r\n        <\/div>\r\n        <div class=\"col-xs-12 col-sm-8\">\r\n            <div class=\"row\">\r\n                <div class=\"col-xs-4 col-sm-4 PlanFeature Plan1\">\r\n                    <i class=\"fa fa-times-circle PlanUnCheck\"><\/i>\r\n                <\/div>\r\n                <div class=\"col-xs-4 col-sm-4 PlanFeature Plan2\">\r\n                    <i class=\"fa fa-check PlanCheck\"><\/i>\r\n                <\/div>\r\n                <div class=\"col-xs-4 col-sm-4 PlanFeature Plan3\">\r\n                    <i class=\"fa fa-check PlanCheck\"><\/i>\r\n                <\/div>\r\n            <\/div>\r\n        <\/div>\r\n    <\/div>\r\n   <div class=\"row PriceFeatureRow\">\r\n        <div class=\"col-xs-12 col-sm-4 PlanFeature\">\r\n            Day Flexibility\r\n        <\/div>\r\n        <div class=\"col-xs-12 col-sm-8\">\r\n            <div class=\"row\">\r\n                <div class=\"col-xs-4 col-sm-4 PlanFeature Plan1\">\r\n                    <i class=\"fa fa-times-circle PlanUnCheck\"><\/i>\r\n                <\/div>\r\n                <div class=\"col-xs-4 col-sm-4 PlanFeature Plan2\">\r\n                    <i class=\"fa fa-check PlanCheck\"><\/i>\r\n                <\/div>\r\n                <div class=\"col-xs-4 col-sm-4 PlanFeature Plan3\">\r\n                    <i class=\"fa fa-check PlanCheck\"><\/i>\r\n                <\/div>\r\n            <\/div>\r\n        <\/div>\r\n    <\/div>\r\n   <div class=\"row PriceFeatureRow\">\r\n        <div class=\"col-xs-12 col-sm-4 PlanFeature\">\r\n            Support Via Live Chat\r\n        <\/div>\r\n        <div class=\"col-xs-12 col-sm-8\">\r\n            <div class=\"row\">\r\n                <div class=\"col-xs-4 col-sm-4 PlanFeature Plan1\">\r\n                    <i class=\"fa fa-times-circle PlanUnCheck\"><\/i>\r\n                <\/div>\r\n                <div class=\"col-xs-4 col-sm-4 PlanFeature Plan2\">\r\n                    <i class=\"fa fa-times-circle PlanUnCheck\"><\/i>\r\n                <\/div>\r\n                <div class=\"col-xs-4 col-sm-4 PlanFeature Plan3\">\r\n                    <i class=\"fa fa-check PlanCheck\"><\/i>\r\n                <\/div>\r\n            <\/div>\r\n        <\/div>\r\n    <\/div>\r\n   <div class=\"row PriceFeatureRow\">\r\n        <div class=\"col-xs-12 col-sm-4 PlanFeature\">\r\n            Log Investigation<br \/>\r\n        <\/div>\r\n        <div class=\"col-xs-12 col-sm-8\">\r\n            <div class=\"row\">\r\n                <div class=\"col-xs-4 col-sm-4 PlanFeature Plan1\">\r\n                    <i class=\"fa fa-times-circle PlanUnCheck\"><\/i>\r\n                <\/div>\r\n                <div class=\"col-xs-4 col-sm-4 PlanFeature Plan2\">\r\n                    <i class=\"fa fa-times-circle PlanCheck\"><\/i>\r\n                <\/div>\r\n                <div class=\"col-xs-4 col-sm-4 PlanFeature Plan3\">\r\n                    <i class=\"fa fa-check PlanCheck\"><\/i>\r\n                <\/div>\r\n            <\/div>\r\n        <\/div>\r\n    <\/div>\r\n    <div class=\"row\">\r\n        <div class=\"col-xs-12 col-sm-offset-4 col-sm-8\">\r\n            <div class=\"row\">\r\n                \r\n                 <div class=\"col-xs-4 PlanHeader PlanBottom Plan1\">\r\n                    <form class=\"wpcf7-form evo-pass-rec\" action=\"https:\/\/www.paypal.com\/cgi-bin\/webscr\" method=\"post\"><img alt=\"\" border=\"\" width=\"1\" height=\"1\" ><input name=\"cmd\" type=\"hidden\" value=\"_xclick\" \/><input name=\"business\" type=\"hidden\" value=\"mirceapetrescu2004@yahoo.com\" \/><input name=\"item_name\" type=\"hidden\" value=\"IntelBras: One-Day Master Password - Simple\" \/><input name=\"item_number\" type=\"hidden\" value=\"1\" \/><input name=\"amount\" type=\"hidden\" value=\"4.99\" \/><input name=\"no_shipping\" type=\"hidden\" value=\"1\" \/><input name=\"currency_code\" type=\"hidden\" value=\"USD\" \/><input name=\"return\" type=\"hidden\" value=\"http:\/\/dahua.evosec.eu\/thank-you-for-your-payment\/\" \/><input name=\"image_url\" type=\"hidden\" value=\"http:\/\/dahua.evosec.eu\/assets\/pp_logo.png\" \/><input name=\"cancel_return\" type=\"hidden\" value=\"http:\/\/dahua.evosec.eu\/payment-denied-or-canceled\/\" \/><input name=\"cbt\" type=\"hidden\" value=\"Return to IntelBras Premium Support Services\" \/><input name=\"cpp_cart_border_color\" type=\"hidden\" value=\"#7F7F7F\" \/>\r\n<input type=\"submit\" class=\"form-control btn-primary DHPassOrder\" value=\"Order\" onClick=\"ga('send', 'event', { eventCategory: 'Payments', eventAction: 'HCVR Pass Send En'});\" \/> \r\n<\/form>\r\n                <\/div>\r\n                <div class=\"col-xs-4 PlanHeader PlanBottom Plan2\">\r\n                    <form class=\"wpcf7-form evo-pass-rec\" action=\"https:\/\/www.paypal.com\/cgi-bin\/webscr\" method=\"post\"><img alt=\"\" border=\"\" width=\"1\" height=\"1\" ><input name=\"cmd\" type=\"hidden\" value=\"_xclick\" \/><input name=\"business\" type=\"hidden\" value=\"mirceapetrescu2004@yahoo.com\" \/><input name=\"item_name\" type=\"hidden\" value=\"IntelBras: One-Day Master Password - Advanced\" \/><input name=\"item_number\" type=\"hidden\" value=\"1\" \/><input name=\"amount\" type=\"hidden\" value=\"9.99\" \/><input name=\"no_shipping\" type=\"hidden\" value=\"1\" \/><input name=\"currency_code\" type=\"hidden\" value=\"USD\" \/><input name=\"return\" type=\"hidden\" value=\"http:\/\/dahua.evosec.eu\/thank-you-for-your-payment\/\" \/><input name=\"image_url\" type=\"hidden\" value=\"http:\/\/dahua.evosec.eu\/assets\/pp_logo.png\" \/><input name=\"cancel_return\" type=\"hidden\" value=\"http:\/\/dahua.evosec.eu\/payment-denied-or-canceled\/\" \/><input name=\"cbt\" type=\"hidden\" value=\"Return to IntelBras Premium Support Services\" \/><input name=\"cpp_cart_border_color\" type=\"hidden\" value=\"#7F7F7F\" \/>\r\n<input type=\"submit\" class=\"form-control btn-primary DHPassOrder\" value=\"Order\" onClick=\"ga('send', 'event', { eventCategory: 'Payments', eventAction: 'HCVR Pass Send En'});\" \/> \r\n<\/form>\r\n                <\/div>\r\n                <div class=\"col-xs-4 PlanHeader PlanBottom Plan3\">\r\n                    <form class=\"wpcf7-form evo-pass-rec\" action=\"https:\/\/www.paypal.com\/cgi-bin\/webscr\" method=\"post\"><img alt=\"\" border=\"\" width=\"1\" height=\"1\" ><input name=\"cmd\" type=\"hidden\" value=\"_xclick\" \/><input name=\"business\" type=\"hidden\" value=\"mirceapetrescu2004@yahoo.com\" \/><input name=\"item_name\" type=\"hidden\" value=\"IntelBras: One-Day Master Password - Expert\" \/><input name=\"item_number\" type=\"hidden\" value=\"1\" \/><input name=\"amount\" type=\"hidden\" value=\"29.99\" \/><input name=\"no_shipping\" type=\"hidden\" value=\"1\" \/><input name=\"currency_code\" type=\"hidden\" value=\"USD\" \/><input name=\"return\" type=\"hidden\" value=\"http:\/\/dahua.evosec.eu\/thank-you-for-your-payment\/\" \/><input name=\"image_url\" type=\"hidden\" value=\"http:\/\/dahua.evosec.eu\/assets\/pp_logo.png\" \/><input name=\"cancel_return\" type=\"hidden\" value=\"http:\/\/dahua.evosec.eu\/payment-denied-or-canceled\/\" \/><input name=\"cbt\" type=\"hidden\" value=\"Return to IntelBras Premium Support Services\" \/><input name=\"cpp_cart_border_color\" type=\"hidden\" value=\"#7F7F7F\" \/>\r\n<input type=\"submit\" class=\"form-control btn-primary DHPassOrder\" value=\"Order\" onClick=\"ga('send', 'event', { eventCategory: 'Payments', eventAction: 'HCVR Pass Send En'});\" \/> \r\n<\/form>\r\n                <\/div>\r\n            <\/div>\r\n        <\/div>\r\n    <\/div>\r\n<\/div>\r\n<\/div>\r\n<\/div>\r\n<br \/>\r\n<br \/>\r\n<div class=\"alert alert-success\" role=\"alert\">Delivery should be instant(via email) or in an one hour window. If it doesn&#8217;t happen (please check your SPAM\/Bulk Inbox), please <a class=\"vt-p\" href=\"\/contact\/\">contact us<\/a> for further assistance. Thank you!<\/div>\r\n<hr \/>\r\n\r\n<div class=\"panel panel-primary\">\r\n  <div class=\"panel-heading\">FAQ: What can I do with this password?<\/div>\r\n  <div class=\"panel-body\">\r\n    With the password we will provide you, you can change the forgotten password (you will use our password as the &#8222;old password&#8221;) and setup a new password for <strong>any<\/strong> account on the device.\r\n  <\/div>\r\n<\/div>\r\n\r\n<div class=\"panel panel-primary\">\r\n  <div class=\"panel-heading\">FAQ: With what devices does this service work?<\/div>\r\n  <div class=\"panel-body\">\r\n     It will work with almost all IntelBras-based devices that have an USB connection for mouse and a S-VIDEO\/VGA\/HDMI for monitor output.\r\n  <\/div>\r\n<\/div>\r\n<hr \/>\r\n<p class=\"text-center\">\r\n<strong>Supported menus<\/strong>:<br \/>\r\n<strong>V1:<\/strong><br \/>\r\n<img decoding=\"async\" src=\"http:\/\/dahua.evosec.eu\/wp-content\/uploads\/2017\/03\/v1_login.png\" alt=\"V1 Login\" \/>\r\n<strong>V2:<\/strong><br \/>\r\n<img decoding=\"async\" src=\"http:\/\/dahua.evosec.eu\/wp-content\/uploads\/2017\/03\/v2_login.png\" alt=\"V2 Login\" \/>\r\n<\/p>\r\n<hr \/>\r\n<p class=\"text-center\">\r\n<strong>Sample<\/strong>:<br \/>\r\n<a href=\"http:\/\/dahua.evosec.eu\/wp-content\/uploads\/2015\/06\/evosec_dh_pass.png\"><img decoding=\"async\" src=\"http:\/\/dahua.evosec.eu\/wp-content\/uploads\/2015\/06\/evosec_dh_pass-704x1024.png\" class=\"aligncenter img-responsive img-rounded\" \/><\/a>\r\n<\/p>\r\n<hr \/>\r\n<br \/>\r\n<div class=\"panel panel-warning\">\r\n<div class=\"panel-body\">\r\n<p>Myth Busted:<\/p>\r\n<p class=\"list-group-item-text\">The password will not reset if you remove the battery, because it&#8217;s not stored in the way it&#8217;s stored in a BIOS. This will only reset your clock and make your life harder(maybe impossible) trying to get a master password.<\/div>\r\n<div class=\"panel-body\">PRO TIP:The password we will send you is also known as <strong>IntelBras master password<\/strong><\/div>\r\n<\/div>","protected":false},"excerpt":{"rendered":"You got the money? We got the solution(s) to your problems! We offer a fast way for you to reset and change any password used on older or newer IntelBras products. Whether you have lost your password of your IntelBras device(or devices) or can&#8217;t remember it, we can assist you &#8211; providing both instructions and&hellip; <a class=\"more-link\" href=\"https:\/\/dahua.evosec.eu\/hu\/intelbras-dvr-nvr-password-reset-recovery\/\">Continue Reading IntelBras DVR \/ NVR Password Reset Or Recovery<\/a>","protected":false},"author":1,"featured_media":0,"parent":0,"menu_order":0,"comment_status":"closed","ping_status":"closed","template":"","meta":{"footnotes":""},"class_list":["post-1025","page","type-page","status-publish","hentry"],"translation":{"provider":"WPGlobus","version":"3.0.1","language":"hu","enabled_languages":["en","da","de","es","fi","fr","it","hu","nl","no","pt","pl","ru","sv","ja"],"languages":{"en":{"title":true,"content":true,"excerpt":false},"da":{"title":false,"content":false,"excerpt":false},"de":{"title":false,"content":false,"excerpt":false},"es":{"title":false,"content":false,"excerpt":false},"fi":{"title":false,"content":false,"excerpt":false},"fr":{"title":false,"content":false,"excerpt":false},"it":{"title":false,"content":false,"excerpt":false},"hu":{"title":false,"content":false,"excerpt":false},"nl":{"title":false,"content":false,"excerpt":false},"no":{"title":false,"content":false,"excerpt":false},"pt":{"title":false,"content":false,"excerpt":false},"pl":{"title":false,"content":false,"excerpt":false},"ru":{"title":false,"content":false,"excerpt":false},"sv":{"title":false,"content":false,"excerpt":false},"ja":{"title":false,"content":false,"excerpt":false}}},"yoast_head":"<!-- This site is optimized with the Yoast SEO plugin v27.3 - https:\/\/yoast.com\/product\/yoast-seo-wordpress\/ -->\n<title>IntelBras DVR \/ NVR Password Reset Or Recovery - A DAHUA term\u00e9kek a pr\u00e9mium-tan\u00e1csad\u00e1st<\/title>\n<meta name=\"robots\" content=\"index, follow, max-snippet:-1, max-image-preview:large, max-video-preview:-1\" \/>\n<link rel=\"canonical\" href=\"https:\/\/dahua.evosec.eu\/intelbras-dvr-nvr-password-reset-recovery\/\" \/>\n<meta property=\"og:locale\" content=\"hu_HU\" \/>\n<meta property=\"og:type\" content=\"article\" \/>\n<meta property=\"og:title\" content=\"IntelBras DVR \/ NVR Password Reset Or Recovery - A DAHUA term\u00e9kek a pr\u00e9mium-tan\u00e1csad\u00e1st\" \/>\n<meta property=\"og:url\" content=\"https:\/\/dahua.evosec.eu\/intelbras-dvr-nvr-password-reset-recovery\/\" \/>\n<meta property=\"og:site_name\" content=\"A DAHUA term\u00e9kek a pr\u00e9mium-tan\u00e1csad\u00e1st\" \/>\n<meta property=\"article:publisher\" content=\"https:\/\/www.facebook.com\/euroevosolutions\" \/>\n<meta property=\"article:modified_time\" content=\"2017-03-25T16:29:40+00:00\" \/>\n<meta property=\"og:image\" content=\"http:\/\/dahua.evosec.eu\/wp-content\/uploads\/2017\/03\/v1_login.png\" \/>\n<meta name=\"twitter:card\" content=\"summary_large_image\" \/>\n<meta name=\"twitter:site\" content=\"@evosec_eu\" \/>\n<meta name=\"twitter:label1\" content=\"Becs\u00fclt olvas\u00e1si id\u0151\" \/>\n\t<meta name=\"twitter:data1\" content=\"1 perc\" \/>\n<script type=\"application\/ld+json\" class=\"yoast-schema-graph\">{\"@context\":\"https:\\\/\\\/schema.org\",\"@graph\":[{\"@type\":\"WebPage\",\"@id\":\"https:\\\/\\\/dahua.evosec.eu\\\/intelbras-dvr-nvr-password-reset-recovery\\\/\",\"url\":\"https:\\\/\\\/dahua.evosec.eu\\\/intelbras-dvr-nvr-password-reset-recovery\\\/\",\"name\":\"IntelBras DVR \\\/ NVR Password Reset Or Recovery - A DAHUA term\u00e9kek a pr\u00e9mium-tan\u00e1csad\u00e1st\",\"isPartOf\":{\"@id\":\"https:\\\/\\\/dahua.evosec.eu\\\/#website\"},\"primaryImageOfPage\":{\"@id\":\"https:\\\/\\\/dahua.evosec.eu\\\/intelbras-dvr-nvr-password-reset-recovery\\\/#primaryimage\"},\"image\":{\"@id\":\"https:\\\/\\\/dahua.evosec.eu\\\/intelbras-dvr-nvr-password-reset-recovery\\\/#primaryimage\"},\"thumbnailUrl\":\"http:\\\/\\\/dahua.evosec.eu\\\/wp-content\\\/uploads\\\/2017\\\/03\\\/v1_login.png\",\"datePublished\":\"2017-02-22T23:11:14+00:00\",\"dateModified\":\"2017-03-25T16:29:40+00:00\",\"description\":\"We got the solution(s) to your problems! We offer a fast way for you to reset and change any password used on older or newer IntelBras products.\",\"breadcrumb\":{\"@id\":\"https:\\\/\\\/dahua.evosec.eu\\\/intelbras-dvr-nvr-password-reset-recovery\\\/#breadcrumb\"},\"inLanguage\":\"hu\",\"potentialAction\":[{\"@type\":\"ReadAction\",\"target\":[\"https:\\\/\\\/dahua.evosec.eu\\\/intelbras-dvr-nvr-password-reset-recovery\\\/\"]}]},{\"@type\":\"ImageObject\",\"inLanguage\":\"hu\",\"@id\":\"https:\\\/\\\/dahua.evosec.eu\\\/intelbras-dvr-nvr-password-reset-recovery\\\/#primaryimage\",\"url\":\"http:\\\/\\\/dahua.evosec.eu\\\/wp-content\\\/uploads\\\/2017\\\/03\\\/v1_login.png\",\"contentUrl\":\"http:\\\/\\\/dahua.evosec.eu\\\/wp-content\\\/uploads\\\/2017\\\/03\\\/v1_login.png\"},{\"@type\":\"BreadcrumbList\",\"@id\":\"https:\\\/\\\/dahua.evosec.eu\\\/intelbras-dvr-nvr-password-reset-recovery\\\/#breadcrumb\",\"itemListElement\":[{\"@type\":\"ListItem\",\"position\":1,\"name\":\"Home\",\"item\":\"https:\\\/\\\/dahua.evosec.eu\\\/\"},{\"@type\":\"ListItem\",\"position\":2,\"name\":\"IntelBras DVR \\\/ NVR Password Reset Or Recovery\"}]},{\"@type\":\"WebSite\",\"@id\":\"https:\\\/\\\/dahua.evosec.eu\\\/#website\",\"url\":\"https:\\\/\\\/dahua.evosec.eu\\\/\",\"name\":\"A DAHUA term\u00e9kek a pr\u00e9mium-tan\u00e1csad\u00e1st\",\"description\":\"3. f\u00e9l v\u00e1llalat tapasztalt DAHUA term\u00e9kek\",\"potentialAction\":[{\"@type\":\"SearchAction\",\"target\":{\"@type\":\"EntryPoint\",\"urlTemplate\":\"https:\\\/\\\/dahua.evosec.eu\\\/?s={search_term_string}\"},\"query-input\":{\"@type\":\"PropertyValueSpecification\",\"valueRequired\":true,\"valueName\":\"search_term_string\"}}],\"inLanguage\":\"hu\"}]}<\/script>\n<!-- \/ Yoast SEO plugin. -->","yoast_head_json":{"title":"IntelBras DVR \/ NVR Password Reset Or Recovery - A DAHUA term\u00e9kek a pr\u00e9mium-tan\u00e1csad\u00e1st","robots":{"index":"index","follow":"follow","max-snippet":"max-snippet:-1","max-image-preview":"max-image-preview:large","max-video-preview":"max-video-preview:-1"},"canonical":"https:\/\/dahua.evosec.eu\/intelbras-dvr-nvr-password-reset-recovery\/","og_locale":"hu_HU","og_type":"article","og_title":"IntelBras DVR \/ NVR Password Reset Or Recovery - A DAHUA term\u00e9kek a pr\u00e9mium-tan\u00e1csad\u00e1st","og_url":"https:\/\/dahua.evosec.eu\/intelbras-dvr-nvr-password-reset-recovery\/","og_site_name":"A DAHUA term\u00e9kek a pr\u00e9mium-tan\u00e1csad\u00e1st","article_publisher":"https:\/\/www.facebook.com\/euroevosolutions","article_modified_time":"2017-03-25T16:29:40+00:00","og_image":[{"url":"http:\/\/dahua.evosec.eu\/wp-content\/uploads\/2017\/03\/v1_login.png","type":"","width":"","height":""}],"twitter_card":"summary_large_image","twitter_site":"@evosec_eu","twitter_misc":{"Becs\u00fclt olvas\u00e1si id\u0151":"1 perc"},"schema":{"@context":"https:\/\/schema.org","@graph":[{"@type":"WebPage","@id":"https:\/\/dahua.evosec.eu\/intelbras-dvr-nvr-password-reset-recovery\/","url":"https:\/\/dahua.evosec.eu\/intelbras-dvr-nvr-password-reset-recovery\/","name":"IntelBras DVR \/ NVR Password Reset Or Recovery - A DAHUA term\u00e9kek a pr\u00e9mium-tan\u00e1csad\u00e1st","isPartOf":{"@id":"https:\/\/dahua.evosec.eu\/#website"},"primaryImageOfPage":{"@id":"https:\/\/dahua.evosec.eu\/intelbras-dvr-nvr-password-reset-recovery\/#primaryimage"},"image":{"@id":"https:\/\/dahua.evosec.eu\/intelbras-dvr-nvr-password-reset-recovery\/#primaryimage"},"thumbnailUrl":"http:\/\/dahua.evosec.eu\/wp-content\/uploads\/2017\/03\/v1_login.png","datePublished":"2017-02-22T23:11:14+00:00","dateModified":"2017-03-25T16:29:40+00:00","description":"We got the solution(s) to your problems! We offer a fast way for you to reset and change any password used on older or newer IntelBras products.","breadcrumb":{"@id":"https:\/\/dahua.evosec.eu\/intelbras-dvr-nvr-password-reset-recovery\/#breadcrumb"},"inLanguage":"hu","potentialAction":[{"@type":"ReadAction","target":["https:\/\/dahua.evosec.eu\/intelbras-dvr-nvr-password-reset-recovery\/"]}]},{"@type":"ImageObject","inLanguage":"hu","@id":"https:\/\/dahua.evosec.eu\/intelbras-dvr-nvr-password-reset-recovery\/#primaryimage","url":"http:\/\/dahua.evosec.eu\/wp-content\/uploads\/2017\/03\/v1_login.png","contentUrl":"http:\/\/dahua.evosec.eu\/wp-content\/uploads\/2017\/03\/v1_login.png"},{"@type":"BreadcrumbList","@id":"https:\/\/dahua.evosec.eu\/intelbras-dvr-nvr-password-reset-recovery\/#breadcrumb","itemListElement":[{"@type":"ListItem","position":1,"name":"Home","item":"https:\/\/dahua.evosec.eu\/"},{"@type":"ListItem","position":2,"name":"IntelBras DVR \/ NVR Password Reset Or Recovery"}]},{"@type":"WebSite","@id":"https:\/\/dahua.evosec.eu\/#website","url":"https:\/\/dahua.evosec.eu\/","name":"A DAHUA term\u00e9kek a pr\u00e9mium-tan\u00e1csad\u00e1st","description":"3. f\u00e9l v\u00e1llalat tapasztalt DAHUA term\u00e9kek","potentialAction":[{"@type":"SearchAction","target":{"@type":"EntryPoint","urlTemplate":"https:\/\/dahua.evosec.eu\/?s={search_term_string}"},"query-input":{"@type":"PropertyValueSpecification","valueRequired":true,"valueName":"search_term_string"}}],"inLanguage":"hu"}]}},"_links":{"self":[{"href":"https:\/\/dahua.evosec.eu\/hu\/wp-json\/wp\/v2\/pages\/1025","targetHints":{"allow":["GET"]}}],"collection":[{"href":"https:\/\/dahua.evosec.eu\/hu\/wp-json\/wp\/v2\/pages"}],"about":[{"href":"https:\/\/dahua.evosec.eu\/hu\/wp-json\/wp\/v2\/types\/page"}],"author":[{"embeddable":true,"href":"https:\/\/dahua.evosec.eu\/hu\/wp-json\/wp\/v2\/users\/1"}],"replies":[{"embeddable":true,"href":"https:\/\/dahua.evosec.eu\/hu\/wp-json\/wp\/v2\/comments?post=1025"}],"version-history":[{"count":0,"href":"https:\/\/dahua.evosec.eu\/hu\/wp-json\/wp\/v2\/pages\/1025\/revisions"}],"wp:attachment":[{"href":"https:\/\/dahua.evosec.eu\/hu\/wp-json\/wp\/v2\/media?parent=1025"}],"curies":[{"name":"wp","href":"https:\/\/api.w.org\/{rel}","templated":true}]}}