{"id":1123,"date":"2017-03-17T03:13:28","date_gmt":"2017-03-17T03:13:28","guid":{"rendered":"http:\/\/dahua.evosec.eu\/?page_id=1123"},"modified":"2017-03-25T16:28:56","modified_gmt":"2017-03-25T16:28:56","slug":"fast-remote-dahua-password-reset-dvr-nvr-hcvr-ip-camera-speeddome-camera","status":"publish","type":"page","link":"https:\/\/dahua.evosec.eu\/hu\/fast-remote-dahua-password-reset-dvr-nvr-hcvr-ip-camera-speeddome-camera\/","title":{"rendered":"Gyors T\u00e1voli DAHUA Jelsz\u00f3 Orrgazdas\u00e1g &#8211; A DVR \/ NVR \/ HCVR \/ IP Kamera \/ SpeedDome Kamera"},"content":{"rendered":"<div class=\"alert alert-success\" role=\"alert\">\n<div class=\"row\">\n<div class=\"col-md-1\">\n<i class=\"fa fa-money fa-3x\" aria-hidden=\"true\"><\/i>\n<\/div>\n<div class=\"col-md-11\">\nMegvan a megold\u00e1s (ok), hogy a probl\u00e9m\u00e1kat! K\u00edn\u00e1lunk egy gyors \u00fat \u00e9rted-hoz orrgazdas\u00e1g \u00e9s cser\u00e9l ak\u00e1rmi jelsz\u00f3 haszn\u00e1lt r\u00e9gebbi vagy \u00fajabb DAHUA term\u00e9kek.\n<\/div>\n<\/div>\n<\/div>\n<p>\n<strong>Szerkezet-val majdnem ak\u00e1rmi DAHUA berendez\u00e9s &#8211; IP Camera, HDCVI DVR, NVR, Video Door Phone stb <\/strong> Mi csak kell IP, vagy a DDNS \/ dinamikus DNS \/ domain nevet \u00e9s a <strong>WEB-port*<\/strong> (nem adat\/37777 port).\n<\/p>\n<p>\nMi a jelsz\u00f3, \u00e9s elk\u00fcldj\u00fck \u00d6nnek az ideiglenes jelszav\u00e1t (e-mail) \u00fatj\u00e1n. Nem kell USB, VGA vagy HDMI-hozz\u00e1f\u00e9r\u00e9st. Egyszer\u0171 \u00e9s gyors! Megrendel\u00e9s most &#8211; <strong>csak 9.99USD<\/strong>!\n<\/p>\n<hr \/>\n<form class=\"wpcf7-form evo-pass-rec\" action=\"https:\/\/www.paypal.com\/cgi-bin\/webscr\" method=\"post\"><img alt=\"\" border=\"\" width=\"1\" height=\"1\" ><input name=\"cmd\" type=\"hidden\" value=\"_xclick\" \/><input name=\"business\" type=\"hidden\" value=\"mirceapetrescu2004@yahoo.com\" \/><input name=\"item_name\" type=\"hidden\" value=\"DAHUA: Remote Password Recovery\" \/><input name=\"item_number\" type=\"hidden\" value=\"1\" \/><input name=\"amount\" type=\"hidden\" value=\"9.99\" \/><input name=\"no_shipping\" type=\"hidden\" value=\"1\" \/><input name=\"currency_code\" type=\"hidden\" value=\"USD\" \/><input name=\"return\" type=\"hidden\" value=\"http:\/\/dahua.evosec.eu\/thank-you-for-your-payment\/\" \/><input name=\"image_url\" type=\"hidden\" value=\"http:\/\/dahua.evosec.eu\/assets\/pp_logo.png\" \/><input name=\"cancel_return\" type=\"hidden\" value=\"http:\/\/dahua.evosec.eu\/payment-denied-or-canceled\/\" \/><input name=\"cbt\" type=\"hidden\" value=\"Return to DAHUA Premium Support Services\" \/><input name=\"cpp_cart_border_color\" type=\"hidden\" value=\"#7F7F7F\" \/>\n<input type=\"submit\" class=\"form-control btn-primary DHPassOrder\" value=\"Rendel\u00e9s - csak 9.99$\" onClick=\"ga('send', 'event', { eventCategory: 'Payments', eventAction: 'HCVR Pass Send En'});\" \/> \n<\/form><br \/><br \/>\n<p class=\"well well-info\">\n*WEB port \u00e1ltal\u00e1ban 80, ha hozz\u00e1 tud f\u00e9rni a f\u00e9nyk\u00e9pez\u0151g\u00e9p kereszt\u00fcl IE \/ Chrome \/ \u00e9l, akkor is, ha egy router m\u00f6g\u00f6tt.\n<\/p>\n<p class=\"well well-success\">\nP\u00e9nz-visszafizet\u00e9si garancia z\u00e1rad\u00e9k: Ha szolg\u00e1ltat\u00e1sunk nem (ad hozz\u00e1f\u00e9r\u00e9st a berendez\u00e9s \u00fajra), mi lesz a teljes visszat\u00e9r\u00edt\u00e9st akkor! Mi a kifizet\u00e9sek feldolgoz\u00e1sa biztons\u00e1gosan PayPal rendszer\u00e9n kereszt\u00fcl!\n<\/p>\n","protected":false},"excerpt":{"rendered":"Megvan a megold\u00e1s (ok), hogy a probl\u00e9m\u00e1kat! K\u00edn\u00e1lunk egy gyors \u00fat \u00e9rted-hoz orrgazdas\u00e1g \u00e9s cser\u00e9l ak\u00e1rmi jelsz\u00f3 haszn\u00e1lt r\u00e9gebbi vagy \u00fajabb DAHUA term\u00e9kek. Szerkezet-val majdnem ak\u00e1rmi DAHUA berendez\u00e9s &#8211; IP Camera, HDCVI DVR, NVR, Video Door Phone stb Mi csak kell IP, vagy a DDNS \/ dinamikus DNS \/ domain nevet \u00e9s a WEB-port* (nem&hellip; <a class=\"more-link\" href=\"https:\/\/dahua.evosec.eu\/hu\/fast-remote-dahua-password-reset-dvr-nvr-hcvr-ip-camera-speeddome-camera\/\">Continue Reading Gyors T\u00e1voli DAHUA Jelsz\u00f3 Orrgazdas\u00e1g &#8211; A DVR \/ NVR \/ HCVR \/ IP Kamera \/ SpeedDome Kamera<\/a>","protected":false},"author":1,"featured_media":0,"parent":0,"menu_order":0,"comment_status":"closed","ping_status":"closed","template":"","meta":{"footnotes":""},"class_list":["post-1123","page","type-page","status-publish","hentry"],"translation":{"provider":"WPGlobus","version":"3.0.1","language":"hu","enabled_languages":["en","da","de","es","fi","fr","it","hu","nl","no","pt","pl","ru","sv","ja"],"languages":{"en":{"title":true,"content":true,"excerpt":false},"da":{"title":true,"content":true,"excerpt":false},"de":{"title":true,"content":true,"excerpt":false},"es":{"title":true,"content":true,"excerpt":false},"fi":{"title":true,"content":true,"excerpt":false},"fr":{"title":true,"content":true,"excerpt":false},"it":{"title":true,"content":true,"excerpt":false},"hu":{"title":true,"content":true,"excerpt":false},"nl":{"title":true,"content":true,"excerpt":false},"no":{"title":true,"content":true,"excerpt":false},"pt":{"title":true,"content":true,"excerpt":false},"pl":{"title":true,"content":true,"excerpt":false},"ru":{"title":true,"content":true,"excerpt":false},"sv":{"title":true,"content":true,"excerpt":false},"ja":{"title":true,"content":true,"excerpt":false}}},"yoast_head":"<!-- This site is optimized with the Yoast SEO plugin v27.5 - https:\/\/yoast.com\/product\/yoast-seo-wordpress\/ -->\n<title>Gyors T\u00e1voli DAHUA Jelsz\u00f3 Orrgazdas\u00e1g - A DVR \/ NVR \/ HCVR \/ IP Kamera \/ SpeedDome Kamera - A DAHUA term\u00e9kek a pr\u00e9mium-tan\u00e1csad\u00e1st<\/title>\n<meta name=\"robots\" content=\"index, follow, max-snippet:-1, max-image-preview:large, max-video-preview:-1\" \/>\n<link rel=\"canonical\" href=\"https:\/\/dahua.evosec.eu\/fast-remote-dahua-password-reset-dvr-nvr-hcvr-ip-camera-speeddome-camera\/\" \/>\n<meta property=\"og:locale\" content=\"hu_HU\" \/>\n<meta property=\"og:type\" content=\"article\" \/>\n<meta property=\"og:title\" content=\"Gyors T\u00e1voli DAHUA Jelsz\u00f3 Orrgazdas\u00e1g - A DVR \/ NVR \/ HCVR \/ IP Kamera \/ SpeedDome Kamera - A DAHUA term\u00e9kek a pr\u00e9mium-tan\u00e1csad\u00e1st\" \/>\n<meta property=\"og:url\" content=\"https:\/\/dahua.evosec.eu\/fast-remote-dahua-password-reset-dvr-nvr-hcvr-ip-camera-speeddome-camera\/\" \/>\n<meta property=\"og:site_name\" content=\"A DAHUA term\u00e9kek a pr\u00e9mium-tan\u00e1csad\u00e1st\" \/>\n<meta property=\"article:publisher\" content=\"https:\/\/www.facebook.com\/euroevosolutions\" \/>\n<meta property=\"article:modified_time\" content=\"2017-03-25T16:28:56+00:00\" \/>\n<meta name=\"twitter:card\" content=\"summary_large_image\" \/>\n<meta name=\"twitter:site\" content=\"@evosec_eu\" \/>\n<meta name=\"twitter:label1\" content=\"Becs\u00fclt olvas\u00e1si id\u0151\" \/>\n\t<meta name=\"twitter:data1\" content=\"10 perc\" \/>\n<script type=\"application\/ld+json\" class=\"yoast-schema-graph\">{\"@context\":\"https:\\\/\\\/schema.org\",\"@graph\":[{\"@type\":\"WebPage\",\"@id\":\"https:\\\/\\\/dahua.evosec.eu\\\/fast-remote-dahua-password-reset-dvr-nvr-hcvr-ip-camera-speeddome-camera\\\/\",\"url\":\"https:\\\/\\\/dahua.evosec.eu\\\/fast-remote-dahua-password-reset-dvr-nvr-hcvr-ip-camera-speeddome-camera\\\/\",\"name\":\"Gyors T\u00e1voli DAHUA Jelsz\u00f3 Orrgazdas\u00e1g - A DVR \\\/ NVR \\\/ HCVR \\\/ IP Kamera \\\/ SpeedDome Kamera - A DAHUA term\u00e9kek a pr\u00e9mium-tan\u00e1csad\u00e1st\",\"isPartOf\":{\"@id\":\"https:\\\/\\\/dahua.evosec.eu\\\/#website\"},\"datePublished\":\"2017-03-17T03:13:28+00:00\",\"dateModified\":\"2017-03-25T16:28:56+00:00\",\"description\":\"We got the solution(s) to your problems! We offer a fast way for you to reset and change any password used on older or newer DAHUA products.\",\"breadcrumb\":{\"@id\":\"https:\\\/\\\/dahua.evosec.eu\\\/fast-remote-dahua-password-reset-dvr-nvr-hcvr-ip-camera-speeddome-camera\\\/#breadcrumb\"},\"inLanguage\":\"hu\",\"potentialAction\":[{\"@type\":\"ReadAction\",\"target\":[\"https:\\\/\\\/dahua.evosec.eu\\\/fast-remote-dahua-password-reset-dvr-nvr-hcvr-ip-camera-speeddome-camera\\\/\"]}]},{\"@type\":\"BreadcrumbList\",\"@id\":\"https:\\\/\\\/dahua.evosec.eu\\\/fast-remote-dahua-password-reset-dvr-nvr-hcvr-ip-camera-speeddome-camera\\\/#breadcrumb\",\"itemListElement\":[{\"@type\":\"ListItem\",\"position\":1,\"name\":\"Home\",\"item\":\"https:\\\/\\\/dahua.evosec.eu\\\/\"},{\"@type\":\"ListItem\",\"position\":2,\"name\":\"Fast Remote DAHUA Password Reset &#8211; for DVR \\\/ NVR \\\/ HCVR \\\/ IP Camera \\\/ SpeedDome Camera\"}]},{\"@type\":\"WebSite\",\"@id\":\"https:\\\/\\\/dahua.evosec.eu\\\/#website\",\"url\":\"https:\\\/\\\/dahua.evosec.eu\\\/\",\"name\":\"A DAHUA term\u00e9kek a pr\u00e9mium-tan\u00e1csad\u00e1st\",\"description\":\"3. f\u00e9l v\u00e1llalat tapasztalt DAHUA term\u00e9kek\",\"potentialAction\":[{\"@type\":\"SearchAction\",\"target\":{\"@type\":\"EntryPoint\",\"urlTemplate\":\"https:\\\/\\\/dahua.evosec.eu\\\/?s={search_term_string}\"},\"query-input\":{\"@type\":\"PropertyValueSpecification\",\"valueRequired\":true,\"valueName\":\"search_term_string\"}}],\"inLanguage\":\"hu\"}]}<\/script>\n<!-- \/ Yoast SEO plugin. -->","yoast_head_json":{"title":"Gyors T\u00e1voli DAHUA Jelsz\u00f3 Orrgazdas\u00e1g - A DVR \/ NVR \/ HCVR \/ IP Kamera \/ SpeedDome Kamera - A DAHUA term\u00e9kek a pr\u00e9mium-tan\u00e1csad\u00e1st","robots":{"index":"index","follow":"follow","max-snippet":"max-snippet:-1","max-image-preview":"max-image-preview:large","max-video-preview":"max-video-preview:-1"},"canonical":"https:\/\/dahua.evosec.eu\/fast-remote-dahua-password-reset-dvr-nvr-hcvr-ip-camera-speeddome-camera\/","og_locale":"hu_HU","og_type":"article","og_title":"Gyors T\u00e1voli DAHUA Jelsz\u00f3 Orrgazdas\u00e1g - A DVR \/ NVR \/ HCVR \/ IP Kamera \/ SpeedDome Kamera - A DAHUA term\u00e9kek a pr\u00e9mium-tan\u00e1csad\u00e1st","og_url":"https:\/\/dahua.evosec.eu\/fast-remote-dahua-password-reset-dvr-nvr-hcvr-ip-camera-speeddome-camera\/","og_site_name":"A DAHUA term\u00e9kek a pr\u00e9mium-tan\u00e1csad\u00e1st","article_publisher":"https:\/\/www.facebook.com\/euroevosolutions","article_modified_time":"2017-03-25T16:28:56+00:00","twitter_card":"summary_large_image","twitter_site":"@evosec_eu","twitter_misc":{"Becs\u00fclt olvas\u00e1si id\u0151":"10 perc"},"schema":{"@context":"https:\/\/schema.org","@graph":[{"@type":"WebPage","@id":"https:\/\/dahua.evosec.eu\/fast-remote-dahua-password-reset-dvr-nvr-hcvr-ip-camera-speeddome-camera\/","url":"https:\/\/dahua.evosec.eu\/fast-remote-dahua-password-reset-dvr-nvr-hcvr-ip-camera-speeddome-camera\/","name":"Gyors T\u00e1voli DAHUA Jelsz\u00f3 Orrgazdas\u00e1g - A DVR \/ NVR \/ HCVR \/ IP Kamera \/ SpeedDome Kamera - A DAHUA term\u00e9kek a pr\u00e9mium-tan\u00e1csad\u00e1st","isPartOf":{"@id":"https:\/\/dahua.evosec.eu\/#website"},"datePublished":"2017-03-17T03:13:28+00:00","dateModified":"2017-03-25T16:28:56+00:00","description":"We got the solution(s) to your problems! We offer a fast way for you to reset and change any password used on older or newer DAHUA products.","breadcrumb":{"@id":"https:\/\/dahua.evosec.eu\/fast-remote-dahua-password-reset-dvr-nvr-hcvr-ip-camera-speeddome-camera\/#breadcrumb"},"inLanguage":"hu","potentialAction":[{"@type":"ReadAction","target":["https:\/\/dahua.evosec.eu\/fast-remote-dahua-password-reset-dvr-nvr-hcvr-ip-camera-speeddome-camera\/"]}]},{"@type":"BreadcrumbList","@id":"https:\/\/dahua.evosec.eu\/fast-remote-dahua-password-reset-dvr-nvr-hcvr-ip-camera-speeddome-camera\/#breadcrumb","itemListElement":[{"@type":"ListItem","position":1,"name":"Home","item":"https:\/\/dahua.evosec.eu\/"},{"@type":"ListItem","position":2,"name":"Fast Remote DAHUA Password Reset &#8211; for DVR \/ NVR \/ HCVR \/ IP Camera \/ SpeedDome Camera"}]},{"@type":"WebSite","@id":"https:\/\/dahua.evosec.eu\/#website","url":"https:\/\/dahua.evosec.eu\/","name":"A DAHUA term\u00e9kek a pr\u00e9mium-tan\u00e1csad\u00e1st","description":"3. f\u00e9l v\u00e1llalat tapasztalt DAHUA term\u00e9kek","potentialAction":[{"@type":"SearchAction","target":{"@type":"EntryPoint","urlTemplate":"https:\/\/dahua.evosec.eu\/?s={search_term_string}"},"query-input":{"@type":"PropertyValueSpecification","valueRequired":true,"valueName":"search_term_string"}}],"inLanguage":"hu"}]}},"_links":{"self":[{"href":"https:\/\/dahua.evosec.eu\/hu\/wp-json\/wp\/v2\/pages\/1123","targetHints":{"allow":["GET"]}}],"collection":[{"href":"https:\/\/dahua.evosec.eu\/hu\/wp-json\/wp\/v2\/pages"}],"about":[{"href":"https:\/\/dahua.evosec.eu\/hu\/wp-json\/wp\/v2\/types\/page"}],"author":[{"embeddable":true,"href":"https:\/\/dahua.evosec.eu\/hu\/wp-json\/wp\/v2\/users\/1"}],"replies":[{"embeddable":true,"href":"https:\/\/dahua.evosec.eu\/hu\/wp-json\/wp\/v2\/comments?post=1123"}],"version-history":[{"count":0,"href":"https:\/\/dahua.evosec.eu\/hu\/wp-json\/wp\/v2\/pages\/1123\/revisions"}],"wp:attachment":[{"href":"https:\/\/dahua.evosec.eu\/hu\/wp-json\/wp\/v2\/media?parent=1123"}],"curies":[{"name":"wp","href":"https:\/\/api.w.org\/{rel}","templated":true}]}}