{"id":13,"date":"2015-06-11T14:23:18","date_gmt":"2015-06-11T14:23:18","guid":{"rendered":"http:\/\/dahua.evosec.eu\/?page_id=13"},"modified":"2018-08-24T00:50:03","modified_gmt":"2018-08-23T23:50:03","slug":"password-recovery","status":"publish","type":"page","link":"https:\/\/dahua.evosec.eu\/hu\/password-recovery\/","title":{"rendered":"DAHUA Jelsz\u00f3 M\u00f3dos\u00edt\u00e1s Vagy Orrgazdas\u00e1g"},"content":{"rendered":"<div class=\"alert alert-success\" role=\"alert\">\r\n<div class=\"row\">\r\n<div class=\"col-md-1\">\r\n<i class=\"fa fa-money fa-3x\" aria-hidden=\"true\"><\/i>\r\n<\/div>\r\n<div class=\"col-md-11\">\r\nMegvan a megold\u00e1s (ok), hogy a probl\u00e9m\u00e1kat! K\u00edn\u00e1lunk egy gyors \u00e9s k\u00f6nny\u0171 \u00fat \u00e9rted-hoz orrgazdas\u00e1g \u00e9s cser\u00e9l ak\u00e1rmi jelsz\u00f3 haszn\u00e1lt r\u00e9gebbi vagy \u00fajabb DAHUA term\u00e9kek.\r\n<\/div>\r\n<\/div>\r\n<\/div>\r\n<hr \/>\r\n<div class=\"alert alert-info text-center lead\" role=\"alert\">\r\n    <i class=\"fa fa-info-circle fa-fw\" aria-hidden=\"true\"><\/i> \r\n    <a href=\"https:\/\/dahua-passwords.evosec.eu\/\">N\u00e9zze meg az \u00faj \u00e9s tov\u00e1bbfejlesztett szolg\u00e1ltat\u00e1s &#8211; https:\/\/dahua-passwords.evosec.eu\/<\/a>\r\n    <i class=\"fa fa-info-circle fa-fw\" aria-hidden=\"true\"><\/i>\r\n<\/div>\r\n<hr \/>\r\n<br \/>\r\n<div style=\"text-align:justify\">Elvesztette a jelszav\u00e1t, a DAHUA (vagy eszk\u00f6z\u00f6k), vagy nem eml\u00e9kszem r\u00e1, mi seg\u00edt\u00fcnk &#8211; utas\u00edt\u00e1sokat \u00e9s egy egyedi, ideiglenes jelsz\u00f3t (\u00e9rv\u00e9nyes csak egy nap). Nem kell felnyitni a k\u00e9sz\u00fcl\u00e9ket, nincs elint\u00e9z\u00e9s van orrgazdas\u00e1g, \u00e9s nem fogja elvesz\u00edteni minden inform\u00e1ci\u00f3t.<br \/>\r\nAkkor kap fizikai hozz\u00e1f\u00e9r\u00e9st az eszk\u00f6zh\u00f6z, \u00e9s k\u00f6vesse az utas\u00edt\u00e1sokat haszn\u00e1l egy eg\u00e9r, USB porton kereszt\u00fcl csatlakoztatva.<\/div>\r\n<br \/>\r\n<div class=\"alert alert-warning text-center\" role=\"alert\"><i class=\"fa fa-exclamation-triangle fa-fw\" aria-hidden=\"true\"><\/i> Ha a d\u00e1tum a k\u00e9sz\u00fcl\u00e9ken elt\u00e9r az aktu\u00e1lis d\u00e1tumt\u00f3l, ki kell a m\u00e1sodik lehet\u0151s\u00e9g &#8211; <strong>Speci\u00e1lis<\/strong>! <i class=\"fa fa-exclamation-triangle fa-fw\" aria-hidden=\"true\"><\/i><\/div>\r\n<br \/>\r\n<div class=\"panel panel-default panel-primary\">\r\n<div class=\"panel-heading\">Amit a szolg\u00e1ltat\u00e1s \u00d6nnek jobb?<\/div>\r\n  <div class=\"panel-body\">\r\n<div class=\"DHPass\">\r\n    <div class=\"row\">\r\n        <div class=\"col-xs-12 col-sm-offset-4 col-sm-8\">\r\n            <div class=\"row\">\r\n                <div class=\"col-xs-4 PlanHeader Plan1\">\r\n                    <div class=\"PlanTitle\">Egyszer\u0171<\/div>\r\n                    <div class=\"PlanPrice\">4.99$<\/div>\r\n                <\/div>\r\n                <div class=\"col-xs-4 PlanHeader Plan2\">\r\n                    <div class=\"PlanTitle\">Speci\u00e1lis<\/div>\r\n                    <div class=\"PlanPrice\">9.99$<\/div>\r\n                <\/div>\r\n                <div class=\"col-xs-4 PlanHeader Plan3\">\r\n                    <div class=\"PlanTitle\">Szak\u00e9rt\u0151<\/div>\r\n                    <div class=\"PlanPrice\">29.99$<\/div>\r\n                <\/div>\r\n            <\/div>\r\n        <\/div>\r\n    <\/div>\r\n    <div class=\"row PriceFeatureRow\">\r\n        <div class=\"col-xs-12 col-sm-4 PlanFeature\">\r\n            Ideiglenes jelsz\u00f3\r\n        <\/div>\r\n        <div class=\"col-xs-12 col-sm-8\">\r\n            <div class=\"row\">\r\n                <div class=\"col-xs-4 col-sm-4 PlanFeature Plan1\">\r\n                    <i class=\"fa fa-check PlanCheck\"><\/i>\r\n                <\/div>\r\n                <div class=\"col-xs-4 col-sm-4 PlanFeature Plan2\">\r\n                    <i class=\"fa fa-check PlanCheck\"><\/i>\r\n                <\/div>\r\n                <div class=\"col-xs-4 col-sm-4 PlanFeature Plan3\">\r\n                    <i class=\"fa fa-check PlanCheck\"><\/i>\r\n                <\/div>\r\n            <\/div>\r\n        <\/div>\r\n    <\/div>\r\n    <div class=\"row PriceFeatureRow\">\r\n        <div class=\"col-xs-12 col-sm-4 PlanFeature\">\r\n            Digit\u00e1lis \u00fatmutat\u00f3 (PDF)\r\n        <\/div>\r\n        <div class=\"col-xs-12 col-sm-8\">\r\n            <div class=\"row\">\r\n                <div class=\"col-xs-4 col-sm-4 PlanFeature Plan1\">\r\n                    <i class=\"fa fa-check PlanCheck\"><\/i>\r\n                <\/div>\r\n                <div class=\"col-xs-4 col-sm-4 PlanFeature Plan2\">\r\n                    <i class=\"fa fa-check PlanCheck\"><\/i>\r\n                <\/div>\r\n                <div class=\"col-xs-4 col-sm-4 PlanFeature Plan3\">\r\n                    <i class=\"fa fa-check PlanCheck\"><\/i>\r\n                <\/div>\r\n            <\/div>\r\n        <\/div>\r\n    <\/div>\r\n    <div class=\"row PriceFeatureRow\">\r\n        <div class=\"col-xs-12 col-sm-4 PlanFeature\">\r\n            T\u00e1mogat\u00e1s e-mailen kereszt\u00fcl\r\n        <\/div>\r\n        <div class=\"col-xs-12 col-sm-8\">\r\n            <div class=\"row\">\r\n                <div class=\"col-xs-4 col-sm-4 PlanFeature Plan1\">\r\n                    <i class=\"fa fa-times-circle PlanUnCheck\"><\/i>\r\n                <\/div>\r\n                <div class=\"col-xs-4 col-sm-4 PlanFeature Plan2\">\r\n                    <i class=\"fa fa-check PlanCheck\"><\/i>\r\n                <\/div>\r\n                <div class=\"col-xs-4 col-sm-4 PlanFeature Plan3\">\r\n                    <i class=\"fa fa-check PlanCheck\"><\/i>\r\n                <\/div>\r\n            <\/div>\r\n        <\/div>\r\n    <\/div>\r\n   <div class=\"row PriceFeatureRow\">\r\n        <div class=\"col-xs-12 col-sm-4 PlanFeature\">\r\n            Nap rugalmass\u00e1g *\r\n        <\/div>\r\n        <div class=\"col-xs-12 col-sm-8\">\r\n            <div class=\"row\">\r\n                <div class=\"col-xs-4 col-sm-4 PlanFeature Plan1\">\r\n                    <i class=\"fa fa-times-circle PlanUnCheck\"><\/i>\r\n                <\/div>\r\n                <div class=\"col-xs-4 col-sm-4 PlanFeature Plan2\">\r\n                    <i class=\"fa fa-check PlanCheck\"><\/i>\r\n                <\/div>\r\n                <div class=\"col-xs-4 col-sm-4 PlanFeature Plan3\">\r\n                    <i class=\"fa fa-check PlanCheck\"><\/i>\r\n                <\/div>\r\n            <\/div>\r\n        <\/div>\r\n    <\/div>\r\n   <div class=\"row PriceFeatureRow\">\r\n        <div class=\"col-xs-12 col-sm-4 PlanFeature\">\r\n            Kereszt\u00fcl \u00e9l\u0151 Chat t\u00e1mogat\u00e1s\r\n        <\/div>\r\n        <div class=\"col-xs-12 col-sm-8\">\r\n            <div class=\"row\">\r\n                <div class=\"col-xs-4 col-sm-4 PlanFeature Plan1\">\r\n                    <i class=\"fa fa-times-circle PlanUnCheck\"><\/i>\r\n                <\/div>\r\n                <div class=\"col-xs-4 col-sm-4 PlanFeature Plan2\">\r\n                    <i class=\"fa fa-times-circle PlanUnCheck\"><\/i>\r\n                <\/div>\r\n                <div class=\"col-xs-4 col-sm-4 PlanFeature Plan3\">\r\n                    <i class=\"fa fa-check PlanCheck\"><\/i>\r\n                <\/div>\r\n            <\/div>\r\n        <\/div>\r\n    <\/div>\r\n   <div class=\"row PriceFeatureRow\">\r\n        <div class=\"col-xs-12 col-sm-4 PlanFeature\">\r\n            Vizsg\u00e1lati napl\u00f3<br \/>\r\n        <\/div>\r\n        <div class=\"col-xs-12 col-sm-8\">\r\n            <div class=\"row\">\r\n                <div class=\"col-xs-4 col-sm-4 PlanFeature Plan1\">\r\n                    <i class=\"fa fa-times-circle PlanUnCheck\"><\/i>\r\n                <\/div>\r\n                <div class=\"col-xs-4 col-sm-4 PlanFeature Plan2\">\r\n                    <i class=\"fa fa-times-circle PlanCheck\"><\/i>\r\n                <\/div>\r\n                <div class=\"col-xs-4 col-sm-4 PlanFeature Plan3\">\r\n                    <i class=\"fa fa-check PlanCheck\"><\/i>\r\n                <\/div>\r\n            <\/div>\r\n        <\/div>\r\n    <\/div>\r\n    <div class=\"row\">\r\n        <div class=\"col-xs-12 col-sm-offset-4 col-sm-8\">\r\n            <div class=\"row\">\r\n                \r\n                 <div class=\"col-xs-4 PlanHeader PlanBottom\">\r\n                    <a class=\"btn btn-default\" href=\"https:\/\/dahua-passwords.evosec.eu\">Rendel\u00e9s<\/a><br \/>\r\n                <\/div>\r\n                <div class=\"col-xs-4 PlanHeader PlanBottom\">\r\n            \t    <a class=\"btn btn-default\" href=\"https:\/\/dahua-passwords.evosec.eu\">Rendel\u00e9s<\/a><br \/>\r\n                <\/div>\r\n                <div class=\"col-xs-4 PlanHeader PlanBottom\">\r\n            \t    <a class=\"btn btn-default\" href=\"https:\/\/dahua-passwords.evosec.eu\">Rendel\u00e9s<\/a><br \/>\r\n                <\/div>\r\n            <\/div>\r\n        <\/div>\r\n    <\/div>\r\n<\/div>\r\n<\/div>\r\n* Ha az aktu\u00e1lis d\u00e1tum a DVR\/NVR elt\u00e9r az aktu\u00e1lis d\u00e1tumt\u00f3l.\r\n<\/div>\r\n<br \/>\r\n<br \/>\r\n<div class=\"alert alert-success\" role=\"alert\">Sz\u00e1ll\u00edt\u00e1si kell azonnali (e-mailen) kereszt\u00fcl vagy egy egy\u00f3r\u00e1s ablakban. Ha ez nem t\u00f6rt\u00e9nik meg (k\u00e9rj\u00fck, ellen\u0151rizze a SPAM\/Bulk Be\u00e9rkezett \u00fczenetek), legyen sz\u00edves <a class=\"vt-p\" href=\"\/hu\/contact\/\">l\u00e9pjen kapcsolatba vel\u00fcnk<\/a> Tov\u00e1bbi seg\u00edts\u00e9g\u00e9rt. k\u00f6sz\u00f6n\u00f6m!<\/div>\r\n<hr \/>\r\n\r\n<div class=\"panel panel-primary\">\r\n  <div class=\"panel-heading\">Gyakran feltett k\u00e9rd\u00e9sek: Mit tehetek, ezt a jelsz\u00f3t?<\/div>\r\n  <div class=\"panel-body\">\r\n    A jelsz\u00f3t adunk meg tudod v\u00e1ltoztatni az elfelejtett jelsz\u00f3 (akkor \u00e9rdemes haszn\u00e1lni a jelsz\u00f3 mint a \\ <strong>b\u00e1rmely<\/strong> sz\u00e1mla az eszk\u00f6z\u00f6n.\r\n  <\/div>\r\n<\/div>\r\n\r\n<div class=\"panel panel-primary\">\r\n  <div class=\"panel-heading\">Gyakran feltett k\u00e9rd\u00e9sek: Milyen eszk\u00f6z\u00f6kkel m\u0171k\u00f6dik a szolg\u00e1ltat\u00e1s?<\/div>\r\n  <div class=\"panel-body\">\r\n     Szinte az \u00f6sszes DAHUA-alap\u00fa eszk\u00f6z\u00f6kkel, hogy az eg\u00e9r USB-kapcsolat \u00e9s egy S-VIDE\u00d3INAK\/VGA\/HDMI monitor kimenet fog m\u0171k\u00f6dni.\r\n  <\/div>\r\n<\/div>\r\n\r\n<hr \/>\r\n<p class=\"text-center\">\r\n<strong>Minta<\/strong>:<br \/>\r\n<a href=\"http:\/\/dahua.evosec.eu\/wp-content\/uploads\/2015\/06\/evosec_dh_pass.png\"><img decoding=\"async\" src=\"http:\/\/dahua.evosec.eu\/wp-content\/uploads\/2015\/06\/evosec_dh_pass-704x1024.png\" class=\"aligncenter img-responsive img-rounded\" \/><\/a>\r\n<\/p>\r\n<hr \/>\r\n<p class=\"text-center\">\r\n<strong>T\u00e1mogatott men\u00fck<\/strong>:<br \/>\r\n<strong>V1:<\/strong><br \/>\r\n<img decoding=\"async\" src=\"http:\/\/dahua.evosec.eu\/wp-content\/uploads\/2017\/03\/v1_login.png\" alt=\"V1 Login\" \/>\r\n<strong>V2:<\/strong><br \/>\r\n<img decoding=\"async\" src=\"http:\/\/dahua.evosec.eu\/wp-content\/uploads\/2017\/03\/v2_login.png\" alt=\"V2 Login\" \/>\r\n<\/p>\r\n<hr \/>\r\n<br \/>\r\n<div class=\"panel panel-warning\">\r\n<div class=\"panel-body\">\r\n<p>M\u00edtosz szerte foszlott:<\/p>\r\n<p class=\"list-group-item-text\">A jelsz\u00f3 nem orrgazdas\u00e1g ha elt\u00e1vol\u00edtja az akkumul\u00e1tort, mert nem t\u00e1rolja a BIOS-ban t\u00e1rolt m\u00f3don. Ez csak vissza\u00e1ll\u00edtani az \u00f3r\u00e1t, \u00e9s hogy az \u00e9let nehezebb (tal\u00e1n lehetetlen) kipr\u00f3b\u00e1l\u00e1s-hoz kap egy fel\u00fclkerekedik jelsz\u00f3.<\/div>\r\n<div class=\"panel-body\">PRO-Tipp: A jelsz\u00f3t k\u00fcld\u00fcnk \u00d6nnek is nevezik <strong>dahua fel\u00fclkerekedik jelsz\u00f3<\/strong><\/div>\r\n<\/div>","protected":false},"excerpt":{"rendered":"Megvan a megold\u00e1s (ok), hogy a probl\u00e9m\u00e1kat! K\u00edn\u00e1lunk egy gyors \u00e9s k\u00f6nny\u0171 \u00fat \u00e9rted-hoz orrgazdas\u00e1g \u00e9s cser\u00e9l ak\u00e1rmi jelsz\u00f3 haszn\u00e1lt r\u00e9gebbi vagy \u00fajabb DAHUA term\u00e9kek. N\u00e9zze meg az \u00faj \u00e9s tov\u00e1bbfejlesztett szolg\u00e1ltat\u00e1s &#8211; https:\/\/dahua-passwords.evosec.eu\/ Elvesztette a jelszav\u00e1t, a DAHUA (vagy eszk\u00f6z\u00f6k), vagy nem eml\u00e9kszem r\u00e1, mi seg\u00edt\u00fcnk &#8211; utas\u00edt\u00e1sokat \u00e9s egy egyedi, ideiglenes jelsz\u00f3t (\u00e9rv\u00e9nyes&hellip; <a class=\"more-link\" href=\"https:\/\/dahua.evosec.eu\/hu\/password-recovery\/\">Continue Reading DAHUA Jelsz\u00f3 M\u00f3dos\u00edt\u00e1s Vagy Orrgazdas\u00e1g<\/a>","protected":false},"author":1,"featured_media":879,"parent":0,"menu_order":0,"comment_status":"closed","ping_status":"closed","template":"","meta":{"footnotes":""},"class_list":["post-13","page","type-page","status-publish","has-post-thumbnail","hentry"],"translation":{"provider":"WPGlobus","version":"3.0.1","language":"hu","enabled_languages":["en","da","de","es","fi","fr","it","hu","nl","no","pt","pl","ru","sv","ja"],"languages":{"en":{"title":true,"content":true,"excerpt":false},"da":{"title":true,"content":true,"excerpt":false},"de":{"title":true,"content":true,"excerpt":false},"es":{"title":true,"content":true,"excerpt":false},"fi":{"title":true,"content":true,"excerpt":false},"fr":{"title":true,"content":true,"excerpt":false},"it":{"title":true,"content":true,"excerpt":false},"hu":{"title":true,"content":true,"excerpt":false},"nl":{"title":true,"content":true,"excerpt":false},"no":{"title":true,"content":true,"excerpt":false},"pt":{"title":true,"content":true,"excerpt":false},"pl":{"title":true,"content":true,"excerpt":false},"ru":{"title":true,"content":true,"excerpt":false},"sv":{"title":true,"content":true,"excerpt":false},"ja":{"title":true,"content":true,"excerpt":false}}},"yoast_head":"<!-- This site is optimized with the Yoast SEO plugin v27.3 - https:\/\/yoast.com\/product\/yoast-seo-wordpress\/ -->\n<title>DAHUA jelsz\u00f3 orrgazdas\u00e1g - A pr\u00e9mium-tan\u00e1csad\u00e1st<\/title>\n<meta name=\"description\" content=\"K\u00edn\u00e1lunk egy gyors \u00fat \u00e9rted-hoz orrgazdas\u00e1g \u00e9s cser\u00e9l ak\u00e1rmi jelsz\u00f3 haszn\u00e1lt r\u00e9gebbi vagy \u00fajabb DAHUA term\u00e9kek\" \/>\n<meta name=\"robots\" content=\"index, follow, max-snippet:-1, max-image-preview:large, max-video-preview:-1\" \/>\n<link rel=\"canonical\" href=\"https:\/\/dahua.evosec.eu\/password-recovery\/\" \/>\n<meta property=\"og:locale\" content=\"hu_HU\" \/>\n<meta property=\"og:type\" content=\"article\" \/>\n<meta property=\"og:title\" content=\"DAHUA jelsz\u00f3 orrgazdas\u00e1g - A pr\u00e9mium-tan\u00e1csad\u00e1st\" \/>\n<meta property=\"og:description\" content=\"K\u00edn\u00e1lunk egy gyors \u00fat \u00e9rted-hoz orrgazdas\u00e1g \u00e9s cser\u00e9l ak\u00e1rmi jelsz\u00f3 haszn\u00e1lt r\u00e9gebbi vagy \u00fajabb DAHUA term\u00e9kek\" \/>\n<meta property=\"og:url\" content=\"https:\/\/dahua.evosec.eu\/password-recovery\/\" \/>\n<meta property=\"og:site_name\" content=\"A DAHUA term\u00e9kek a pr\u00e9mium-tan\u00e1csad\u00e1st\" \/>\n<meta property=\"article:publisher\" content=\"https:\/\/www.facebook.com\/euroevosolutions\" \/>\n<meta property=\"article:modified_time\" content=\"2018-08-23T23:50:03+00:00\" \/>\n<meta property=\"og:image\" content=\"https:\/\/dahua.evosec.eu\/wp-content\/uploads\/2015\/06\/pass_gen_250x0.png\" \/>\n\t<meta property=\"og:image:width\" content=\"250\" \/>\n\t<meta property=\"og:image:height\" content=\"250\" \/>\n\t<meta property=\"og:image:type\" content=\"image\/png\" \/>\n<meta name=\"twitter:card\" content=\"summary_large_image\" \/>\n<meta name=\"twitter:site\" content=\"@evosec_eu\" \/>\n<meta name=\"twitter:label1\" content=\"Becs\u00fclt olvas\u00e1si id\u0151\" \/>\n\t<meta name=\"twitter:data1\" content=\"23 perc\" \/>\n<script type=\"application\/ld+json\" class=\"yoast-schema-graph\">{\"@context\":\"https:\\\/\\\/schema.org\",\"@graph\":[{\"@type\":\"WebPage\",\"@id\":\"https:\\\/\\\/dahua.evosec.eu\\\/password-recovery\\\/\",\"url\":\"https:\\\/\\\/dahua.evosec.eu\\\/password-recovery\\\/\",\"name\":\"DAHUA jelsz\u00f3 orrgazdas\u00e1g - A pr\u00e9mium-tan\u00e1csad\u00e1st\",\"isPartOf\":{\"@id\":\"https:\\\/\\\/dahua.evosec.eu\\\/#website\"},\"primaryImageOfPage\":{\"@id\":\"https:\\\/\\\/dahua.evosec.eu\\\/password-recovery\\\/#primaryimage\"},\"image\":{\"@id\":\"https:\\\/\\\/dahua.evosec.eu\\\/password-recovery\\\/#primaryimage\"},\"thumbnailUrl\":\"https:\\\/\\\/dahua.evosec.eu\\\/wp-content\\\/uploads\\\/2015\\\/06\\\/pass_gen_250x0.png\",\"datePublished\":\"2015-06-11T14:23:18+00:00\",\"dateModified\":\"2018-08-23T23:50:03+00:00\",\"description\":\"K\u00edn\u00e1lunk egy gyors \u00fat \u00e9rted-hoz orrgazdas\u00e1g \u00e9s cser\u00e9l ak\u00e1rmi jelsz\u00f3 haszn\u00e1lt r\u00e9gebbi vagy \u00fajabb DAHUA term\u00e9kek\",\"breadcrumb\":{\"@id\":\"https:\\\/\\\/dahua.evosec.eu\\\/password-recovery\\\/#breadcrumb\"},\"inLanguage\":\"hu\",\"potentialAction\":[{\"@type\":\"ReadAction\",\"target\":[\"https:\\\/\\\/dahua.evosec.eu\\\/password-recovery\\\/\"]}]},{\"@type\":\"ImageObject\",\"inLanguage\":\"hu\",\"@id\":\"https:\\\/\\\/dahua.evosec.eu\\\/password-recovery\\\/#primaryimage\",\"url\":\"https:\\\/\\\/dahua.evosec.eu\\\/wp-content\\\/uploads\\\/2015\\\/06\\\/pass_gen_250x0.png\",\"contentUrl\":\"https:\\\/\\\/dahua.evosec.eu\\\/wp-content\\\/uploads\\\/2015\\\/06\\\/pass_gen_250x0.png\",\"width\":250,\"height\":250,\"caption\":\"DAHUA Password\"},{\"@type\":\"BreadcrumbList\",\"@id\":\"https:\\\/\\\/dahua.evosec.eu\\\/password-recovery\\\/#breadcrumb\",\"itemListElement\":[{\"@type\":\"ListItem\",\"position\":1,\"name\":\"Home\",\"item\":\"https:\\\/\\\/dahua.evosec.eu\\\/\"},{\"@type\":\"ListItem\",\"position\":2,\"name\":\"DAHUA Password Change or Reset\"}]},{\"@type\":\"WebSite\",\"@id\":\"https:\\\/\\\/dahua.evosec.eu\\\/#website\",\"url\":\"https:\\\/\\\/dahua.evosec.eu\\\/\",\"name\":\"A DAHUA term\u00e9kek a pr\u00e9mium-tan\u00e1csad\u00e1st\",\"description\":\"3. f\u00e9l v\u00e1llalat tapasztalt DAHUA term\u00e9kek\",\"potentialAction\":[{\"@type\":\"SearchAction\",\"target\":{\"@type\":\"EntryPoint\",\"urlTemplate\":\"https:\\\/\\\/dahua.evosec.eu\\\/?s={search_term_string}\"},\"query-input\":{\"@type\":\"PropertyValueSpecification\",\"valueRequired\":true,\"valueName\":\"search_term_string\"}}],\"inLanguage\":\"hu\"}]}<\/script>\n<!-- \/ Yoast SEO plugin. -->","yoast_head_json":{"title":"DAHUA jelsz\u00f3 orrgazdas\u00e1g - A pr\u00e9mium-tan\u00e1csad\u00e1st","description":"K\u00edn\u00e1lunk egy gyors \u00fat \u00e9rted-hoz orrgazdas\u00e1g \u00e9s cser\u00e9l ak\u00e1rmi jelsz\u00f3 haszn\u00e1lt r\u00e9gebbi vagy \u00fajabb DAHUA term\u00e9kek","robots":{"index":"index","follow":"follow","max-snippet":"max-snippet:-1","max-image-preview":"max-image-preview:large","max-video-preview":"max-video-preview:-1"},"canonical":"https:\/\/dahua.evosec.eu\/password-recovery\/","og_locale":"hu_HU","og_type":"article","og_title":"DAHUA jelsz\u00f3 orrgazdas\u00e1g - A pr\u00e9mium-tan\u00e1csad\u00e1st","og_description":"K\u00edn\u00e1lunk egy gyors \u00fat \u00e9rted-hoz orrgazdas\u00e1g \u00e9s cser\u00e9l ak\u00e1rmi jelsz\u00f3 haszn\u00e1lt r\u00e9gebbi vagy \u00fajabb DAHUA term\u00e9kek","og_url":"https:\/\/dahua.evosec.eu\/password-recovery\/","og_site_name":"A DAHUA term\u00e9kek a pr\u00e9mium-tan\u00e1csad\u00e1st","article_publisher":"https:\/\/www.facebook.com\/euroevosolutions","article_modified_time":"2018-08-23T23:50:03+00:00","og_image":[{"width":250,"height":250,"url":"https:\/\/dahua.evosec.eu\/wp-content\/uploads\/2015\/06\/pass_gen_250x0.png","type":"image\/png"}],"twitter_card":"summary_large_image","twitter_site":"@evosec_eu","twitter_misc":{"Becs\u00fclt olvas\u00e1si id\u0151":"23 perc"},"schema":{"@context":"https:\/\/schema.org","@graph":[{"@type":"WebPage","@id":"https:\/\/dahua.evosec.eu\/password-recovery\/","url":"https:\/\/dahua.evosec.eu\/password-recovery\/","name":"DAHUA jelsz\u00f3 orrgazdas\u00e1g - A pr\u00e9mium-tan\u00e1csad\u00e1st","isPartOf":{"@id":"https:\/\/dahua.evosec.eu\/#website"},"primaryImageOfPage":{"@id":"https:\/\/dahua.evosec.eu\/password-recovery\/#primaryimage"},"image":{"@id":"https:\/\/dahua.evosec.eu\/password-recovery\/#primaryimage"},"thumbnailUrl":"https:\/\/dahua.evosec.eu\/wp-content\/uploads\/2015\/06\/pass_gen_250x0.png","datePublished":"2015-06-11T14:23:18+00:00","dateModified":"2018-08-23T23:50:03+00:00","description":"K\u00edn\u00e1lunk egy gyors \u00fat \u00e9rted-hoz orrgazdas\u00e1g \u00e9s cser\u00e9l ak\u00e1rmi jelsz\u00f3 haszn\u00e1lt r\u00e9gebbi vagy \u00fajabb DAHUA term\u00e9kek","breadcrumb":{"@id":"https:\/\/dahua.evosec.eu\/password-recovery\/#breadcrumb"},"inLanguage":"hu","potentialAction":[{"@type":"ReadAction","target":["https:\/\/dahua.evosec.eu\/password-recovery\/"]}]},{"@type":"ImageObject","inLanguage":"hu","@id":"https:\/\/dahua.evosec.eu\/password-recovery\/#primaryimage","url":"https:\/\/dahua.evosec.eu\/wp-content\/uploads\/2015\/06\/pass_gen_250x0.png","contentUrl":"https:\/\/dahua.evosec.eu\/wp-content\/uploads\/2015\/06\/pass_gen_250x0.png","width":250,"height":250,"caption":"DAHUA Password"},{"@type":"BreadcrumbList","@id":"https:\/\/dahua.evosec.eu\/password-recovery\/#breadcrumb","itemListElement":[{"@type":"ListItem","position":1,"name":"Home","item":"https:\/\/dahua.evosec.eu\/"},{"@type":"ListItem","position":2,"name":"DAHUA Password Change or Reset"}]},{"@type":"WebSite","@id":"https:\/\/dahua.evosec.eu\/#website","url":"https:\/\/dahua.evosec.eu\/","name":"A DAHUA term\u00e9kek a pr\u00e9mium-tan\u00e1csad\u00e1st","description":"3. f\u00e9l v\u00e1llalat tapasztalt DAHUA term\u00e9kek","potentialAction":[{"@type":"SearchAction","target":{"@type":"EntryPoint","urlTemplate":"https:\/\/dahua.evosec.eu\/?s={search_term_string}"},"query-input":{"@type":"PropertyValueSpecification","valueRequired":true,"valueName":"search_term_string"}}],"inLanguage":"hu"}]}},"_links":{"self":[{"href":"https:\/\/dahua.evosec.eu\/hu\/wp-json\/wp\/v2\/pages\/13","targetHints":{"allow":["GET"]}}],"collection":[{"href":"https:\/\/dahua.evosec.eu\/hu\/wp-json\/wp\/v2\/pages"}],"about":[{"href":"https:\/\/dahua.evosec.eu\/hu\/wp-json\/wp\/v2\/types\/page"}],"author":[{"embeddable":true,"href":"https:\/\/dahua.evosec.eu\/hu\/wp-json\/wp\/v2\/users\/1"}],"replies":[{"embeddable":true,"href":"https:\/\/dahua.evosec.eu\/hu\/wp-json\/wp\/v2\/comments?post=13"}],"version-history":[{"count":0,"href":"https:\/\/dahua.evosec.eu\/hu\/wp-json\/wp\/v2\/pages\/13\/revisions"}],"wp:featuredmedia":[{"embeddable":true,"href":"https:\/\/dahua.evosec.eu\/hu\/wp-json\/wp\/v2\/media\/879"}],"wp:attachment":[{"href":"https:\/\/dahua.evosec.eu\/hu\/wp-json\/wp\/v2\/media?parent=13"}],"curies":[{"name":"wp","href":"https:\/\/api.w.org\/{rel}","templated":true}]}}