{"id":2,"date":"2015-06-10T21:07:33","date_gmt":"2015-06-10T21:07:33","guid":{"rendered":"http:\/\/dahua.evosec.eu\/?page_id=2"},"modified":"2017-04-24T23:32:02","modified_gmt":"2017-04-24T23:32:02","slug":"about-us","status":"publish","type":"page","link":"https:\/\/dahua.evosec.eu\/hu\/","title":{"rendered":"R\u00f3lunk"},"content":{"rendered":"<p style=\"text-align: center\">\nMi m\u00e1r haszn\u00e1lja, \u00e9rt\u00e9kes\u00edt\u00e9s, konfigur\u00e1l\u00e1sa \u00e9s t\u00e1mogat\u00f3 term\u00e9kek DAHUA-t\u00f6bb \u00e9ve.<br \/>\nMindezt szem el\u0151tt tartva, \u00e9s ezen term\u00e9kek gyors elterjed\u00e9se mi szentelt egy csapat a szakemberek, hogy t\u00e1mogatja a t\u00f6bb <strong>pr\u00e9mium szolg\u00e1ltat\u00e1sok<\/strong> mint:<br \/>\n<ul>\n<li>Azonnali reag\u00e1l\u00e1st, ellen\u0151rz\u00f6tt <i>fel\u00fclkerekedik jelsz\u00f3<\/i> k\u00e9r\u00e9sek<\/li>\n<li>Security-Wise ellen\u0151rz\u00e9se \u00e9s <i>v\u00e9grehajt\u00e1si<\/i> a k\u00fcl\u00f6nb\u00f6z\u0151 firmware-verzi\u00f3k<\/li>\n<li>Testre szabott, egy\u00e9ni \u00fcgyfelek, egyedi ig\u00e9nyek alapj\u00e1n<\/li>\n<li>Egys\u00e9gbe rendez\u00e9s-val m\u00e1s gy\u00e1rt\u00f3k<\/li>\n<li>Teljes egy\u00e9ni szoftvercsomag \u00e9s az integr\u00e1ci\u00f3 a megl\u00e9v\u0151<\/li>\n<\/ul>\n<\/p>\n","protected":false},"excerpt":{"rendered":"Mi m\u00e1r haszn\u00e1lja, \u00e9rt\u00e9kes\u00edt\u00e9s, konfigur\u00e1l\u00e1sa \u00e9s t\u00e1mogat\u00f3 term\u00e9kek DAHUA-t\u00f6bb \u00e9ve. Mindezt szem el\u0151tt tartva, \u00e9s ezen term\u00e9kek gyors elterjed\u00e9se mi szentelt egy csapat a szakemberek, hogy t\u00e1mogatja a t\u00f6bb pr\u00e9mium szolg\u00e1ltat\u00e1sok mint: Azonnali reag\u00e1l\u00e1st, ellen\u0151rz\u00f6tt fel\u00fclkerekedik jelsz\u00f3 k\u00e9r\u00e9sek Security-Wise ellen\u0151rz\u00e9se \u00e9s v\u00e9grehajt\u00e1si a k\u00fcl\u00f6nb\u00f6z\u0151 firmware-verzi\u00f3k Testre szabott, egy\u00e9ni \u00fcgyfelek, egyedi ig\u00e9nyek alapj\u00e1n Egys\u00e9gbe rendez\u00e9s-val m\u00e1s&hellip; <a class=\"more-link\" href=\"https:\/\/dahua.evosec.eu\/hu\/\">Continue Reading R\u00f3lunk<\/a>","protected":false},"author":1,"featured_media":261,"parent":0,"menu_order":0,"comment_status":"closed","ping_status":"closed","template":"","meta":{"footnotes":""},"class_list":["post-2","page","type-page","status-publish","has-post-thumbnail","hentry"],"translation":{"provider":"WPGlobus","version":"3.0.1","language":"hu","enabled_languages":["en","da","de","es","fi","fr","it","hu","nl","no","pt","pl","ru","sv","ja"],"languages":{"en":{"title":true,"content":true,"excerpt":false},"da":{"title":true,"content":true,"excerpt":false},"de":{"title":true,"content":true,"excerpt":false},"es":{"title":true,"content":true,"excerpt":false},"fi":{"title":true,"content":true,"excerpt":false},"fr":{"title":true,"content":true,"excerpt":false},"it":{"title":true,"content":true,"excerpt":false},"hu":{"title":true,"content":true,"excerpt":false},"nl":{"title":true,"content":true,"excerpt":false},"no":{"title":true,"content":true,"excerpt":false},"pt":{"title":true,"content":true,"excerpt":false},"pl":{"title":true,"content":true,"excerpt":false},"ru":{"title":true,"content":true,"excerpt":false},"sv":{"title":true,"content":true,"excerpt":false},"ja":{"title":true,"content":true,"excerpt":false}}},"yoast_head":"<!-- This site is optimized with the Yoast SEO plugin v27.4 - https:\/\/yoast.com\/product\/yoast-seo-wordpress\/ -->\n<title>Premium Support Services for DAHUA Products<\/title>\n<meta name=\"robots\" content=\"index, follow, max-snippet:-1, max-image-preview:large, max-video-preview:-1\" \/>\n<link rel=\"canonical\" href=\"https:\/\/dahua.evosec.eu\/\" \/>\n<meta property=\"og:locale\" content=\"hu_HU\" \/>\n<meta property=\"og:type\" content=\"article\" \/>\n<meta property=\"og:title\" content=\"R\u00f3lunk - A DAHUA term\u00e9kek a pr\u00e9mium-tan\u00e1csad\u00e1st\" \/>\n<meta property=\"og:url\" content=\"https:\/\/dahua.evosec.eu\/\" \/>\n<meta property=\"og:site_name\" content=\"A DAHUA term\u00e9kek a pr\u00e9mium-tan\u00e1csad\u00e1st\" \/>\n<meta property=\"article:publisher\" content=\"https:\/\/www.facebook.com\/euroevosolutions\" \/>\n<meta property=\"article:modified_time\" content=\"2017-04-24T23:32:02+00:00\" \/>\n<meta property=\"og:image\" content=\"https:\/\/dahua.evosec.eu\/wp-content\/uploads\/2015\/06\/Teams1.jpeg\" \/>\n\t<meta property=\"og:image:width\" content=\"518\" \/>\n\t<meta property=\"og:image:height\" content=\"423\" \/>\n\t<meta property=\"og:image:type\" content=\"image\/jpeg\" \/>\n<meta name=\"twitter:card\" content=\"summary_large_image\" \/>\n<meta name=\"twitter:site\" content=\"@evosec_eu\" \/>\n<meta name=\"twitter:label1\" content=\"Becs\u00fclt olvas\u00e1si id\u0151\" \/>\n\t<meta name=\"twitter:data1\" content=\"5 perc\" \/>\n<script type=\"application\/ld+json\" class=\"yoast-schema-graph\">{\"@context\":\"https:\\\/\\\/schema.org\",\"@graph\":[{\"@type\":\"WebPage\",\"@id\":\"https:\\\/\\\/dahua.evosec.eu\\\/\",\"url\":\"https:\\\/\\\/dahua.evosec.eu\\\/\",\"name\":\"Premium Support Services for DAHUA Products\",\"isPartOf\":{\"@id\":\"https:\\\/\\\/dahua.evosec.eu\\\/#website\"},\"primaryImageOfPage\":{\"@id\":\"https:\\\/\\\/dahua.evosec.eu\\\/#primaryimage\"},\"image\":{\"@id\":\"https:\\\/\\\/dahua.evosec.eu\\\/#primaryimage\"},\"thumbnailUrl\":\"https:\\\/\\\/dahua.evosec.eu\\\/wp-content\\\/uploads\\\/2015\\\/06\\\/Teams1.jpeg\",\"datePublished\":\"2015-06-10T21:07:33+00:00\",\"dateModified\":\"2017-04-24T23:32:02+00:00\",\"description\":\"\",\"breadcrumb\":{\"@id\":\"https:\\\/\\\/dahua.evosec.eu\\\/#breadcrumb\"},\"inLanguage\":\"hu\",\"potentialAction\":[{\"@type\":\"ReadAction\",\"target\":[\"https:\\\/\\\/dahua.evosec.eu\\\/\"]}]},{\"@type\":\"ImageObject\",\"inLanguage\":\"hu\",\"@id\":\"https:\\\/\\\/dahua.evosec.eu\\\/#primaryimage\",\"url\":\"https:\\\/\\\/dahua.evosec.eu\\\/wp-content\\\/uploads\\\/2015\\\/06\\\/Teams1.jpeg\",\"contentUrl\":\"https:\\\/\\\/dahua.evosec.eu\\\/wp-content\\\/uploads\\\/2015\\\/06\\\/Teams1.jpeg\",\"width\":518,\"height\":423},{\"@type\":\"BreadcrumbList\",\"@id\":\"https:\\\/\\\/dahua.evosec.eu\\\/#breadcrumb\",\"itemListElement\":[{\"@type\":\"ListItem\",\"position\":1,\"name\":\"Home\",\"item\":\"https:\\\/\\\/dahua.evosec.eu\\\/\"},{\"@type\":\"ListItem\",\"position\":2,\"name\":\"ABOUT US\"}]},{\"@type\":\"WebSite\",\"@id\":\"https:\\\/\\\/dahua.evosec.eu\\\/#website\",\"url\":\"https:\\\/\\\/dahua.evosec.eu\\\/\",\"name\":\"A DAHUA term\u00e9kek a pr\u00e9mium-tan\u00e1csad\u00e1st\",\"description\":\"3. f\u00e9l v\u00e1llalat tapasztalt DAHUA term\u00e9kek\",\"potentialAction\":[{\"@type\":\"SearchAction\",\"target\":{\"@type\":\"EntryPoint\",\"urlTemplate\":\"https:\\\/\\\/dahua.evosec.eu\\\/?s={search_term_string}\"},\"query-input\":{\"@type\":\"PropertyValueSpecification\",\"valueRequired\":true,\"valueName\":\"search_term_string\"}}],\"inLanguage\":\"hu\"}]}<\/script>\n<!-- \/ Yoast SEO plugin. -->","yoast_head_json":{"title":"Premium Support Services for DAHUA Products","robots":{"index":"index","follow":"follow","max-snippet":"max-snippet:-1","max-image-preview":"max-image-preview:large","max-video-preview":"max-video-preview:-1"},"canonical":"https:\/\/dahua.evosec.eu\/","og_locale":"hu_HU","og_type":"article","og_title":"R\u00f3lunk - A DAHUA term\u00e9kek a pr\u00e9mium-tan\u00e1csad\u00e1st","og_url":"https:\/\/dahua.evosec.eu\/","og_site_name":"A DAHUA term\u00e9kek a pr\u00e9mium-tan\u00e1csad\u00e1st","article_publisher":"https:\/\/www.facebook.com\/euroevosolutions","article_modified_time":"2017-04-24T23:32:02+00:00","og_image":[{"width":518,"height":423,"url":"https:\/\/dahua.evosec.eu\/wp-content\/uploads\/2015\/06\/Teams1.jpeg","type":"image\/jpeg"}],"twitter_card":"summary_large_image","twitter_site":"@evosec_eu","twitter_misc":{"Becs\u00fclt olvas\u00e1si id\u0151":"5 perc"},"schema":{"@context":"https:\/\/schema.org","@graph":[{"@type":"WebPage","@id":"https:\/\/dahua.evosec.eu\/","url":"https:\/\/dahua.evosec.eu\/","name":"Premium Support Services for DAHUA Products","isPartOf":{"@id":"https:\/\/dahua.evosec.eu\/#website"},"primaryImageOfPage":{"@id":"https:\/\/dahua.evosec.eu\/#primaryimage"},"image":{"@id":"https:\/\/dahua.evosec.eu\/#primaryimage"},"thumbnailUrl":"https:\/\/dahua.evosec.eu\/wp-content\/uploads\/2015\/06\/Teams1.jpeg","datePublished":"2015-06-10T21:07:33+00:00","dateModified":"2017-04-24T23:32:02+00:00","description":"","breadcrumb":{"@id":"https:\/\/dahua.evosec.eu\/#breadcrumb"},"inLanguage":"hu","potentialAction":[{"@type":"ReadAction","target":["https:\/\/dahua.evosec.eu\/"]}]},{"@type":"ImageObject","inLanguage":"hu","@id":"https:\/\/dahua.evosec.eu\/#primaryimage","url":"https:\/\/dahua.evosec.eu\/wp-content\/uploads\/2015\/06\/Teams1.jpeg","contentUrl":"https:\/\/dahua.evosec.eu\/wp-content\/uploads\/2015\/06\/Teams1.jpeg","width":518,"height":423},{"@type":"BreadcrumbList","@id":"https:\/\/dahua.evosec.eu\/#breadcrumb","itemListElement":[{"@type":"ListItem","position":1,"name":"Home","item":"https:\/\/dahua.evosec.eu\/"},{"@type":"ListItem","position":2,"name":"ABOUT US"}]},{"@type":"WebSite","@id":"https:\/\/dahua.evosec.eu\/#website","url":"https:\/\/dahua.evosec.eu\/","name":"A DAHUA term\u00e9kek a pr\u00e9mium-tan\u00e1csad\u00e1st","description":"3. f\u00e9l v\u00e1llalat tapasztalt DAHUA term\u00e9kek","potentialAction":[{"@type":"SearchAction","target":{"@type":"EntryPoint","urlTemplate":"https:\/\/dahua.evosec.eu\/?s={search_term_string}"},"query-input":{"@type":"PropertyValueSpecification","valueRequired":true,"valueName":"search_term_string"}}],"inLanguage":"hu"}]}},"_links":{"self":[{"href":"https:\/\/dahua.evosec.eu\/hu\/wp-json\/wp\/v2\/pages\/2","targetHints":{"allow":["GET"]}}],"collection":[{"href":"https:\/\/dahua.evosec.eu\/hu\/wp-json\/wp\/v2\/pages"}],"about":[{"href":"https:\/\/dahua.evosec.eu\/hu\/wp-json\/wp\/v2\/types\/page"}],"author":[{"embeddable":true,"href":"https:\/\/dahua.evosec.eu\/hu\/wp-json\/wp\/v2\/users\/1"}],"replies":[{"embeddable":true,"href":"https:\/\/dahua.evosec.eu\/hu\/wp-json\/wp\/v2\/comments?post=2"}],"version-history":[{"count":0,"href":"https:\/\/dahua.evosec.eu\/hu\/wp-json\/wp\/v2\/pages\/2\/revisions"}],"wp:featuredmedia":[{"embeddable":true,"href":"https:\/\/dahua.evosec.eu\/hu\/wp-json\/wp\/v2\/media\/261"}],"wp:attachment":[{"href":"https:\/\/dahua.evosec.eu\/hu\/wp-json\/wp\/v2\/media?parent=2"}],"curies":[{"name":"wp","href":"https:\/\/api.w.org\/{rel}","templated":true}]}}