{"id":25,"date":"2015-06-11T15:15:07","date_gmt":"2015-06-11T15:15:07","guid":{"rendered":"http:\/\/dahua.evosec.eu\/?page_id=25"},"modified":"2016-09-10T23:49:53","modified_gmt":"2016-09-10T23:49:53","slug":"client-setup","status":"publish","type":"page","link":"https:\/\/dahua.evosec.eu\/hu\/client-setup\/","title":{"rendered":"DAHUA Kliens Be\u00e1ll\u00edt\u00e1sa"},"content":{"rendered":"<div class=\"row\">\r\n<div class=\"col-xs-12 col-md-12 col-md-6 col-lg-6\">\r\n<div class=\"thumbnail\">\r\n <img decoding=\"async\" class=\"aligncenter img-responsive\" src=\"http:\/\/dahua.evosec.eu\/wp-content\/uploads\/2015\/06\/dahua_desktop.jpg\" alt=\"DAHUA ON Desktop\" \/><\/p>\r\n<div class=\"caption\">\r\n<h3><strong>Q:<\/strong> Akar-hoz kil\u00e1t\u00e1s a kamer\u00e1k az asztalon?<\/h3>\r\n<p><strong>A:<\/strong> Mi seg\u00edt\u00fcnk \u00d6nnek a DAHUA kliens Windows be\u00e1ll\u00edt!<\/p>\r\n<\/div>\r\n<\/div>\r\n<\/div>\r\n<div class=\"col-xs-12 col-md-12 col-md-6 col-lg-6\">\r\n<div class=\"thumbnail\">\r\n<img decoding=\"async\" class=\"aligncenter img-responsive\" src=\"http:\/\/dahua.evosec.eu\/wp-content\/uploads\/2015\/06\/dahua_laptop_client.jpg\" alt=\"DAHUA On Laptop\"\/><\/p>\r\n<div class=\"caption\">\r\n<h3><strong>Q:<\/strong>Szeretne fel\u00fcgyelni az \u00fczleti, a laptop?<\/h3>\r\n<p><strong>A:<\/strong> Mi be\u00e1ll\u00edt a DAHUA web kliens, \u00edgy megtekintheti a biztons\u00e1gi rendszer, r\u00f6vid id\u0151 \u00f6n mozg\u00e1sban.<\/p>\r\n<\/div>\r\n<\/div>\r\n<\/div>\r\n<\/div>\r\n<div class=\"row\">\r\n<div class=\"col-xs-12 col-md-12 col-md-6 col-lg-6\">\r\n<div class=\"thumbnail\"><img decoding=\"async\" class=\"aligncenter img-responsive\" src=\"http:\/\/dahua.evosec.eu\/wp-content\/uploads\/2015\/06\/dahua_macbook.jpg\" alt=\"DAHUA on MacBook\" \/><\/p>\r\n<div class=\"caption\">\r\n<h3>Vagy egy gyors betekint\u00e9s a MacBook a munka k\u00f6zben?<\/h3>\r\n<\/div>\r\n<\/div>\r\n<\/div>\r\n<div class=\"col-xs-12 col-md-12 col-md-6 col-lg-6\">\r\n<div class=\"thumbnail\"><img loading=\"lazy\" decoding=\"async\" width=\"400\" height=\"300\" class=\"aligncenter size-full wp-image-73\" src=\"http:\/\/dahua.evosec.eu\/wp-content\/uploads\/2015\/06\/dahua_tv.jpg\" alt=\"DAHUA ON TV\" srcset=\"https:\/\/dahua.evosec.eu\/wp-content\/uploads\/2015\/06\/dahua_tv.jpg 400w, https:\/\/dahua.evosec.eu\/wp-content\/uploads\/2015\/06\/dahua_tv-300x225.jpg 300w, https:\/\/dahua.evosec.eu\/wp-content\/uploads\/2015\/06\/dahua_tv-360x270.jpg 360w, https:\/\/dahua.evosec.eu\/wp-content\/uploads\/2015\/06\/dahua_tv-200x150.jpg 200w, https:\/\/dahua.evosec.eu\/wp-content\/uploads\/2015\/06\/dahua_tv-100x75.jpg 100w\" sizes=\"auto, (max-width: 400px) 100vw, 400px\" \/><\/p>\r\n<div class=\"caption\">\r\n<h3>Vagy tal\u00e1n N\u00e9zd, mi van k\u00f6r\u00fcl\u00f6tt\u00fcnk a h\u00e1z k\u00f6zvetlen\u00fcl a TV-n?<\/h3>\r\n<\/div>\r\n<\/div>\r\n<\/div>\r\n<\/div>\r\n<hr \/>\r\n<div class=\"alert alert-success\" role=\"alert\">Az\u00e9rt vagyunk itt, hogy seg\u00edtsen!<\/strong><\/div>\r\n<hr \/>\r\n<div class=\"panel panel-default\">\r\n<div class=\"panel-heading\">\r\nKell t\u00f6bb adatot? Hagy minket a k\u00e9rd\u00e9s, \u00e9s mi megkeress\u00fck \u00d6nt egy nagyon r\u00f6vid id\u0151 alatt.\r\n<\/div>\r\n<div class=\"panel-body\">\r\n[contact-form-7 id=&#8221;242&#8243; title=&#8221;Tov\u00e1bbi r\u00e9szletek&#8221;]\r\n<\/div>\r\n<\/div>","protected":false},"excerpt":{"rendered":"Q: Akar-hoz kil\u00e1t\u00e1s a kamer\u00e1k az asztalon? A: Mi seg\u00edt\u00fcnk \u00d6nnek a DAHUA kliens Windows be\u00e1ll\u00edt! Q:Szeretne fel\u00fcgyelni az \u00fczleti, a laptop? A: Mi be\u00e1ll\u00edt a DAHUA web kliens, \u00edgy megtekintheti a biztons\u00e1gi rendszer, r\u00f6vid id\u0151 \u00f6n mozg\u00e1sban. Vagy egy gyors betekint\u00e9s a MacBook a munka k\u00f6zben? Vagy tal\u00e1n N\u00e9zd, mi van k\u00f6r\u00fcl\u00f6tt\u00fcnk a h\u00e1z&hellip; <a class=\"more-link\" href=\"https:\/\/dahua.evosec.eu\/hu\/client-setup\/\">Continue Reading DAHUA Kliens Be\u00e1ll\u00edt\u00e1sa<\/a>","protected":false},"author":1,"featured_media":424,"parent":0,"menu_order":0,"comment_status":"closed","ping_status":"closed","template":"","meta":{"footnotes":""},"class_list":["post-25","page","type-page","status-publish","has-post-thumbnail","hentry"],"translation":{"provider":"WPGlobus","version":"3.0.1","language":"hu","enabled_languages":["en","da","de","es","fi","fr","it","hu","nl","no","pt","pl","ru","sv","ja"],"languages":{"en":{"title":true,"content":true,"excerpt":false},"da":{"title":true,"content":true,"excerpt":false},"de":{"title":true,"content":true,"excerpt":false},"es":{"title":true,"content":true,"excerpt":false},"fi":{"title":true,"content":true,"excerpt":false},"fr":{"title":true,"content":true,"excerpt":false},"it":{"title":true,"content":true,"excerpt":false},"hu":{"title":true,"content":true,"excerpt":false},"nl":{"title":true,"content":true,"excerpt":false},"no":{"title":true,"content":true,"excerpt":false},"pt":{"title":true,"content":true,"excerpt":false},"pl":{"title":true,"content":true,"excerpt":false},"ru":{"title":true,"content":true,"excerpt":false},"sv":{"title":true,"content":true,"excerpt":false},"ja":{"title":false,"content":false,"excerpt":false}}},"yoast_head":"<!-- This site is optimized with the Yoast SEO plugin v27.3 - https:\/\/yoast.com\/product\/yoast-seo-wordpress\/ -->\n<title>DAHUA Kliens Be\u00e1ll\u00edt\u00e1sa - A DAHUA term\u00e9kek a pr\u00e9mium-tan\u00e1csad\u00e1st<\/title>\n<meta name=\"robots\" content=\"index, follow, max-snippet:-1, max-image-preview:large, max-video-preview:-1\" \/>\n<link rel=\"canonical\" href=\"https:\/\/dahua.evosec.eu\/client-setup\/\" \/>\n<meta property=\"og:locale\" content=\"hu_HU\" \/>\n<meta property=\"og:type\" content=\"article\" \/>\n<meta property=\"og:title\" content=\"DAHUA Kliens Be\u00e1ll\u00edt\u00e1sa - A DAHUA term\u00e9kek a pr\u00e9mium-tan\u00e1csad\u00e1st\" \/>\n<meta property=\"og:url\" content=\"https:\/\/dahua.evosec.eu\/client-setup\/\" \/>\n<meta property=\"og:site_name\" content=\"A DAHUA term\u00e9kek a pr\u00e9mium-tan\u00e1csad\u00e1st\" \/>\n<meta property=\"article:publisher\" content=\"https:\/\/www.facebook.com\/euroevosolutions\" \/>\n<meta property=\"article:modified_time\" content=\"2016-09-10T23:49:53+00:00\" \/>\n<meta property=\"og:image\" content=\"https:\/\/dahua.evosec.eu\/wp-content\/uploads\/2015\/06\/monitor.jpg\" \/>\n\t<meta property=\"og:image:width\" content=\"200\" \/>\n\t<meta property=\"og:image:height\" content=\"200\" \/>\n\t<meta property=\"og:image:type\" content=\"image\/jpeg\" \/>\n<meta name=\"twitter:card\" content=\"summary_large_image\" \/>\n<meta name=\"twitter:site\" content=\"@evosec_eu\" \/>\n<meta name=\"twitter:label1\" content=\"Becs\u00fclt olvas\u00e1si id\u0151\" \/>\n\t<meta name=\"twitter:data1\" content=\"7 perc\" \/>\n<script type=\"application\/ld+json\" class=\"yoast-schema-graph\">{\"@context\":\"https:\\\/\\\/schema.org\",\"@graph\":[{\"@type\":\"WebPage\",\"@id\":\"https:\\\/\\\/dahua.evosec.eu\\\/client-setup\\\/\",\"url\":\"https:\\\/\\\/dahua.evosec.eu\\\/client-setup\\\/\",\"name\":\"DAHUA Kliens Be\u00e1ll\u00edt\u00e1sa - A DAHUA term\u00e9kek a pr\u00e9mium-tan\u00e1csad\u00e1st\",\"isPartOf\":{\"@id\":\"https:\\\/\\\/dahua.evosec.eu\\\/#website\"},\"primaryImageOfPage\":{\"@id\":\"https:\\\/\\\/dahua.evosec.eu\\\/client-setup\\\/#primaryimage\"},\"image\":{\"@id\":\"https:\\\/\\\/dahua.evosec.eu\\\/client-setup\\\/#primaryimage\"},\"thumbnailUrl\":\"https:\\\/\\\/dahua.evosec.eu\\\/wp-content\\\/uploads\\\/2015\\\/06\\\/monitor.jpg\",\"datePublished\":\"2015-06-11T15:15:07+00:00\",\"dateModified\":\"2016-09-10T23:49:53+00:00\",\"description\":\"Help you setup the client software on Windows PCs, Linux, MacOS or any other device that supports a DAHUA view\\\/config client\",\"breadcrumb\":{\"@id\":\"https:\\\/\\\/dahua.evosec.eu\\\/client-setup\\\/#breadcrumb\"},\"inLanguage\":\"hu\",\"potentialAction\":[{\"@type\":\"ReadAction\",\"target\":[\"https:\\\/\\\/dahua.evosec.eu\\\/client-setup\\\/\"]}]},{\"@type\":\"ImageObject\",\"inLanguage\":\"hu\",\"@id\":\"https:\\\/\\\/dahua.evosec.eu\\\/client-setup\\\/#primaryimage\",\"url\":\"https:\\\/\\\/dahua.evosec.eu\\\/wp-content\\\/uploads\\\/2015\\\/06\\\/monitor.jpg\",\"contentUrl\":\"https:\\\/\\\/dahua.evosec.eu\\\/wp-content\\\/uploads\\\/2015\\\/06\\\/monitor.jpg\",\"width\":200,\"height\":200},{\"@type\":\"BreadcrumbList\",\"@id\":\"https:\\\/\\\/dahua.evosec.eu\\\/client-setup\\\/#breadcrumb\",\"itemListElement\":[{\"@type\":\"ListItem\",\"position\":1,\"name\":\"Home\",\"item\":\"https:\\\/\\\/dahua.evosec.eu\\\/\"},{\"@type\":\"ListItem\",\"position\":2,\"name\":\"DAHUA Client Setup\"}]},{\"@type\":\"WebSite\",\"@id\":\"https:\\\/\\\/dahua.evosec.eu\\\/#website\",\"url\":\"https:\\\/\\\/dahua.evosec.eu\\\/\",\"name\":\"A DAHUA term\u00e9kek a pr\u00e9mium-tan\u00e1csad\u00e1st\",\"description\":\"3. f\u00e9l v\u00e1llalat tapasztalt DAHUA term\u00e9kek\",\"potentialAction\":[{\"@type\":\"SearchAction\",\"target\":{\"@type\":\"EntryPoint\",\"urlTemplate\":\"https:\\\/\\\/dahua.evosec.eu\\\/?s={search_term_string}\"},\"query-input\":{\"@type\":\"PropertyValueSpecification\",\"valueRequired\":true,\"valueName\":\"search_term_string\"}}],\"inLanguage\":\"hu\"}]}<\/script>\n<!-- \/ Yoast SEO plugin. -->","yoast_head_json":{"title":"DAHUA Kliens Be\u00e1ll\u00edt\u00e1sa - A DAHUA term\u00e9kek a pr\u00e9mium-tan\u00e1csad\u00e1st","robots":{"index":"index","follow":"follow","max-snippet":"max-snippet:-1","max-image-preview":"max-image-preview:large","max-video-preview":"max-video-preview:-1"},"canonical":"https:\/\/dahua.evosec.eu\/client-setup\/","og_locale":"hu_HU","og_type":"article","og_title":"DAHUA Kliens Be\u00e1ll\u00edt\u00e1sa - A DAHUA term\u00e9kek a pr\u00e9mium-tan\u00e1csad\u00e1st","og_url":"https:\/\/dahua.evosec.eu\/client-setup\/","og_site_name":"A DAHUA term\u00e9kek a pr\u00e9mium-tan\u00e1csad\u00e1st","article_publisher":"https:\/\/www.facebook.com\/euroevosolutions","article_modified_time":"2016-09-10T23:49:53+00:00","og_image":[{"width":200,"height":200,"url":"https:\/\/dahua.evosec.eu\/wp-content\/uploads\/2015\/06\/monitor.jpg","type":"image\/jpeg"}],"twitter_card":"summary_large_image","twitter_site":"@evosec_eu","twitter_misc":{"Becs\u00fclt olvas\u00e1si id\u0151":"7 perc"},"schema":{"@context":"https:\/\/schema.org","@graph":[{"@type":"WebPage","@id":"https:\/\/dahua.evosec.eu\/client-setup\/","url":"https:\/\/dahua.evosec.eu\/client-setup\/","name":"DAHUA Kliens Be\u00e1ll\u00edt\u00e1sa - A DAHUA term\u00e9kek a pr\u00e9mium-tan\u00e1csad\u00e1st","isPartOf":{"@id":"https:\/\/dahua.evosec.eu\/#website"},"primaryImageOfPage":{"@id":"https:\/\/dahua.evosec.eu\/client-setup\/#primaryimage"},"image":{"@id":"https:\/\/dahua.evosec.eu\/client-setup\/#primaryimage"},"thumbnailUrl":"https:\/\/dahua.evosec.eu\/wp-content\/uploads\/2015\/06\/monitor.jpg","datePublished":"2015-06-11T15:15:07+00:00","dateModified":"2016-09-10T23:49:53+00:00","description":"Help you setup the client software on Windows PCs, Linux, MacOS or any other device that supports a DAHUA view\/config client","breadcrumb":{"@id":"https:\/\/dahua.evosec.eu\/client-setup\/#breadcrumb"},"inLanguage":"hu","potentialAction":[{"@type":"ReadAction","target":["https:\/\/dahua.evosec.eu\/client-setup\/"]}]},{"@type":"ImageObject","inLanguage":"hu","@id":"https:\/\/dahua.evosec.eu\/client-setup\/#primaryimage","url":"https:\/\/dahua.evosec.eu\/wp-content\/uploads\/2015\/06\/monitor.jpg","contentUrl":"https:\/\/dahua.evosec.eu\/wp-content\/uploads\/2015\/06\/monitor.jpg","width":200,"height":200},{"@type":"BreadcrumbList","@id":"https:\/\/dahua.evosec.eu\/client-setup\/#breadcrumb","itemListElement":[{"@type":"ListItem","position":1,"name":"Home","item":"https:\/\/dahua.evosec.eu\/"},{"@type":"ListItem","position":2,"name":"DAHUA Client Setup"}]},{"@type":"WebSite","@id":"https:\/\/dahua.evosec.eu\/#website","url":"https:\/\/dahua.evosec.eu\/","name":"A DAHUA term\u00e9kek a pr\u00e9mium-tan\u00e1csad\u00e1st","description":"3. f\u00e9l v\u00e1llalat tapasztalt DAHUA term\u00e9kek","potentialAction":[{"@type":"SearchAction","target":{"@type":"EntryPoint","urlTemplate":"https:\/\/dahua.evosec.eu\/?s={search_term_string}"},"query-input":{"@type":"PropertyValueSpecification","valueRequired":true,"valueName":"search_term_string"}}],"inLanguage":"hu"}]}},"_links":{"self":[{"href":"https:\/\/dahua.evosec.eu\/hu\/wp-json\/wp\/v2\/pages\/25","targetHints":{"allow":["GET"]}}],"collection":[{"href":"https:\/\/dahua.evosec.eu\/hu\/wp-json\/wp\/v2\/pages"}],"about":[{"href":"https:\/\/dahua.evosec.eu\/hu\/wp-json\/wp\/v2\/types\/page"}],"author":[{"embeddable":true,"href":"https:\/\/dahua.evosec.eu\/hu\/wp-json\/wp\/v2\/users\/1"}],"replies":[{"embeddable":true,"href":"https:\/\/dahua.evosec.eu\/hu\/wp-json\/wp\/v2\/comments?post=25"}],"version-history":[{"count":0,"href":"https:\/\/dahua.evosec.eu\/hu\/wp-json\/wp\/v2\/pages\/25\/revisions"}],"wp:featuredmedia":[{"embeddable":true,"href":"https:\/\/dahua.evosec.eu\/hu\/wp-json\/wp\/v2\/media\/424"}],"wp:attachment":[{"href":"https:\/\/dahua.evosec.eu\/hu\/wp-json\/wp\/v2\/media?parent=25"}],"curies":[{"name":"wp","href":"https:\/\/api.w.org\/{rel}","templated":true}]}}