{"id":226,"date":"2015-08-22T01:42:29","date_gmt":"2015-08-22T01:42:29","guid":{"rendered":"http:\/\/dahua.evosec.eu\/?page_id=226"},"modified":"2016-09-11T17:47:32","modified_gmt":"2016-09-11T17:47:32","slug":"device-security-assessment","status":"publish","type":"page","link":"https:\/\/dahua.evosec.eu\/it\/device-security-assessment\/","title":{"rendered":"Valutazione Di Sicurezza Del Dispositivo &amp; Applicazione"},"content":{"rendered":"<div><i>Aggiornamento 25 settembre 2015<\/i><br \/>\r\nPer ora, abbiamo identificato bug, ha sviluppato una patch (sar\u00e0 disponibile per la maggior parte dei prodotti a base di DAHUA) e anche soluzioni per il ripristino del dispositivo per situazioni dove:<\/p>\r\n<ul>\r\n<li>Dispositivo non risponde, di registrazione o non \u00e8 accessibile via Internet collegato direttamente o tramite PPPoE<\/li>\r\n<li>Dispositivo ancora record, ma si non pu\u00f2 accedere via Internet<\/li>\r\n<li>Dispositivo viene visualizzato un &#8220;System has been hacked&#8221;, &#8220;Device has been hacked&#8221;, &#8220;DVR has been hacked&#8221; o altri messaggi e la <strong>admin<\/strong> conto non ha nessun diritto<\/li>\r\n<\/ul>\r\n<\/div>\r\n<hr \/>\r\n<div><i>Aggiornamento 1\u00b0 settembre 2015<\/i><br \/>\r\nAbbiamo sviluppato firmware(s) personalizzato per i dispositivi vecchi che sono inclini a telnet(port 23)->root attacchi di username(via predefinita, immutabile <strong>vizxv<\/strong> password). Siamo in grado di personalizzare\/patch quasi qualsiasi vecchio firmware con una password sicura che fornisci.<\/p>\r\n<p>Perche &#8216;? Perch\u00e9 utilizzando root&#038;<strong>vizxv<\/strong> dispositivi con password sono vulnerabili ai dati delle perdite (compresi diversi, le credenziali archiviate di testo non crittografato), eliminazione, di aggiudicazione battuta d&#8217;arresto dell&#8217;operazione (per almeno 4 minuti), Reset della configurazione ect.<\/p>\r\n<div class=\"panel panel-default\">\r\n<div class=\"panel-heading\">Alcuni modelli interessati<\/div>\r\n<div class=\"panel-body\">\r\nDVR0404HE-AN, DVR0404HE-AS, DVR0404HF-AN, DVR0404HF-AS, DVR0404HF-AT, DVR0404HF-U, DVR0404LE-AN, DVR0404LE-AS, DVR0404LF-A, DVR0404LF-AS, DVR0404LF-AST, DVR0404LF-L, DVR0404LF-S, DVR0804HF-U, DVR0804LE-AS, DVR0804LF-A, DVR0804LF-AS, DVR0804LF-AST, DVR0804LF-L, DVR0804LF-S, DVR1604HF-L-E, DVR1604HF-S-E, DVR1604HF-U, DVR1604LE-AS, DVR1604LE-SL, DVR1604LF-A, DVR1604LF-AE, DVR1604LF-AS, DVR1604LF-AST, DVR1604LF-L, DVR1604LF-S, DVR3108H, DVR310XE, DVR3116E, DVR3116H\r\n  <\/div>\r\n<\/div>\r\n<hr \/>\r\n<div>Alcuni DVR, NVR (e altri incorporato di protezione o dispositivi di monitoraggio) possono e potrebbero essere compromessa da problemi di sicurezza diversi. Per coloro che, in modalit\u00e0 remota-valuteremo sicurezza del dispositivo corrente e di elaborare una relazione.\r\n<\/div>\r\n<\/p>\r\n<div><strong>Suggerimento:<\/strong> Questa funzionalit\u00e0 \u00e8 attualmente in fase di sviluppo.<br \/>\r\nFaremo #pentesting e qualche #hardwarefingerprinting. Useremo anche comuni #CVEs disponibili e alcuni strumenti sviluppati all&#8217;interno. Vi presentiamo una statistica dei dispositivi vulnerabili nel prossimo futuro.\r\n<\/div>","protected":false},"excerpt":{"rendered":"Aggiornamento 25 settembre 2015 Per ora, abbiamo identificato bug, ha sviluppato una patch (sar\u00e0 disponibile per la maggior parte dei prodotti a base di DAHUA) e anche soluzioni per il ripristino del dispositivo per situazioni dove: Dispositivo non risponde, di registrazione o non \u00e8 accessibile via Internet collegato direttamente o tramite PPPoE Dispositivo ancora record,&hellip; <a class=\"more-link\" href=\"https:\/\/dahua.evosec.eu\/it\/device-security-assessment\/\">Continue Reading Valutazione Di Sicurezza Del Dispositivo &amp; Applicazione<\/a>","protected":false},"author":1,"featured_media":0,"parent":0,"menu_order":0,"comment_status":"closed","ping_status":"closed","template":"","meta":{"footnotes":""},"class_list":["post-226","page","type-page","status-publish","hentry"],"translation":{"provider":"WPGlobus","version":"3.0.1","language":"it","enabled_languages":["en","da","de","es","fi","fr","it","hu","nl","no","pt","pl","ru","sv","ja"],"languages":{"en":{"title":true,"content":true,"excerpt":false},"da":{"title":true,"content":true,"excerpt":false},"de":{"title":true,"content":true,"excerpt":false},"es":{"title":true,"content":true,"excerpt":false},"fi":{"title":true,"content":true,"excerpt":false},"fr":{"title":true,"content":true,"excerpt":false},"it":{"title":true,"content":true,"excerpt":false},"hu":{"title":true,"content":true,"excerpt":false},"nl":{"title":true,"content":true,"excerpt":false},"no":{"title":true,"content":true,"excerpt":false},"pt":{"title":true,"content":true,"excerpt":false},"pl":{"title":true,"content":true,"excerpt":false},"ru":{"title":true,"content":true,"excerpt":false},"sv":{"title":true,"content":true,"excerpt":false},"ja":{"title":false,"content":false,"excerpt":false}}},"yoast_head":"<!-- This site is optimized with the Yoast SEO plugin v27.3 - https:\/\/yoast.com\/product\/yoast-seo-wordpress\/ -->\n<title>Security Assessment remote del video dispositivi di sicurezza<\/title>\n<meta name=\"description\" content=\"Ci prova \/ pentest il dispositivo per scoprire se \/ cosa \u00e8 vulnerabile a. Per i prodotti a base di DAHUA-, siamo in grado di sviluppare patch in grado di risolvere i problemi.\" \/>\n<meta name=\"robots\" content=\"index, follow, max-snippet:-1, max-image-preview:large, max-video-preview:-1\" \/>\n<link rel=\"canonical\" href=\"https:\/\/dahua.evosec.eu\/hu\/device-security-assessment\/\" \/>\n<meta property=\"og:locale\" content=\"it_IT\" \/>\n<meta property=\"og:type\" content=\"article\" \/>\n<meta property=\"og:title\" content=\"Security Assessment remote del video dispositivi di sicurezza\" \/>\n<meta property=\"og:description\" content=\"Ci prova \/ pentest il dispositivo per scoprire se \/ cosa \u00e8 vulnerabile a. Per i prodotti a base di DAHUA-, siamo in grado di sviluppare patch in grado di risolvere i problemi.\" \/>\n<meta property=\"og:url\" content=\"https:\/\/dahua.evosec.eu\/hu\/device-security-assessment\/\" \/>\n<meta property=\"og:site_name\" content=\"Supporto Premium per DAHUA prodotti\" \/>\n<meta property=\"article:publisher\" content=\"https:\/\/www.facebook.com\/euroevosolutions\" \/>\n<meta property=\"article:modified_time\" content=\"2016-09-11T17:47:32+00:00\" \/>\n<meta name=\"twitter:card\" content=\"summary_large_image\" \/>\n<meta name=\"twitter:site\" content=\"@evosec_eu\" \/>\n<meta name=\"twitter:label1\" content=\"Tempo di lettura stimato\" \/>\n\t<meta name=\"twitter:data1\" content=\"22 minuti\" \/>\n<script type=\"application\/ld+json\" class=\"yoast-schema-graph\">{\"@context\":\"https:\\\/\\\/schema.org\",\"@graph\":[{\"@type\":\"WebPage\",\"@id\":\"https:\\\/\\\/dahua.evosec.eu\\\/hu\\\/device-security-assessment\\\/\",\"url\":\"https:\\\/\\\/dahua.evosec.eu\\\/hu\\\/device-security-assessment\\\/\",\"name\":\"Valutazione Di Sicurezza Del Dispositivo &amp; Applicazione - Supporto Premium per DAHUA prodotti\",\"isPartOf\":{\"@id\":\"https:\\\/\\\/dahua.evosec.eu\\\/#website\"},\"datePublished\":\"2015-08-22T01:42:29+00:00\",\"dateModified\":\"2016-09-11T17:47:32+00:00\",\"description\":\"Ci prova \\\/ pentest il dispositivo per scoprire se \\\/ cosa \u00e8 vulnerabile a. Per i prodotti a base di DAHUA-, siamo in grado di sviluppare patch in grado di risolvere i problemi.\",\"breadcrumb\":{\"@id\":\"https:\\\/\\\/dahua.evosec.eu\\\/hu\\\/device-security-assessment\\\/#breadcrumb\"},\"inLanguage\":\"it-IT\",\"potentialAction\":[{\"@type\":\"ReadAction\",\"target\":[\"https:\\\/\\\/dahua.evosec.eu\\\/hu\\\/device-security-assessment\\\/\"]}]},{\"@type\":\"BreadcrumbList\",\"@id\":\"https:\\\/\\\/dahua.evosec.eu\\\/hu\\\/device-security-assessment\\\/#breadcrumb\",\"itemListElement\":[{\"@type\":\"ListItem\",\"position\":1,\"name\":\"Home\",\"item\":\"https:\\\/\\\/dahua.evosec.eu\\\/\"},{\"@type\":\"ListItem\",\"position\":2,\"name\":\"K\u00e9sz\u00fcl\u00e9k Biztons\u00e1gi \u00e9rt\u00e9kel\u00e9si &amp; V\u00e9grehajt\u00e1si\"}]},{\"@type\":\"WebSite\",\"@id\":\"https:\\\/\\\/dahua.evosec.eu\\\/#website\",\"url\":\"https:\\\/\\\/dahua.evosec.eu\\\/\",\"name\":\"Supporto Premium per DAHUA prodotti\",\"description\":\"Siamo una societ\u00e0 di partito 3 \u00b0 con esperienza in prodotti DAHUA\",\"potentialAction\":[{\"@type\":\"SearchAction\",\"target\":{\"@type\":\"EntryPoint\",\"urlTemplate\":\"https:\\\/\\\/dahua.evosec.eu\\\/?s={search_term_string}\"},\"query-input\":{\"@type\":\"PropertyValueSpecification\",\"valueRequired\":true,\"valueName\":\"search_term_string\"}}],\"inLanguage\":\"it-IT\"}]}<\/script>\n<!-- \/ Yoast SEO plugin. -->","yoast_head_json":{"title":"Security Assessment remote del video dispositivi di sicurezza","description":"Ci prova \/ pentest il dispositivo per scoprire se \/ cosa \u00e8 vulnerabile a. Per i prodotti a base di DAHUA-, siamo in grado di sviluppare patch in grado di risolvere i problemi.","robots":{"index":"index","follow":"follow","max-snippet":"max-snippet:-1","max-image-preview":"max-image-preview:large","max-video-preview":"max-video-preview:-1"},"canonical":"https:\/\/dahua.evosec.eu\/hu\/device-security-assessment\/","og_locale":"it_IT","og_type":"article","og_title":"Security Assessment remote del video dispositivi di sicurezza","og_description":"Ci prova \/ pentest il dispositivo per scoprire se \/ cosa \u00e8 vulnerabile a. Per i prodotti a base di DAHUA-, siamo in grado di sviluppare patch in grado di risolvere i problemi.","og_url":"https:\/\/dahua.evosec.eu\/hu\/device-security-assessment\/","og_site_name":"Supporto Premium per DAHUA prodotti","article_publisher":"https:\/\/www.facebook.com\/euroevosolutions","article_modified_time":"2016-09-11T17:47:32+00:00","twitter_card":"summary_large_image","twitter_site":"@evosec_eu","twitter_misc":{"Tempo di lettura stimato":"22 minuti"},"schema":{"@context":"https:\/\/schema.org","@graph":[{"@type":"WebPage","@id":"https:\/\/dahua.evosec.eu\/hu\/device-security-assessment\/","url":"https:\/\/dahua.evosec.eu\/hu\/device-security-assessment\/","name":"Valutazione Di Sicurezza Del Dispositivo &amp; Applicazione - Supporto Premium per DAHUA prodotti","isPartOf":{"@id":"https:\/\/dahua.evosec.eu\/#website"},"datePublished":"2015-08-22T01:42:29+00:00","dateModified":"2016-09-11T17:47:32+00:00","description":"Ci prova \/ pentest il dispositivo per scoprire se \/ cosa \u00e8 vulnerabile a. Per i prodotti a base di DAHUA-, siamo in grado di sviluppare patch in grado di risolvere i problemi.","breadcrumb":{"@id":"https:\/\/dahua.evosec.eu\/hu\/device-security-assessment\/#breadcrumb"},"inLanguage":"it-IT","potentialAction":[{"@type":"ReadAction","target":["https:\/\/dahua.evosec.eu\/hu\/device-security-assessment\/"]}]},{"@type":"BreadcrumbList","@id":"https:\/\/dahua.evosec.eu\/hu\/device-security-assessment\/#breadcrumb","itemListElement":[{"@type":"ListItem","position":1,"name":"Home","item":"https:\/\/dahua.evosec.eu\/"},{"@type":"ListItem","position":2,"name":"K\u00e9sz\u00fcl\u00e9k Biztons\u00e1gi \u00e9rt\u00e9kel\u00e9si &amp; V\u00e9grehajt\u00e1si"}]},{"@type":"WebSite","@id":"https:\/\/dahua.evosec.eu\/#website","url":"https:\/\/dahua.evosec.eu\/","name":"Supporto Premium per DAHUA prodotti","description":"Siamo una societ\u00e0 di partito 3 \u00b0 con esperienza in prodotti DAHUA","potentialAction":[{"@type":"SearchAction","target":{"@type":"EntryPoint","urlTemplate":"https:\/\/dahua.evosec.eu\/?s={search_term_string}"},"query-input":{"@type":"PropertyValueSpecification","valueRequired":true,"valueName":"search_term_string"}}],"inLanguage":"it-IT"}]}},"_links":{"self":[{"href":"https:\/\/dahua.evosec.eu\/it\/wp-json\/wp\/v2\/pages\/226","targetHints":{"allow":["GET"]}}],"collection":[{"href":"https:\/\/dahua.evosec.eu\/it\/wp-json\/wp\/v2\/pages"}],"about":[{"href":"https:\/\/dahua.evosec.eu\/it\/wp-json\/wp\/v2\/types\/page"}],"author":[{"embeddable":true,"href":"https:\/\/dahua.evosec.eu\/it\/wp-json\/wp\/v2\/users\/1"}],"replies":[{"embeddable":true,"href":"https:\/\/dahua.evosec.eu\/it\/wp-json\/wp\/v2\/comments?post=226"}],"version-history":[{"count":0,"href":"https:\/\/dahua.evosec.eu\/it\/wp-json\/wp\/v2\/pages\/226\/revisions"}],"wp:attachment":[{"href":"https:\/\/dahua.evosec.eu\/it\/wp-json\/wp\/v2\/media?parent=226"}],"curies":[{"name":"wp","href":"https:\/\/api.w.org\/{rel}","templated":true}]}}