{"id":226,"date":"2015-08-22T01:42:29","date_gmt":"2015-08-22T01:42:29","guid":{"rendered":"http:\/\/dahua.evosec.eu\/?page_id=226"},"modified":"2016-09-11T17:47:32","modified_gmt":"2016-09-11T17:47:32","slug":"device-security-assessment","status":"publish","type":"page","link":"https:\/\/dahua.evosec.eu\/nl\/device-security-assessment\/","title":{"rendered":"Beoordeling Van De Veiligheid Van Het Apparaat &amp; Handhaving"},"content":{"rendered":"<div><i>Update 25 September, 2015<\/i><br \/>\r\nVoor nu, we hebben ge\u00efdentificeerd bugs, ontwikkelde een patch (meeste DAHUA gebaseerde producten beschikbaar zal zijn) en ook oplossingen voor het herstellen van het apparaat voor situaties waar:<\/p>\r\n<ul>\r\n<li>Apparaat reageert, opname stopt of niet kan worden benaderd via Internet terwijl rechtstreeks zijn aangesloten of via PPPoE<\/li>\r\n<li>Apparaat nog steeds records, maar u geen toegang tot het via Internet<\/li>\r\n<li>Apparaat geeft weer een &#8220;System has been hacked&#8221;, &#8220;Device has been hacked&#8221;, &#8220;DVR has been hacked&#8221; of andere berichten en de <strong>admin<\/strong> account heeft geen rechten<\/li>\r\n<\/ul>\r\n<\/div>\r\n<hr \/>\r\n<div><i>Update 1 September, 2015<\/i><br \/>\r\nHebben we aangepaste firmware(s) voor oude apparaten die gevoelig voor telnet(port 23) zijn->root gebruikersnaam aanvallen(via standaard, onveranderlijk <strong>vizxv<\/strong> wachtwoord). We kunnen aanpassen\/patch bijna elke oude firmware met een veilig wachtwoord dat u opgeeft.<\/p>\r\n<p>Waarom? Omdat met behulp van root&#038;<strong>vizxv<\/strong> wachtwoord apparaten zijn kwetsbaar voor gegevens lekken (met inbegrip van enkele, leesbare tekst opgeslagen referenties), record (s) verwijderen, halt (voor tenminste 4 minuten) reset van configuratie ect.<\/p>\r\n<div class=\"panel panel-default\">\r\n<div class=\"panel-heading\">Sommige getroffen modellen<\/div>\r\n<div class=\"panel-body\">\r\nDVR0404HE-AN, DVR0404HE-AS, DVR0404HF-AN, DVR0404HF-AS, DVR0404HF-AT, DVR0404HF-U, DVR0404LE-AN, DVR0404LE-AS, DVR0404LF-A, DVR0404LF-AS, DVR0404LF-AST, DVR0404LF-L, DVR0404LF-S, DVR0804HF-U, DVR0804LE-AS, DVR0804LF-A, DVR0804LF-AS, DVR0804LF-AST, DVR0804LF-L, DVR0804LF-S, DVR1604HF-L-E, DVR1604HF-S-E, DVR1604HF-U, DVR1604LE-AS, DVR1604LE-SL, DVR1604LF-A, DVR1604LF-AE, DVR1604LF-AS, DVR1604LF-AST, DVR1604LF-L, DVR1604LF-S, DVR3108H, DVR310XE, DVR3116E, DVR3116H\r\n  <\/div>\r\n<\/div>\r\n<hr \/>\r\n<div>Sommige DVRs, NVRs (en andere ingesloten veiligheid of toezicht apparaten) kunnen en zouden kunnen worden aangetast door verschillende veiligheidsproblemen. Voor degenen, zullen we op afstand-beoordelen van uw huidige apparaat beveiliging en verslag uitbrengen.\r\n<\/div>\r\n<\/p>\r\n<div><strong>Tip:<\/strong> Deze functie is momenteel in ontwikkeling.<br \/>\r\nWij zullen doen #pentesting en enkele #hardwarefingerprinting. Ook zullen we gemeenschappelijk #CVEs beschikbaar en sommige binnenkant ontwikkelde hulpmiddelen gebruiken. Wij presenteren een statistiek van kwetsbare apparaten in de nabije toekomst.\r\n<\/div>","protected":false},"excerpt":{"rendered":"Update 25 September, 2015 Voor nu, we hebben ge\u00efdentificeerd bugs, ontwikkelde een patch (meeste DAHUA gebaseerde producten beschikbaar zal zijn) en ook oplossingen voor het herstellen van het apparaat voor situaties waar: Apparaat reageert, opname stopt of niet kan worden benaderd via Internet terwijl rechtstreeks zijn aangesloten of via PPPoE Apparaat nog steeds records, maar&hellip; <a class=\"more-link\" href=\"https:\/\/dahua.evosec.eu\/nl\/device-security-assessment\/\">Continue Reading Beoordeling Van De Veiligheid Van Het Apparaat &amp; Handhaving<\/a>","protected":false},"author":1,"featured_media":0,"parent":0,"menu_order":0,"comment_status":"closed","ping_status":"closed","template":"","meta":{"footnotes":""},"class_list":["post-226","page","type-page","status-publish","hentry"],"translation":{"provider":"WPGlobus","version":"3.0.1","language":"nl","enabled_languages":["en","da","de","es","fi","fr","it","hu","nl","no","pt","pl","ru","sv","ja"],"languages":{"en":{"title":true,"content":true,"excerpt":false},"da":{"title":true,"content":true,"excerpt":false},"de":{"title":true,"content":true,"excerpt":false},"es":{"title":true,"content":true,"excerpt":false},"fi":{"title":true,"content":true,"excerpt":false},"fr":{"title":true,"content":true,"excerpt":false},"it":{"title":true,"content":true,"excerpt":false},"hu":{"title":true,"content":true,"excerpt":false},"nl":{"title":true,"content":true,"excerpt":false},"no":{"title":true,"content":true,"excerpt":false},"pt":{"title":true,"content":true,"excerpt":false},"pl":{"title":true,"content":true,"excerpt":false},"ru":{"title":true,"content":true,"excerpt":false},"sv":{"title":true,"content":true,"excerpt":false},"ja":{"title":false,"content":false,"excerpt":false}}},"yoast_head":"<!-- This site is optimized with the Yoast SEO plugin v27.4 - https:\/\/yoast.com\/product\/yoast-seo-wordpress\/ -->\n<title>Beoordeling Van De Veiligheid Van Het Apparaat &amp; Handhaving - Premium-ondersteuning voor de DAHUA producten<\/title>\n<meta name=\"robots\" content=\"index, follow, max-snippet:-1, max-image-preview:large, max-video-preview:-1\" \/>\n<link rel=\"canonical\" href=\"https:\/\/dahua.evosec.eu\/hu\/device-security-assessment\/\" \/>\n<meta property=\"og:locale\" content=\"nl_NL\" \/>\n<meta property=\"og:type\" content=\"article\" \/>\n<meta property=\"og:title\" content=\"Beoordeling Van De Veiligheid Van Het Apparaat &amp; Handhaving - Premium-ondersteuning voor de DAHUA producten\" \/>\n<meta property=\"og:url\" content=\"https:\/\/dahua.evosec.eu\/hu\/device-security-assessment\/\" \/>\n<meta property=\"og:site_name\" content=\"Premium-ondersteuning voor de DAHUA producten\" \/>\n<meta property=\"article:publisher\" content=\"https:\/\/www.facebook.com\/euroevosolutions\" \/>\n<meta property=\"article:modified_time\" content=\"2016-09-11T17:47:32+00:00\" \/>\n<meta name=\"twitter:card\" content=\"summary_large_image\" \/>\n<meta name=\"twitter:site\" content=\"@evosec_eu\" \/>\n<meta name=\"twitter:label1\" content=\"Geschatte leestijd\" \/>\n\t<meta name=\"twitter:data1\" content=\"22 minuten\" \/>\n<script type=\"application\/ld+json\" class=\"yoast-schema-graph\">{\"@context\":\"https:\\\/\\\/schema.org\",\"@graph\":[{\"@type\":\"WebPage\",\"@id\":\"https:\\\/\\\/dahua.evosec.eu\\\/hu\\\/device-security-assessment\\\/\",\"url\":\"https:\\\/\\\/dahua.evosec.eu\\\/hu\\\/device-security-assessment\\\/\",\"name\":\"Beoordeling Van De Veiligheid Van Het Apparaat &amp; Handhaving - Premium-ondersteuning voor de DAHUA producten\",\"isPartOf\":{\"@id\":\"https:\\\/\\\/dahua.evosec.eu\\\/#website\"},\"datePublished\":\"2015-08-22T01:42:29+00:00\",\"dateModified\":\"2016-09-11T17:47:32+00:00\",\"description\":\"\",\"breadcrumb\":{\"@id\":\"https:\\\/\\\/dahua.evosec.eu\\\/hu\\\/device-security-assessment\\\/#breadcrumb\"},\"inLanguage\":\"nl-NL\",\"potentialAction\":[{\"@type\":\"ReadAction\",\"target\":[\"https:\\\/\\\/dahua.evosec.eu\\\/hu\\\/device-security-assessment\\\/\"]}]},{\"@type\":\"BreadcrumbList\",\"@id\":\"https:\\\/\\\/dahua.evosec.eu\\\/hu\\\/device-security-assessment\\\/#breadcrumb\",\"itemListElement\":[{\"@type\":\"ListItem\",\"position\":1,\"name\":\"Home\",\"item\":\"https:\\\/\\\/dahua.evosec.eu\\\/\"},{\"@type\":\"ListItem\",\"position\":2,\"name\":\"K\u00e9sz\u00fcl\u00e9k Biztons\u00e1gi \u00e9rt\u00e9kel\u00e9si &amp; V\u00e9grehajt\u00e1si\"}]},{\"@type\":\"WebSite\",\"@id\":\"https:\\\/\\\/dahua.evosec.eu\\\/#website\",\"url\":\"https:\\\/\\\/dahua.evosec.eu\\\/\",\"name\":\"Premium-ondersteuning voor de DAHUA producten\",\"description\":\"Wij zijn een 3de partij bedrijf ervaren in DAHUA producten\",\"potentialAction\":[{\"@type\":\"SearchAction\",\"target\":{\"@type\":\"EntryPoint\",\"urlTemplate\":\"https:\\\/\\\/dahua.evosec.eu\\\/?s={search_term_string}\"},\"query-input\":{\"@type\":\"PropertyValueSpecification\",\"valueRequired\":true,\"valueName\":\"search_term_string\"}}],\"inLanguage\":\"nl-NL\"}]}<\/script>\n<!-- \/ Yoast SEO plugin. -->","yoast_head_json":{"title":"Beoordeling Van De Veiligheid Van Het Apparaat &amp; Handhaving - Premium-ondersteuning voor de DAHUA producten","robots":{"index":"index","follow":"follow","max-snippet":"max-snippet:-1","max-image-preview":"max-image-preview:large","max-video-preview":"max-video-preview:-1"},"canonical":"https:\/\/dahua.evosec.eu\/hu\/device-security-assessment\/","og_locale":"nl_NL","og_type":"article","og_title":"Beoordeling Van De Veiligheid Van Het Apparaat &amp; Handhaving - Premium-ondersteuning voor de DAHUA producten","og_url":"https:\/\/dahua.evosec.eu\/hu\/device-security-assessment\/","og_site_name":"Premium-ondersteuning voor de DAHUA producten","article_publisher":"https:\/\/www.facebook.com\/euroevosolutions","article_modified_time":"2016-09-11T17:47:32+00:00","twitter_card":"summary_large_image","twitter_site":"@evosec_eu","twitter_misc":{"Geschatte leestijd":"22 minuten"},"schema":{"@context":"https:\/\/schema.org","@graph":[{"@type":"WebPage","@id":"https:\/\/dahua.evosec.eu\/hu\/device-security-assessment\/","url":"https:\/\/dahua.evosec.eu\/hu\/device-security-assessment\/","name":"Beoordeling Van De Veiligheid Van Het Apparaat &amp; Handhaving - Premium-ondersteuning voor de DAHUA producten","isPartOf":{"@id":"https:\/\/dahua.evosec.eu\/#website"},"datePublished":"2015-08-22T01:42:29+00:00","dateModified":"2016-09-11T17:47:32+00:00","description":"","breadcrumb":{"@id":"https:\/\/dahua.evosec.eu\/hu\/device-security-assessment\/#breadcrumb"},"inLanguage":"nl-NL","potentialAction":[{"@type":"ReadAction","target":["https:\/\/dahua.evosec.eu\/hu\/device-security-assessment\/"]}]},{"@type":"BreadcrumbList","@id":"https:\/\/dahua.evosec.eu\/hu\/device-security-assessment\/#breadcrumb","itemListElement":[{"@type":"ListItem","position":1,"name":"Home","item":"https:\/\/dahua.evosec.eu\/"},{"@type":"ListItem","position":2,"name":"K\u00e9sz\u00fcl\u00e9k Biztons\u00e1gi \u00e9rt\u00e9kel\u00e9si &amp; V\u00e9grehajt\u00e1si"}]},{"@type":"WebSite","@id":"https:\/\/dahua.evosec.eu\/#website","url":"https:\/\/dahua.evosec.eu\/","name":"Premium-ondersteuning voor de DAHUA producten","description":"Wij zijn een 3de partij bedrijf ervaren in DAHUA producten","potentialAction":[{"@type":"SearchAction","target":{"@type":"EntryPoint","urlTemplate":"https:\/\/dahua.evosec.eu\/?s={search_term_string}"},"query-input":{"@type":"PropertyValueSpecification","valueRequired":true,"valueName":"search_term_string"}}],"inLanguage":"nl-NL"}]}},"_links":{"self":[{"href":"https:\/\/dahua.evosec.eu\/nl\/wp-json\/wp\/v2\/pages\/226","targetHints":{"allow":["GET"]}}],"collection":[{"href":"https:\/\/dahua.evosec.eu\/nl\/wp-json\/wp\/v2\/pages"}],"about":[{"href":"https:\/\/dahua.evosec.eu\/nl\/wp-json\/wp\/v2\/types\/page"}],"author":[{"embeddable":true,"href":"https:\/\/dahua.evosec.eu\/nl\/wp-json\/wp\/v2\/users\/1"}],"replies":[{"embeddable":true,"href":"https:\/\/dahua.evosec.eu\/nl\/wp-json\/wp\/v2\/comments?post=226"}],"version-history":[{"count":0,"href":"https:\/\/dahua.evosec.eu\/nl\/wp-json\/wp\/v2\/pages\/226\/revisions"}],"wp:attachment":[{"href":"https:\/\/dahua.evosec.eu\/nl\/wp-json\/wp\/v2\/media?parent=226"}],"curies":[{"name":"wp","href":"https:\/\/api.w.org\/{rel}","templated":true}]}}