{"id":226,"date":"2015-08-22T01:42:29","date_gmt":"2015-08-22T01:42:29","guid":{"rendered":"http:\/\/dahua.evosec.eu\/?page_id=226"},"modified":"2016-09-11T17:47:32","modified_gmt":"2016-09-11T17:47:32","slug":"device-security-assessment","status":"publish","type":"page","link":"https:\/\/dahua.evosec.eu\/no\/device-security-assessment\/","title":{"rendered":"Enheten Security Assessment &amp; Rettsh\u00e5ndhevelse"},"content":{"rendered":"<div><i>Oppdatere 25 September, 2015<\/i><br \/>\r\nFor n\u00e5 har vi identifisert bugs, utviklet en patch (vil v\u00e6re tilgjengelig for de fleste DAHUA-baserte produkter) samt l\u00f8sninger for \u00e5 gjenopprette enheten for situasjoner der:<\/p>\r\n<ul>\r\n<li>Enheten slutter \u00e5 svare, opptak eller kan ikke n\u00e5s via Internett mens koblet direkte eller gjennom PPPoE<\/li>\r\n<li>Enheten fortsatt poster, men du kan ikke tilgang til den via Internett<\/li>\r\n<li>Enheten viser en &#8220;System has been hacked&#8221;, &#8220;Device has been hacked&#8221;, &#8220;DVR has been hacked&#8221; eller andre meldinger og <strong>admin<\/strong> kontoen har ingen rettigheter<\/li>\r\n<\/ul>\r\n<\/div>\r\n<hr \/>\r\n<div><i>Oppdatere 1 September, 2015<\/i><br \/>\r\nVi har utviklet egendefinerte firmware(s) for gamle enheter som er utsatt for telnet(port 23)->root brukernavn angrep(via standard uforanderlig <strong>vizxv<\/strong> passord). Vi kan tilpasse\/patch nesten alle gamle firmware med et sikkert passord som du oppgir.<\/p>\r\n<p>hvorfor? Fordi bruker root&#038;<strong>vizxv<\/strong> passord enheter er s\u00e5rbare for data lekkasjer (inkludert flere, klartekst lagret legitimasjon), poster sletting, stoppe operasjonen (for minst 4 minutter), tilbakestilling av konfigurasjonen ect.<\/p>\r\n<div class=\"panel panel-default\">\r\n<div class=\"panel-heading\">Noen ber\u00f8rte modeller<\/div>\r\n<div class=\"panel-body\">\r\nDVR0404HE-AN, DVR0404HE-AS, DVR0404HF-AN, DVR0404HF-AS, DVR0404HF-AT, DVR0404HF-U, DVR0404LE-AN, DVR0404LE-AS, DVR0404LF-A, DVR0404LF-AS, DVR0404LF-AST, DVR0404LF-L, DVR0404LF-S, DVR0804HF-U, DVR0804LE-AS, DVR0804LF-A, DVR0804LF-AS, DVR0804LF-AST, DVR0804LF-L, DVR0804LF-S, DVR1604HF-L-E, DVR1604HF-S-E, DVR1604HF-U, DVR1604LE-AS, DVR1604LE-SL, DVR1604LF-A, DVR1604LF-AE, DVR1604LF-AS, DVR1604LF-AST, DVR1604LF-L, DVR1604LF-S, DVR3108H, DVR310XE, DVR3116E, DVR3116H\r\n  <\/div>\r\n<\/div>\r\n<hr \/>\r\n<div>Noen DVRs, NVRs (og andre innebygde garanti eller overv\u00e5king enheter) kan og kan v\u00e6re kompromittert av ulike problemer. For de, vi eksternt-vurdere gjeldende enhetens sikkerhet og utstede en rapport.\r\n<\/div>\r\n<\/p>\r\n<div><strong>Tips:<\/strong> Denne funksjonen er for tiden under utvikling.<br \/>\r\nVi vil gj\u00f8re #pentesting og noen #hardwarefingerprinting. Vi vil ogs\u00e5 bruke felles #CVEs tilgjengelig og noen innsiden utviklet verkt\u00f8y. Vi vil presentere en statistikk av s\u00e5rbare enheter i n\u00e6r fremtid.\r\n<\/div>","protected":false},"excerpt":{"rendered":"Oppdatere 25 September, 2015 For n\u00e5 har vi identifisert bugs, utviklet en patch (vil v\u00e6re tilgjengelig for de fleste DAHUA-baserte produkter) samt l\u00f8sninger for \u00e5 gjenopprette enheten for situasjoner der: Enheten slutter \u00e5 svare, opptak eller kan ikke n\u00e5s via Internett mens koblet direkte eller gjennom PPPoE Enheten fortsatt poster, men du kan ikke tilgang&hellip; <a class=\"more-link\" href=\"https:\/\/dahua.evosec.eu\/no\/device-security-assessment\/\">Continue Reading Enheten Security Assessment &amp; Rettsh\u00e5ndhevelse<\/a>","protected":false},"author":1,"featured_media":0,"parent":0,"menu_order":0,"comment_status":"closed","ping_status":"closed","template":"","meta":{"footnotes":""},"class_list":["post-226","page","type-page","status-publish","hentry"],"translation":{"provider":"WPGlobus","version":"3.0.1","language":"no","enabled_languages":["en","da","de","es","fi","fr","it","hu","nl","no","pt","pl","ru","sv","ja"],"languages":{"en":{"title":true,"content":true,"excerpt":false},"da":{"title":true,"content":true,"excerpt":false},"de":{"title":true,"content":true,"excerpt":false},"es":{"title":true,"content":true,"excerpt":false},"fi":{"title":true,"content":true,"excerpt":false},"fr":{"title":true,"content":true,"excerpt":false},"it":{"title":true,"content":true,"excerpt":false},"hu":{"title":true,"content":true,"excerpt":false},"nl":{"title":true,"content":true,"excerpt":false},"no":{"title":true,"content":true,"excerpt":false},"pt":{"title":true,"content":true,"excerpt":false},"pl":{"title":true,"content":true,"excerpt":false},"ru":{"title":true,"content":true,"excerpt":false},"sv":{"title":true,"content":true,"excerpt":false},"ja":{"title":false,"content":false,"excerpt":false}}},"yoast_head":"<!-- This site is optimized with the Yoast SEO plugin v27.3 - https:\/\/yoast.com\/product\/yoast-seo-wordpress\/ -->\n<title>Enheten Security Assessment &amp; Rettsh\u00e5ndhevelse - Premium kundest\u00f8tte for DAHUA produkter<\/title>\n<meta name=\"robots\" content=\"index, follow, max-snippet:-1, max-image-preview:large, max-video-preview:-1\" \/>\n<link rel=\"canonical\" href=\"https:\/\/dahua.evosec.eu\/hu\/device-security-assessment\/\" \/>\n<meta property=\"og:locale\" content=\"nb_NO\" \/>\n<meta property=\"og:type\" content=\"article\" \/>\n<meta property=\"og:title\" content=\"Enheten Security Assessment &amp; Rettsh\u00e5ndhevelse - Premium kundest\u00f8tte for DAHUA produkter\" \/>\n<meta property=\"og:url\" content=\"https:\/\/dahua.evosec.eu\/hu\/device-security-assessment\/\" \/>\n<meta property=\"og:site_name\" content=\"Premium kundest\u00f8tte for DAHUA produkter\" \/>\n<meta property=\"article:publisher\" content=\"https:\/\/www.facebook.com\/euroevosolutions\" \/>\n<meta property=\"article:modified_time\" content=\"2016-09-11T17:47:32+00:00\" \/>\n<meta name=\"twitter:card\" content=\"summary_large_image\" \/>\n<meta name=\"twitter:site\" content=\"@evosec_eu\" \/>\n<meta name=\"twitter:label1\" content=\"Est. reading time\" \/>\n\t<meta name=\"twitter:data1\" content=\"22 minutes\" \/>\n<script type=\"application\/ld+json\" class=\"yoast-schema-graph\">{\"@context\":\"https:\\\/\\\/schema.org\",\"@graph\":[{\"@type\":\"WebPage\",\"@id\":\"https:\\\/\\\/dahua.evosec.eu\\\/hu\\\/device-security-assessment\\\/\",\"url\":\"https:\\\/\\\/dahua.evosec.eu\\\/hu\\\/device-security-assessment\\\/\",\"name\":\"Enheten Security Assessment &amp; Rettsh\u00e5ndhevelse - Premium kundest\u00f8tte for DAHUA produkter\",\"isPartOf\":{\"@id\":\"https:\\\/\\\/dahua.evosec.eu\\\/#website\"},\"datePublished\":\"2015-08-22T01:42:29+00:00\",\"dateModified\":\"2016-09-11T17:47:32+00:00\",\"description\":\"\",\"breadcrumb\":{\"@id\":\"https:\\\/\\\/dahua.evosec.eu\\\/hu\\\/device-security-assessment\\\/#breadcrumb\"},\"inLanguage\":\"nb-NO\",\"potentialAction\":[{\"@type\":\"ReadAction\",\"target\":[\"https:\\\/\\\/dahua.evosec.eu\\\/hu\\\/device-security-assessment\\\/\"]}]},{\"@type\":\"BreadcrumbList\",\"@id\":\"https:\\\/\\\/dahua.evosec.eu\\\/hu\\\/device-security-assessment\\\/#breadcrumb\",\"itemListElement\":[{\"@type\":\"ListItem\",\"position\":1,\"name\":\"Home\",\"item\":\"https:\\\/\\\/dahua.evosec.eu\\\/\"},{\"@type\":\"ListItem\",\"position\":2,\"name\":\"K\u00e9sz\u00fcl\u00e9k Biztons\u00e1gi \u00e9rt\u00e9kel\u00e9si &amp; V\u00e9grehajt\u00e1si\"}]},{\"@type\":\"WebSite\",\"@id\":\"https:\\\/\\\/dahua.evosec.eu\\\/#website\",\"url\":\"https:\\\/\\\/dahua.evosec.eu\\\/\",\"name\":\"Premium kundest\u00f8tte for DAHUA produkter\",\"description\":\"Support, Integration &amp; Automation\",\"potentialAction\":[{\"@type\":\"SearchAction\",\"target\":{\"@type\":\"EntryPoint\",\"urlTemplate\":\"https:\\\/\\\/dahua.evosec.eu\\\/?s={search_term_string}\"},\"query-input\":{\"@type\":\"PropertyValueSpecification\",\"valueRequired\":true,\"valueName\":\"search_term_string\"}}],\"inLanguage\":\"nb-NO\"}]}<\/script>\n<!-- \/ Yoast SEO plugin. -->","yoast_head_json":{"title":"Enheten Security Assessment &amp; Rettsh\u00e5ndhevelse - Premium kundest\u00f8tte for DAHUA produkter","robots":{"index":"index","follow":"follow","max-snippet":"max-snippet:-1","max-image-preview":"max-image-preview:large","max-video-preview":"max-video-preview:-1"},"canonical":"https:\/\/dahua.evosec.eu\/hu\/device-security-assessment\/","og_locale":"nb_NO","og_type":"article","og_title":"Enheten Security Assessment &amp; Rettsh\u00e5ndhevelse - Premium kundest\u00f8tte for DAHUA produkter","og_url":"https:\/\/dahua.evosec.eu\/hu\/device-security-assessment\/","og_site_name":"Premium kundest\u00f8tte for DAHUA produkter","article_publisher":"https:\/\/www.facebook.com\/euroevosolutions","article_modified_time":"2016-09-11T17:47:32+00:00","twitter_card":"summary_large_image","twitter_site":"@evosec_eu","twitter_misc":{"Est. reading time":"22 minutes"},"schema":{"@context":"https:\/\/schema.org","@graph":[{"@type":"WebPage","@id":"https:\/\/dahua.evosec.eu\/hu\/device-security-assessment\/","url":"https:\/\/dahua.evosec.eu\/hu\/device-security-assessment\/","name":"Enheten Security Assessment &amp; Rettsh\u00e5ndhevelse - Premium kundest\u00f8tte for DAHUA produkter","isPartOf":{"@id":"https:\/\/dahua.evosec.eu\/#website"},"datePublished":"2015-08-22T01:42:29+00:00","dateModified":"2016-09-11T17:47:32+00:00","description":"","breadcrumb":{"@id":"https:\/\/dahua.evosec.eu\/hu\/device-security-assessment\/#breadcrumb"},"inLanguage":"nb-NO","potentialAction":[{"@type":"ReadAction","target":["https:\/\/dahua.evosec.eu\/hu\/device-security-assessment\/"]}]},{"@type":"BreadcrumbList","@id":"https:\/\/dahua.evosec.eu\/hu\/device-security-assessment\/#breadcrumb","itemListElement":[{"@type":"ListItem","position":1,"name":"Home","item":"https:\/\/dahua.evosec.eu\/"},{"@type":"ListItem","position":2,"name":"K\u00e9sz\u00fcl\u00e9k Biztons\u00e1gi \u00e9rt\u00e9kel\u00e9si &amp; V\u00e9grehajt\u00e1si"}]},{"@type":"WebSite","@id":"https:\/\/dahua.evosec.eu\/#website","url":"https:\/\/dahua.evosec.eu\/","name":"Premium kundest\u00f8tte for DAHUA produkter","description":"Support, Integration &amp; Automation","potentialAction":[{"@type":"SearchAction","target":{"@type":"EntryPoint","urlTemplate":"https:\/\/dahua.evosec.eu\/?s={search_term_string}"},"query-input":{"@type":"PropertyValueSpecification","valueRequired":true,"valueName":"search_term_string"}}],"inLanguage":"nb-NO"}]}},"_links":{"self":[{"href":"https:\/\/dahua.evosec.eu\/no\/wp-json\/wp\/v2\/pages\/226","targetHints":{"allow":["GET"]}}],"collection":[{"href":"https:\/\/dahua.evosec.eu\/no\/wp-json\/wp\/v2\/pages"}],"about":[{"href":"https:\/\/dahua.evosec.eu\/no\/wp-json\/wp\/v2\/types\/page"}],"author":[{"embeddable":true,"href":"https:\/\/dahua.evosec.eu\/no\/wp-json\/wp\/v2\/users\/1"}],"replies":[{"embeddable":true,"href":"https:\/\/dahua.evosec.eu\/no\/wp-json\/wp\/v2\/comments?post=226"}],"version-history":[{"count":0,"href":"https:\/\/dahua.evosec.eu\/no\/wp-json\/wp\/v2\/pages\/226\/revisions"}],"wp:attachment":[{"href":"https:\/\/dahua.evosec.eu\/no\/wp-json\/wp\/v2\/media?parent=226"}],"curies":[{"name":"wp","href":"https:\/\/api.w.org\/{rel}","templated":true}]}}