{"id":13,"date":"2015-06-11T14:23:18","date_gmt":"2015-06-11T14:23:18","guid":{"rendered":"http:\/\/dahua.evosec.eu\/?page_id=13"},"modified":"2018-08-24T00:50:03","modified_gmt":"2018-08-23T23:50:03","slug":"password-recovery","status":"publish","type":"page","link":"https:\/\/dahua.evosec.eu\/pl\/password-recovery\/","title":{"rendered":"Zmiana Has\u0142a DAHUA Lub Reset"},"content":{"rendered":"<div class=\"alert alert-success\" role=\"alert\">\r\n<div class=\"row\">\r\n<div class=\"col-md-1\">\r\n<i class=\"fa fa-money fa-3x\" aria-hidden=\"true\"><\/i>\r\n<\/div>\r\n<div class=\"col-md-11\">\r\nMamy rozwi\u0105zanie problemu na Twoje problemy! Oferujemy szybki i \u0142atwy spos\u00f3b aby zresetowa\u0107 i zmieni\u0107 has\u0142o u\u017cywane na starsze lub nowsze produkty DAHUA.\r\n<\/div>\r\n<\/div>\r\n<\/div>\r\n<hr \/>\r\n<div class=\"alert alert-info text-center lead\" role=\"alert\">\r\n    <i class=\"fa fa-info-circle fa-fw\" aria-hidden=\"true\"><\/i> \r\n    <a href=\"https:\/\/dahua-passwords.evosec.eu\/\">Sprawd\u017a nasze nowe i ulepszone us\u0142ugi &#8211; https:\/\/dahua-passwords.evosec.eu\/<\/a>\r\n    <i class=\"fa fa-info-circle fa-fw\" aria-hidden=\"true\"><\/i>\r\n<\/div>\r\n<hr \/>\r\n<br \/>\r\n<div style=\"text-align:justify\">Czy zgubi\u0142e\u015b has\u0142o DAHUA urz\u0105dzenia (lub urz\u0105dze\u0144) lub nie pami\u0119tasz, pomo\u017cemy Ci &#8211; zapewnia instrukcje i unikatowe i tymczasowe has\u0142o (wa\u017cny tylko jeden dzie\u0144). Nie musisz otwiera\u0107 urz\u0105dzenia, ustawienia nie s\u0105 resetowane i nie stracisz \u017cadnych informacji.<br \/>\r\nTrzeba b\u0119dzie uzyska\u0107 fizyczny dost\u0119p do urz\u0105dzenia i naszych instrukcji, za pomoc\u0105 myszy pod\u0142\u0105czonych za po\u015brednictwem portu USB.<\/div>\r\n<br \/>\r\n<div class=\"alert alert-warning text-center\" role=\"alert\"><i class=\"fa fa-exclamation-triangle fa-fw\" aria-hidden=\"true\"><\/i> Je\u015bli data na urz\u0105dzeniu r\u00f3\u017cni si\u0119 od bie\u017c\u0105cej daty, nale\u017cy wybra\u0107 drug\u0105 opcj\u0119 &#8211; <strong>Zaawansowane<\/strong>! <i class=\"fa fa-exclamation-triangle fa-fw\" aria-hidden=\"true\"><\/i><\/div>\r\n<br \/>\r\n<div class=\"panel panel-default panel-primary\">\r\n<div class=\"panel-heading\">Jaka us\u0142uga odpowiada Ci lepiej?<\/div>\r\n  <div class=\"panel-body\">\r\n<div class=\"DHPass\">\r\n    <div class=\"row\">\r\n        <div class=\"col-xs-12 col-sm-offset-4 col-sm-8\">\r\n            <div class=\"row\">\r\n                <div class=\"col-xs-4 PlanHeader Plan1\">\r\n                    <div class=\"PlanTitle\">Proste<\/div>\r\n                    <div class=\"PlanPrice\">4.99$<\/div>\r\n                <\/div>\r\n                <div class=\"col-xs-4 PlanHeader Plan2\">\r\n                    <div class=\"PlanTitle\">Zaawansowane<\/div>\r\n                    <div class=\"PlanPrice\">9.99$<\/div>\r\n                <\/div>\r\n                <div class=\"col-xs-4 PlanHeader Plan3\">\r\n                    <div class=\"PlanTitle\">Expert<\/div>\r\n                    <div class=\"PlanPrice\">29.99$<\/div>\r\n                <\/div>\r\n            <\/div>\r\n        <\/div>\r\n    <\/div>\r\n    <div class=\"row PriceFeatureRow\">\r\n        <div class=\"col-xs-12 col-sm-4 PlanFeature\">\r\n            Has\u0142o tymczasowe\r\n        <\/div>\r\n        <div class=\"col-xs-12 col-sm-8\">\r\n            <div class=\"row\">\r\n                <div class=\"col-xs-4 col-sm-4 PlanFeature Plan1\">\r\n                    <i class=\"fa fa-check PlanCheck\"><\/i>\r\n                <\/div>\r\n                <div class=\"col-xs-4 col-sm-4 PlanFeature Plan2\">\r\n                    <i class=\"fa fa-check PlanCheck\"><\/i>\r\n                <\/div>\r\n                <div class=\"col-xs-4 col-sm-4 PlanFeature Plan3\">\r\n                    <i class=\"fa fa-check PlanCheck\"><\/i>\r\n                <\/div>\r\n            <\/div>\r\n        <\/div>\r\n    <\/div>\r\n    <div class=\"row PriceFeatureRow\">\r\n        <div class=\"col-xs-12 col-sm-4 PlanFeature\">\r\n            Cyfrowy przewodnik (PDF)\r\n        <\/div>\r\n        <div class=\"col-xs-12 col-sm-8\">\r\n            <div class=\"row\">\r\n                <div class=\"col-xs-4 col-sm-4 PlanFeature Plan1\">\r\n                    <i class=\"fa fa-check PlanCheck\"><\/i>\r\n                <\/div>\r\n                <div class=\"col-xs-4 col-sm-4 PlanFeature Plan2\">\r\n                    <i class=\"fa fa-check PlanCheck\"><\/i>\r\n                <\/div>\r\n                <div class=\"col-xs-4 col-sm-4 PlanFeature Plan3\">\r\n                    <i class=\"fa fa-check PlanCheck\"><\/i>\r\n                <\/div>\r\n            <\/div>\r\n        <\/div>\r\n    <\/div>\r\n    <div class=\"row PriceFeatureRow\">\r\n        <div class=\"col-xs-12 col-sm-4 PlanFeature\">\r\n            Wsparcie za po\u015brednictwem poczty E-Mail\r\n        <\/div>\r\n        <div class=\"col-xs-12 col-sm-8\">\r\n            <div class=\"row\">\r\n                <div class=\"col-xs-4 col-sm-4 PlanFeature Plan1\">\r\n                    <i class=\"fa fa-times-circle PlanUnCheck\"><\/i>\r\n                <\/div>\r\n                <div class=\"col-xs-4 col-sm-4 PlanFeature Plan2\">\r\n                    <i class=\"fa fa-check PlanCheck\"><\/i>\r\n                <\/div>\r\n                <div class=\"col-xs-4 col-sm-4 PlanFeature Plan3\">\r\n                    <i class=\"fa fa-check PlanCheck\"><\/i>\r\n                <\/div>\r\n            <\/div>\r\n        <\/div>\r\n    <\/div>\r\n   <div class=\"row PriceFeatureRow\">\r\n        <div class=\"col-xs-12 col-sm-4 PlanFeature\">\r\n            Dzie\u0144 elastyczno\u015b\u0107 *\r\n        <\/div>\r\n        <div class=\"col-xs-12 col-sm-8\">\r\n            <div class=\"row\">\r\n                <div class=\"col-xs-4 col-sm-4 PlanFeature Plan1\">\r\n                    <i class=\"fa fa-times-circle PlanUnCheck\"><\/i>\r\n                <\/div>\r\n                <div class=\"col-xs-4 col-sm-4 PlanFeature Plan2\">\r\n                    <i class=\"fa fa-check PlanCheck\"><\/i>\r\n                <\/div>\r\n                <div class=\"col-xs-4 col-sm-4 PlanFeature Plan3\">\r\n                    <i class=\"fa fa-check PlanCheck\"><\/i>\r\n                <\/div>\r\n            <\/div>\r\n        <\/div>\r\n    <\/div>\r\n   <div class=\"row PriceFeatureRow\">\r\n        <div class=\"col-xs-12 col-sm-4 PlanFeature\">\r\n            Pomoc za po\u015brednictwem czatu na \u017cywo\r\n        <\/div>\r\n        <div class=\"col-xs-12 col-sm-8\">\r\n            <div class=\"row\">\r\n                <div class=\"col-xs-4 col-sm-4 PlanFeature Plan1\">\r\n                    <i class=\"fa fa-times-circle PlanUnCheck\"><\/i>\r\n                <\/div>\r\n                <div class=\"col-xs-4 col-sm-4 PlanFeature Plan2\">\r\n                    <i class=\"fa fa-times-circle PlanUnCheck\"><\/i>\r\n                <\/div>\r\n                <div class=\"col-xs-4 col-sm-4 PlanFeature Plan3\">\r\n                    <i class=\"fa fa-check PlanCheck\"><\/i>\r\n                <\/div>\r\n            <\/div>\r\n        <\/div>\r\n    <\/div>\r\n   <div class=\"row PriceFeatureRow\">\r\n        <div class=\"col-xs-12 col-sm-4 PlanFeature\">\r\n            Dziennika dochodzenia<br \/>\r\n        <\/div>\r\n        <div class=\"col-xs-12 col-sm-8\">\r\n            <div class=\"row\">\r\n                <div class=\"col-xs-4 col-sm-4 PlanFeature Plan1\">\r\n                    <i class=\"fa fa-times-circle PlanUnCheck\"><\/i>\r\n                <\/div>\r\n                <div class=\"col-xs-4 col-sm-4 PlanFeature Plan2\">\r\n                    <i class=\"fa fa-times-circle PlanCheck\"><\/i>\r\n                <\/div>\r\n                <div class=\"col-xs-4 col-sm-4 PlanFeature Plan3\">\r\n                    <i class=\"fa fa-check PlanCheck\"><\/i>\r\n                <\/div>\r\n            <\/div>\r\n        <\/div>\r\n    <\/div>\r\n    <div class=\"row\">\r\n        <div class=\"col-xs-12 col-sm-offset-4 col-sm-8\">\r\n            <div class=\"row\">\r\n                \r\n                 <div class=\"col-xs-4 PlanHeader PlanBottom\">\r\n                    <a class=\"btn btn-default\" href=\"https:\/\/dahua-passwords.evosec.eu\">Zam\u00f3wienia<\/a><br \/>\r\n                <\/div>\r\n                <div class=\"col-xs-4 PlanHeader PlanBottom\">\r\n            \t    <a class=\"btn btn-default\" href=\"https:\/\/dahua-passwords.evosec.eu\">Zam\u00f3wienia<\/a><br \/>\r\n                <\/div>\r\n                <div class=\"col-xs-4 PlanHeader PlanBottom\">\r\n            \t    <a class=\"btn btn-default\" href=\"https:\/\/dahua-passwords.evosec.eu\">Zam\u00f3wienia<\/a><br \/>\r\n                <\/div>\r\n            <\/div>\r\n        <\/div>\r\n    <\/div>\r\n<\/div>\r\n<\/div>\r\n* Je\u015bli bie\u017c\u0105c\u0105 dat\u0119 na Twojego rejestratora r\u00f3\u017cni si\u0119 od bie\u017c\u0105cej daty.\r\n<\/div>\r\n<br \/>\r\n<br \/>\r\n<div class=\"alert alert-success\" role=\"alert\">Dostawy powinien by\u0107 natychmiastowy (mailem) lub w oknie jedn\u0105 godzin\u0119. Je\u015bli nie sta\u0142o (prosz\u0119 sprawdzi\u0107 skrzynk\u0119 SPAM\/Bulk), prosimy <a class=\"vt-p\" href=\"\/pl\/contact\/\">Skontaktuj si\u0119 z nami<\/a> Aby uzyska\u0107 dalsz\u0105 pomoc. Dzi\u0119kuj\u0119!<\/div>\r\n<hr \/>\r\n\r\n<div class=\"panel panel-primary\">\r\n  <div class=\"panel-heading\">Cz\u0119sto zadawane pytania: Co zrobi\u0107 z tym has\u0142em?<\/div>\r\n  <div class=\"panel-body\">\r\n    Z has\u0142em, kt\u00f3re oferujemy mo\u017cna zmieni\u0107 zapomniane has\u0142o (nasze has\u0142o b\u0119dzie u\u017cywany jako \\ <strong>wszelkie<\/strong> konta na urz\u0105dzeniu.\r\n  <\/div>\r\n<\/div>\r\n\r\n<div class=\"panel panel-primary\">\r\n  <div class=\"panel-heading\">FAQ: Z jakiego urz\u0105dzenia to dzia\u0142a us\u0142uga?<\/div>\r\n  <div class=\"panel-body\">\r\n     To b\u0119dzie dzia\u0142a\u0107 z prawie wszystkich urz\u0105dze\u0144 z systemem DAHUA, kt\u00f3re maj\u0105 po\u0142\u0105czenie USB dla myszy i S-VIDEO\/VGA\/HDMI wyj\u015bcie monitora.\r\n  <\/div>\r\n<\/div>\r\n\r\n<hr \/>\r\n<p class=\"text-center\">\r\n<strong>Pr\u00f3bki<\/strong>:<br \/>\r\n<a href=\"http:\/\/dahua.evosec.eu\/wp-content\/uploads\/2015\/06\/evosec_dh_pass.png\"><img decoding=\"async\" src=\"http:\/\/dahua.evosec.eu\/wp-content\/uploads\/2015\/06\/evosec_dh_pass-704x1024.png\" class=\"aligncenter img-responsive img-rounded\" \/><\/a>\r\n<\/p>\r\n<hr \/>\r\n<p class=\"text-center\">\r\n<strong>Obs\u0142ugiwane menu<\/strong>:<br \/>\r\n<strong>V1:<\/strong><br \/>\r\n<img decoding=\"async\" src=\"http:\/\/dahua.evosec.eu\/wp-content\/uploads\/2017\/03\/v1_login.png\" alt=\"V1 Login\" \/>\r\n<strong>V2:<\/strong><br \/>\r\n<img decoding=\"async\" src=\"http:\/\/dahua.evosec.eu\/wp-content\/uploads\/2017\/03\/v2_login.png\" alt=\"V2 Login\" \/>\r\n<\/p>\r\n<hr \/>\r\n<br \/>\r\n<div class=\"panel panel-warning\">\r\n<div class=\"panel-body\">\r\n<p>Mit Busted:<\/p>\r\n<p class=\"list-group-item-text\">Has\u0142o nie zresetuje Je\u015bli wyjmowa\u0107 baterii, poniewa\u017c nie jest przechowywana w spos\u00f3b, w jaki jest on przechowywany w BIOS. To b\u0119dzie tylko zresetowa\u0107 zegar i uczyni\u0107 swoje \u017cycie trudniejsze (mo\u017ce niemo\u017cliwe) trudny sta\u0107 si\u0119 pewien mistrz has\u0142o.<\/div>\r\n<div class=\"panel-body\">PRO TIP: wy\u015blemy Ci has\u0142o jest r\u00f3wnie\u017c znany jako <strong>Dahua has\u0142o g\u0142\u00f3wne<\/strong><\/div>\r\n<\/div>","protected":false},"excerpt":{"rendered":"Mamy rozwi\u0105zanie problemu na Twoje problemy! Oferujemy szybki i \u0142atwy spos\u00f3b aby zresetowa\u0107 i zmieni\u0107 has\u0142o u\u017cywane na starsze lub nowsze produkty DAHUA. Sprawd\u017a nasze nowe i ulepszone us\u0142ugi &#8211; https:\/\/dahua-passwords.evosec.eu\/ Czy zgubi\u0142e\u015b has\u0142o DAHUA urz\u0105dzenia (lub urz\u0105dze\u0144) lub nie pami\u0119tasz, pomo\u017cemy Ci &#8211; zapewnia instrukcje i unikatowe i tymczasowe has\u0142o (wa\u017cny tylko jeden dzie\u0144).&hellip; <a class=\"more-link\" href=\"https:\/\/dahua.evosec.eu\/pl\/password-recovery\/\">Continue Reading Zmiana Has\u0142a DAHUA Lub Reset<\/a>","protected":false},"author":1,"featured_media":879,"parent":0,"menu_order":0,"comment_status":"closed","ping_status":"closed","template":"","meta":{"footnotes":""},"class_list":["post-13","page","type-page","status-publish","has-post-thumbnail","hentry"],"translation":{"provider":"WPGlobus","version":"3.0.1","language":"pl","enabled_languages":["en","da","de","es","fi","fr","it","hu","nl","no","pt","pl","ru","sv","ja"],"languages":{"en":{"title":true,"content":true,"excerpt":false},"da":{"title":true,"content":true,"excerpt":false},"de":{"title":true,"content":true,"excerpt":false},"es":{"title":true,"content":true,"excerpt":false},"fi":{"title":true,"content":true,"excerpt":false},"fr":{"title":true,"content":true,"excerpt":false},"it":{"title":true,"content":true,"excerpt":false},"hu":{"title":true,"content":true,"excerpt":false},"nl":{"title":true,"content":true,"excerpt":false},"no":{"title":true,"content":true,"excerpt":false},"pt":{"title":true,"content":true,"excerpt":false},"pl":{"title":true,"content":true,"excerpt":false},"ru":{"title":true,"content":true,"excerpt":false},"sv":{"title":true,"content":true,"excerpt":false},"ja":{"title":true,"content":true,"excerpt":false}}},"yoast_head":"<!-- This site is optimized with the Yoast SEO plugin v27.4 - https:\/\/yoast.com\/product\/yoast-seo-wordpress\/ -->\n<title>DAHUA Resetowanie has\u0142a - Pomoc techniczn\u0105<\/title>\n<meta name=\"description\" content=\"Oferujemy szybki spos\u00f3b aby zresetowa\u0107 i zmieni\u0107 has\u0142o u\u017cywane na starsze lub nowsze produkty DAHUA\" \/>\n<meta name=\"robots\" content=\"index, follow, max-snippet:-1, max-image-preview:large, max-video-preview:-1\" \/>\n<link rel=\"canonical\" href=\"https:\/\/dahua.evosec.eu\/password-recovery\/\" \/>\n<meta property=\"og:locale\" content=\"pl_PL\" \/>\n<meta property=\"og:type\" content=\"article\" \/>\n<meta property=\"og:title\" content=\"DAHUA Resetowanie has\u0142a - Pomoc techniczn\u0105\" \/>\n<meta property=\"og:description\" content=\"Oferujemy szybki spos\u00f3b aby zresetowa\u0107 i zmieni\u0107 has\u0142o u\u017cywane na starsze lub nowsze produkty DAHUA\" \/>\n<meta property=\"og:url\" content=\"https:\/\/dahua.evosec.eu\/password-recovery\/\" \/>\n<meta property=\"og:site_name\" content=\"Pomoc techniczn\u0105 dla produkt\u00f3w DAHUA\" \/>\n<meta property=\"article:publisher\" content=\"https:\/\/www.facebook.com\/euroevosolutions\" \/>\n<meta property=\"article:modified_time\" content=\"2018-08-23T23:50:03+00:00\" \/>\n<meta property=\"og:image\" content=\"https:\/\/dahua.evosec.eu\/wp-content\/uploads\/2015\/06\/pass_gen_250x0.png\" \/>\n\t<meta property=\"og:image:width\" content=\"250\" \/>\n\t<meta property=\"og:image:height\" content=\"250\" \/>\n\t<meta property=\"og:image:type\" content=\"image\/png\" \/>\n<meta name=\"twitter:card\" content=\"summary_large_image\" \/>\n<meta name=\"twitter:site\" content=\"@evosec_eu\" \/>\n<meta name=\"twitter:label1\" content=\"Szacowany czas czytania\" \/>\n\t<meta name=\"twitter:data1\" content=\"23 minuty\" \/>\n<script type=\"application\/ld+json\" class=\"yoast-schema-graph\">{\"@context\":\"https:\\\/\\\/schema.org\",\"@graph\":[{\"@type\":\"WebPage\",\"@id\":\"https:\\\/\\\/dahua.evosec.eu\\\/password-recovery\\\/\",\"url\":\"https:\\\/\\\/dahua.evosec.eu\\\/password-recovery\\\/\",\"name\":\"DAHUA Resetowanie has\u0142a - Pomoc techniczn\u0105\",\"isPartOf\":{\"@id\":\"https:\\\/\\\/dahua.evosec.eu\\\/#website\"},\"primaryImageOfPage\":{\"@id\":\"https:\\\/\\\/dahua.evosec.eu\\\/password-recovery\\\/#primaryimage\"},\"image\":{\"@id\":\"https:\\\/\\\/dahua.evosec.eu\\\/password-recovery\\\/#primaryimage\"},\"thumbnailUrl\":\"https:\\\/\\\/dahua.evosec.eu\\\/wp-content\\\/uploads\\\/2015\\\/06\\\/pass_gen_250x0.png\",\"datePublished\":\"2015-06-11T14:23:18+00:00\",\"dateModified\":\"2018-08-23T23:50:03+00:00\",\"description\":\"Oferujemy szybki spos\u00f3b aby zresetowa\u0107 i zmieni\u0107 has\u0142o u\u017cywane na starsze lub nowsze produkty DAHUA\",\"breadcrumb\":{\"@id\":\"https:\\\/\\\/dahua.evosec.eu\\\/password-recovery\\\/#breadcrumb\"},\"inLanguage\":\"pl-PL\",\"potentialAction\":[{\"@type\":\"ReadAction\",\"target\":[\"https:\\\/\\\/dahua.evosec.eu\\\/password-recovery\\\/\"]}]},{\"@type\":\"ImageObject\",\"inLanguage\":\"pl-PL\",\"@id\":\"https:\\\/\\\/dahua.evosec.eu\\\/password-recovery\\\/#primaryimage\",\"url\":\"https:\\\/\\\/dahua.evosec.eu\\\/wp-content\\\/uploads\\\/2015\\\/06\\\/pass_gen_250x0.png\",\"contentUrl\":\"https:\\\/\\\/dahua.evosec.eu\\\/wp-content\\\/uploads\\\/2015\\\/06\\\/pass_gen_250x0.png\",\"width\":250,\"height\":250,\"caption\":\"DAHUA Password\"},{\"@type\":\"BreadcrumbList\",\"@id\":\"https:\\\/\\\/dahua.evosec.eu\\\/password-recovery\\\/#breadcrumb\",\"itemListElement\":[{\"@type\":\"ListItem\",\"position\":1,\"name\":\"Home\",\"item\":\"https:\\\/\\\/dahua.evosec.eu\\\/\"},{\"@type\":\"ListItem\",\"position\":2,\"name\":\"DAHUA Password Change or Reset\"}]},{\"@type\":\"WebSite\",\"@id\":\"https:\\\/\\\/dahua.evosec.eu\\\/#website\",\"url\":\"https:\\\/\\\/dahua.evosec.eu\\\/\",\"name\":\"Pomoc techniczn\u0105 dla produkt\u00f3w DAHUA\",\"description\":\"Jeste\u015bmy firm\u0105 do\u015bwiadczonych w produktach DAHUA Strona\",\"potentialAction\":[{\"@type\":\"SearchAction\",\"target\":{\"@type\":\"EntryPoint\",\"urlTemplate\":\"https:\\\/\\\/dahua.evosec.eu\\\/?s={search_term_string}\"},\"query-input\":{\"@type\":\"PropertyValueSpecification\",\"valueRequired\":true,\"valueName\":\"search_term_string\"}}],\"inLanguage\":\"pl-PL\"}]}<\/script>\n<!-- \/ Yoast SEO plugin. -->","yoast_head_json":{"title":"DAHUA Resetowanie has\u0142a - Pomoc techniczn\u0105","description":"Oferujemy szybki spos\u00f3b aby zresetowa\u0107 i zmieni\u0107 has\u0142o u\u017cywane na starsze lub nowsze produkty DAHUA","robots":{"index":"index","follow":"follow","max-snippet":"max-snippet:-1","max-image-preview":"max-image-preview:large","max-video-preview":"max-video-preview:-1"},"canonical":"https:\/\/dahua.evosec.eu\/password-recovery\/","og_locale":"pl_PL","og_type":"article","og_title":"DAHUA Resetowanie has\u0142a - Pomoc techniczn\u0105","og_description":"Oferujemy szybki spos\u00f3b aby zresetowa\u0107 i zmieni\u0107 has\u0142o u\u017cywane na starsze lub nowsze produkty DAHUA","og_url":"https:\/\/dahua.evosec.eu\/password-recovery\/","og_site_name":"Pomoc techniczn\u0105 dla produkt\u00f3w DAHUA","article_publisher":"https:\/\/www.facebook.com\/euroevosolutions","article_modified_time":"2018-08-23T23:50:03+00:00","og_image":[{"width":250,"height":250,"url":"https:\/\/dahua.evosec.eu\/wp-content\/uploads\/2015\/06\/pass_gen_250x0.png","type":"image\/png"}],"twitter_card":"summary_large_image","twitter_site":"@evosec_eu","twitter_misc":{"Szacowany czas czytania":"23 minuty"},"schema":{"@context":"https:\/\/schema.org","@graph":[{"@type":"WebPage","@id":"https:\/\/dahua.evosec.eu\/password-recovery\/","url":"https:\/\/dahua.evosec.eu\/password-recovery\/","name":"DAHUA Resetowanie has\u0142a - Pomoc techniczn\u0105","isPartOf":{"@id":"https:\/\/dahua.evosec.eu\/#website"},"primaryImageOfPage":{"@id":"https:\/\/dahua.evosec.eu\/password-recovery\/#primaryimage"},"image":{"@id":"https:\/\/dahua.evosec.eu\/password-recovery\/#primaryimage"},"thumbnailUrl":"https:\/\/dahua.evosec.eu\/wp-content\/uploads\/2015\/06\/pass_gen_250x0.png","datePublished":"2015-06-11T14:23:18+00:00","dateModified":"2018-08-23T23:50:03+00:00","description":"Oferujemy szybki spos\u00f3b aby zresetowa\u0107 i zmieni\u0107 has\u0142o u\u017cywane na starsze lub nowsze produkty DAHUA","breadcrumb":{"@id":"https:\/\/dahua.evosec.eu\/password-recovery\/#breadcrumb"},"inLanguage":"pl-PL","potentialAction":[{"@type":"ReadAction","target":["https:\/\/dahua.evosec.eu\/password-recovery\/"]}]},{"@type":"ImageObject","inLanguage":"pl-PL","@id":"https:\/\/dahua.evosec.eu\/password-recovery\/#primaryimage","url":"https:\/\/dahua.evosec.eu\/wp-content\/uploads\/2015\/06\/pass_gen_250x0.png","contentUrl":"https:\/\/dahua.evosec.eu\/wp-content\/uploads\/2015\/06\/pass_gen_250x0.png","width":250,"height":250,"caption":"DAHUA Password"},{"@type":"BreadcrumbList","@id":"https:\/\/dahua.evosec.eu\/password-recovery\/#breadcrumb","itemListElement":[{"@type":"ListItem","position":1,"name":"Home","item":"https:\/\/dahua.evosec.eu\/"},{"@type":"ListItem","position":2,"name":"DAHUA Password Change or Reset"}]},{"@type":"WebSite","@id":"https:\/\/dahua.evosec.eu\/#website","url":"https:\/\/dahua.evosec.eu\/","name":"Pomoc techniczn\u0105 dla produkt\u00f3w DAHUA","description":"Jeste\u015bmy firm\u0105 do\u015bwiadczonych w produktach DAHUA Strona","potentialAction":[{"@type":"SearchAction","target":{"@type":"EntryPoint","urlTemplate":"https:\/\/dahua.evosec.eu\/?s={search_term_string}"},"query-input":{"@type":"PropertyValueSpecification","valueRequired":true,"valueName":"search_term_string"}}],"inLanguage":"pl-PL"}]}},"_links":{"self":[{"href":"https:\/\/dahua.evosec.eu\/pl\/wp-json\/wp\/v2\/pages\/13","targetHints":{"allow":["GET"]}}],"collection":[{"href":"https:\/\/dahua.evosec.eu\/pl\/wp-json\/wp\/v2\/pages"}],"about":[{"href":"https:\/\/dahua.evosec.eu\/pl\/wp-json\/wp\/v2\/types\/page"}],"author":[{"embeddable":true,"href":"https:\/\/dahua.evosec.eu\/pl\/wp-json\/wp\/v2\/users\/1"}],"replies":[{"embeddable":true,"href":"https:\/\/dahua.evosec.eu\/pl\/wp-json\/wp\/v2\/comments?post=13"}],"version-history":[{"count":0,"href":"https:\/\/dahua.evosec.eu\/pl\/wp-json\/wp\/v2\/pages\/13\/revisions"}],"wp:featuredmedia":[{"embeddable":true,"href":"https:\/\/dahua.evosec.eu\/pl\/wp-json\/wp\/v2\/media\/879"}],"wp:attachment":[{"href":"https:\/\/dahua.evosec.eu\/pl\/wp-json\/wp\/v2\/media?parent=13"}],"curies":[{"name":"wp","href":"https:\/\/api.w.org\/{rel}","templated":true}]}}