{"id":1361,"date":"2018-08-18T17:23:06","date_gmt":"2018-08-18T16:23:06","guid":{"rendered":"http:\/\/dahua.evosec.eu\/?page_id=1361"},"modified":"2018-08-18T19:05:30","modified_gmt":"2018-08-18T18:05:30","slug":"dahua-sdk-netsdk-software-development","status":"publish","type":"page","link":"https:\/\/dahua.evosec.eu\/pl\/dahua-sdk-netsdk-software-development\/","title":{"rendered":"DAHUA SDK (NETSDK) Software Development"},"content":{"rendered":"<img loading=\"lazy\" decoding=\"async\" width=\"839\" height=\"167\" src=\"\/wp-content\/uploads\/2018\/08\/dahua_software_development.png\" class=\"aligncenter size-full wp-image-1374\" srcset=\"https:\/\/dahua.evosec.eu\/wp-content\/uploads\/2018\/08\/dahua_software_development.png 839w, https:\/\/dahua.evosec.eu\/wp-content\/uploads\/2018\/08\/dahua_software_development-300x60.png 300w, https:\/\/dahua.evosec.eu\/wp-content\/uploads\/2018\/08\/dahua_software_development-768x153.png 768w, https:\/\/dahua.evosec.eu\/wp-content\/uploads\/2018\/08\/dahua_software_development-360x72.png 360w, https:\/\/dahua.evosec.eu\/wp-content\/uploads\/2018\/08\/dahua_software_development-100x20.png 100w\" sizes=\"auto, (max-width: 839px) 100vw, 839px\" \/>\r\n<hr \/>\r\n<div class=\"text-justify\">We provide software development services based on DAHUA SDK. The DAHUA SDK (Software Development Kit) allows us to integrate and customize software solutions for management and operation of different DAHUA devices, such as DVRs, HCVRs, XVRs, NVRs, IPCs (IP Cameras), VDP (Video Door Phones), VTOs, intelligent video analysis devices, Access Control and others.<\/div>\r\n<br>\r\n<div class=\"text-justify\">Functions available for control include: status monitoring, real time monitoring, real time video preview, OSD, audio control, record search, record playback, record download, configuration backup, PTZ control, transparent serial (COM) port, intelligent video analysis functions etc.<\/div>\r\n<br>\r\n<div class=\"text-justify\">Functions available for management include: remote update, remote reboot, power off, device parameter configuration (general configuration, alarm configuration, record configuration, serial configuration etc), log management, user management, network configuration etc.<\/div>\r\n<br>\r\n<div class=\"text-justify\">The SDK and our customized software are available for Windows and Linux. Other operating systems, with limited functionality, include Android and iOS (Apple \/ iPhone \/ iPad).<\/div>\r\n<br>\r\n\r\n<hr \/>\r\n\r\n<div class=\"text-justify well well-sm well-info\">You can <a href=\"\/software-catalogue\/\" target=\"_blank\">find here some sample applications developed<\/a> by us for our customers.<\/div>\r\n\r\n<hr \/>","protected":false},"excerpt":{"rendered":"We provide software development services based on DAHUA SDK. The DAHUA SDK (Software Development Kit) allows us to integrate and customize software solutions for management and operation of different DAHUA devices, such as DVRs, HCVRs, XVRs, NVRs, IPCs (IP Cameras), VDP (Video Door Phones), VTOs, intelligent video analysis devices, Access Control and others. Functions available&hellip; <a class=\"more-link\" href=\"https:\/\/dahua.evosec.eu\/pl\/dahua-sdk-netsdk-software-development\/\">Continue Reading DAHUA SDK (NETSDK) Software Development<\/a>","protected":false},"author":1,"featured_media":1374,"parent":0,"menu_order":0,"comment_status":"open","ping_status":"closed","template":"","meta":{"footnotes":""},"class_list":["post-1361","page","type-page","status-publish","has-post-thumbnail","hentry"],"translation":{"provider":"WPGlobus","version":"3.0.1","language":"pl","enabled_languages":["en","da","de","es","fi","fr","it","hu","nl","no","pt","pl","ru","sv","ja"],"languages":{"en":{"title":true,"content":true,"excerpt":false},"da":{"title":false,"content":false,"excerpt":false},"de":{"title":false,"content":false,"excerpt":false},"es":{"title":false,"content":false,"excerpt":false},"fi":{"title":false,"content":false,"excerpt":false},"fr":{"title":false,"content":false,"excerpt":false},"it":{"title":false,"content":false,"excerpt":false},"hu":{"title":false,"content":false,"excerpt":false},"nl":{"title":false,"content":false,"excerpt":false},"no":{"title":false,"content":false,"excerpt":false},"pt":{"title":false,"content":false,"excerpt":false},"pl":{"title":false,"content":false,"excerpt":false},"ru":{"title":false,"content":false,"excerpt":false},"sv":{"title":false,"content":false,"excerpt":false},"ja":{"title":false,"content":false,"excerpt":false}}},"yoast_head":"<!-- This site is optimized with the Yoast SEO plugin v27.3 - https:\/\/yoast.com\/product\/yoast-seo-wordpress\/ -->\n<title>DAHUA SDK (NETSDK) Software Development - Pomoc techniczn\u0105 dla produkt\u00f3w DAHUA<\/title>\n<meta name=\"robots\" content=\"index, follow, max-snippet:-1, max-image-preview:large, max-video-preview:-1\" \/>\n<link rel=\"canonical\" href=\"https:\/\/dahua.evosec.eu\/dahua-sdk-netsdk-software-development\/\" \/>\n<meta property=\"og:locale\" content=\"pl_PL\" \/>\n<meta property=\"og:type\" content=\"article\" \/>\n<meta property=\"og:title\" content=\"DAHUA SDK (NETSDK) Software Development - Pomoc techniczn\u0105 dla produkt\u00f3w DAHUA\" \/>\n<meta property=\"og:url\" content=\"https:\/\/dahua.evosec.eu\/dahua-sdk-netsdk-software-development\/\" \/>\n<meta property=\"og:site_name\" content=\"Pomoc techniczn\u0105 dla produkt\u00f3w DAHUA\" \/>\n<meta property=\"article:publisher\" content=\"https:\/\/www.facebook.com\/euroevosolutions\" \/>\n<meta property=\"article:modified_time\" content=\"2018-08-18T18:05:30+00:00\" \/>\n<meta property=\"og:image\" content=\"https:\/\/dahua.evosec.eu\/wp-content\/uploads\/2018\/08\/dahua_software_development.png\" \/>\n\t<meta property=\"og:image:width\" content=\"839\" \/>\n\t<meta property=\"og:image:height\" content=\"167\" \/>\n\t<meta property=\"og:image:type\" content=\"image\/png\" \/>\n<meta name=\"twitter:card\" content=\"summary_large_image\" \/>\n<meta name=\"twitter:site\" content=\"@evosec_eu\" \/>\n<meta name=\"twitter:label1\" content=\"Szacowany czas czytania\" \/>\n\t<meta name=\"twitter:data1\" content=\"1 minuta\" \/>\n<script type=\"application\/ld+json\" class=\"yoast-schema-graph\">{\"@context\":\"https:\\\/\\\/schema.org\",\"@graph\":[{\"@type\":\"WebPage\",\"@id\":\"https:\\\/\\\/dahua.evosec.eu\\\/dahua-sdk-netsdk-software-development\\\/\",\"url\":\"https:\\\/\\\/dahua.evosec.eu\\\/dahua-sdk-netsdk-software-development\\\/\",\"name\":\"DAHUA SDK (NETSDK) Software Development - Pomoc techniczn\u0105 dla produkt\u00f3w DAHUA\",\"isPartOf\":{\"@id\":\"https:\\\/\\\/dahua.evosec.eu\\\/#website\"},\"primaryImageOfPage\":{\"@id\":\"https:\\\/\\\/dahua.evosec.eu\\\/dahua-sdk-netsdk-software-development\\\/#primaryimage\"},\"image\":{\"@id\":\"https:\\\/\\\/dahua.evosec.eu\\\/dahua-sdk-netsdk-software-development\\\/#primaryimage\"},\"thumbnailUrl\":\"https:\\\/\\\/dahua.evosec.eu\\\/wp-content\\\/uploads\\\/2018\\\/08\\\/dahua_software_development.png\",\"datePublished\":\"2018-08-18T16:23:06+00:00\",\"dateModified\":\"2018-08-18T18:05:30+00:00\",\"breadcrumb\":{\"@id\":\"https:\\\/\\\/dahua.evosec.eu\\\/dahua-sdk-netsdk-software-development\\\/#breadcrumb\"},\"inLanguage\":\"pl-PL\",\"potentialAction\":[{\"@type\":\"ReadAction\",\"target\":[\"https:\\\/\\\/dahua.evosec.eu\\\/dahua-sdk-netsdk-software-development\\\/\"]}]},{\"@type\":\"ImageObject\",\"inLanguage\":\"pl-PL\",\"@id\":\"https:\\\/\\\/dahua.evosec.eu\\\/dahua-sdk-netsdk-software-development\\\/#primaryimage\",\"url\":\"https:\\\/\\\/dahua.evosec.eu\\\/wp-content\\\/uploads\\\/2018\\\/08\\\/dahua_software_development.png\",\"contentUrl\":\"https:\\\/\\\/dahua.evosec.eu\\\/wp-content\\\/uploads\\\/2018\\\/08\\\/dahua_software_development.png\",\"width\":839,\"height\":167},{\"@type\":\"BreadcrumbList\",\"@id\":\"https:\\\/\\\/dahua.evosec.eu\\\/dahua-sdk-netsdk-software-development\\\/#breadcrumb\",\"itemListElement\":[{\"@type\":\"ListItem\",\"position\":1,\"name\":\"Home\",\"item\":\"https:\\\/\\\/dahua.evosec.eu\\\/\"},{\"@type\":\"ListItem\",\"position\":2,\"name\":\"DAHUA SDK (NETSDK) Software Development\"}]},{\"@type\":\"WebSite\",\"@id\":\"https:\\\/\\\/dahua.evosec.eu\\\/#website\",\"url\":\"https:\\\/\\\/dahua.evosec.eu\\\/\",\"name\":\"Pomoc techniczn\u0105 dla produkt\u00f3w DAHUA\",\"description\":\"Jeste\u015bmy firm\u0105 do\u015bwiadczonych w produktach DAHUA Strona\",\"potentialAction\":[{\"@type\":\"SearchAction\",\"target\":{\"@type\":\"EntryPoint\",\"urlTemplate\":\"https:\\\/\\\/dahua.evosec.eu\\\/?s={search_term_string}\"},\"query-input\":{\"@type\":\"PropertyValueSpecification\",\"valueRequired\":true,\"valueName\":\"search_term_string\"}}],\"inLanguage\":\"pl-PL\"}]}<\/script>\n<!-- \/ Yoast SEO plugin. -->","yoast_head_json":{"title":"DAHUA SDK (NETSDK) Software Development - Pomoc techniczn\u0105 dla produkt\u00f3w DAHUA","robots":{"index":"index","follow":"follow","max-snippet":"max-snippet:-1","max-image-preview":"max-image-preview:large","max-video-preview":"max-video-preview:-1"},"canonical":"https:\/\/dahua.evosec.eu\/dahua-sdk-netsdk-software-development\/","og_locale":"pl_PL","og_type":"article","og_title":"DAHUA SDK (NETSDK) Software Development - Pomoc techniczn\u0105 dla produkt\u00f3w DAHUA","og_url":"https:\/\/dahua.evosec.eu\/dahua-sdk-netsdk-software-development\/","og_site_name":"Pomoc techniczn\u0105 dla produkt\u00f3w DAHUA","article_publisher":"https:\/\/www.facebook.com\/euroevosolutions","article_modified_time":"2018-08-18T18:05:30+00:00","og_image":[{"width":839,"height":167,"url":"https:\/\/dahua.evosec.eu\/wp-content\/uploads\/2018\/08\/dahua_software_development.png","type":"image\/png"}],"twitter_card":"summary_large_image","twitter_site":"@evosec_eu","twitter_misc":{"Szacowany czas czytania":"1 minuta"},"schema":{"@context":"https:\/\/schema.org","@graph":[{"@type":"WebPage","@id":"https:\/\/dahua.evosec.eu\/dahua-sdk-netsdk-software-development\/","url":"https:\/\/dahua.evosec.eu\/dahua-sdk-netsdk-software-development\/","name":"DAHUA SDK (NETSDK) Software Development - Pomoc techniczn\u0105 dla produkt\u00f3w DAHUA","isPartOf":{"@id":"https:\/\/dahua.evosec.eu\/#website"},"primaryImageOfPage":{"@id":"https:\/\/dahua.evosec.eu\/dahua-sdk-netsdk-software-development\/#primaryimage"},"image":{"@id":"https:\/\/dahua.evosec.eu\/dahua-sdk-netsdk-software-development\/#primaryimage"},"thumbnailUrl":"https:\/\/dahua.evosec.eu\/wp-content\/uploads\/2018\/08\/dahua_software_development.png","datePublished":"2018-08-18T16:23:06+00:00","dateModified":"2018-08-18T18:05:30+00:00","breadcrumb":{"@id":"https:\/\/dahua.evosec.eu\/dahua-sdk-netsdk-software-development\/#breadcrumb"},"inLanguage":"pl-PL","potentialAction":[{"@type":"ReadAction","target":["https:\/\/dahua.evosec.eu\/dahua-sdk-netsdk-software-development\/"]}]},{"@type":"ImageObject","inLanguage":"pl-PL","@id":"https:\/\/dahua.evosec.eu\/dahua-sdk-netsdk-software-development\/#primaryimage","url":"https:\/\/dahua.evosec.eu\/wp-content\/uploads\/2018\/08\/dahua_software_development.png","contentUrl":"https:\/\/dahua.evosec.eu\/wp-content\/uploads\/2018\/08\/dahua_software_development.png","width":839,"height":167},{"@type":"BreadcrumbList","@id":"https:\/\/dahua.evosec.eu\/dahua-sdk-netsdk-software-development\/#breadcrumb","itemListElement":[{"@type":"ListItem","position":1,"name":"Home","item":"https:\/\/dahua.evosec.eu\/"},{"@type":"ListItem","position":2,"name":"DAHUA SDK (NETSDK) Software Development"}]},{"@type":"WebSite","@id":"https:\/\/dahua.evosec.eu\/#website","url":"https:\/\/dahua.evosec.eu\/","name":"Pomoc techniczn\u0105 dla produkt\u00f3w DAHUA","description":"Jeste\u015bmy firm\u0105 do\u015bwiadczonych w produktach DAHUA Strona","potentialAction":[{"@type":"SearchAction","target":{"@type":"EntryPoint","urlTemplate":"https:\/\/dahua.evosec.eu\/?s={search_term_string}"},"query-input":{"@type":"PropertyValueSpecification","valueRequired":true,"valueName":"search_term_string"}}],"inLanguage":"pl-PL"}]}},"_links":{"self":[{"href":"https:\/\/dahua.evosec.eu\/pl\/wp-json\/wp\/v2\/pages\/1361","targetHints":{"allow":["GET"]}}],"collection":[{"href":"https:\/\/dahua.evosec.eu\/pl\/wp-json\/wp\/v2\/pages"}],"about":[{"href":"https:\/\/dahua.evosec.eu\/pl\/wp-json\/wp\/v2\/types\/page"}],"author":[{"embeddable":true,"href":"https:\/\/dahua.evosec.eu\/pl\/wp-json\/wp\/v2\/users\/1"}],"replies":[{"embeddable":true,"href":"https:\/\/dahua.evosec.eu\/pl\/wp-json\/wp\/v2\/comments?post=1361"}],"version-history":[{"count":0,"href":"https:\/\/dahua.evosec.eu\/pl\/wp-json\/wp\/v2\/pages\/1361\/revisions"}],"wp:featuredmedia":[{"embeddable":true,"href":"https:\/\/dahua.evosec.eu\/pl\/wp-json\/wp\/v2\/media\/1374"}],"wp:attachment":[{"href":"https:\/\/dahua.evosec.eu\/pl\/wp-json\/wp\/v2\/media?parent=1361"}],"curies":[{"name":"wp","href":"https:\/\/api.w.org\/{rel}","templated":true}]}}