{"id":19,"date":"2015-06-11T15:12:50","date_gmt":"2015-06-11T15:12:50","guid":{"rendered":"http:\/\/dahua.evosec.eu\/?page_id=19"},"modified":"2016-09-16T23:25:40","modified_gmt":"2016-09-16T23:25:40","slug":"setup-dahua-devices","status":"publish","type":"page","link":"https:\/\/dahua.evosec.eu\/pl\/setup-dahua-devices\/","title":{"rendered":"DAHUA Urz\u0105dze\u0144 Instalacji"},"content":{"rendered":"<p>Wspieramy pe\u0142ny zakres DAHUA wytwarzanych produkt\u00f3w.<\/p>\r\n<br \/>\r\n<br \/>\r\n<div class=\"panel panel-default\">\r\n  <div class=\"panel-heading\">Konfiguracji pojedynczego urz\u0105dzenia<\/div>\r\n  <div class=\"panel-body\">\r\n<div class=\"DHPass\">\r\n<div class=\"row\"><div class=\"col-xs-12 col-sm-offset-4 col-sm-8\"><div class=\"row\"><div class=\"col-xs-4 PlanHeader Plan1\"><div class=\"PlanTitle\">Basic<\/div><div class=\"PlanPrice\">29.99$<\/div><\/div><div class=\"col-xs-4 PlanHeader Plan2\"><div class=\"PlanTitle\">Advanced<\/div><div class=\"PlanPrice\">49.99$<\/div><\/div><div class=\"col-xs-4 PlanHeader Plan3\"><div class=\"PlanTitle\">Expert<\/div><div class=\"PlanPrice\">Ask<\/div><\/div><\/div><\/div><\/div><div class=\"row PriceFeatureRow\"><div class=\"col-xs-12 col-sm-4 PlanFeature\">Ustawienia wyj\u015bcia wideo<\/div><div class=\"col-xs-12 col-sm-8\"><div class=\"row\"><div class=\"col-xs-4 col-sm-4 PlanFeature Plan1\"><i class=\"fa fa-check PlanCheck\"><\/i><\/div><div class=\"col-xs-4 col-sm-4 PlanFeature Plan2\"><i class=\"fa fa-check PlanCheck\"><\/i><\/div><div class=\"col-xs-4 col-sm-4 PlanFeature Plan3\"><i class=\"fa fa-check PlanCheck\"><\/i><\/div><\/div><\/div><\/div><div class=\"row PriceFeatureRow\"><div class=\"col-xs-12 col-sm-4 PlanFeature\">Podstawowe sieci<\/div><div class=\"col-xs-12 col-sm-8\"><div class=\"row\"><div class=\"col-xs-4 col-sm-4 PlanFeature Plan1\"><i class=\"fa fa-check PlanCheck\"><\/i><\/div><div class=\"col-xs-4 col-sm-4 PlanFeature Plan2\"><i class=\"fa fa-check PlanCheck\"><\/i><\/div><div class=\"col-xs-4 col-sm-4 PlanFeature Plan3\"><i class=\"fa fa-check PlanCheck\"><\/i><\/div><\/div><\/div><\/div><div class=\"row PriceFeatureRow\"><div class=\"col-xs-12 col-sm-4 PlanFeature\">Zaawansowane sieci<\/div><div class=\"col-xs-12 col-sm-8\"><div class=\"row\"><div class=\"col-xs-4 col-sm-4 PlanFeature Plan1\"><i class=\"fa fa-times-circle PlanUnCheck\"><\/i><\/div><div class=\"col-xs-4 col-sm-4 PlanFeature Plan2\"><i class=\"fa fa-times-circle PlanUnCheck\"><\/i><\/div><div class=\"col-xs-4 col-sm-4 PlanFeature Plan3\"><i class=\"fa fa-check PlanCheck\"><\/i><\/div><\/div><\/div><\/div><div class=\"row PriceFeatureRow\"><div class=\"col-xs-12 col-sm-4 PlanFeature\">Konfiguracja nagrywania*<\/div><div class=\"col-xs-12 col-sm-8\"><div class=\"row\"><div class=\"col-xs-4 col-sm-4 PlanFeature Plan1\"><i class=\"fa fa-check PlanCheck\"><\/i><\/div><div class=\"col-xs-4 col-sm-4 PlanFeature Plan2\"><i class=\"fa fa-check PlanCheck\"><\/i><\/div><div class=\"col-xs-4 col-sm-4 PlanFeature Plan3\"><i class=\"fa fa-check PlanCheck\"><\/i><\/div><\/div><\/div><\/div><div class=\"row PriceFeatureRow\"><div class=\"col-xs-12 col-sm-4 PlanFeature\">Planowanie nagra\u0144*<\/div><div class=\"col-xs-12 col-sm-8\"><div class=\"row\"><div class=\"col-xs-4 col-sm-4 PlanFeature Plan1\"><i class=\"fa fa-check PlanCheck\"><\/i><\/div><div class=\"col-xs-4 col-sm-4 PlanFeature Plan2\"><i class=\"fa fa-check PlanCheck\"><\/i><\/div><div class=\"col-xs-4 col-sm-4 PlanFeature Plan3\"><i class=\"fa fa-check PlanCheck\"><\/i><\/div><\/div><\/div><\/div><div class=\"row PriceFeatureRow\"><div class=\"col-xs-12 col-sm-4 PlanFeature\">Ustawienia wykrywania ruchu*<\/div><div class=\"col-xs-12 col-sm-8\"><div class=\"row\"><div class=\"col-xs-4 col-sm-4 PlanFeature Plan1\"><i class=\"fa fa-check PlanCheck\"><\/i><\/div><div class=\"col-xs-4 col-sm-4 PlanFeature Plan2\"><i class=\"fa fa-check PlanCheck\"><\/i><\/div><div class=\"col-xs-4 col-sm-4 PlanFeature Plan3\"><i class=\"fa fa-check PlanCheck\"><\/i><\/div><\/div><\/div><\/div><div class=\"row PriceFeatureRow\"><div class=\"col-xs-12 col-sm-4 PlanFeature\">Ustawienia wej\u015bciowe alarmu<\/div><div class=\"col-xs-12 col-sm-8\"><div class=\"row\"><div class=\"col-xs-4 col-sm-4 PlanFeature Plan1\"><i class=\"fa fa-times-circle PlanUnCheck\"><\/i><\/div><div class=\"col-xs-4 col-sm-4 PlanFeature Plan2\"><i class=\"fa fa-check PlanCheck\"><\/i><\/div><div class=\"col-xs-4 col-sm-4 PlanFeature Plan3\"><i class=\"fa fa-check PlanCheck\"><\/i><\/div><\/div><\/div><\/div><div class=\"row PriceFeatureRow\"><div class=\"col-xs-12 col-sm-4 PlanFeature\">Ustawienia PTZ*<\/div><div class=\"col-xs-12 col-sm-8\"><div class=\"row\"><div class=\"col-xs-4 col-sm-4 PlanFeature Plan1\"><i class=\"fa fa-times-circle PlanUnCheck\"><\/i><\/div><div class=\"col-xs-4 col-sm-4 PlanFeature Plan2\"><i class=\"fa fa-check PlanCheck\"><\/i><\/div><div class=\"col-xs-4 col-sm-4 PlanFeature Plan3\"><i class=\"fa fa-check PlanCheck\"><\/i><\/div><\/div><\/div><\/div><div class=\"row PriceFeatureRow\"><div class=\"col-xs-12 col-sm-4 PlanFeature\">Konfiguracja poczty e-mail*<\/div><div class=\"col-xs-12 col-sm-8\"><div class=\"row\"><div class=\"col-xs-4 col-sm-4 PlanFeature Plan1\"><i class=\"fa fa-times-circle PlanUnCheck\"><\/i><\/div><div class=\"col-xs-4 col-sm-4 PlanFeature Plan2\"><i class=\"fa fa-check PlanCheck\"><\/i><\/div><div class=\"col-xs-4 col-sm-4 PlanFeature Plan3\"><i class=\"fa fa-check PlanCheck\"><\/i><\/div><\/div><\/div><\/div><div class=\"row PriceFeatureRow\"><div class=\"col-xs-12 col-sm-4 PlanFeature\">Konfiguracja DDNS<\/div><div class=\"col-xs-12 col-sm-8\"><div class=\"row\"><div class=\"col-xs-4 col-sm-4 PlanFeature Plan1\"><i class=\"fa fa-check PlanCheck\"><\/i><\/div><div class=\"col-xs-4 col-sm-4 PlanFeature Plan2\"><i class=\"fa fa-check PlanCheck\"><\/i><\/div><div class=\"col-xs-4 col-sm-4 PlanFeature Plan3\"><i class=\"fa fa-check PlanCheck\"><\/i><\/div><\/div><\/div><\/div><div class=\"row PriceFeatureRow\"><div class=\"col-xs-12 col-sm-4 PlanFeature\">Urz\u0105dzenie zapory<\/div><div class=\"col-xs-12 col-sm-8\"><div class=\"row\"><div class=\"col-xs-4 col-sm-4 PlanFeature Plan1\"><i class=\"fa fa-times-circle PlanUnCheck\"><\/i><\/div><div class=\"col-xs-4 col-sm-4 PlanFeature Plan2\"><i class=\"fa fa-check PlanCheck\"><\/i><\/div><div class=\"col-xs-4 col-sm-4 PlanFeature Plan3\"><i class=\"fa fa-check PlanCheck\"><\/i><\/div><\/div><\/div><\/div><div class=\"row PriceFeatureRow\"><div class=\"col-xs-12 col-sm-4 PlanFeature\">Zdalne tworzenie kopii zapasowych<\/div><div class=\"col-xs-12 col-sm-8\"><div class=\"row\"><div class=\"col-xs-4 col-sm-4 PlanFeature Plan1\"><i class=\"fa fa-times-circle PlanUnCheck\"><\/i><\/div><div class=\"col-xs-4 col-sm-4 PlanFeature Plan2\"><i class=\"fa fa-check PlanCheck\"><\/i><\/div><div class=\"col-xs-4 col-sm-4 PlanFeature Plan3\"><i class=\"fa fa-check PlanCheck\"><\/i><\/div><\/div><\/div><\/div><div class=\"row PriceFeatureRow\"><div class=\"col-xs-12 col-sm-4 PlanFeature\">POS\/ustawie\u0144 integracji<\/div><div class=\"col-xs-12 col-sm-8\"><div class=\"row\"><div class=\"col-xs-4 col-sm-4 PlanFeature Plan1\"><i class=\"fa fa-times-circle PlanUnCheck\"><\/i><\/div><div class=\"col-xs-4 col-sm-4 PlanFeature Plan2\"><i class=\"fa fa-times-circle PlanUnCheck\"><\/i><\/div><div class=\"col-xs-4 col-sm-4 PlanFeature Plan3\"><i class=\"fa fa-check PlanCheck\"><\/i><\/div><\/div><\/div><\/div><div class=\"row PriceFeatureRow\"><div class=\"col-xs-12 col-sm-4 PlanFeature\">Raportowanie b\u0142\u0119d\u00f3w instalacji<\/div><div class=\"col-xs-12 col-sm-8\"><div class=\"row\"><div class=\"col-xs-4 col-sm-4 PlanFeature Plan1\"><i class=\"fa fa-times-circle PlanUnCheck\"><\/i><\/div><div class=\"col-xs-4 col-sm-4 PlanFeature Plan2\"><i class=\"fa fa-check PlanCheck\"><\/i><\/div><div class=\"col-xs-4 col-sm-4 PlanFeature Plan3\"><i class=\"fa fa-check PlanCheck\"><\/i><\/div><\/div><\/div><\/div><div class=\"row PriceFeatureRow\"><div class=\"col-xs-12 col-sm-4 PlanFeature\">Wyj\u015bcie alarmowe*<\/div><div class=\"col-xs-12 col-sm-8\"><div class=\"row\"><div class=\"col-xs-4 col-sm-4 PlanFeature Plan1\"><i class=\"fa fa-times-circle PlanUnCheck\"><\/i><\/div><div class=\"col-xs-4 col-sm-4 PlanFeature Plan2\"><i class=\"fa fa-check PlanCheck\"><\/i><\/div><div class=\"col-xs-4 col-sm-4 PlanFeature Plan3\"><i class=\"fa fa-check PlanCheck\"><\/i><\/div><\/div><\/div><\/div><div class=\"row PriceFeatureRow\"><div class=\"col-xs-12 col-sm-4 PlanFeature\">Proste przechowywanie<\/div><div class=\"col-xs-12 col-sm-8\"><div class=\"row\"><div class=\"col-xs-4 col-sm-4 PlanFeature Plan1\"><i class=\"fa fa-check PlanCheck\"><\/i><\/div><div class=\"col-xs-4 col-sm-4 PlanFeature Plan2\"><i class=\"fa fa-check PlanCheck\"><\/i><\/div><div class=\"col-xs-4 col-sm-4 PlanFeature Plan3\"><i class=\"fa fa-check PlanCheck\"><\/i><\/div><\/div><\/div><\/div><div class=\"row PriceFeatureRow\"><div class=\"col-xs-12 col-sm-4 PlanFeature\">Zaawansowane rozwi\u0105zania pami\u0119ci masowej*<\/div><div class=\"col-xs-12 col-sm-8\"><div class=\"row\"><div class=\"col-xs-4 col-sm-4 PlanFeature Plan1\"><i class=\"fa fa-times-circle PlanUnCheck\"><\/i><\/div><div class=\"col-xs-4 col-sm-4 PlanFeature Plan2\"><i class=\"fa fa-check PlanCheck\"><\/i><\/div><div class=\"col-xs-4 col-sm-4 PlanFeature Plan3\"><i class=\"fa fa-check PlanCheck\"><\/i><\/div><\/div><\/div><\/div><div class=\"row PriceFeatureRow\"><div class=\"col-xs-12 col-sm-4 PlanFeature\">Wielu u\u017cytkownik\u00f3w<\/div><div class=\"col-xs-12 col-sm-8\"><div class=\"row\"><div class=\"col-xs-4 col-sm-4 PlanFeature Plan1\"><i class=\"fa fa-times-circle PlanUnCheck\"><\/i><\/div><div class=\"col-xs-4 col-sm-4 PlanFeature Plan2\"><i class=\"fa fa-check PlanCheck\"><\/i><\/div><div class=\"col-xs-4 col-sm-4 PlanFeature Plan3\"><i class=\"fa fa-check PlanCheck\"><\/i><\/div><\/div><\/div><\/div>\r\n<div class=\"row\"><div class=\"col-xs-12 col-sm-offset-4 col-sm-8\"><div class=\"row\"><div class=\"col-xs-4 PlanHeader PlanBottom Plan1\"><form class=\"wpcf7-form evo-pass-rec\" action=\"https:\/\/www.paypal.com\/cgi-bin\/webscr\" method=\"post\"><input name=\"cmd\" type=\"hidden\" value=\"_xclick\" \/><input name=\"business\" type=\"hidden\" value=\"mirceapetrescu2004@yahoo.com\" \/><input name=\"item_name\" type=\"hidden\" value=\"Single Device Setup-Basic\" \/><input name=\"item_number\" type=\"hidden\" value=\"1\" \/><input name=\"amount\" type=\"hidden\" value=\"29.99\" \/><input name=\"no_shipping\" type=\"hidden\" value=\"1\" \/><input name=\"currency_code\" type=\"hidden\" value=\"USD\" \/><input name=\"return\" type=\"hidden\" value=\"http:\/\/dahua.evosec.eu\/thank-you-for-your-payment\/\" \/><input name=\"image_url\" type=\"hidden\" value=\"http:\/\/dahua.evosec.eu\/assets\/pp_logo.png\" \/><input name=\"cancel_return\" type=\"hidden\" value=\"http:\/\/dahua.evosec.eu\/payment-denied-or-canceled\/\" \/><input name=\"cbt\" type=\"hidden\" value=\"Return to DAHUA Premium Support Services\" \/><input name=\"cpp_cart_border_color\" type=\"hidden\" value=\"#7F7F7F\" \/><input type=\"submit\" class=\"form-control btn-primary DHPassOrder\" value=\"Order\" onClick=\"ga('send', 'event', { eventCategory: 'Payments', eventAction: 'HCVR Pass Send En'});\" \/><\/form><\/div><div class=\"col-xs-4 PlanHeader PlanBottom Plan2\"><form class=\"wpcf7-form evo-pass-rec\" action=\"https:\/\/www.paypal.com\/cgi-bin\/webscr\" method=\"post\"><input name=\"cmd\" type=\"hidden\" value=\"_xclick\" \/><input name=\"business\" type=\"hidden\" value=\"mirceapetrescu2004@yahoo.com\" \/><input name=\"item_name\" type=\"hidden\" value=\"-Advanced\" \/><input name=\"item_number\" type=\"hidden\" value=\"1\" \/><input name=\"amount\" type=\"hidden\" value=\"49.99\" \/><input name=\"no_shipping\" type=\"hidden\" value=\"1\" \/><input name=\"currency_code\" type=\"hidden\" value=\"USD\" \/><input name=\"return\" type=\"hidden\" value=\"http:\/\/dahua.evosec.eu\/thank-you-for-your-payment\/\" \/><input name=\"image_url\" type=\"hidden\" value=\"http:\/\/dahua.evosec.eu\/assets\/pp_logo.png\" \/><input name=\"cancel_return\" type=\"hidden\" value=\"http:\/\/dahua.evosec.eu\/payment-denied-or-canceled\/\" \/><input name=\"cbt\" type=\"hidden\" value=\"Return to DAHUA Premium Support Services\" \/><input name=\"cpp_cart_border_color\" type=\"hidden\" value=\"#7F7F7F\" \/><input type=\"submit\" class=\"form-control btn-primary DHPassOrder\" value=\"Order\" onClick=\"ga('send', 'event', { eventCategory: 'Payments', eventAction: 'HCVR Pass Send En'});\" \/><\/form><\/div><div class=\"col-xs-4 PlanHeader PlanBottom Plan3\"><a class=\"form-control btn-primary DHPassOrder\" href=\"\/ask-new-question\/\">Kontakt<\/a><\/div><\/div><\/div><\/div>\r\n<\/div>\r\n<\/div>\r\n<\/div>\r\n\r\n<br \/>\r\n<small>*W zale\u017cno\u015bci od urz\u0105dzenia<\/small>\r\n<hr \/>\r\nPotrzebujesz wi\u0119cej informacji? Zostaw nam swoje pytanie i mo\u017cemy si\u0119 z Tob\u0105 w bardzo kr\u00f3tkim czasie.<br \/>\r\n[contact-form-7 id=&#8221;242&#8243; title=&#8221;Dodatkowe szczeg\u00f3\u0142y&#8221;]<\/p>","protected":false},"excerpt":{"rendered":"Wspieramy pe\u0142ny zakres DAHUA wytwarzanych produkt\u00f3w. Konfiguracji pojedynczego urz\u0105dzenia Basic29.99$Advanced49.99$ExpertAskUstawienia wyj\u015bcia wideoPodstawowe sieciZaawansowane sieciKonfiguracja nagrywania*Planowanie nagra\u0144*Ustawienia wykrywania ruchu*Ustawienia wej\u015bciowe alarmuUstawienia PTZ*Konfiguracja poczty e-mail*Konfiguracja DDNSUrz\u0105dzenie zaporyZdalne tworzenie kopii zapasowychPOS\/ustawie\u0144 integracjiRaportowanie b\u0142\u0119d\u00f3w instalacjiWyj\u015bcie alarmowe*Proste przechowywanieZaawansowane rozwi\u0105zania pami\u0119ci masowej*Wielu u\u017cytkownik\u00f3w Kontakt *W zale\u017cno\u015bci od urz\u0105dzenia Potrzebujesz wi\u0119cej informacji? Zostaw nam swoje pytanie i mo\u017cemy si\u0119 z Tob\u0105 w&hellip; <a class=\"more-link\" href=\"https:\/\/dahua.evosec.eu\/pl\/setup-dahua-devices\/\">Continue Reading DAHUA Urz\u0105dze\u0144 Instalacji<\/a>","protected":false},"author":1,"featured_media":426,"parent":0,"menu_order":0,"comment_status":"closed","ping_status":"closed","template":"","meta":{"footnotes":""},"class_list":["post-19","page","type-page","status-publish","has-post-thumbnail","hentry"],"translation":{"provider":"WPGlobus","version":"3.0.1","language":"pl","enabled_languages":["en","da","de","es","fi","fr","it","hu","nl","no","pt","pl","ru","sv","ja"],"languages":{"en":{"title":true,"content":true,"excerpt":false},"da":{"title":true,"content":true,"excerpt":false},"de":{"title":true,"content":true,"excerpt":false},"es":{"title":true,"content":true,"excerpt":false},"fi":{"title":true,"content":true,"excerpt":false},"fr":{"title":true,"content":true,"excerpt":false},"it":{"title":true,"content":true,"excerpt":false},"hu":{"title":true,"content":true,"excerpt":false},"nl":{"title":true,"content":true,"excerpt":false},"no":{"title":true,"content":true,"excerpt":false},"pt":{"title":true,"content":true,"excerpt":false},"pl":{"title":true,"content":true,"excerpt":false},"ru":{"title":true,"content":true,"excerpt":false},"sv":{"title":true,"content":true,"excerpt":false},"ja":{"title":false,"content":false,"excerpt":false}}},"yoast_head":"<!-- This site is optimized with the Yoast SEO plugin v27.3 - https:\/\/yoast.com\/product\/yoast-seo-wordpress\/ -->\n<title>DAHUA Devices Setup - Premium Support<\/title>\n<meta name=\"robots\" content=\"index, follow, max-snippet:-1, max-image-preview:large, max-video-preview:-1\" \/>\n<link rel=\"canonical\" href=\"https:\/\/dahua.evosec.eu\/setup-dahua-devices\/\" \/>\n<meta property=\"og:locale\" content=\"pl_PL\" \/>\n<meta property=\"og:type\" content=\"article\" \/>\n<meta property=\"og:title\" content=\"DAHUA Urz\u0105dze\u0144 Instalacji - Pomoc techniczn\u0105 dla produkt\u00f3w DAHUA\" \/>\n<meta property=\"og:url\" content=\"https:\/\/dahua.evosec.eu\/setup-dahua-devices\/\" \/>\n<meta property=\"og:site_name\" content=\"Pomoc techniczn\u0105 dla produkt\u00f3w DAHUA\" \/>\n<meta property=\"article:publisher\" content=\"https:\/\/www.facebook.com\/euroevosolutions\" \/>\n<meta property=\"article:modified_time\" content=\"2016-09-16T23:25:40+00:00\" \/>\n<meta property=\"og:image\" content=\"https:\/\/dahua.evosec.eu\/wp-content\/uploads\/2015\/06\/devices.jpg\" \/>\n\t<meta property=\"og:image:width\" content=\"200\" \/>\n\t<meta property=\"og:image:height\" content=\"200\" \/>\n\t<meta property=\"og:image:type\" content=\"image\/jpeg\" \/>\n<meta name=\"twitter:card\" content=\"summary_large_image\" \/>\n<meta name=\"twitter:site\" content=\"@evosec_eu\" \/>\n<meta name=\"twitter:label1\" content=\"Szacowany czas czytania\" \/>\n\t<meta name=\"twitter:data1\" content=\"6 minut\" \/>\n<script type=\"application\/ld+json\" class=\"yoast-schema-graph\">{\"@context\":\"https:\\\/\\\/schema.org\",\"@graph\":[{\"@type\":\"WebPage\",\"@id\":\"https:\\\/\\\/dahua.evosec.eu\\\/setup-dahua-devices\\\/\",\"url\":\"https:\\\/\\\/dahua.evosec.eu\\\/setup-dahua-devices\\\/\",\"name\":\"DAHUA Devices Setup - Premium Support\",\"isPartOf\":{\"@id\":\"https:\\\/\\\/dahua.evosec.eu\\\/#website\"},\"primaryImageOfPage\":{\"@id\":\"https:\\\/\\\/dahua.evosec.eu\\\/setup-dahua-devices\\\/#primaryimage\"},\"image\":{\"@id\":\"https:\\\/\\\/dahua.evosec.eu\\\/setup-dahua-devices\\\/#primaryimage\"},\"thumbnailUrl\":\"https:\\\/\\\/dahua.evosec.eu\\\/wp-content\\\/uploads\\\/2015\\\/06\\\/devices.jpg\",\"datePublished\":\"2015-06-11T15:12:50+00:00\",\"dateModified\":\"2016-09-16T23:25:40+00:00\",\"description\":\"We will professionally remote setup all your DAHUA-branded devices, so you can fully benefit from your installed solution.\",\"breadcrumb\":{\"@id\":\"https:\\\/\\\/dahua.evosec.eu\\\/setup-dahua-devices\\\/#breadcrumb\"},\"inLanguage\":\"pl-PL\",\"potentialAction\":[{\"@type\":\"ReadAction\",\"target\":[\"https:\\\/\\\/dahua.evosec.eu\\\/setup-dahua-devices\\\/\"]}]},{\"@type\":\"ImageObject\",\"inLanguage\":\"pl-PL\",\"@id\":\"https:\\\/\\\/dahua.evosec.eu\\\/setup-dahua-devices\\\/#primaryimage\",\"url\":\"https:\\\/\\\/dahua.evosec.eu\\\/wp-content\\\/uploads\\\/2015\\\/06\\\/devices.jpg\",\"contentUrl\":\"https:\\\/\\\/dahua.evosec.eu\\\/wp-content\\\/uploads\\\/2015\\\/06\\\/devices.jpg\",\"width\":200,\"height\":200},{\"@type\":\"BreadcrumbList\",\"@id\":\"https:\\\/\\\/dahua.evosec.eu\\\/setup-dahua-devices\\\/#breadcrumb\",\"itemListElement\":[{\"@type\":\"ListItem\",\"position\":1,\"name\":\"Home\",\"item\":\"https:\\\/\\\/dahua.evosec.eu\\\/\"},{\"@type\":\"ListItem\",\"position\":2,\"name\":\"DAHUA Devices Setup\"}]},{\"@type\":\"WebSite\",\"@id\":\"https:\\\/\\\/dahua.evosec.eu\\\/#website\",\"url\":\"https:\\\/\\\/dahua.evosec.eu\\\/\",\"name\":\"Pomoc techniczn\u0105 dla produkt\u00f3w DAHUA\",\"description\":\"Jeste\u015bmy firm\u0105 do\u015bwiadczonych w produktach DAHUA Strona\",\"potentialAction\":[{\"@type\":\"SearchAction\",\"target\":{\"@type\":\"EntryPoint\",\"urlTemplate\":\"https:\\\/\\\/dahua.evosec.eu\\\/?s={search_term_string}\"},\"query-input\":{\"@type\":\"PropertyValueSpecification\",\"valueRequired\":true,\"valueName\":\"search_term_string\"}}],\"inLanguage\":\"pl-PL\"}]}<\/script>\n<!-- \/ Yoast SEO plugin. -->","yoast_head_json":{"title":"DAHUA Devices Setup - Premium Support","robots":{"index":"index","follow":"follow","max-snippet":"max-snippet:-1","max-image-preview":"max-image-preview:large","max-video-preview":"max-video-preview:-1"},"canonical":"https:\/\/dahua.evosec.eu\/setup-dahua-devices\/","og_locale":"pl_PL","og_type":"article","og_title":"DAHUA Urz\u0105dze\u0144 Instalacji - Pomoc techniczn\u0105 dla produkt\u00f3w DAHUA","og_url":"https:\/\/dahua.evosec.eu\/setup-dahua-devices\/","og_site_name":"Pomoc techniczn\u0105 dla produkt\u00f3w DAHUA","article_publisher":"https:\/\/www.facebook.com\/euroevosolutions","article_modified_time":"2016-09-16T23:25:40+00:00","og_image":[{"width":200,"height":200,"url":"https:\/\/dahua.evosec.eu\/wp-content\/uploads\/2015\/06\/devices.jpg","type":"image\/jpeg"}],"twitter_card":"summary_large_image","twitter_site":"@evosec_eu","twitter_misc":{"Szacowany czas czytania":"6 minut"},"schema":{"@context":"https:\/\/schema.org","@graph":[{"@type":"WebPage","@id":"https:\/\/dahua.evosec.eu\/setup-dahua-devices\/","url":"https:\/\/dahua.evosec.eu\/setup-dahua-devices\/","name":"DAHUA Devices Setup - Premium Support","isPartOf":{"@id":"https:\/\/dahua.evosec.eu\/#website"},"primaryImageOfPage":{"@id":"https:\/\/dahua.evosec.eu\/setup-dahua-devices\/#primaryimage"},"image":{"@id":"https:\/\/dahua.evosec.eu\/setup-dahua-devices\/#primaryimage"},"thumbnailUrl":"https:\/\/dahua.evosec.eu\/wp-content\/uploads\/2015\/06\/devices.jpg","datePublished":"2015-06-11T15:12:50+00:00","dateModified":"2016-09-16T23:25:40+00:00","description":"We will professionally remote setup all your DAHUA-branded devices, so you can fully benefit from your installed solution.","breadcrumb":{"@id":"https:\/\/dahua.evosec.eu\/setup-dahua-devices\/#breadcrumb"},"inLanguage":"pl-PL","potentialAction":[{"@type":"ReadAction","target":["https:\/\/dahua.evosec.eu\/setup-dahua-devices\/"]}]},{"@type":"ImageObject","inLanguage":"pl-PL","@id":"https:\/\/dahua.evosec.eu\/setup-dahua-devices\/#primaryimage","url":"https:\/\/dahua.evosec.eu\/wp-content\/uploads\/2015\/06\/devices.jpg","contentUrl":"https:\/\/dahua.evosec.eu\/wp-content\/uploads\/2015\/06\/devices.jpg","width":200,"height":200},{"@type":"BreadcrumbList","@id":"https:\/\/dahua.evosec.eu\/setup-dahua-devices\/#breadcrumb","itemListElement":[{"@type":"ListItem","position":1,"name":"Home","item":"https:\/\/dahua.evosec.eu\/"},{"@type":"ListItem","position":2,"name":"DAHUA Devices Setup"}]},{"@type":"WebSite","@id":"https:\/\/dahua.evosec.eu\/#website","url":"https:\/\/dahua.evosec.eu\/","name":"Pomoc techniczn\u0105 dla produkt\u00f3w DAHUA","description":"Jeste\u015bmy firm\u0105 do\u015bwiadczonych w produktach DAHUA Strona","potentialAction":[{"@type":"SearchAction","target":{"@type":"EntryPoint","urlTemplate":"https:\/\/dahua.evosec.eu\/?s={search_term_string}"},"query-input":{"@type":"PropertyValueSpecification","valueRequired":true,"valueName":"search_term_string"}}],"inLanguage":"pl-PL"}]}},"_links":{"self":[{"href":"https:\/\/dahua.evosec.eu\/pl\/wp-json\/wp\/v2\/pages\/19","targetHints":{"allow":["GET"]}}],"collection":[{"href":"https:\/\/dahua.evosec.eu\/pl\/wp-json\/wp\/v2\/pages"}],"about":[{"href":"https:\/\/dahua.evosec.eu\/pl\/wp-json\/wp\/v2\/types\/page"}],"author":[{"embeddable":true,"href":"https:\/\/dahua.evosec.eu\/pl\/wp-json\/wp\/v2\/users\/1"}],"replies":[{"embeddable":true,"href":"https:\/\/dahua.evosec.eu\/pl\/wp-json\/wp\/v2\/comments?post=19"}],"version-history":[{"count":0,"href":"https:\/\/dahua.evosec.eu\/pl\/wp-json\/wp\/v2\/pages\/19\/revisions"}],"wp:featuredmedia":[{"embeddable":true,"href":"https:\/\/dahua.evosec.eu\/pl\/wp-json\/wp\/v2\/media\/426"}],"wp:attachment":[{"href":"https:\/\/dahua.evosec.eu\/pl\/wp-json\/wp\/v2\/media?parent=19"}],"curies":[{"name":"wp","href":"https:\/\/api.w.org\/{rel}","templated":true}]}}