{"id":61,"date":"2015-07-16T15:24:28","date_gmt":"2015-07-16T15:24:28","guid":{"rendered":"http:\/\/dahua.evosec.eu\/?page_id=61"},"modified":"2015-07-16T15:24:28","modified_gmt":"2015-07-16T15:24:28","slug":"feedback","status":"publish","type":"page","link":"https:\/\/dahua.evosec.eu\/pl\/feedback\/","title":{"rendered":"Feedback"},"content":{"rendered":"Do you have any questions? Do you need additional details? Are you happy or unhappy about our services? Please live a comment below and we will try to answer.","protected":false},"excerpt":{"rendered":"Do you have any questions? Do you need additional details? Are you happy or unhappy about our services? Please live a comment below and we will try to answer.","protected":false},"author":1,"featured_media":0,"parent":0,"menu_order":0,"comment_status":"open","ping_status":"open","template":"","meta":{"footnotes":""},"class_list":["post-61","page","type-page","status-publish","hentry"],"translation":{"provider":"WPGlobus","version":"3.0.1","language":"pl","enabled_languages":["en","da","de","es","fi","fr","it","hu","nl","no","pt","pl","ru","sv","ja"],"languages":{"en":{"title":true,"content":true,"excerpt":false},"da":{"title":false,"content":false,"excerpt":false},"de":{"title":true,"content":false,"excerpt":false},"es":{"title":true,"content":false,"excerpt":false},"fi":{"title":false,"content":false,"excerpt":false},"fr":{"title":true,"content":false,"excerpt":false},"it":{"title":true,"content":false,"excerpt":false},"hu":{"title":false,"content":false,"excerpt":false},"nl":{"title":false,"content":false,"excerpt":false},"no":{"title":false,"content":false,"excerpt":false},"pt":{"title":true,"content":false,"excerpt":false},"pl":{"title":false,"content":false,"excerpt":false},"ru":{"title":false,"content":false,"excerpt":false},"sv":{"title":false,"content":false,"excerpt":false},"ja":{"title":false,"content":false,"excerpt":false}}},"yoast_head":"<!-- This site is optimized with the Yoast SEO plugin v27.3 - https:\/\/yoast.com\/product\/yoast-seo-wordpress\/ -->\n<title>- Pomoc techniczn\u0105 dla produkt\u00f3w DAHUA<\/title>\n<meta name=\"robots\" content=\"index, follow, max-snippet:-1, max-image-preview:large, max-video-preview:-1\" \/>\n<link rel=\"canonical\" href=\"https:\/\/dahua.evosec.eu\/feedback\/\" \/>\n<meta property=\"og:locale\" content=\"pl_PL\" \/>\n<meta property=\"og:type\" content=\"article\" \/>\n<meta property=\"og:title\" content=\"- Pomoc techniczn\u0105 dla produkt\u00f3w DAHUA\" \/>\n<meta property=\"og:url\" content=\"https:\/\/dahua.evosec.eu\/feedback\/\" \/>\n<meta property=\"og:site_name\" content=\"Pomoc techniczn\u0105 dla produkt\u00f3w DAHUA\" \/>\n<meta property=\"article:publisher\" content=\"https:\/\/www.facebook.com\/euroevosolutions\" \/>\n<meta name=\"twitter:card\" content=\"summary_large_image\" \/>\n<meta name=\"twitter:site\" content=\"@evosec_eu\" \/>\n<script type=\"application\/ld+json\" class=\"yoast-schema-graph\">{\"@context\":\"https:\\\/\\\/schema.org\",\"@graph\":[{\"@type\":\"WebPage\",\"@id\":\"https:\\\/\\\/dahua.evosec.eu\\\/feedback\\\/\",\"url\":\"https:\\\/\\\/dahua.evosec.eu\\\/feedback\\\/\",\"name\":\"- Pomoc techniczn\u0105 dla produkt\u00f3w DAHUA\",\"isPartOf\":{\"@id\":\"https:\\\/\\\/dahua.evosec.eu\\\/#website\"},\"datePublished\":\"2015-07-16T15:24:28+00:00\",\"description\":\"Do you want to know more or have a feedback? We're here for you!\",\"breadcrumb\":{\"@id\":\"https:\\\/\\\/dahua.evosec.eu\\\/feedback\\\/#breadcrumb\"},\"inLanguage\":\"pl-PL\",\"potentialAction\":[{\"@type\":\"ReadAction\",\"target\":[\"https:\\\/\\\/dahua.evosec.eu\\\/feedback\\\/\"]}]},{\"@type\":\"BreadcrumbList\",\"@id\":\"https:\\\/\\\/dahua.evosec.eu\\\/feedback\\\/#breadcrumb\",\"itemListElement\":[{\"@type\":\"ListItem\",\"position\":1,\"name\":\"Home\",\"item\":\"https:\\\/\\\/dahua.evosec.eu\\\/\"},{\"@type\":\"ListItem\",\"position\":2,\"name\":\"Feedback\"}]},{\"@type\":\"WebSite\",\"@id\":\"https:\\\/\\\/dahua.evosec.eu\\\/#website\",\"url\":\"https:\\\/\\\/dahua.evosec.eu\\\/\",\"name\":\"Pomoc techniczn\u0105 dla produkt\u00f3w DAHUA\",\"description\":\"Jeste\u015bmy firm\u0105 do\u015bwiadczonych w produktach DAHUA Strona\",\"potentialAction\":[{\"@type\":\"SearchAction\",\"target\":{\"@type\":\"EntryPoint\",\"urlTemplate\":\"https:\\\/\\\/dahua.evosec.eu\\\/?s={search_term_string}\"},\"query-input\":{\"@type\":\"PropertyValueSpecification\",\"valueRequired\":true,\"valueName\":\"search_term_string\"}}],\"inLanguage\":\"pl-PL\"}]}<\/script>\n<!-- \/ Yoast SEO plugin. -->","yoast_head_json":{"title":"- Pomoc techniczn\u0105 dla produkt\u00f3w DAHUA","robots":{"index":"index","follow":"follow","max-snippet":"max-snippet:-1","max-image-preview":"max-image-preview:large","max-video-preview":"max-video-preview:-1"},"canonical":"https:\/\/dahua.evosec.eu\/feedback\/","og_locale":"pl_PL","og_type":"article","og_title":"- Pomoc techniczn\u0105 dla produkt\u00f3w DAHUA","og_url":"https:\/\/dahua.evosec.eu\/feedback\/","og_site_name":"Pomoc techniczn\u0105 dla produkt\u00f3w DAHUA","article_publisher":"https:\/\/www.facebook.com\/euroevosolutions","twitter_card":"summary_large_image","twitter_site":"@evosec_eu","schema":{"@context":"https:\/\/schema.org","@graph":[{"@type":"WebPage","@id":"https:\/\/dahua.evosec.eu\/feedback\/","url":"https:\/\/dahua.evosec.eu\/feedback\/","name":"- Pomoc techniczn\u0105 dla produkt\u00f3w DAHUA","isPartOf":{"@id":"https:\/\/dahua.evosec.eu\/#website"},"datePublished":"2015-07-16T15:24:28+00:00","description":"Do you want to know more or have a feedback? We're here for you!","breadcrumb":{"@id":"https:\/\/dahua.evosec.eu\/feedback\/#breadcrumb"},"inLanguage":"pl-PL","potentialAction":[{"@type":"ReadAction","target":["https:\/\/dahua.evosec.eu\/feedback\/"]}]},{"@type":"BreadcrumbList","@id":"https:\/\/dahua.evosec.eu\/feedback\/#breadcrumb","itemListElement":[{"@type":"ListItem","position":1,"name":"Home","item":"https:\/\/dahua.evosec.eu\/"},{"@type":"ListItem","position":2,"name":"Feedback"}]},{"@type":"WebSite","@id":"https:\/\/dahua.evosec.eu\/#website","url":"https:\/\/dahua.evosec.eu\/","name":"Pomoc techniczn\u0105 dla produkt\u00f3w DAHUA","description":"Jeste\u015bmy firm\u0105 do\u015bwiadczonych w produktach DAHUA Strona","potentialAction":[{"@type":"SearchAction","target":{"@type":"EntryPoint","urlTemplate":"https:\/\/dahua.evosec.eu\/?s={search_term_string}"},"query-input":{"@type":"PropertyValueSpecification","valueRequired":true,"valueName":"search_term_string"}}],"inLanguage":"pl-PL"}]}},"_links":{"self":[{"href":"https:\/\/dahua.evosec.eu\/pl\/wp-json\/wp\/v2\/pages\/61","targetHints":{"allow":["GET"]}}],"collection":[{"href":"https:\/\/dahua.evosec.eu\/pl\/wp-json\/wp\/v2\/pages"}],"about":[{"href":"https:\/\/dahua.evosec.eu\/pl\/wp-json\/wp\/v2\/types\/page"}],"author":[{"embeddable":true,"href":"https:\/\/dahua.evosec.eu\/pl\/wp-json\/wp\/v2\/users\/1"}],"replies":[{"embeddable":true,"href":"https:\/\/dahua.evosec.eu\/pl\/wp-json\/wp\/v2\/comments?post=61"}],"version-history":[{"count":0,"href":"https:\/\/dahua.evosec.eu\/pl\/wp-json\/wp\/v2\/pages\/61\/revisions"}],"wp:attachment":[{"href":"https:\/\/dahua.evosec.eu\/pl\/wp-json\/wp\/v2\/media?parent=61"}],"curies":[{"name":"wp","href":"https:\/\/api.w.org\/{rel}","templated":true}]}}