{"id":1123,"date":"2017-03-17T03:13:28","date_gmt":"2017-03-17T03:13:28","guid":{"rendered":"http:\/\/dahua.evosec.eu\/?page_id=1123"},"modified":"2017-03-25T16:28:56","modified_gmt":"2017-03-25T16:28:56","slug":"fast-remote-dahua-password-reset-dvr-nvr-hcvr-ip-camera-speeddome-camera","status":"publish","type":"page","link":"https:\/\/dahua.evosec.eu\/pt\/fast-remote-dahua-password-reset-dvr-nvr-hcvr-ip-camera-speeddome-camera\/","title":{"rendered":"DAHUA R\u00e1pido Remoto De Redefini\u00e7\u00e3o De Senha &#8211; Para DVR \/ NVR \/ HCVR \/ IP C\u00e2mera \/ C\u00e2mera SpeedDome"},"content":{"rendered":"<div class=\"alert alert-success\" role=\"alert\">\n<div class=\"row\">\n<div class=\"col-md-1\">\n<i class=\"fa fa-money fa-3x\" aria-hidden=\"true\"><\/i>\n<\/div>\n<div class=\"col-md-11\">\nTemos as solu\u00e7\u00f5es para seus problemas! N\u00f3s oferecemos uma maneira r\u00e1pida para que voc\u00ea restaurar e mudar qualquer senha usada em produtos DAHUA mais velhos ou mais novos.\n<\/div>\n<\/div>\n<\/div>\n<p>\n<strong>Funciona com praticamente qualquer dispositivo DAHUA &#8211; IP Camera, HDCVI DVR, NVR, Video Door Phone etc <\/strong> S\u00f3 precisamos de seu IP ou DDNS \/ DNS din\u00e2mico \/ nome de dom\u00ednio e o <strong>Porto WEB*<\/strong> (N\u00e3o dados\/37777 Porto).\n<\/p>\n<p>\nVamos redefinir a senha e voc\u00ea enviar a senha tempor\u00e1ria (por e-mail). Voc\u00ea n\u00e3o precisa de USB, VGA ou HDMI acesso. Simples e r\u00e1pido! Ordem agora &#8211; para <strong>S\u00f3 9.99USD<\/strong>!\n<\/p>\n<hr \/>\n<form class=\"wpcf7-form evo-pass-rec\" action=\"https:\/\/www.paypal.com\/cgi-bin\/webscr\" method=\"post\"><img alt=\"\" border=\"\" width=\"1\" height=\"1\" ><input name=\"cmd\" type=\"hidden\" value=\"_xclick\" \/><input name=\"business\" type=\"hidden\" value=\"mirceapetrescu2004@yahoo.com\" \/><input name=\"item_name\" type=\"hidden\" value=\"DAHUA: Remote Password Recovery\" \/><input name=\"item_number\" type=\"hidden\" value=\"1\" \/><input name=\"amount\" type=\"hidden\" value=\"9.99\" \/><input name=\"no_shipping\" type=\"hidden\" value=\"1\" \/><input name=\"currency_code\" type=\"hidden\" value=\"USD\" \/><input name=\"return\" type=\"hidden\" value=\"http:\/\/dahua.evosec.eu\/thank-you-for-your-payment\/\" \/><input name=\"image_url\" type=\"hidden\" value=\"http:\/\/dahua.evosec.eu\/assets\/pp_logo.png\" \/><input name=\"cancel_return\" type=\"hidden\" value=\"http:\/\/dahua.evosec.eu\/payment-denied-or-canceled\/\" \/><input name=\"cbt\" type=\"hidden\" value=\"Return to DAHUA Premium Support Services\" \/><input name=\"cpp_cart_border_color\" type=\"hidden\" value=\"#7F7F7F\" \/>\n<input type=\"submit\" class=\"form-control btn-primary DHPassOrder\" value=\"Ordem - apenas 9,99$\" onClick=\"ga('send', 'event', { eventCategory: 'Payments', eventAction: 'HCVR Pass Send En'});\" \/> \n<\/form><br \/><br \/>\n<p class=\"well well-info\">\n*Porta da WEB geralmente \u00e9 80, se voc\u00ea pode acessar sua c\u00e2mera atrav\u00e9s do IE \/ Chrome \/ EDGE, mesmo se for atr\u00e1s de um roteador.\n<\/p>\n<p class=\"well well-success\">\nCl\u00e1usula de garantia de devolu\u00e7\u00e3o do dinheiro: se nosso servi\u00e7o falhar para (re) dar acesso aos seus dispositivos, ser\u00e1 totalmente-reembolso voc\u00ea! Todos os nossos pagamentos s\u00e3o processados de forma segura atrav\u00e9s do PayPal!\n<\/p>\n","protected":false},"excerpt":{"rendered":"Temos as solu\u00e7\u00f5es para seus problemas! N\u00f3s oferecemos uma maneira r\u00e1pida para que voc\u00ea restaurar e mudar qualquer senha usada em produtos DAHUA mais velhos ou mais novos. Funciona com praticamente qualquer dispositivo DAHUA &#8211; IP Camera, HDCVI DVR, NVR, Video Door Phone etc S\u00f3 precisamos de seu IP ou DDNS \/ DNS din\u00e2mico \/&hellip; <a class=\"more-link\" href=\"https:\/\/dahua.evosec.eu\/pt\/fast-remote-dahua-password-reset-dvr-nvr-hcvr-ip-camera-speeddome-camera\/\">Continue Reading DAHUA R\u00e1pido Remoto De Redefini\u00e7\u00e3o De Senha &#8211; Para DVR \/ NVR \/ HCVR \/ IP C\u00e2mera \/ C\u00e2mera SpeedDome<\/a>","protected":false},"author":1,"featured_media":0,"parent":0,"menu_order":0,"comment_status":"closed","ping_status":"closed","template":"","meta":{"footnotes":""},"class_list":["post-1123","page","type-page","status-publish","hentry"],"translation":{"provider":"WPGlobus","version":"3.0.1","language":"pt","enabled_languages":["en","da","de","es","fi","fr","it","hu","nl","no","pt","pl","ru","sv","ja"],"languages":{"en":{"title":true,"content":true,"excerpt":false},"da":{"title":true,"content":true,"excerpt":false},"de":{"title":true,"content":true,"excerpt":false},"es":{"title":true,"content":true,"excerpt":false},"fi":{"title":true,"content":true,"excerpt":false},"fr":{"title":true,"content":true,"excerpt":false},"it":{"title":true,"content":true,"excerpt":false},"hu":{"title":true,"content":true,"excerpt":false},"nl":{"title":true,"content":true,"excerpt":false},"no":{"title":true,"content":true,"excerpt":false},"pt":{"title":true,"content":true,"excerpt":false},"pl":{"title":true,"content":true,"excerpt":false},"ru":{"title":true,"content":true,"excerpt":false},"sv":{"title":true,"content":true,"excerpt":false},"ja":{"title":true,"content":true,"excerpt":false}}},"yoast_head":"<!-- This site is optimized with the Yoast SEO plugin v27.3 - https:\/\/yoast.com\/product\/yoast-seo-wordpress\/ -->\n<title>DAHUA R\u00e1pido Remoto De Redefini\u00e7\u00e3o De Senha - Para DVR \/ NVR \/ HCVR \/ IP C\u00e2mera \/ C\u00e2mera SpeedDome - Suporte Premium para produtos DAHUA<\/title>\n<meta name=\"robots\" content=\"index, follow, max-snippet:-1, max-image-preview:large, max-video-preview:-1\" \/>\n<link rel=\"canonical\" href=\"https:\/\/dahua.evosec.eu\/fast-remote-dahua-password-reset-dvr-nvr-hcvr-ip-camera-speeddome-camera\/\" \/>\n<meta property=\"og:locale\" content=\"pt_PT\" \/>\n<meta property=\"og:type\" content=\"article\" \/>\n<meta property=\"og:title\" content=\"DAHUA R\u00e1pido Remoto De Redefini\u00e7\u00e3o De Senha - Para DVR \/ NVR \/ HCVR \/ IP C\u00e2mera \/ C\u00e2mera SpeedDome - Suporte Premium para produtos DAHUA\" \/>\n<meta property=\"og:url\" content=\"https:\/\/dahua.evosec.eu\/fast-remote-dahua-password-reset-dvr-nvr-hcvr-ip-camera-speeddome-camera\/\" \/>\n<meta property=\"og:site_name\" content=\"Suporte Premium para produtos DAHUA\" \/>\n<meta property=\"article:publisher\" content=\"https:\/\/www.facebook.com\/euroevosolutions\" \/>\n<meta property=\"article:modified_time\" content=\"2017-03-25T16:28:56+00:00\" \/>\n<meta name=\"twitter:card\" content=\"summary_large_image\" \/>\n<meta name=\"twitter:site\" content=\"@evosec_eu\" \/>\n<meta name=\"twitter:label1\" content=\"Tempo estimado de leitura\" \/>\n\t<meta name=\"twitter:data1\" content=\"10 minutos\" \/>\n<script type=\"application\/ld+json\" class=\"yoast-schema-graph\">{\"@context\":\"https:\\\/\\\/schema.org\",\"@graph\":[{\"@type\":\"WebPage\",\"@id\":\"https:\\\/\\\/dahua.evosec.eu\\\/fast-remote-dahua-password-reset-dvr-nvr-hcvr-ip-camera-speeddome-camera\\\/\",\"url\":\"https:\\\/\\\/dahua.evosec.eu\\\/fast-remote-dahua-password-reset-dvr-nvr-hcvr-ip-camera-speeddome-camera\\\/\",\"name\":\"DAHUA R\u00e1pido Remoto De Redefini\u00e7\u00e3o De Senha - Para DVR \\\/ NVR \\\/ HCVR \\\/ IP C\u00e2mera \\\/ C\u00e2mera SpeedDome - Suporte Premium para produtos DAHUA\",\"isPartOf\":{\"@id\":\"https:\\\/\\\/dahua.evosec.eu\\\/#website\"},\"datePublished\":\"2017-03-17T03:13:28+00:00\",\"dateModified\":\"2017-03-25T16:28:56+00:00\",\"description\":\"We got the solution(s) to your problems! We offer a fast way for you to reset and change any password used on older or newer DAHUA products.\",\"breadcrumb\":{\"@id\":\"https:\\\/\\\/dahua.evosec.eu\\\/fast-remote-dahua-password-reset-dvr-nvr-hcvr-ip-camera-speeddome-camera\\\/#breadcrumb\"},\"inLanguage\":\"pt-PT\",\"potentialAction\":[{\"@type\":\"ReadAction\",\"target\":[\"https:\\\/\\\/dahua.evosec.eu\\\/fast-remote-dahua-password-reset-dvr-nvr-hcvr-ip-camera-speeddome-camera\\\/\"]}]},{\"@type\":\"BreadcrumbList\",\"@id\":\"https:\\\/\\\/dahua.evosec.eu\\\/fast-remote-dahua-password-reset-dvr-nvr-hcvr-ip-camera-speeddome-camera\\\/#breadcrumb\",\"itemListElement\":[{\"@type\":\"ListItem\",\"position\":1,\"name\":\"Home\",\"item\":\"https:\\\/\\\/dahua.evosec.eu\\\/\"},{\"@type\":\"ListItem\",\"position\":2,\"name\":\"Fast Remote DAHUA Password Reset &#8211; for DVR \\\/ NVR \\\/ HCVR \\\/ IP Camera \\\/ SpeedDome Camera\"}]},{\"@type\":\"WebSite\",\"@id\":\"https:\\\/\\\/dahua.evosec.eu\\\/#website\",\"url\":\"https:\\\/\\\/dahua.evosec.eu\\\/\",\"name\":\"Suporte Premium para produtos DAHUA\",\"description\":\"Somos uma empresa de festa 3 experiente em produtos DAHUA\",\"potentialAction\":[{\"@type\":\"SearchAction\",\"target\":{\"@type\":\"EntryPoint\",\"urlTemplate\":\"https:\\\/\\\/dahua.evosec.eu\\\/?s={search_term_string}\"},\"query-input\":{\"@type\":\"PropertyValueSpecification\",\"valueRequired\":true,\"valueName\":\"search_term_string\"}}],\"inLanguage\":\"pt-PT\"}]}<\/script>\n<!-- \/ Yoast SEO plugin. -->","yoast_head_json":{"title":"DAHUA R\u00e1pido Remoto De Redefini\u00e7\u00e3o De Senha - Para DVR \/ NVR \/ HCVR \/ IP C\u00e2mera \/ C\u00e2mera SpeedDome - Suporte Premium para produtos DAHUA","robots":{"index":"index","follow":"follow","max-snippet":"max-snippet:-1","max-image-preview":"max-image-preview:large","max-video-preview":"max-video-preview:-1"},"canonical":"https:\/\/dahua.evosec.eu\/fast-remote-dahua-password-reset-dvr-nvr-hcvr-ip-camera-speeddome-camera\/","og_locale":"pt_PT","og_type":"article","og_title":"DAHUA R\u00e1pido Remoto De Redefini\u00e7\u00e3o De Senha - Para DVR \/ NVR \/ HCVR \/ IP C\u00e2mera \/ C\u00e2mera SpeedDome - Suporte Premium para produtos DAHUA","og_url":"https:\/\/dahua.evosec.eu\/fast-remote-dahua-password-reset-dvr-nvr-hcvr-ip-camera-speeddome-camera\/","og_site_name":"Suporte Premium para produtos DAHUA","article_publisher":"https:\/\/www.facebook.com\/euroevosolutions","article_modified_time":"2017-03-25T16:28:56+00:00","twitter_card":"summary_large_image","twitter_site":"@evosec_eu","twitter_misc":{"Tempo estimado de leitura":"10 minutos"},"schema":{"@context":"https:\/\/schema.org","@graph":[{"@type":"WebPage","@id":"https:\/\/dahua.evosec.eu\/fast-remote-dahua-password-reset-dvr-nvr-hcvr-ip-camera-speeddome-camera\/","url":"https:\/\/dahua.evosec.eu\/fast-remote-dahua-password-reset-dvr-nvr-hcvr-ip-camera-speeddome-camera\/","name":"DAHUA R\u00e1pido Remoto De Redefini\u00e7\u00e3o De Senha - Para DVR \/ NVR \/ HCVR \/ IP C\u00e2mera \/ C\u00e2mera SpeedDome - Suporte Premium para produtos DAHUA","isPartOf":{"@id":"https:\/\/dahua.evosec.eu\/#website"},"datePublished":"2017-03-17T03:13:28+00:00","dateModified":"2017-03-25T16:28:56+00:00","description":"We got the solution(s) to your problems! We offer a fast way for you to reset and change any password used on older or newer DAHUA products.","breadcrumb":{"@id":"https:\/\/dahua.evosec.eu\/fast-remote-dahua-password-reset-dvr-nvr-hcvr-ip-camera-speeddome-camera\/#breadcrumb"},"inLanguage":"pt-PT","potentialAction":[{"@type":"ReadAction","target":["https:\/\/dahua.evosec.eu\/fast-remote-dahua-password-reset-dvr-nvr-hcvr-ip-camera-speeddome-camera\/"]}]},{"@type":"BreadcrumbList","@id":"https:\/\/dahua.evosec.eu\/fast-remote-dahua-password-reset-dvr-nvr-hcvr-ip-camera-speeddome-camera\/#breadcrumb","itemListElement":[{"@type":"ListItem","position":1,"name":"Home","item":"https:\/\/dahua.evosec.eu\/"},{"@type":"ListItem","position":2,"name":"Fast Remote DAHUA Password Reset &#8211; for DVR \/ NVR \/ HCVR \/ IP Camera \/ SpeedDome Camera"}]},{"@type":"WebSite","@id":"https:\/\/dahua.evosec.eu\/#website","url":"https:\/\/dahua.evosec.eu\/","name":"Suporte Premium para produtos DAHUA","description":"Somos uma empresa de festa 3 experiente em produtos DAHUA","potentialAction":[{"@type":"SearchAction","target":{"@type":"EntryPoint","urlTemplate":"https:\/\/dahua.evosec.eu\/?s={search_term_string}"},"query-input":{"@type":"PropertyValueSpecification","valueRequired":true,"valueName":"search_term_string"}}],"inLanguage":"pt-PT"}]}},"_links":{"self":[{"href":"https:\/\/dahua.evosec.eu\/pt\/wp-json\/wp\/v2\/pages\/1123","targetHints":{"allow":["GET"]}}],"collection":[{"href":"https:\/\/dahua.evosec.eu\/pt\/wp-json\/wp\/v2\/pages"}],"about":[{"href":"https:\/\/dahua.evosec.eu\/pt\/wp-json\/wp\/v2\/types\/page"}],"author":[{"embeddable":true,"href":"https:\/\/dahua.evosec.eu\/pt\/wp-json\/wp\/v2\/users\/1"}],"replies":[{"embeddable":true,"href":"https:\/\/dahua.evosec.eu\/pt\/wp-json\/wp\/v2\/comments?post=1123"}],"version-history":[{"count":0,"href":"https:\/\/dahua.evosec.eu\/pt\/wp-json\/wp\/v2\/pages\/1123\/revisions"}],"wp:attachment":[{"href":"https:\/\/dahua.evosec.eu\/pt\/wp-json\/wp\/v2\/media?parent=1123"}],"curies":[{"name":"wp","href":"https:\/\/api.w.org\/{rel}","templated":true}]}}