{"id":13,"date":"2015-06-11T14:23:18","date_gmt":"2015-06-11T14:23:18","guid":{"rendered":"http:\/\/dahua.evosec.eu\/?page_id=13"},"modified":"2018-08-24T00:50:03","modified_gmt":"2018-08-23T23:50:03","slug":"password-recovery","status":"publish","type":"page","link":"https:\/\/dahua.evosec.eu\/pt\/password-recovery\/","title":{"rendered":"Altera\u00e7\u00e3o De Senha DAHUA Ou Reset"},"content":{"rendered":"<div class=\"alert alert-success\" role=\"alert\">\r\n<div class=\"row\">\r\n<div class=\"col-md-1\">\r\n<i class=\"fa fa-money fa-3x\" aria-hidden=\"true\"><\/i>\r\n<\/div>\r\n<div class=\"col-md-11\">\r\nTemos as solu\u00e7\u00f5es para seus problemas! N\u00f3s oferecemos uma maneira r\u00e1pida e f\u00e1cil para que voc\u00ea restaurar e mudar qualquer senha usada em produtos DAHUA mais velhos ou mais novos.\r\n<\/div>\r\n<\/div>\r\n<\/div>\r\n<hr \/>\r\n<div class=\"alert alert-info text-center lead\" role=\"alert\">\r\n    <i class=\"fa fa-info-circle fa-fw\" aria-hidden=\"true\"><\/i> \r\n    <a href=\"https:\/\/dahua-passwords.evosec.eu\/\">Confira nosso servi\u00e7o novo e melhorado &#8211; https:\/\/dahua-passwords.evosec.eu\/<\/a>\r\n    <i class=\"fa fa-info-circle fa-fw\" aria-hidden=\"true\"><\/i>\r\n<\/div>\r\n<hr \/>\r\n<br \/>\r\n<div style=\"text-align:justify\">Se voc\u00ea perdeu sua senha do seu dispositivo DAHUA (ou dispositivos) ou n\u00e3o se lembra, podemos ajud\u00e1-lo &#8211; fornecendo instru\u00e7\u00f5es e uma senha \u00fanica, tempor\u00e1ria (v\u00e1lido somente um dia). N\u00e3o precisa abrir o dispositivo, n\u00e3o h\u00e1 configura\u00e7\u00f5es s\u00e3o redefinidas e voc\u00ea n\u00e3o vai perder nenhuma informa\u00e7\u00e3o.<br \/>\r\nVoc\u00ea ter\u00e1 que ter acesso f\u00edsico ao dispositivo e siga as nossas instru\u00e7\u00f5es, usando um mouse conectado via porta USB.<\/div>\r\n<br \/>\r\n<div class=\"alert alert-warning text-center\" role=\"alert\"><i class=\"fa fa-exclamation-triangle fa-fw\" aria-hidden=\"true\"><\/i> Se a data no dispositivo \u00e9 diferente da data atual, voc\u00ea precisa selecionar a segunda op\u00e7\u00e3o &#8211; <strong>Avan\u00e7ado<\/strong>! <i class=\"fa fa-exclamation-triangle fa-fw\" aria-hidden=\"true\"><\/i><\/div>\r\n<br \/>\r\n<div class=\"panel panel-default panel-primary\">\r\n<div class=\"panel-heading\">O servi\u00e7o fica melhor em voc\u00ea?<\/div>\r\n  <div class=\"panel-body\">\r\n<div class=\"DHPass\">\r\n    <div class=\"row\">\r\n        <div class=\"col-xs-12 col-sm-offset-4 col-sm-8\">\r\n            <div class=\"row\">\r\n                <div class=\"col-xs-4 PlanHeader Plan1\">\r\n                    <div class=\"PlanTitle\">Simples<\/div>\r\n                    <div class=\"PlanPrice\">4.99$<\/div>\r\n                <\/div>\r\n                <div class=\"col-xs-4 PlanHeader Plan2\">\r\n                    <div class=\"PlanTitle\">Avan\u00e7ado<\/div>\r\n                    <div class=\"PlanPrice\">9.99$<\/div>\r\n                <\/div>\r\n                <div class=\"col-xs-4 PlanHeader Plan3\">\r\n                    <div class=\"PlanTitle\">Especialista em<\/div>\r\n                    <div class=\"PlanPrice\">29.99$<\/div>\r\n                <\/div>\r\n            <\/div>\r\n        <\/div>\r\n    <\/div>\r\n    <div class=\"row PriceFeatureRow\">\r\n        <div class=\"col-xs-12 col-sm-4 PlanFeature\">\r\n            Senha tempor\u00e1ria\r\n        <\/div>\r\n        <div class=\"col-xs-12 col-sm-8\">\r\n            <div class=\"row\">\r\n                <div class=\"col-xs-4 col-sm-4 PlanFeature Plan1\">\r\n                    <i class=\"fa fa-check PlanCheck\"><\/i>\r\n                <\/div>\r\n                <div class=\"col-xs-4 col-sm-4 PlanFeature Plan2\">\r\n                    <i class=\"fa fa-check PlanCheck\"><\/i>\r\n                <\/div>\r\n                <div class=\"col-xs-4 col-sm-4 PlanFeature Plan3\">\r\n                    <i class=\"fa fa-check PlanCheck\"><\/i>\r\n                <\/div>\r\n            <\/div>\r\n        <\/div>\r\n    <\/div>\r\n    <div class=\"row PriceFeatureRow\">\r\n        <div class=\"col-xs-12 col-sm-4 PlanFeature\">\r\n            Guia digital (PDF)\r\n        <\/div>\r\n        <div class=\"col-xs-12 col-sm-8\">\r\n            <div class=\"row\">\r\n                <div class=\"col-xs-4 col-sm-4 PlanFeature Plan1\">\r\n                    <i class=\"fa fa-check PlanCheck\"><\/i>\r\n                <\/div>\r\n                <div class=\"col-xs-4 col-sm-4 PlanFeature Plan2\">\r\n                    <i class=\"fa fa-check PlanCheck\"><\/i>\r\n                <\/div>\r\n                <div class=\"col-xs-4 col-sm-4 PlanFeature Plan3\">\r\n                    <i class=\"fa fa-check PlanCheck\"><\/i>\r\n                <\/div>\r\n            <\/div>\r\n        <\/div>\r\n    <\/div>\r\n    <div class=\"row PriceFeatureRow\">\r\n        <div class=\"col-xs-12 col-sm-4 PlanFeature\">\r\n            Suporte Via E-Mail\r\n        <\/div>\r\n        <div class=\"col-xs-12 col-sm-8\">\r\n            <div class=\"row\">\r\n                <div class=\"col-xs-4 col-sm-4 PlanFeature Plan1\">\r\n                    <i class=\"fa fa-times-circle PlanUnCheck\"><\/i>\r\n                <\/div>\r\n                <div class=\"col-xs-4 col-sm-4 PlanFeature Plan2\">\r\n                    <i class=\"fa fa-check PlanCheck\"><\/i>\r\n                <\/div>\r\n                <div class=\"col-xs-4 col-sm-4 PlanFeature Plan3\">\r\n                    <i class=\"fa fa-check PlanCheck\"><\/i>\r\n                <\/div>\r\n            <\/div>\r\n        <\/div>\r\n    <\/div>\r\n   <div class=\"row PriceFeatureRow\">\r\n        <div class=\"col-xs-12 col-sm-4 PlanFeature\">\r\n            Flexibilidade de dia *\r\n        <\/div>\r\n        <div class=\"col-xs-12 col-sm-8\">\r\n            <div class=\"row\">\r\n                <div class=\"col-xs-4 col-sm-4 PlanFeature Plan1\">\r\n                    <i class=\"fa fa-times-circle PlanUnCheck\"><\/i>\r\n                <\/div>\r\n                <div class=\"col-xs-4 col-sm-4 PlanFeature Plan2\">\r\n                    <i class=\"fa fa-check PlanCheck\"><\/i>\r\n                <\/div>\r\n                <div class=\"col-xs-4 col-sm-4 PlanFeature Plan3\">\r\n                    <i class=\"fa fa-check PlanCheck\"><\/i>\r\n                <\/div>\r\n            <\/div>\r\n        <\/div>\r\n    <\/div>\r\n   <div class=\"row PriceFeatureRow\">\r\n        <div class=\"col-xs-12 col-sm-4 PlanFeature\">\r\n            Suporte Via Chat ao vivo\r\n        <\/div>\r\n        <div class=\"col-xs-12 col-sm-8\">\r\n            <div class=\"row\">\r\n                <div class=\"col-xs-4 col-sm-4 PlanFeature Plan1\">\r\n                    <i class=\"fa fa-times-circle PlanUnCheck\"><\/i>\r\n                <\/div>\r\n                <div class=\"col-xs-4 col-sm-4 PlanFeature Plan2\">\r\n                    <i class=\"fa fa-times-circle PlanUnCheck\"><\/i>\r\n                <\/div>\r\n                <div class=\"col-xs-4 col-sm-4 PlanFeature Plan3\">\r\n                    <i class=\"fa fa-check PlanCheck\"><\/i>\r\n                <\/div>\r\n            <\/div>\r\n        <\/div>\r\n    <\/div>\r\n   <div class=\"row PriceFeatureRow\">\r\n        <div class=\"col-xs-12 col-sm-4 PlanFeature\">\r\n            Investiga\u00e7\u00e3o de registro<br \/>\r\n        <\/div>\r\n        <div class=\"col-xs-12 col-sm-8\">\r\n            <div class=\"row\">\r\n                <div class=\"col-xs-4 col-sm-4 PlanFeature Plan1\">\r\n                    <i class=\"fa fa-times-circle PlanUnCheck\"><\/i>\r\n                <\/div>\r\n                <div class=\"col-xs-4 col-sm-4 PlanFeature Plan2\">\r\n                    <i class=\"fa fa-times-circle PlanCheck\"><\/i>\r\n                <\/div>\r\n                <div class=\"col-xs-4 col-sm-4 PlanFeature Plan3\">\r\n                    <i class=\"fa fa-check PlanCheck\"><\/i>\r\n                <\/div>\r\n            <\/div>\r\n        <\/div>\r\n    <\/div>\r\n    <div class=\"row\">\r\n        <div class=\"col-xs-12 col-sm-offset-4 col-sm-8\">\r\n            <div class=\"row\">\r\n                \r\n                 <div class=\"col-xs-4 PlanHeader PlanBottom\">\r\n                    <a class=\"btn btn-default\" href=\"https:\/\/dahua-passwords.evosec.eu\">Ordem<\/a><br \/>\r\n                <\/div>\r\n                <div class=\"col-xs-4 PlanHeader PlanBottom\">\r\n            \t    <a class=\"btn btn-default\" href=\"https:\/\/dahua-passwords.evosec.eu\">Ordem<\/a><br \/>\r\n                <\/div>\r\n                <div class=\"col-xs-4 PlanHeader PlanBottom\">\r\n            \t    <a class=\"btn btn-default\" href=\"https:\/\/dahua-passwords.evosec.eu\">Ordem<\/a><br \/>\r\n                <\/div>\r\n            <\/div>\r\n        <\/div>\r\n    <\/div>\r\n<\/div>\r\n<\/div>\r\n* Se a data atual no seu DVR\/NVR \u00e9 diferente da data atual.\r\n<\/div>\r\n<br \/>\r\n<br \/>\r\n<div class=\"alert alert-success\" role=\"alert\">A entrega deve ser instant\u00e2nea (via e-mail) ou em uma janela de 1 hora. Se isso n\u00e3o acontece (por favor, verifique sua caixa de SPAM\/Bulk), por favor <a class=\"vt-p\" href=\"\/pt\/contact\/\">Contate-nos<\/a> para obter mais assist\u00eancia. Obrigado!<\/div>\r\n<hr \/>\r\n\r\n<div class=\"panel panel-primary\">\r\n  <div class=\"panel-heading\">FAQ: O que posso fazer com esta senha?<\/div>\r\n  <div class=\"panel-body\">\r\n    Com a senha que ir\u00e1 lhe fornecer, voc\u00ea pode alterar a senha esquecida (voc\u00ea usar\u00e1 nossa senha como o \\ <strong>qualquer<\/strong> conta no dispositivo.\r\n  <\/div>\r\n<\/div>\r\n\r\n<div class=\"panel panel-primary\">\r\n  <div class=\"panel-heading\">FAQ: Com que dispositivos funciona este servi\u00e7o?<\/div>\r\n  <div class=\"panel-body\">\r\n     Ele vai trabalhar com quase todos os dispositivos baseados em DAHUA que t\u00eam uma conex\u00e3o USB para mouse e um S-v\u00eddeo\/VGA\/HDMI para sa\u00edda de monitor.\r\n  <\/div>\r\n<\/div>\r\n\r\n<hr \/>\r\n<p class=\"text-center\">\r\n<strong>Amostra<\/strong>:<br \/>\r\n<a href=\"http:\/\/dahua.evosec.eu\/wp-content\/uploads\/2015\/06\/evosec_dh_pass.png\"><img decoding=\"async\" src=\"http:\/\/dahua.evosec.eu\/wp-content\/uploads\/2015\/06\/evosec_dh_pass-704x1024.png\" class=\"aligncenter img-responsive img-rounded\" \/><\/a>\r\n<\/p>\r\n<hr \/>\r\n<p class=\"text-center\">\r\n<strong>Menus com suporte<\/strong>:<br \/>\r\n<strong>V1:<\/strong><br \/>\r\n<img decoding=\"async\" src=\"http:\/\/dahua.evosec.eu\/wp-content\/uploads\/2017\/03\/v1_login.png\" alt=\"V1 Login\" \/>\r\n<strong>V2:<\/strong><br \/>\r\n<img decoding=\"async\" src=\"http:\/\/dahua.evosec.eu\/wp-content\/uploads\/2017\/03\/v2_login.png\" alt=\"V2 Login\" \/>\r\n<\/p>\r\n<hr \/>\r\n<br \/>\r\n<div class=\"panel panel-warning\">\r\n<div class=\"panel-body\">\r\n<p>Mito quebrado:<\/p>\r\n<p class=\"list-group-item-text\">A senha n\u00e3o ir\u00e1 repor se voc\u00ea remover a bateria, porque n\u00e3o est\u00e1 armazenado no caminho que \u00e9 armazenado em um BIOS. Isto s\u00f3 vai acertar o teu rel\u00f3gio e tornar sua vida mais dif\u00edcil (talvez imposs\u00edvel) a tentar uma senha mestra.<\/div>\r\n<div class=\"panel-body\">DICA profissional: n\u00f3s lhe enviaremos a senha tamb\u00e9m \u00e9 conhecido como <strong>Dahua senha master<\/strong><\/div>\r\n<\/div>","protected":false},"excerpt":{"rendered":"Temos as solu\u00e7\u00f5es para seus problemas! N\u00f3s oferecemos uma maneira r\u00e1pida e f\u00e1cil para que voc\u00ea restaurar e mudar qualquer senha usada em produtos DAHUA mais velhos ou mais novos. Confira nosso servi\u00e7o novo e melhorado &#8211; https:\/\/dahua-passwords.evosec.eu\/ Se voc\u00ea perdeu sua senha do seu dispositivo DAHUA (ou dispositivos) ou n\u00e3o se lembra, podemos ajud\u00e1-lo&hellip; <a class=\"more-link\" href=\"https:\/\/dahua.evosec.eu\/pt\/password-recovery\/\">Continue Reading Altera\u00e7\u00e3o De Senha DAHUA Ou Reset<\/a>","protected":false},"author":1,"featured_media":879,"parent":0,"menu_order":0,"comment_status":"closed","ping_status":"closed","template":"","meta":{"footnotes":""},"class_list":["post-13","page","type-page","status-publish","has-post-thumbnail","hentry"],"translation":{"provider":"WPGlobus","version":"3.0.1","language":"pt","enabled_languages":["en","da","de","es","fi","fr","it","hu","nl","no","pt","pl","ru","sv","ja"],"languages":{"en":{"title":true,"content":true,"excerpt":false},"da":{"title":true,"content":true,"excerpt":false},"de":{"title":true,"content":true,"excerpt":false},"es":{"title":true,"content":true,"excerpt":false},"fi":{"title":true,"content":true,"excerpt":false},"fr":{"title":true,"content":true,"excerpt":false},"it":{"title":true,"content":true,"excerpt":false},"hu":{"title":true,"content":true,"excerpt":false},"nl":{"title":true,"content":true,"excerpt":false},"no":{"title":true,"content":true,"excerpt":false},"pt":{"title":true,"content":true,"excerpt":false},"pl":{"title":true,"content":true,"excerpt":false},"ru":{"title":true,"content":true,"excerpt":false},"sv":{"title":true,"content":true,"excerpt":false},"ja":{"title":true,"content":true,"excerpt":false}}},"yoast_head":"<!-- This site is optimized with the Yoast SEO plugin v27.3 - https:\/\/yoast.com\/product\/yoast-seo-wordpress\/ -->\n<title>Redefini\u00e7\u00e3o de senha DAHUA - suporte Premium<\/title>\n<meta name=\"description\" content=\"N\u00f3s oferecemos uma maneira r\u00e1pida para que voc\u00ea restaurar e mudar qualquer senha usada em produtos DAHUA mais velhos ou mais novos\" \/>\n<meta name=\"robots\" content=\"index, follow, max-snippet:-1, max-image-preview:large, max-video-preview:-1\" \/>\n<link rel=\"canonical\" href=\"https:\/\/dahua.evosec.eu\/password-recovery\/\" \/>\n<meta property=\"og:locale\" content=\"pt_PT\" \/>\n<meta property=\"og:type\" content=\"article\" \/>\n<meta property=\"og:title\" content=\"Redefini\u00e7\u00e3o de senha DAHUA - suporte Premium\" \/>\n<meta property=\"og:description\" content=\"N\u00f3s oferecemos uma maneira r\u00e1pida para que voc\u00ea restaurar e mudar qualquer senha usada em produtos DAHUA mais velhos ou mais novos\" \/>\n<meta property=\"og:url\" content=\"https:\/\/dahua.evosec.eu\/password-recovery\/\" \/>\n<meta property=\"og:site_name\" content=\"Suporte Premium para produtos DAHUA\" \/>\n<meta property=\"article:publisher\" content=\"https:\/\/www.facebook.com\/euroevosolutions\" \/>\n<meta property=\"article:modified_time\" content=\"2018-08-23T23:50:03+00:00\" \/>\n<meta property=\"og:image\" content=\"https:\/\/dahua.evosec.eu\/wp-content\/uploads\/2015\/06\/pass_gen_250x0.png\" \/>\n\t<meta property=\"og:image:width\" content=\"250\" \/>\n\t<meta property=\"og:image:height\" content=\"250\" \/>\n\t<meta property=\"og:image:type\" content=\"image\/png\" \/>\n<meta name=\"twitter:card\" content=\"summary_large_image\" \/>\n<meta name=\"twitter:site\" content=\"@evosec_eu\" \/>\n<meta name=\"twitter:label1\" content=\"Tempo estimado de leitura\" \/>\n\t<meta name=\"twitter:data1\" content=\"23 minutos\" \/>\n<script type=\"application\/ld+json\" class=\"yoast-schema-graph\">{\"@context\":\"https:\\\/\\\/schema.org\",\"@graph\":[{\"@type\":\"WebPage\",\"@id\":\"https:\\\/\\\/dahua.evosec.eu\\\/password-recovery\\\/\",\"url\":\"https:\\\/\\\/dahua.evosec.eu\\\/password-recovery\\\/\",\"name\":\"Redefini\u00e7\u00e3o de senha DAHUA - suporte Premium\",\"isPartOf\":{\"@id\":\"https:\\\/\\\/dahua.evosec.eu\\\/#website\"},\"primaryImageOfPage\":{\"@id\":\"https:\\\/\\\/dahua.evosec.eu\\\/password-recovery\\\/#primaryimage\"},\"image\":{\"@id\":\"https:\\\/\\\/dahua.evosec.eu\\\/password-recovery\\\/#primaryimage\"},\"thumbnailUrl\":\"https:\\\/\\\/dahua.evosec.eu\\\/wp-content\\\/uploads\\\/2015\\\/06\\\/pass_gen_250x0.png\",\"datePublished\":\"2015-06-11T14:23:18+00:00\",\"dateModified\":\"2018-08-23T23:50:03+00:00\",\"description\":\"N\u00f3s oferecemos uma maneira r\u00e1pida para que voc\u00ea restaurar e mudar qualquer senha usada em produtos DAHUA mais velhos ou mais novos\",\"breadcrumb\":{\"@id\":\"https:\\\/\\\/dahua.evosec.eu\\\/password-recovery\\\/#breadcrumb\"},\"inLanguage\":\"pt-PT\",\"potentialAction\":[{\"@type\":\"ReadAction\",\"target\":[\"https:\\\/\\\/dahua.evosec.eu\\\/password-recovery\\\/\"]}]},{\"@type\":\"ImageObject\",\"inLanguage\":\"pt-PT\",\"@id\":\"https:\\\/\\\/dahua.evosec.eu\\\/password-recovery\\\/#primaryimage\",\"url\":\"https:\\\/\\\/dahua.evosec.eu\\\/wp-content\\\/uploads\\\/2015\\\/06\\\/pass_gen_250x0.png\",\"contentUrl\":\"https:\\\/\\\/dahua.evosec.eu\\\/wp-content\\\/uploads\\\/2015\\\/06\\\/pass_gen_250x0.png\",\"width\":250,\"height\":250,\"caption\":\"DAHUA Password\"},{\"@type\":\"BreadcrumbList\",\"@id\":\"https:\\\/\\\/dahua.evosec.eu\\\/password-recovery\\\/#breadcrumb\",\"itemListElement\":[{\"@type\":\"ListItem\",\"position\":1,\"name\":\"Home\",\"item\":\"https:\\\/\\\/dahua.evosec.eu\\\/\"},{\"@type\":\"ListItem\",\"position\":2,\"name\":\"DAHUA Password Change or Reset\"}]},{\"@type\":\"WebSite\",\"@id\":\"https:\\\/\\\/dahua.evosec.eu\\\/#website\",\"url\":\"https:\\\/\\\/dahua.evosec.eu\\\/\",\"name\":\"Suporte Premium para produtos DAHUA\",\"description\":\"Somos uma empresa de festa 3 experiente em produtos DAHUA\",\"potentialAction\":[{\"@type\":\"SearchAction\",\"target\":{\"@type\":\"EntryPoint\",\"urlTemplate\":\"https:\\\/\\\/dahua.evosec.eu\\\/?s={search_term_string}\"},\"query-input\":{\"@type\":\"PropertyValueSpecification\",\"valueRequired\":true,\"valueName\":\"search_term_string\"}}],\"inLanguage\":\"pt-PT\"}]}<\/script>\n<!-- \/ Yoast SEO plugin. -->","yoast_head_json":{"title":"Redefini\u00e7\u00e3o de senha DAHUA - suporte Premium","description":"N\u00f3s oferecemos uma maneira r\u00e1pida para que voc\u00ea restaurar e mudar qualquer senha usada em produtos DAHUA mais velhos ou mais novos","robots":{"index":"index","follow":"follow","max-snippet":"max-snippet:-1","max-image-preview":"max-image-preview:large","max-video-preview":"max-video-preview:-1"},"canonical":"https:\/\/dahua.evosec.eu\/password-recovery\/","og_locale":"pt_PT","og_type":"article","og_title":"Redefini\u00e7\u00e3o de senha DAHUA - suporte Premium","og_description":"N\u00f3s oferecemos uma maneira r\u00e1pida para que voc\u00ea restaurar e mudar qualquer senha usada em produtos DAHUA mais velhos ou mais novos","og_url":"https:\/\/dahua.evosec.eu\/password-recovery\/","og_site_name":"Suporte Premium para produtos DAHUA","article_publisher":"https:\/\/www.facebook.com\/euroevosolutions","article_modified_time":"2018-08-23T23:50:03+00:00","og_image":[{"width":250,"height":250,"url":"https:\/\/dahua.evosec.eu\/wp-content\/uploads\/2015\/06\/pass_gen_250x0.png","type":"image\/png"}],"twitter_card":"summary_large_image","twitter_site":"@evosec_eu","twitter_misc":{"Tempo estimado de leitura":"23 minutos"},"schema":{"@context":"https:\/\/schema.org","@graph":[{"@type":"WebPage","@id":"https:\/\/dahua.evosec.eu\/password-recovery\/","url":"https:\/\/dahua.evosec.eu\/password-recovery\/","name":"Redefini\u00e7\u00e3o de senha DAHUA - suporte Premium","isPartOf":{"@id":"https:\/\/dahua.evosec.eu\/#website"},"primaryImageOfPage":{"@id":"https:\/\/dahua.evosec.eu\/password-recovery\/#primaryimage"},"image":{"@id":"https:\/\/dahua.evosec.eu\/password-recovery\/#primaryimage"},"thumbnailUrl":"https:\/\/dahua.evosec.eu\/wp-content\/uploads\/2015\/06\/pass_gen_250x0.png","datePublished":"2015-06-11T14:23:18+00:00","dateModified":"2018-08-23T23:50:03+00:00","description":"N\u00f3s oferecemos uma maneira r\u00e1pida para que voc\u00ea restaurar e mudar qualquer senha usada em produtos DAHUA mais velhos ou mais novos","breadcrumb":{"@id":"https:\/\/dahua.evosec.eu\/password-recovery\/#breadcrumb"},"inLanguage":"pt-PT","potentialAction":[{"@type":"ReadAction","target":["https:\/\/dahua.evosec.eu\/password-recovery\/"]}]},{"@type":"ImageObject","inLanguage":"pt-PT","@id":"https:\/\/dahua.evosec.eu\/password-recovery\/#primaryimage","url":"https:\/\/dahua.evosec.eu\/wp-content\/uploads\/2015\/06\/pass_gen_250x0.png","contentUrl":"https:\/\/dahua.evosec.eu\/wp-content\/uploads\/2015\/06\/pass_gen_250x0.png","width":250,"height":250,"caption":"DAHUA Password"},{"@type":"BreadcrumbList","@id":"https:\/\/dahua.evosec.eu\/password-recovery\/#breadcrumb","itemListElement":[{"@type":"ListItem","position":1,"name":"Home","item":"https:\/\/dahua.evosec.eu\/"},{"@type":"ListItem","position":2,"name":"DAHUA Password Change or Reset"}]},{"@type":"WebSite","@id":"https:\/\/dahua.evosec.eu\/#website","url":"https:\/\/dahua.evosec.eu\/","name":"Suporte Premium para produtos DAHUA","description":"Somos uma empresa de festa 3 experiente em produtos DAHUA","potentialAction":[{"@type":"SearchAction","target":{"@type":"EntryPoint","urlTemplate":"https:\/\/dahua.evosec.eu\/?s={search_term_string}"},"query-input":{"@type":"PropertyValueSpecification","valueRequired":true,"valueName":"search_term_string"}}],"inLanguage":"pt-PT"}]}},"_links":{"self":[{"href":"https:\/\/dahua.evosec.eu\/pt\/wp-json\/wp\/v2\/pages\/13","targetHints":{"allow":["GET"]}}],"collection":[{"href":"https:\/\/dahua.evosec.eu\/pt\/wp-json\/wp\/v2\/pages"}],"about":[{"href":"https:\/\/dahua.evosec.eu\/pt\/wp-json\/wp\/v2\/types\/page"}],"author":[{"embeddable":true,"href":"https:\/\/dahua.evosec.eu\/pt\/wp-json\/wp\/v2\/users\/1"}],"replies":[{"embeddable":true,"href":"https:\/\/dahua.evosec.eu\/pt\/wp-json\/wp\/v2\/comments?post=13"}],"version-history":[{"count":0,"href":"https:\/\/dahua.evosec.eu\/pt\/wp-json\/wp\/v2\/pages\/13\/revisions"}],"wp:featuredmedia":[{"embeddable":true,"href":"https:\/\/dahua.evosec.eu\/pt\/wp-json\/wp\/v2\/media\/879"}],"wp:attachment":[{"href":"https:\/\/dahua.evosec.eu\/pt\/wp-json\/wp\/v2\/media?parent=13"}],"curies":[{"name":"wp","href":"https:\/\/api.w.org\/{rel}","templated":true}]}}