{"id":2,"date":"2015-06-10T21:07:33","date_gmt":"2015-06-10T21:07:33","guid":{"rendered":"http:\/\/dahua.evosec.eu\/?page_id=2"},"modified":"2017-04-24T23:32:02","modified_gmt":"2017-04-24T23:32:02","slug":"about-us","status":"publish","type":"page","link":"https:\/\/dahua.evosec.eu\/pt\/","title":{"rendered":"Quem Somos"},"content":{"rendered":"<p style=\"text-align: center\">\nEstamos usando, venda, Configurando e suportando produtos DAHUA durante v\u00e1rios anos.<br \/>\nCom isto em mente e com a r\u00e1pida dissemina\u00e7\u00e3o destes produtos, dedicamos uma equipe de especialistas para oferecer suporte a v\u00e1rios <strong>servi\u00e7os Premium<\/strong> como:<br \/>\n<ul>\n<li>Resposta imediata ao verificado <i>senha master<\/i> solicita\u00e7\u00f5es de<\/li>\n<li>Verificar seguros e <i>aplica\u00e7\u00e3o da<\/i> das vers\u00f5es de firmware diferente<\/li>\n<li>Clientes personalizado sob medida, com base nos requisitos espec\u00edficos<\/li>\n<li>Integra\u00e7\u00e3o com outros fabricantes<\/li>\n<li>Su\u00edte completa de software personalizado e integra\u00e7\u00e3o com os j\u00e1 existentes<\/li>\n<\/ul>\n<\/p>\n","protected":false},"excerpt":{"rendered":"Estamos usando, venda, Configurando e suportando produtos DAHUA durante v\u00e1rios anos. Com isto em mente e com a r\u00e1pida dissemina\u00e7\u00e3o destes produtos, dedicamos uma equipe de especialistas para oferecer suporte a v\u00e1rios servi\u00e7os Premium como: Resposta imediata ao verificado senha master solicita\u00e7\u00f5es de Verificar seguros e aplica\u00e7\u00e3o da das vers\u00f5es de firmware diferente Clientes personalizado&hellip; <a class=\"more-link\" href=\"https:\/\/dahua.evosec.eu\/pt\/\">Continue Reading Quem Somos<\/a>","protected":false},"author":1,"featured_media":261,"parent":0,"menu_order":0,"comment_status":"closed","ping_status":"closed","template":"","meta":{"footnotes":""},"class_list":["post-2","page","type-page","status-publish","has-post-thumbnail","hentry"],"translation":{"provider":"WPGlobus","version":"3.0.1","language":"pt","enabled_languages":["en","da","de","es","fi","fr","it","hu","nl","no","pt","pl","ru","sv","ja"],"languages":{"en":{"title":true,"content":true,"excerpt":false},"da":{"title":true,"content":true,"excerpt":false},"de":{"title":true,"content":true,"excerpt":false},"es":{"title":true,"content":true,"excerpt":false},"fi":{"title":true,"content":true,"excerpt":false},"fr":{"title":true,"content":true,"excerpt":false},"it":{"title":true,"content":true,"excerpt":false},"hu":{"title":true,"content":true,"excerpt":false},"nl":{"title":true,"content":true,"excerpt":false},"no":{"title":true,"content":true,"excerpt":false},"pt":{"title":true,"content":true,"excerpt":false},"pl":{"title":true,"content":true,"excerpt":false},"ru":{"title":true,"content":true,"excerpt":false},"sv":{"title":true,"content":true,"excerpt":false},"ja":{"title":true,"content":true,"excerpt":false}}},"yoast_head":"<!-- This site is optimized with the Yoast SEO plugin v27.4 - https:\/\/yoast.com\/product\/yoast-seo-wordpress\/ -->\n<title>Premium Support Services for DAHUA Products<\/title>\n<meta name=\"robots\" content=\"index, follow, max-snippet:-1, max-image-preview:large, max-video-preview:-1\" \/>\n<link rel=\"canonical\" href=\"https:\/\/dahua.evosec.eu\/\" \/>\n<meta property=\"og:locale\" content=\"pt_PT\" \/>\n<meta property=\"og:type\" content=\"article\" \/>\n<meta property=\"og:title\" content=\"Quem Somos - Suporte Premium para produtos DAHUA\" \/>\n<meta property=\"og:url\" content=\"https:\/\/dahua.evosec.eu\/\" \/>\n<meta property=\"og:site_name\" content=\"Suporte Premium para produtos DAHUA\" \/>\n<meta property=\"article:publisher\" content=\"https:\/\/www.facebook.com\/euroevosolutions\" \/>\n<meta property=\"article:modified_time\" content=\"2017-04-24T23:32:02+00:00\" \/>\n<meta property=\"og:image\" content=\"https:\/\/dahua.evosec.eu\/wp-content\/uploads\/2015\/06\/Teams1.jpeg\" \/>\n\t<meta property=\"og:image:width\" content=\"518\" \/>\n\t<meta property=\"og:image:height\" content=\"423\" \/>\n\t<meta property=\"og:image:type\" content=\"image\/jpeg\" \/>\n<meta name=\"twitter:card\" content=\"summary_large_image\" \/>\n<meta name=\"twitter:site\" content=\"@evosec_eu\" \/>\n<meta name=\"twitter:label1\" content=\"Tempo estimado de leitura\" \/>\n\t<meta name=\"twitter:data1\" content=\"5 minutos\" \/>\n<script type=\"application\/ld+json\" class=\"yoast-schema-graph\">{\"@context\":\"https:\\\/\\\/schema.org\",\"@graph\":[{\"@type\":\"WebPage\",\"@id\":\"https:\\\/\\\/dahua.evosec.eu\\\/\",\"url\":\"https:\\\/\\\/dahua.evosec.eu\\\/\",\"name\":\"Premium Support Services for DAHUA Products\",\"isPartOf\":{\"@id\":\"https:\\\/\\\/dahua.evosec.eu\\\/#website\"},\"primaryImageOfPage\":{\"@id\":\"https:\\\/\\\/dahua.evosec.eu\\\/#primaryimage\"},\"image\":{\"@id\":\"https:\\\/\\\/dahua.evosec.eu\\\/#primaryimage\"},\"thumbnailUrl\":\"https:\\\/\\\/dahua.evosec.eu\\\/wp-content\\\/uploads\\\/2015\\\/06\\\/Teams1.jpeg\",\"datePublished\":\"2015-06-10T21:07:33+00:00\",\"dateModified\":\"2017-04-24T23:32:02+00:00\",\"description\":\"\",\"breadcrumb\":{\"@id\":\"https:\\\/\\\/dahua.evosec.eu\\\/#breadcrumb\"},\"inLanguage\":\"pt-PT\",\"potentialAction\":[{\"@type\":\"ReadAction\",\"target\":[\"https:\\\/\\\/dahua.evosec.eu\\\/\"]}]},{\"@type\":\"ImageObject\",\"inLanguage\":\"pt-PT\",\"@id\":\"https:\\\/\\\/dahua.evosec.eu\\\/#primaryimage\",\"url\":\"https:\\\/\\\/dahua.evosec.eu\\\/wp-content\\\/uploads\\\/2015\\\/06\\\/Teams1.jpeg\",\"contentUrl\":\"https:\\\/\\\/dahua.evosec.eu\\\/wp-content\\\/uploads\\\/2015\\\/06\\\/Teams1.jpeg\",\"width\":518,\"height\":423},{\"@type\":\"BreadcrumbList\",\"@id\":\"https:\\\/\\\/dahua.evosec.eu\\\/#breadcrumb\",\"itemListElement\":[{\"@type\":\"ListItem\",\"position\":1,\"name\":\"Home\",\"item\":\"https:\\\/\\\/dahua.evosec.eu\\\/\"},{\"@type\":\"ListItem\",\"position\":2,\"name\":\"ABOUT US\"}]},{\"@type\":\"WebSite\",\"@id\":\"https:\\\/\\\/dahua.evosec.eu\\\/#website\",\"url\":\"https:\\\/\\\/dahua.evosec.eu\\\/\",\"name\":\"Suporte Premium para produtos DAHUA\",\"description\":\"Somos uma empresa de festa 3 experiente em produtos DAHUA\",\"potentialAction\":[{\"@type\":\"SearchAction\",\"target\":{\"@type\":\"EntryPoint\",\"urlTemplate\":\"https:\\\/\\\/dahua.evosec.eu\\\/?s={search_term_string}\"},\"query-input\":{\"@type\":\"PropertyValueSpecification\",\"valueRequired\":true,\"valueName\":\"search_term_string\"}}],\"inLanguage\":\"pt-PT\"}]}<\/script>\n<!-- \/ Yoast SEO plugin. -->","yoast_head_json":{"title":"Premium Support Services for DAHUA Products","robots":{"index":"index","follow":"follow","max-snippet":"max-snippet:-1","max-image-preview":"max-image-preview:large","max-video-preview":"max-video-preview:-1"},"canonical":"https:\/\/dahua.evosec.eu\/","og_locale":"pt_PT","og_type":"article","og_title":"Quem Somos - Suporte Premium para produtos DAHUA","og_url":"https:\/\/dahua.evosec.eu\/","og_site_name":"Suporte Premium para produtos DAHUA","article_publisher":"https:\/\/www.facebook.com\/euroevosolutions","article_modified_time":"2017-04-24T23:32:02+00:00","og_image":[{"width":518,"height":423,"url":"https:\/\/dahua.evosec.eu\/wp-content\/uploads\/2015\/06\/Teams1.jpeg","type":"image\/jpeg"}],"twitter_card":"summary_large_image","twitter_site":"@evosec_eu","twitter_misc":{"Tempo estimado de leitura":"5 minutos"},"schema":{"@context":"https:\/\/schema.org","@graph":[{"@type":"WebPage","@id":"https:\/\/dahua.evosec.eu\/","url":"https:\/\/dahua.evosec.eu\/","name":"Premium Support Services for DAHUA Products","isPartOf":{"@id":"https:\/\/dahua.evosec.eu\/#website"},"primaryImageOfPage":{"@id":"https:\/\/dahua.evosec.eu\/#primaryimage"},"image":{"@id":"https:\/\/dahua.evosec.eu\/#primaryimage"},"thumbnailUrl":"https:\/\/dahua.evosec.eu\/wp-content\/uploads\/2015\/06\/Teams1.jpeg","datePublished":"2015-06-10T21:07:33+00:00","dateModified":"2017-04-24T23:32:02+00:00","description":"","breadcrumb":{"@id":"https:\/\/dahua.evosec.eu\/#breadcrumb"},"inLanguage":"pt-PT","potentialAction":[{"@type":"ReadAction","target":["https:\/\/dahua.evosec.eu\/"]}]},{"@type":"ImageObject","inLanguage":"pt-PT","@id":"https:\/\/dahua.evosec.eu\/#primaryimage","url":"https:\/\/dahua.evosec.eu\/wp-content\/uploads\/2015\/06\/Teams1.jpeg","contentUrl":"https:\/\/dahua.evosec.eu\/wp-content\/uploads\/2015\/06\/Teams1.jpeg","width":518,"height":423},{"@type":"BreadcrumbList","@id":"https:\/\/dahua.evosec.eu\/#breadcrumb","itemListElement":[{"@type":"ListItem","position":1,"name":"Home","item":"https:\/\/dahua.evosec.eu\/"},{"@type":"ListItem","position":2,"name":"ABOUT US"}]},{"@type":"WebSite","@id":"https:\/\/dahua.evosec.eu\/#website","url":"https:\/\/dahua.evosec.eu\/","name":"Suporte Premium para produtos DAHUA","description":"Somos uma empresa de festa 3 experiente em produtos DAHUA","potentialAction":[{"@type":"SearchAction","target":{"@type":"EntryPoint","urlTemplate":"https:\/\/dahua.evosec.eu\/?s={search_term_string}"},"query-input":{"@type":"PropertyValueSpecification","valueRequired":true,"valueName":"search_term_string"}}],"inLanguage":"pt-PT"}]}},"_links":{"self":[{"href":"https:\/\/dahua.evosec.eu\/pt\/wp-json\/wp\/v2\/pages\/2","targetHints":{"allow":["GET"]}}],"collection":[{"href":"https:\/\/dahua.evosec.eu\/pt\/wp-json\/wp\/v2\/pages"}],"about":[{"href":"https:\/\/dahua.evosec.eu\/pt\/wp-json\/wp\/v2\/types\/page"}],"author":[{"embeddable":true,"href":"https:\/\/dahua.evosec.eu\/pt\/wp-json\/wp\/v2\/users\/1"}],"replies":[{"embeddable":true,"href":"https:\/\/dahua.evosec.eu\/pt\/wp-json\/wp\/v2\/comments?post=2"}],"version-history":[{"count":0,"href":"https:\/\/dahua.evosec.eu\/pt\/wp-json\/wp\/v2\/pages\/2\/revisions"}],"wp:featuredmedia":[{"embeddable":true,"href":"https:\/\/dahua.evosec.eu\/pt\/wp-json\/wp\/v2\/media\/261"}],"wp:attachment":[{"href":"https:\/\/dahua.evosec.eu\/pt\/wp-json\/wp\/v2\/media?parent=2"}],"curies":[{"name":"wp","href":"https:\/\/api.w.org\/{rel}","templated":true}]}}