{"id":226,"date":"2015-08-22T01:42:29","date_gmt":"2015-08-22T01:42:29","guid":{"rendered":"http:\/\/dahua.evosec.eu\/?page_id=226"},"modified":"2016-09-11T17:47:32","modified_gmt":"2016-09-11T17:47:32","slug":"device-security-assessment","status":"publish","type":"page","link":"https:\/\/dahua.evosec.eu\/ru\/device-security-assessment\/","title":{"rendered":"\u041e\u0446\u0435\u043d\u043a\u0430 \u0431\u0435\u0437\u043e\u043f\u0430\u0441\u043d\u043e\u0441\u0442\u0438 \u0443\u0441\u0442\u0440\u043e\u0439\u0441\u0442\u0432\u0430 \u0438 \u0443\u0441\u0438\u043b\u0438\u0442\u0435\u043b\u044f; \u0418\u0441\u043f\u043e\u043b\u043d\u0435\u043d\u0438\u0435"},"content":{"rendered":"<div><i>\u041e\u0431\u043d\u043e\u0432\u043b\u0435\u043d\u0438\u0435 25 \u0441\u0435\u043d\u0442\u044f\u0431\u0440\u044f 2015 \u0433.<\/i><br \/>\r\n\u041d\u0430 \u0434\u0430\u043d\u043d\u044b\u0439 \u043c\u043e\u043c\u0435\u043d\u0442, \u043c\u044b \u043e\u043f\u0440\u0435\u0434\u0435\u043b\u0438\u043b\u0438 \u043e\u0448\u0438\u0431\u043a\u0438, \u0440\u0430\u0437\u0440\u0430\u0431\u043e\u0442\u0430\u043b \u043f\u0430\u0442\u0447 (\u0431\u0443\u0434\u0435\u0442 \u0434\u043e\u0441\u0442\u0443\u043f\u043d\u0430 \u0434\u043b\u044f \u0431\u043e\u043b\u044c\u0448\u0438\u043d\u0441\u0442\u0432\u0430 \u043f\u0440\u043e\u0434\u0443\u043a\u0442\u043e\u0432 \u043d\u0430 \u043e\u0441\u043d\u043e\u0432\u0435 \u0414\u0430\u0445\u0443\u0430), \u0430 \u0442\u0430\u043a\u0436\u0435 \u0440\u0435\u0448\u0435\u043d\u0438\u044f \u0434\u043b\u044f \u0432\u043e\u0441\u0441\u0442\u0430\u043d\u043e\u0432\u043b\u0435\u043d\u0438\u044f \u0443\u0441\u0442\u0440\u043e\u0439\u0441\u0442\u0432\u0430 \u0434\u043b\u044f \u0441\u0438\u0442\u0443\u0430\u0446\u0438\u0439, \u043a\u043e\u0433\u0434\u0430:<\/p>\r\n<ul>\r\n<li>\u0423\u0441\u0442\u0440\u043e\u0439\u0441\u0442\u0432\u043e \u043f\u0435\u0440\u0435\u0441\u0442\u0430\u0435\u0442 \u043e\u0442\u0432\u0435\u0447\u0430\u0442\u044c \u043d\u0430 \u0437\u0430\u043f\u0440\u043e\u0441\u044b, \u0437\u0430\u043f\u0438\u0441\u044c \u0438\u043b\u0438 \u043d\u0435 \u043c\u043e\u0433\u0443\u0442 \u0431\u044b\u0442\u044c \u0434\u043e\u0441\u0442\u0443\u043f\u043d\u044b \u0447\u0435\u0440\u0435\u0437 \u0418\u043d\u0442\u0435\u0440\u043d\u0435\u0442, \u0432 \u0442\u043e \u0432\u0440\u0435\u043c\u044f \u043a\u0430\u043a \u043d\u0435\u043f\u043e\u0441\u0440\u0435\u0434\u0441\u0442\u0432\u0435\u043d\u043d\u043e \u0441\u0432\u044f\u0437\u0430\u043d\u044b \u0438\u043b\u0438 \u0447\u0435\u0440\u0435\u0437 PPPoE<\/li>\r\n<li>\u0423\u0441\u0442\u0440\u043e\u0439\u0441\u0442\u0432\u043e \u0432\u0441\u0435 \u0435\u0449\u0435 \u0437\u0430\u043f\u0438\u0441\u0438, \u043d\u043e \u0432\u044b \u043d\u0435 \u043c\u043e\u0436\u0435\u0442\u0435 \u0434\u043e\u0441\u0442\u0443\u043f \u043a \u043d\u0435\u043c\u0443 \u0447\u0435\u0440\u0435\u0437 \u0418\u043d\u0442\u0435\u0440\u043d\u0435\u0442<\/li>\r\n<li>\u0423\u0441\u0442\u0440\u043e\u0439\u0441\u0442\u0432\u043e \u043e\u0442\u043e\u0431\u0440\u0430\u0436\u0430\u0435\u0442 &#171;System has been hacked&#187;, &#171;Device has been hacked&#187;, &#171;DVR has been hacked&#187; \u0438\u043b\u0438 \u0434\u0440\u0443\u0433\u0438\u0435 \u0441\u043e\u043e\u0431\u0449\u0435\u043d\u0438\u044f \u0438 <strong>admin<\/strong> \u0423\u0447\u0435\u0442\u043d\u0430\u044f \u0437\u0430\u043f\u0438\u0441\u044c \u043d\u0435 \u0438\u043c\u0435\u0435\u0442 \u043f\u0440\u0430\u0432<\/li>\r\n<\/ul>\r\n<\/div>\r\n<hr \/>\r\n<div><i>\u041e\u0431\u043d\u043e\u0432\u043b\u0435\u043d\u0438\u0435 1 \u0441\u0435\u043d\u0442\u044f\u0431\u0440\u044f 2015 \u0433.<\/i><br \/>\r\n\u041c\u044b \u0440\u0430\u0437\u0440\u0430\u0431\u043e\u0442\u0430\u043b\u0438 \u043f\u043e\u043b\u044c\u0437\u043e\u0432\u0430\u0442\u0435\u043b\u044c\u0441\u043a\u0438\u0435 firmware(s) \u0434\u043b\u044f \u0441\u0442\u0430\u0440\u044b\u0445 \u0443\u0441\u0442\u0440\u043e\u0439\u0441\u0442\u0432, \u043a\u043e\u0442\u043e\u0440\u044b\u0435 \u0441\u043a\u043b\u043e\u043d\u043d\u044b \u043a telnet(port 23)->root \u0438\u043c\u044f \u043f\u043e\u043b\u044c\u0437\u043e\u0432\u0430\u0442\u0435\u043b\u044f \u0430\u0442\u0430\u043a\u0438(\u043f\u043e \u0443\u043c\u043e\u043b\u0447\u0430\u043d\u0438\u044e, \u043d\u0435\u0438\u0437\u043c\u0435\u043d\u043d\u0430 <strong>vizxv<\/strong> \u043f\u0430\u0440\u043e\u043b\u044c). \u041c\u044b \u0438\u043c\u0435\u0435\u043c \u0432\u043e\u0437\u043c\u043e\u0436\u043d\u043e\u0441\u0442\u044c \u043d\u0430\u0441\u0442\u0440\u043e\u0438\u0442\u044c\/\u043f\u0430\u0442\u0447 \u043f\u0440\u0430\u043a\u0442\u0438\u0447\u0435\u0441\u043a\u0438 \u043b\u044e\u0431\u0443\u044e \u0441\u0442\u0430\u0440\u0443\u044e \u043f\u0440\u043e\u0448\u0438\u0432\u043a\u0443 \u0441 \u0431\u0435\u0437\u043e\u043f\u0430\u0441\u043d\u044b\u043c \u043f\u0430\u0440\u043e\u043b\u0435\u043c, \u043a\u043e\u0442\u043e\u0440\u044b\u0439 \u0432\u044b \u043f\u0440\u0435\u0434\u043e\u0441\u0442\u0430\u0432\u043b\u044f\u0435\u0442\u0435.<\/p>\r\n<p>\u041f\u043e\u0447\u0435\u043c\u0443? \u041f\u043e\u0442\u043e\u043c\u0443 \u0447\u0442\u043e \u0438\u0441\u043f\u043e\u043b\u044c\u0437\u043e\u0432\u0430\u043d\u0438\u0435 root&#038;<strong>vizxv<\/strong> \u043f\u0430\u0440\u043e\u043b\u044c \u0443\u0441\u0442\u0440\u043e\u0439\u0441\u0442\u0432\u0430 \u044f\u0432\u043b\u044f\u044e\u0442\u0441\u044f \u0443\u044f\u0437\u0432\u0438\u043c\u044b\u043c\u0438 \u0434\u043b\u044f \u0434\u0430\u043d\u043d\u044b\u0445 \u0443\u0442\u0435\u0447\u043a\u0438 (\u0432 \u0442\u043e\u043c \u0447\u0438\u0441\u043b\u0435 \u043d\u0435\u0441\u043a\u043e\u043b\u044c\u043a\u043e, clear-text \u0441\u043e\u0445\u0440\u0430\u043d\u0435\u043d\u043d\u044b\u0435 \u0443\u0447\u0435\u0442\u043d\u044b\u0435 \u0434\u0430\u043d\u043d\u044b\u0435), \u0437\u0430\u043f\u0438\u0441\u0438 \u0443\u0434\u0430\u043b\u0435\u043d\u0438\u0435, \u043f\u0440\u0435\u043a\u0440\u0430\u0449\u0435\u043d\u0438\u0435 \u043e\u043f\u0435\u0440\u0430\u0446\u0438\u0438 (\u043f\u043e \u043a\u0440\u0430\u0439\u043d\u0435\u0439 4 \u043c\u0438\u043d\u0443\u0442), \u0421\u0431\u0440\u043e\u0441 \u043a\u043e\u043d\u0444\u0438\u0433\u0443\u0440\u0430\u0446\u0438\u0438 \u0432\u043d\u0435\u0448\u043d\u0435\u0433\u043e \u0442\u0438\u043f\u0430 \u043a\u043e\u043d\u0442\u0435\u043d\u0442\u0430.<\/p>\r\n<div class=\"panel panel-default\">\r\n<div class=\"panel-heading\">\u041d\u0435\u043a\u043e\u0442\u043e\u0440\u044b\u0435 \u043f\u043e\u0441\u0442\u0440\u0430\u0434\u0430\u0432\u0448\u0438\u0435 \u043c\u043e\u0434\u0435\u043b\u0438<\/div>\r\n<div class=\"panel-body\">\r\nDVR0404HE-AN, DVR0404HE-AS, DVR0404HF-AN, DVR0404HF-AS, DVR0404HF-AT, DVR0404HF-U, DVR0404LE-AN, DVR0404LE-AS, DVR0404LF-A, DVR0404LF-AS, DVR0404LF-AST, DVR0404LF-L, DVR0404LF-S, DVR0804HF-U, DVR0804LE-AS, DVR0804LF-A, DVR0804LF-AS, DVR0804LF-AST, DVR0804LF-L, DVR0804LF-S, DVR1604HF-L-E, DVR1604HF-S-E, DVR1604HF-U, DVR1604LE-AS, DVR1604LE-SL, DVR1604LF-A, DVR1604LF-AE, DVR1604LF-AS, DVR1604LF-AST, DVR1604LF-L, DVR1604LF-S, DVR3108H, DVR310XE, DVR3116E, DVR3116H\r\n  <\/div>\r\n<\/div>\r\n<hr \/>\r\n<div>\u041d\u0435\u043a\u043e\u0442\u043e\u0440\u044b\u0435 \u0446\u0438\u0444\u0440\u043e\u0432\u044b\u0435 \u0432\u0438\u0434\u0435\u043e\u0440\u0435\u0433\u0438\u0441\u0442\u0440\u0430\u0442\u043e\u0440\u044b, NVRs (\u0438 \u0434\u0440\u0443\u0433\u0438\u0445 \u0432\u0441\u0442\u0440\u043e\u0435\u043d\u043d\u044b\u0445 \u0431\u0435\u0437\u043e\u043f\u0430\u0441\u043d\u043e\u0441\u0442\u0438 \u0438\u043b\u0438 \u043c\u043e\u043d\u0438\u0442\u043e\u0440\u0438\u043d\u0433\u0430 \u0443\u0441\u0442\u0440\u043e\u0439\u0441\u0442\u0432) \u043c\u043e\u0436\u0435\u0442 \u0438 \u043c\u043e\u0436\u0435\u0442 \u0431\u044b\u0442\u044c \u0441\u043d\u0438\u0436\u0435\u043d\u0430 \u0432 \u0440\u0435\u0437\u0443\u043b\u044c\u0442\u0430\u0442\u0435 \u043f\u0440\u043e\u0431\u043b\u0435\u043c \u0431\u0435\u0437\u043e\u043f\u0430\u0441\u043d\u043e\u0441\u0442\u0438. \u0414\u043b\u044f \u0442\u0435\u0445 \u043c\u044b \u0434\u0438\u0441\u0442\u0430\u043d\u0446\u0438\u043e\u043d\u043d\u043e \u043e\u0446\u0435\u043d\u0438\u0442\u044c \u0431\u0435\u0437\u043e\u043f\u0430\u0441\u043d\u043e\u0441\u0442\u044c \u0432\u0430\u0448\u0435\u0433\u043e \u0442\u0435\u043a\u0443\u0449\u0435\u0433\u043e \u0443\u0441\u0442\u0440\u043e\u0439\u0441\u0442\u0432\u0430 \u0438 \u043e\u043f\u0443\u0431\u043b\u0438\u043a\u043e\u0432\u0430\u0442\u044c \u0434\u043e\u043a\u043b\u0430\u0434.\r\n<\/div>\r\n<\/p>\r\n<div><strong>\u0421\u043e\u0432\u0435\u0442:<\/strong> \u042d\u0442\u0430 \u0444\u0443\u043d\u043a\u0446\u0438\u044f \u043d\u0430\u0445\u043e\u0434\u0438\u0442\u0441\u044f \u0432 \u0441\u0442\u0430\u0434\u0438\u0438 \u0440\u0430\u0437\u0440\u0430\u0431\u043e\u0442\u043a\u0438.<br \/>\r\n\u041c\u044b \u0431\u0443\u0434\u0435\u043c \u0434\u0435\u043b\u0430\u0442\u044c #pentesting \u0438 \u043d\u0435\u043a\u043e\u0442\u043e\u0440\u044b\u0435 #hardwarefingerprinting. \u041c\u044b \u0442\u0430\u043a\u0436\u0435 \u0431\u0443\u0434\u0435\u043c \u0438\u0441\u043f\u043e\u043b\u044c\u0437\u043e\u0432\u0430\u0442\u044c \u043e\u0431\u0449\u0438\u0435 #CVEs \u0434\u043e\u0441\u0442\u0443\u043f\u043d\u044b \u0438 \u043d\u0435\u043a\u043e\u0442\u043e\u0440\u044b\u0435 \u0438\u043d\u0441\u0442\u0440\u0443\u043c\u0435\u043d\u0442\u044b, \u0440\u0430\u0437\u0440\u0430\u0431\u043e\u0442\u0430\u043d\u043d\u044b\u0435 \u0432\u043d\u0443\u0442\u0440\u0438. \u041c\u044b \u0431\u0443\u0434\u0435\u043c \u043f\u0440\u0435\u0434\u0441\u0442\u0430\u0432\u043b\u044f\u0442\u044c \u0441\u0442\u0430\u0442\u0438\u0441\u0442\u0438\u043a\u0443 \u0443\u044f\u0437\u0432\u0438\u043c\u044b\u0445 \u0443\u0441\u0442\u0440\u043e\u0439\u0441\u0442\u0432 \u0432 \u0431\u043b\u0438\u0436\u0430\u0439\u0448\u0435\u043c \u0431\u0443\u0434\u0443\u0449\u0435\u043c.\r\n<\/div>","protected":false},"excerpt":{"rendered":"\u041e\u0431\u043d\u043e\u0432\u043b\u0435\u043d\u0438\u0435 25 \u0441\u0435\u043d\u0442\u044f\u0431\u0440\u044f 2015 \u0433. \u041d\u0430 \u0434\u0430\u043d\u043d\u044b\u0439 \u043c\u043e\u043c\u0435\u043d\u0442, \u043c\u044b \u043e\u043f\u0440\u0435\u0434\u0435\u043b\u0438\u043b\u0438 \u043e\u0448\u0438\u0431\u043a\u0438, \u0440\u0430\u0437\u0440\u0430\u0431\u043e\u0442\u0430\u043b \u043f\u0430\u0442\u0447 (\u0431\u0443\u0434\u0435\u0442 \u0434\u043e\u0441\u0442\u0443\u043f\u043d\u0430 \u0434\u043b\u044f \u0431\u043e\u043b\u044c\u0448\u0438\u043d\u0441\u0442\u0432\u0430 \u043f\u0440\u043e\u0434\u0443\u043a\u0442\u043e\u0432 \u043d\u0430 \u043e\u0441\u043d\u043e\u0432\u0435 \u0414\u0430\u0445\u0443\u0430), \u0430 \u0442\u0430\u043a\u0436\u0435 \u0440\u0435\u0448\u0435\u043d\u0438\u044f \u0434\u043b\u044f \u0432\u043e\u0441\u0441\u0442\u0430\u043d\u043e\u0432\u043b\u0435\u043d\u0438\u044f \u0443\u0441\u0442\u0440\u043e\u0439\u0441\u0442\u0432\u0430 \u0434\u043b\u044f \u0441\u0438\u0442\u0443\u0430\u0446\u0438\u0439, \u043a\u043e\u0433\u0434\u0430: \u0423\u0441\u0442\u0440\u043e\u0439\u0441\u0442\u0432\u043e \u043f\u0435\u0440\u0435\u0441\u0442\u0430\u0435\u0442 \u043e\u0442\u0432\u0435\u0447\u0430\u0442\u044c \u043d\u0430 \u0437\u0430\u043f\u0440\u043e\u0441\u044b, \u0437\u0430\u043f\u0438\u0441\u044c \u0438\u043b\u0438 \u043d\u0435 \u043c\u043e\u0433\u0443\u0442 \u0431\u044b\u0442\u044c \u0434\u043e\u0441\u0442\u0443\u043f\u043d\u044b \u0447\u0435\u0440\u0435\u0437 \u0418\u043d\u0442\u0435\u0440\u043d\u0435\u0442, \u0432 \u0442\u043e \u0432\u0440\u0435\u043c\u044f \u043a\u0430\u043a \u043d\u0435\u043f\u043e\u0441\u0440\u0435\u0434\u0441\u0442\u0432\u0435\u043d\u043d\u043e \u0441\u0432\u044f\u0437\u0430\u043d\u044b \u0438\u043b\u0438 \u0447\u0435\u0440\u0435\u0437 PPPoE \u0423\u0441\u0442\u0440\u043e\u0439\u0441\u0442\u0432\u043e \u0432\u0441\u0435 \u0435\u0449\u0435&hellip; <a class=\"more-link\" href=\"https:\/\/dahua.evosec.eu\/ru\/device-security-assessment\/\">Continue Reading \u041e\u0446\u0435\u043d\u043a\u0430 \u0431\u0435\u0437\u043e\u043f\u0430\u0441\u043d\u043e\u0441\u0442\u0438 \u0443\u0441\u0442\u0440\u043e\u0439\u0441\u0442\u0432\u0430 \u0438 \u0443\u0441\u0438\u043b\u0438\u0442\u0435\u043b\u044f; \u0418\u0441\u043f\u043e\u043b\u043d\u0435\u043d\u0438\u0435<\/a>","protected":false},"author":1,"featured_media":0,"parent":0,"menu_order":0,"comment_status":"closed","ping_status":"closed","template":"","meta":{"footnotes":""},"class_list":["post-226","page","type-page","status-publish","hentry"],"translation":{"provider":"WPGlobus","version":"3.0.1","language":"ru","enabled_languages":["en","da","de","es","fi","fr","it","hu","nl","no","pt","pl","ru","sv","ja"],"languages":{"en":{"title":true,"content":true,"excerpt":false},"da":{"title":true,"content":true,"excerpt":false},"de":{"title":true,"content":true,"excerpt":false},"es":{"title":true,"content":true,"excerpt":false},"fi":{"title":true,"content":true,"excerpt":false},"fr":{"title":true,"content":true,"excerpt":false},"it":{"title":true,"content":true,"excerpt":false},"hu":{"title":true,"content":true,"excerpt":false},"nl":{"title":true,"content":true,"excerpt":false},"no":{"title":true,"content":true,"excerpt":false},"pt":{"title":true,"content":true,"excerpt":false},"pl":{"title":true,"content":true,"excerpt":false},"ru":{"title":true,"content":true,"excerpt":false},"sv":{"title":true,"content":true,"excerpt":false},"ja":{"title":false,"content":false,"excerpt":false}}},"yoast_head":"<!-- This site is optimized with the Yoast SEO plugin v27.3 - https:\/\/yoast.com\/product\/yoast-seo-wordpress\/ -->\n<title>\u041e\u0446\u0435\u043d\u043a\u0430 \u0431\u0435\u0437\u043e\u043f\u0430\u0441\u043d\u043e\u0441\u0442\u0438 \u0443\u0441\u0442\u0440\u043e\u0439\u0441\u0442\u0432\u0430 \u0438 \u0443\u0441\u0438\u043b\u0438\u0442\u0435\u043b\u044f; \u0418\u0441\u043f\u043e\u043b\u043d\u0435\u043d\u0438\u0435 - \u041f\u0440\u0435\u043c\u0438\u0443\u043c \u043f\u043e\u0434\u0434\u0435\u0440\u0436\u043a\u0430 \u0414\u0430\u0445\u0443\u0430 \u043f\u0440\u043e\u0434\u0443\u043a\u0442\u043e\u0432<\/title>\n<meta name=\"robots\" content=\"index, follow, max-snippet:-1, max-image-preview:large, max-video-preview:-1\" \/>\n<link rel=\"canonical\" href=\"https:\/\/dahua.evosec.eu\/hu\/device-security-assessment\/\" \/>\n<meta property=\"og:locale\" content=\"ru_RU\" \/>\n<meta property=\"og:type\" content=\"article\" \/>\n<meta property=\"og:title\" content=\"\u041e\u0446\u0435\u043d\u043a\u0430 \u0431\u0435\u0437\u043e\u043f\u0430\u0441\u043d\u043e\u0441\u0442\u0438 \u0443\u0441\u0442\u0440\u043e\u0439\u0441\u0442\u0432\u0430 \u0438 \u0443\u0441\u0438\u043b\u0438\u0442\u0435\u043b\u044f; \u0418\u0441\u043f\u043e\u043b\u043d\u0435\u043d\u0438\u0435 - \u041f\u0440\u0435\u043c\u0438\u0443\u043c \u043f\u043e\u0434\u0434\u0435\u0440\u0436\u043a\u0430 \u0414\u0430\u0445\u0443\u0430 \u043f\u0440\u043e\u0434\u0443\u043a\u0442\u043e\u0432\" \/>\n<meta property=\"og:url\" content=\"https:\/\/dahua.evosec.eu\/hu\/device-security-assessment\/\" \/>\n<meta property=\"og:site_name\" content=\"\u041f\u0440\u0435\u043c\u0438\u0443\u043c \u043f\u043e\u0434\u0434\u0435\u0440\u0436\u043a\u0430 \u0414\u0430\u0445\u0443\u0430 \u043f\u0440\u043e\u0434\u0443\u043a\u0442\u043e\u0432\" \/>\n<meta property=\"article:publisher\" content=\"https:\/\/www.facebook.com\/euroevosolutions\" \/>\n<meta property=\"article:modified_time\" content=\"2016-09-11T17:47:32+00:00\" \/>\n<meta name=\"twitter:card\" content=\"summary_large_image\" \/>\n<meta name=\"twitter:site\" content=\"@evosec_eu\" \/>\n<meta name=\"twitter:label1\" content=\"\u041f\u0440\u0438\u043c\u0435\u0440\u043d\u043e\u0435 \u0432\u0440\u0435\u043c\u044f \u0434\u043b\u044f \u0447\u0442\u0435\u043d\u0438\u044f\" \/>\n\t<meta name=\"twitter:data1\" content=\"22 \u043c\u0438\u043d\u0443\u0442\u044b\" \/>\n<script type=\"application\/ld+json\" class=\"yoast-schema-graph\">{\"@context\":\"https:\\\/\\\/schema.org\",\"@graph\":[{\"@type\":\"WebPage\",\"@id\":\"https:\\\/\\\/dahua.evosec.eu\\\/hu\\\/device-security-assessment\\\/\",\"url\":\"https:\\\/\\\/dahua.evosec.eu\\\/hu\\\/device-security-assessment\\\/\",\"name\":\"\u041e\u0446\u0435\u043d\u043a\u0430 \u0431\u0435\u0437\u043e\u043f\u0430\u0441\u043d\u043e\u0441\u0442\u0438 \u0443\u0441\u0442\u0440\u043e\u0439\u0441\u0442\u0432\u0430 \u0438 \u0443\u0441\u0438\u043b\u0438\u0442\u0435\u043b\u044f; \u0418\u0441\u043f\u043e\u043b\u043d\u0435\u043d\u0438\u0435 - \u041f\u0440\u0435\u043c\u0438\u0443\u043c \u043f\u043e\u0434\u0434\u0435\u0440\u0436\u043a\u0430 \u0414\u0430\u0445\u0443\u0430 \u043f\u0440\u043e\u0434\u0443\u043a\u0442\u043e\u0432\",\"isPartOf\":{\"@id\":\"https:\\\/\\\/dahua.evosec.eu\\\/#website\"},\"datePublished\":\"2015-08-22T01:42:29+00:00\",\"dateModified\":\"2016-09-11T17:47:32+00:00\",\"description\":\"\",\"breadcrumb\":{\"@id\":\"https:\\\/\\\/dahua.evosec.eu\\\/hu\\\/device-security-assessment\\\/#breadcrumb\"},\"inLanguage\":\"ru-RU\",\"potentialAction\":[{\"@type\":\"ReadAction\",\"target\":[\"https:\\\/\\\/dahua.evosec.eu\\\/hu\\\/device-security-assessment\\\/\"]}]},{\"@type\":\"BreadcrumbList\",\"@id\":\"https:\\\/\\\/dahua.evosec.eu\\\/hu\\\/device-security-assessment\\\/#breadcrumb\",\"itemListElement\":[{\"@type\":\"ListItem\",\"position\":1,\"name\":\"Home\",\"item\":\"https:\\\/\\\/dahua.evosec.eu\\\/\"},{\"@type\":\"ListItem\",\"position\":2,\"name\":\"K\u00e9sz\u00fcl\u00e9k Biztons\u00e1gi \u00e9rt\u00e9kel\u00e9si &amp; V\u00e9grehajt\u00e1si\"}]},{\"@type\":\"WebSite\",\"@id\":\"https:\\\/\\\/dahua.evosec.eu\\\/#website\",\"url\":\"https:\\\/\\\/dahua.evosec.eu\\\/\",\"name\":\"\u041f\u0440\u0435\u043c\u0438\u0443\u043c \u043f\u043e\u0434\u0434\u0435\u0440\u0436\u043a\u0430 \u0414\u0430\u0445\u0443\u0430 \u043f\u0440\u043e\u0434\u0443\u043a\u0442\u043e\u0432\",\"description\":\"\u041c\u044b \u044f\u0432\u043b\u044f\u0435\u043c\u0441\u044f 3-\u0443\u0447\u0430\u0441\u0442\u043d\u0438\u043a \u043a\u043e\u043c\u043f\u0430\u043d\u0438\u0438 \u043e\u043f\u044b\u0442\u043d\u044b\u0445 \u0432 \u043f\u0440\u043e\u0434\u0443\u043a\u0442\u0430\u0445 \u0414\u0430\u0445\u0443\u0430\",\"potentialAction\":[{\"@type\":\"SearchAction\",\"target\":{\"@type\":\"EntryPoint\",\"urlTemplate\":\"https:\\\/\\\/dahua.evosec.eu\\\/?s={search_term_string}\"},\"query-input\":{\"@type\":\"PropertyValueSpecification\",\"valueRequired\":true,\"valueName\":\"search_term_string\"}}],\"inLanguage\":\"ru-RU\"}]}<\/script>\n<!-- \/ Yoast SEO plugin. -->","yoast_head_json":{"title":"\u041e\u0446\u0435\u043d\u043a\u0430 \u0431\u0435\u0437\u043e\u043f\u0430\u0441\u043d\u043e\u0441\u0442\u0438 \u0443\u0441\u0442\u0440\u043e\u0439\u0441\u0442\u0432\u0430 \u0438 \u0443\u0441\u0438\u043b\u0438\u0442\u0435\u043b\u044f; \u0418\u0441\u043f\u043e\u043b\u043d\u0435\u043d\u0438\u0435 - \u041f\u0440\u0435\u043c\u0438\u0443\u043c \u043f\u043e\u0434\u0434\u0435\u0440\u0436\u043a\u0430 \u0414\u0430\u0445\u0443\u0430 \u043f\u0440\u043e\u0434\u0443\u043a\u0442\u043e\u0432","robots":{"index":"index","follow":"follow","max-snippet":"max-snippet:-1","max-image-preview":"max-image-preview:large","max-video-preview":"max-video-preview:-1"},"canonical":"https:\/\/dahua.evosec.eu\/hu\/device-security-assessment\/","og_locale":"ru_RU","og_type":"article","og_title":"\u041e\u0446\u0435\u043d\u043a\u0430 \u0431\u0435\u0437\u043e\u043f\u0430\u0441\u043d\u043e\u0441\u0442\u0438 \u0443\u0441\u0442\u0440\u043e\u0439\u0441\u0442\u0432\u0430 \u0438 \u0443\u0441\u0438\u043b\u0438\u0442\u0435\u043b\u044f; \u0418\u0441\u043f\u043e\u043b\u043d\u0435\u043d\u0438\u0435 - \u041f\u0440\u0435\u043c\u0438\u0443\u043c \u043f\u043e\u0434\u0434\u0435\u0440\u0436\u043a\u0430 \u0414\u0430\u0445\u0443\u0430 \u043f\u0440\u043e\u0434\u0443\u043a\u0442\u043e\u0432","og_url":"https:\/\/dahua.evosec.eu\/hu\/device-security-assessment\/","og_site_name":"\u041f\u0440\u0435\u043c\u0438\u0443\u043c \u043f\u043e\u0434\u0434\u0435\u0440\u0436\u043a\u0430 \u0414\u0430\u0445\u0443\u0430 \u043f\u0440\u043e\u0434\u0443\u043a\u0442\u043e\u0432","article_publisher":"https:\/\/www.facebook.com\/euroevosolutions","article_modified_time":"2016-09-11T17:47:32+00:00","twitter_card":"summary_large_image","twitter_site":"@evosec_eu","twitter_misc":{"\u041f\u0440\u0438\u043c\u0435\u0440\u043d\u043e\u0435 \u0432\u0440\u0435\u043c\u044f \u0434\u043b\u044f \u0447\u0442\u0435\u043d\u0438\u044f":"22 \u043c\u0438\u043d\u0443\u0442\u044b"},"schema":{"@context":"https:\/\/schema.org","@graph":[{"@type":"WebPage","@id":"https:\/\/dahua.evosec.eu\/hu\/device-security-assessment\/","url":"https:\/\/dahua.evosec.eu\/hu\/device-security-assessment\/","name":"\u041e\u0446\u0435\u043d\u043a\u0430 \u0431\u0435\u0437\u043e\u043f\u0430\u0441\u043d\u043e\u0441\u0442\u0438 \u0443\u0441\u0442\u0440\u043e\u0439\u0441\u0442\u0432\u0430 \u0438 \u0443\u0441\u0438\u043b\u0438\u0442\u0435\u043b\u044f; \u0418\u0441\u043f\u043e\u043b\u043d\u0435\u043d\u0438\u0435 - \u041f\u0440\u0435\u043c\u0438\u0443\u043c \u043f\u043e\u0434\u0434\u0435\u0440\u0436\u043a\u0430 \u0414\u0430\u0445\u0443\u0430 \u043f\u0440\u043e\u0434\u0443\u043a\u0442\u043e\u0432","isPartOf":{"@id":"https:\/\/dahua.evosec.eu\/#website"},"datePublished":"2015-08-22T01:42:29+00:00","dateModified":"2016-09-11T17:47:32+00:00","description":"","breadcrumb":{"@id":"https:\/\/dahua.evosec.eu\/hu\/device-security-assessment\/#breadcrumb"},"inLanguage":"ru-RU","potentialAction":[{"@type":"ReadAction","target":["https:\/\/dahua.evosec.eu\/hu\/device-security-assessment\/"]}]},{"@type":"BreadcrumbList","@id":"https:\/\/dahua.evosec.eu\/hu\/device-security-assessment\/#breadcrumb","itemListElement":[{"@type":"ListItem","position":1,"name":"Home","item":"https:\/\/dahua.evosec.eu\/"},{"@type":"ListItem","position":2,"name":"K\u00e9sz\u00fcl\u00e9k Biztons\u00e1gi \u00e9rt\u00e9kel\u00e9si &amp; V\u00e9grehajt\u00e1si"}]},{"@type":"WebSite","@id":"https:\/\/dahua.evosec.eu\/#website","url":"https:\/\/dahua.evosec.eu\/","name":"\u041f\u0440\u0435\u043c\u0438\u0443\u043c \u043f\u043e\u0434\u0434\u0435\u0440\u0436\u043a\u0430 \u0414\u0430\u0445\u0443\u0430 \u043f\u0440\u043e\u0434\u0443\u043a\u0442\u043e\u0432","description":"\u041c\u044b \u044f\u0432\u043b\u044f\u0435\u043c\u0441\u044f 3-\u0443\u0447\u0430\u0441\u0442\u043d\u0438\u043a \u043a\u043e\u043c\u043f\u0430\u043d\u0438\u0438 \u043e\u043f\u044b\u0442\u043d\u044b\u0445 \u0432 \u043f\u0440\u043e\u0434\u0443\u043a\u0442\u0430\u0445 \u0414\u0430\u0445\u0443\u0430","potentialAction":[{"@type":"SearchAction","target":{"@type":"EntryPoint","urlTemplate":"https:\/\/dahua.evosec.eu\/?s={search_term_string}"},"query-input":{"@type":"PropertyValueSpecification","valueRequired":true,"valueName":"search_term_string"}}],"inLanguage":"ru-RU"}]}},"_links":{"self":[{"href":"https:\/\/dahua.evosec.eu\/ru\/wp-json\/wp\/v2\/pages\/226","targetHints":{"allow":["GET"]}}],"collection":[{"href":"https:\/\/dahua.evosec.eu\/ru\/wp-json\/wp\/v2\/pages"}],"about":[{"href":"https:\/\/dahua.evosec.eu\/ru\/wp-json\/wp\/v2\/types\/page"}],"author":[{"embeddable":true,"href":"https:\/\/dahua.evosec.eu\/ru\/wp-json\/wp\/v2\/users\/1"}],"replies":[{"embeddable":true,"href":"https:\/\/dahua.evosec.eu\/ru\/wp-json\/wp\/v2\/comments?post=226"}],"version-history":[{"count":0,"href":"https:\/\/dahua.evosec.eu\/ru\/wp-json\/wp\/v2\/pages\/226\/revisions"}],"wp:attachment":[{"href":"https:\/\/dahua.evosec.eu\/ru\/wp-json\/wp\/v2\/media?parent=226"}],"curies":[{"name":"wp","href":"https:\/\/api.w.org\/{rel}","templated":true}]}}