{"id":1123,"date":"2017-03-17T03:13:28","date_gmt":"2017-03-17T03:13:28","guid":{"rendered":"http:\/\/dahua.evosec.eu\/?page_id=1123"},"modified":"2017-03-25T16:28:56","modified_gmt":"2017-03-25T16:28:56","slug":"fast-remote-dahua-password-reset-dvr-nvr-hcvr-ip-camera-speeddome-camera","status":"publish","type":"page","link":"https:\/\/dahua.evosec.eu\/sv\/fast-remote-dahua-password-reset-dvr-nvr-hcvr-ip-camera-speeddome-camera\/","title":{"rendered":"Snabb Fj\u00e4rrsupport DAHUA L\u00f6senords\u00e5terst\u00e4llning &#8211; F\u00f6r DVR \/ NVR \/ HCVR \/ IP Kamera \/ SpeedDome Kamera"},"content":{"rendered":"<div class=\"alert alert-success\" role=\"alert\">\n<div class=\"row\">\n<div class=\"col-md-1\">\n<i class=\"fa fa-money fa-3x\" aria-hidden=\"true\"><\/i>\n<\/div>\n<div class=\"col-md-11\">\nVi fick l\u00f6sningar p\u00e5 dina problem! Vi erbjuder ett snabbt s\u00e4tt f\u00f6r dig att \u00e5terst\u00e4lla och \u00e4ndra l\u00f6senord anv\u00e4nds p\u00e5 \u00e4ldre eller nyare DAHUA produkter.\n<\/div>\n<\/div>\n<\/div>\n<p>\n<strong>Fungerar med n\u00e4stan alla DAHUA enhet &#8211; IP Camera, HDCVI DVR, NVR, Video Door Phone etc <\/strong> Vi beh\u00f6ver bara din IP- eller DDNS \/ dynamisk DNS \/ dom\u00e4nnamn och <strong>WEB-port*<\/strong> (inte data\/37777 hamn).\n<\/p>\n<p>\nVi \u00e5terst\u00e4ller l\u00f6senordet och skickar du det tillf\u00e4lliga l\u00f6senordet (via e-post). Du beh\u00f6ver inte USB, VGA- eller HDMI-\u00e5tkomst. Enkel och snabb! Best\u00e4ll nu &#8211; f\u00f6r <strong>bara 9.99USD<\/strong>!\n<\/p>\n<hr \/>\n<form class=\"wpcf7-form evo-pass-rec\" action=\"https:\/\/www.paypal.com\/cgi-bin\/webscr\" method=\"post\"><img alt=\"\" border=\"\" width=\"1\" height=\"1\" ><input name=\"cmd\" type=\"hidden\" value=\"_xclick\" \/><input name=\"business\" type=\"hidden\" value=\"mirceapetrescu2004@yahoo.com\" \/><input name=\"item_name\" type=\"hidden\" value=\"DAHUA: Remote Password Recovery\" \/><input name=\"item_number\" type=\"hidden\" value=\"1\" \/><input name=\"amount\" type=\"hidden\" value=\"9.99\" \/><input name=\"no_shipping\" type=\"hidden\" value=\"1\" \/><input name=\"currency_code\" type=\"hidden\" value=\"USD\" \/><input name=\"return\" type=\"hidden\" value=\"http:\/\/dahua.evosec.eu\/thank-you-for-your-payment\/\" \/><input name=\"image_url\" type=\"hidden\" value=\"http:\/\/dahua.evosec.eu\/assets\/pp_logo.png\" \/><input name=\"cancel_return\" type=\"hidden\" value=\"http:\/\/dahua.evosec.eu\/payment-denied-or-canceled\/\" \/><input name=\"cbt\" type=\"hidden\" value=\"Return to DAHUA Premium Support Services\" \/><input name=\"cpp_cart_border_color\" type=\"hidden\" value=\"#7F7F7F\" \/>\n<input type=\"submit\" class=\"form-control btn-primary DHPassOrder\" value=\"Best\u00e4llning - bara 9,99$\" onClick=\"ga('send', 'event', { eventCategory: 'Payments', eventAction: 'HCVR Pass Send En'});\" \/> \n<\/form><br \/><br \/>\n<p class=\"well well-info\">\n*WEB-port \u00e4r vanligtvis 80 om du kan komma \u00e5t din kamera via IE \/ krom \/ EDGE, \u00e4ven om det \u00e4r bakom en router.\n<\/p>\n<p class=\"well well-success\">\nPengar tillbaka garanti-sats: om v\u00e5r tj\u00e4nst inte (re) ger \u00e5tkomst till dina enheter, vi kommer fullt-\u00e5terbetalning du! Alla v\u00e5ra betalningar behandlas s\u00e4kert via PayPal!\n<\/p>\n","protected":false},"excerpt":{"rendered":"Vi fick l\u00f6sningar p\u00e5 dina problem! Vi erbjuder ett snabbt s\u00e4tt f\u00f6r dig att \u00e5terst\u00e4lla och \u00e4ndra l\u00f6senord anv\u00e4nds p\u00e5 \u00e4ldre eller nyare DAHUA produkter. Fungerar med n\u00e4stan alla DAHUA enhet &#8211; IP Camera, HDCVI DVR, NVR, Video Door Phone etc Vi beh\u00f6ver bara din IP- eller DDNS \/ dynamisk DNS \/ dom\u00e4nnamn och WEB-port*&hellip; <a class=\"more-link\" href=\"https:\/\/dahua.evosec.eu\/sv\/fast-remote-dahua-password-reset-dvr-nvr-hcvr-ip-camera-speeddome-camera\/\">Forts\u00e4tt l\u00e4sa Snabb Fj\u00e4rrsupport DAHUA L\u00f6senords\u00e5terst\u00e4llning &#8211; F\u00f6r DVR \/ NVR \/ HCVR \/ IP Kamera \/ SpeedDome Kamera<\/a>","protected":false},"author":1,"featured_media":0,"parent":0,"menu_order":0,"comment_status":"closed","ping_status":"closed","template":"","meta":{"footnotes":""},"class_list":["post-1123","page","type-page","status-publish","hentry"],"translation":{"provider":"WPGlobus","version":"3.0.1","language":"sv","enabled_languages":["en","da","de","es","fi","fr","it","hu","nl","no","pt","pl","ru","sv","ja"],"languages":{"en":{"title":true,"content":true,"excerpt":false},"da":{"title":true,"content":true,"excerpt":false},"de":{"title":true,"content":true,"excerpt":false},"es":{"title":true,"content":true,"excerpt":false},"fi":{"title":true,"content":true,"excerpt":false},"fr":{"title":true,"content":true,"excerpt":false},"it":{"title":true,"content":true,"excerpt":false},"hu":{"title":true,"content":true,"excerpt":false},"nl":{"title":true,"content":true,"excerpt":false},"no":{"title":true,"content":true,"excerpt":false},"pt":{"title":true,"content":true,"excerpt":false},"pl":{"title":true,"content":true,"excerpt":false},"ru":{"title":true,"content":true,"excerpt":false},"sv":{"title":true,"content":true,"excerpt":false},"ja":{"title":true,"content":true,"excerpt":false}}},"yoast_head":"<!-- This site is optimized with the Yoast SEO plugin v27.3 - https:\/\/yoast.com\/product\/yoast-seo-wordpress\/ -->\n<title>Snabb Fj\u00e4rrsupport DAHUA L\u00f6senords\u00e5terst\u00e4llning - F\u00f6r DVR \/ NVR \/ HCVR \/ IP Kamera \/ SpeedDome Kamera - Premiumsupport f\u00f6r DAHUA produkter<\/title>\n<meta name=\"robots\" content=\"index, follow, max-snippet:-1, max-image-preview:large, max-video-preview:-1\" \/>\n<link rel=\"canonical\" href=\"https:\/\/dahua.evosec.eu\/fast-remote-dahua-password-reset-dvr-nvr-hcvr-ip-camera-speeddome-camera\/\" \/>\n<meta property=\"og:locale\" content=\"sv_SE\" \/>\n<meta property=\"og:type\" content=\"article\" \/>\n<meta property=\"og:title\" content=\"Snabb Fj\u00e4rrsupport DAHUA L\u00f6senords\u00e5terst\u00e4llning - F\u00f6r DVR \/ NVR \/ HCVR \/ IP Kamera \/ SpeedDome Kamera - Premiumsupport f\u00f6r DAHUA produkter\" \/>\n<meta property=\"og:url\" content=\"https:\/\/dahua.evosec.eu\/fast-remote-dahua-password-reset-dvr-nvr-hcvr-ip-camera-speeddome-camera\/\" \/>\n<meta property=\"og:site_name\" content=\"Premiumsupport f\u00f6r DAHUA produkter\" \/>\n<meta property=\"article:publisher\" content=\"https:\/\/www.facebook.com\/euroevosolutions\" \/>\n<meta property=\"article:modified_time\" content=\"2017-03-25T16:28:56+00:00\" \/>\n<meta name=\"twitter:card\" content=\"summary_large_image\" \/>\n<meta name=\"twitter:site\" content=\"@evosec_eu\" \/>\n<meta name=\"twitter:label1\" content=\"Ber\u00e4knad l\u00e4stid\" \/>\n\t<meta name=\"twitter:data1\" content=\"10 minuter\" \/>\n<script type=\"application\/ld+json\" class=\"yoast-schema-graph\">{\"@context\":\"https:\\\/\\\/schema.org\",\"@graph\":[{\"@type\":\"WebPage\",\"@id\":\"https:\\\/\\\/dahua.evosec.eu\\\/fast-remote-dahua-password-reset-dvr-nvr-hcvr-ip-camera-speeddome-camera\\\/\",\"url\":\"https:\\\/\\\/dahua.evosec.eu\\\/fast-remote-dahua-password-reset-dvr-nvr-hcvr-ip-camera-speeddome-camera\\\/\",\"name\":\"Snabb Fj\u00e4rrsupport DAHUA L\u00f6senords\u00e5terst\u00e4llning - F\u00f6r DVR \\\/ NVR \\\/ HCVR \\\/ IP Kamera \\\/ SpeedDome Kamera - Premiumsupport f\u00f6r DAHUA produkter\",\"isPartOf\":{\"@id\":\"https:\\\/\\\/dahua.evosec.eu\\\/#website\"},\"datePublished\":\"2017-03-17T03:13:28+00:00\",\"dateModified\":\"2017-03-25T16:28:56+00:00\",\"description\":\"We got the solution(s) to your problems! We offer a fast way for you to reset and change any password used on older or newer DAHUA products.\",\"breadcrumb\":{\"@id\":\"https:\\\/\\\/dahua.evosec.eu\\\/fast-remote-dahua-password-reset-dvr-nvr-hcvr-ip-camera-speeddome-camera\\\/#breadcrumb\"},\"inLanguage\":\"sv-SE\",\"potentialAction\":[{\"@type\":\"ReadAction\",\"target\":[\"https:\\\/\\\/dahua.evosec.eu\\\/fast-remote-dahua-password-reset-dvr-nvr-hcvr-ip-camera-speeddome-camera\\\/\"]}]},{\"@type\":\"BreadcrumbList\",\"@id\":\"https:\\\/\\\/dahua.evosec.eu\\\/fast-remote-dahua-password-reset-dvr-nvr-hcvr-ip-camera-speeddome-camera\\\/#breadcrumb\",\"itemListElement\":[{\"@type\":\"ListItem\",\"position\":1,\"name\":\"Home\",\"item\":\"https:\\\/\\\/dahua.evosec.eu\\\/\"},{\"@type\":\"ListItem\",\"position\":2,\"name\":\"Fast Remote DAHUA Password Reset &#8211; for DVR \\\/ NVR \\\/ HCVR \\\/ IP Camera \\\/ SpeedDome Camera\"}]},{\"@type\":\"WebSite\",\"@id\":\"https:\\\/\\\/dahua.evosec.eu\\\/#website\",\"url\":\"https:\\\/\\\/dahua.evosec.eu\\\/\",\"name\":\"Premiumsupport f\u00f6r DAHUA produkter\",\"description\":\"Vi \u00e4r ett 3: e part f\u00f6retag erfaren i DAHUA produkter\",\"potentialAction\":[{\"@type\":\"SearchAction\",\"target\":{\"@type\":\"EntryPoint\",\"urlTemplate\":\"https:\\\/\\\/dahua.evosec.eu\\\/?s={search_term_string}\"},\"query-input\":{\"@type\":\"PropertyValueSpecification\",\"valueRequired\":true,\"valueName\":\"search_term_string\"}}],\"inLanguage\":\"sv-SE\"}]}<\/script>\n<!-- \/ Yoast SEO plugin. -->","yoast_head_json":{"title":"Snabb Fj\u00e4rrsupport DAHUA L\u00f6senords\u00e5terst\u00e4llning - F\u00f6r DVR \/ NVR \/ HCVR \/ IP Kamera \/ SpeedDome Kamera - Premiumsupport f\u00f6r DAHUA produkter","robots":{"index":"index","follow":"follow","max-snippet":"max-snippet:-1","max-image-preview":"max-image-preview:large","max-video-preview":"max-video-preview:-1"},"canonical":"https:\/\/dahua.evosec.eu\/fast-remote-dahua-password-reset-dvr-nvr-hcvr-ip-camera-speeddome-camera\/","og_locale":"sv_SE","og_type":"article","og_title":"Snabb Fj\u00e4rrsupport DAHUA L\u00f6senords\u00e5terst\u00e4llning - F\u00f6r DVR \/ NVR \/ HCVR \/ IP Kamera \/ SpeedDome Kamera - Premiumsupport f\u00f6r DAHUA produkter","og_url":"https:\/\/dahua.evosec.eu\/fast-remote-dahua-password-reset-dvr-nvr-hcvr-ip-camera-speeddome-camera\/","og_site_name":"Premiumsupport f\u00f6r DAHUA produkter","article_publisher":"https:\/\/www.facebook.com\/euroevosolutions","article_modified_time":"2017-03-25T16:28:56+00:00","twitter_card":"summary_large_image","twitter_site":"@evosec_eu","twitter_misc":{"Ber\u00e4knad l\u00e4stid":"10 minuter"},"schema":{"@context":"https:\/\/schema.org","@graph":[{"@type":"WebPage","@id":"https:\/\/dahua.evosec.eu\/fast-remote-dahua-password-reset-dvr-nvr-hcvr-ip-camera-speeddome-camera\/","url":"https:\/\/dahua.evosec.eu\/fast-remote-dahua-password-reset-dvr-nvr-hcvr-ip-camera-speeddome-camera\/","name":"Snabb Fj\u00e4rrsupport DAHUA L\u00f6senords\u00e5terst\u00e4llning - F\u00f6r DVR \/ NVR \/ HCVR \/ IP Kamera \/ SpeedDome Kamera - Premiumsupport f\u00f6r DAHUA produkter","isPartOf":{"@id":"https:\/\/dahua.evosec.eu\/#website"},"datePublished":"2017-03-17T03:13:28+00:00","dateModified":"2017-03-25T16:28:56+00:00","description":"We got the solution(s) to your problems! We offer a fast way for you to reset and change any password used on older or newer DAHUA products.","breadcrumb":{"@id":"https:\/\/dahua.evosec.eu\/fast-remote-dahua-password-reset-dvr-nvr-hcvr-ip-camera-speeddome-camera\/#breadcrumb"},"inLanguage":"sv-SE","potentialAction":[{"@type":"ReadAction","target":["https:\/\/dahua.evosec.eu\/fast-remote-dahua-password-reset-dvr-nvr-hcvr-ip-camera-speeddome-camera\/"]}]},{"@type":"BreadcrumbList","@id":"https:\/\/dahua.evosec.eu\/fast-remote-dahua-password-reset-dvr-nvr-hcvr-ip-camera-speeddome-camera\/#breadcrumb","itemListElement":[{"@type":"ListItem","position":1,"name":"Home","item":"https:\/\/dahua.evosec.eu\/"},{"@type":"ListItem","position":2,"name":"Fast Remote DAHUA Password Reset &#8211; for DVR \/ NVR \/ HCVR \/ IP Camera \/ SpeedDome Camera"}]},{"@type":"WebSite","@id":"https:\/\/dahua.evosec.eu\/#website","url":"https:\/\/dahua.evosec.eu\/","name":"Premiumsupport f\u00f6r DAHUA produkter","description":"Vi \u00e4r ett 3: e part f\u00f6retag erfaren i DAHUA produkter","potentialAction":[{"@type":"SearchAction","target":{"@type":"EntryPoint","urlTemplate":"https:\/\/dahua.evosec.eu\/?s={search_term_string}"},"query-input":{"@type":"PropertyValueSpecification","valueRequired":true,"valueName":"search_term_string"}}],"inLanguage":"sv-SE"}]}},"_links":{"self":[{"href":"https:\/\/dahua.evosec.eu\/sv\/wp-json\/wp\/v2\/pages\/1123","targetHints":{"allow":["GET"]}}],"collection":[{"href":"https:\/\/dahua.evosec.eu\/sv\/wp-json\/wp\/v2\/pages"}],"about":[{"href":"https:\/\/dahua.evosec.eu\/sv\/wp-json\/wp\/v2\/types\/page"}],"author":[{"embeddable":true,"href":"https:\/\/dahua.evosec.eu\/sv\/wp-json\/wp\/v2\/users\/1"}],"replies":[{"embeddable":true,"href":"https:\/\/dahua.evosec.eu\/sv\/wp-json\/wp\/v2\/comments?post=1123"}],"version-history":[{"count":0,"href":"https:\/\/dahua.evosec.eu\/sv\/wp-json\/wp\/v2\/pages\/1123\/revisions"}],"wp:attachment":[{"href":"https:\/\/dahua.evosec.eu\/sv\/wp-json\/wp\/v2\/media?parent=1123"}],"curies":[{"name":"wp","href":"https:\/\/api.w.org\/{rel}","templated":true}]}}