{"id":13,"date":"2015-06-11T14:23:18","date_gmt":"2015-06-11T14:23:18","guid":{"rendered":"http:\/\/dahua.evosec.eu\/?page_id=13"},"modified":"2018-08-24T00:50:03","modified_gmt":"2018-08-23T23:50:03","slug":"password-recovery","status":"publish","type":"page","link":"https:\/\/dahua.evosec.eu\/sv\/password-recovery\/","title":{"rendered":"DAHUA L\u00f6senords\u00e4ndring Eller \u00c5terst\u00e4ll"},"content":{"rendered":"<div class=\"alert alert-success\" role=\"alert\">\r\n<div class=\"row\">\r\n<div class=\"col-md-1\">\r\n<i class=\"fa fa-money fa-3x\" aria-hidden=\"true\"><\/i>\r\n<\/div>\r\n<div class=\"col-md-11\">\r\nVi fick l\u00f6sningar p\u00e5 dina problem! Vi erbjuder ett snabbt och enkelt s\u00e4tt f\u00f6r dig att \u00e5terst\u00e4lla och \u00e4ndra l\u00f6senord anv\u00e4nds p\u00e5 \u00e4ldre eller nyare DAHUA produkter.\r\n<\/div>\r\n<\/div>\r\n<\/div>\r\n<hr \/>\r\n<div class=\"alert alert-info text-center lead\" role=\"alert\">\r\n    <i class=\"fa fa-info-circle fa-fw\" aria-hidden=\"true\"><\/i> \r\n    <a href=\"https:\/\/dahua-passwords.evosec.eu\/\">Kolla in v\u00e5r nya och f\u00f6rb\u00e4ttrade service &#8211; https:\/\/dahua-passwords.evosec.eu\/<\/a>\r\n    <i class=\"fa fa-info-circle fa-fw\" aria-hidden=\"true\"><\/i>\r\n<\/div>\r\n<hr \/>\r\n<br \/>\r\n<div style=\"text-align:justify\">Om du har f\u00f6rlorat ditt l\u00f6senord av DAHUA enheten (eller enheter) eller inte kommer ih\u00e5g det, kan vi hj\u00e4lpa dig &#8211; b\u00e5de instruktioner och ett unikt, tillf\u00e4lliga l\u00f6senord (giltigt endast en dag). Du beh\u00f6ver inte \u00f6ppna enheten, inga inst\u00e4llningar \u00e5terst\u00e4lls och du kommer inte att f\u00f6rlora n\u00e5gon information.<br \/>\r\nNi kommer att f\u00e5 fysisk tillg\u00e5ng till enheten och f\u00f6ljer v\u00e5ra instruktioner med hj\u00e4lp av en mus ansluten via USB-porten.<\/div>\r\n<br \/>\r\n<div class=\"alert alert-warning text-center\" role=\"alert\"><i class=\"fa fa-exclamation-triangle fa-fw\" aria-hidden=\"true\"><\/i> Om datumet p\u00e5 enheten skiljer sig fr\u00e5n aktuellt datum, m\u00e5ste du v\u00e4lja det andra alternativet &#8211; <strong>Avancerad<\/strong>! <i class=\"fa fa-exclamation-triangle fa-fw\" aria-hidden=\"true\"><\/i><\/div>\r\n<br \/>\r\n<div class=\"panel panel-default panel-primary\">\r\n<div class=\"panel-heading\">Vilken tj\u00e4nst passar dig b\u00e4ttre?<\/div>\r\n  <div class=\"panel-body\">\r\n<div class=\"DHPass\">\r\n    <div class=\"row\">\r\n        <div class=\"col-xs-12 col-sm-offset-4 col-sm-8\">\r\n            <div class=\"row\">\r\n                <div class=\"col-xs-4 PlanHeader Plan1\">\r\n                    <div class=\"PlanTitle\">Enkla<\/div>\r\n                    <div class=\"PlanPrice\">4.99$<\/div>\r\n                <\/div>\r\n                <div class=\"col-xs-4 PlanHeader Plan2\">\r\n                    <div class=\"PlanTitle\">Avancerad<\/div>\r\n                    <div class=\"PlanPrice\">9.99$<\/div>\r\n                <\/div>\r\n                <div class=\"col-xs-4 PlanHeader Plan3\">\r\n                    <div class=\"PlanTitle\">Expert<\/div>\r\n                    <div class=\"PlanPrice\">29.99$<\/div>\r\n                <\/div>\r\n            <\/div>\r\n        <\/div>\r\n    <\/div>\r\n    <div class=\"row PriceFeatureRow\">\r\n        <div class=\"col-xs-12 col-sm-4 PlanFeature\">\r\n            Tillf\u00e4lligt l\u00f6senord\r\n        <\/div>\r\n        <div class=\"col-xs-12 col-sm-8\">\r\n            <div class=\"row\">\r\n                <div class=\"col-xs-4 col-sm-4 PlanFeature Plan1\">\r\n                    <i class=\"fa fa-check PlanCheck\"><\/i>\r\n                <\/div>\r\n                <div class=\"col-xs-4 col-sm-4 PlanFeature Plan2\">\r\n                    <i class=\"fa fa-check PlanCheck\"><\/i>\r\n                <\/div>\r\n                <div class=\"col-xs-4 col-sm-4 PlanFeature Plan3\">\r\n                    <i class=\"fa fa-check PlanCheck\"><\/i>\r\n                <\/div>\r\n            <\/div>\r\n        <\/div>\r\n    <\/div>\r\n    <div class=\"row PriceFeatureRow\">\r\n        <div class=\"col-xs-12 col-sm-4 PlanFeature\">\r\n            Digital Guide (PDF)\r\n        <\/div>\r\n        <div class=\"col-xs-12 col-sm-8\">\r\n            <div class=\"row\">\r\n                <div class=\"col-xs-4 col-sm-4 PlanFeature Plan1\">\r\n                    <i class=\"fa fa-check PlanCheck\"><\/i>\r\n                <\/div>\r\n                <div class=\"col-xs-4 col-sm-4 PlanFeature Plan2\">\r\n                    <i class=\"fa fa-check PlanCheck\"><\/i>\r\n                <\/div>\r\n                <div class=\"col-xs-4 col-sm-4 PlanFeature Plan3\">\r\n                    <i class=\"fa fa-check PlanCheck\"><\/i>\r\n                <\/div>\r\n            <\/div>\r\n        <\/div>\r\n    <\/div>\r\n    <div class=\"row PriceFeatureRow\">\r\n        <div class=\"col-xs-12 col-sm-4 PlanFeature\">\r\n            Support Via e-post\r\n        <\/div>\r\n        <div class=\"col-xs-12 col-sm-8\">\r\n            <div class=\"row\">\r\n                <div class=\"col-xs-4 col-sm-4 PlanFeature Plan1\">\r\n                    <i class=\"fa fa-times-circle PlanUnCheck\"><\/i>\r\n                <\/div>\r\n                <div class=\"col-xs-4 col-sm-4 PlanFeature Plan2\">\r\n                    <i class=\"fa fa-check PlanCheck\"><\/i>\r\n                <\/div>\r\n                <div class=\"col-xs-4 col-sm-4 PlanFeature Plan3\">\r\n                    <i class=\"fa fa-check PlanCheck\"><\/i>\r\n                <\/div>\r\n            <\/div>\r\n        <\/div>\r\n    <\/div>\r\n   <div class=\"row PriceFeatureRow\">\r\n        <div class=\"col-xs-12 col-sm-4 PlanFeature\">\r\n            Dag flexibilitet *\r\n        <\/div>\r\n        <div class=\"col-xs-12 col-sm-8\">\r\n            <div class=\"row\">\r\n                <div class=\"col-xs-4 col-sm-4 PlanFeature Plan1\">\r\n                    <i class=\"fa fa-times-circle PlanUnCheck\"><\/i>\r\n                <\/div>\r\n                <div class=\"col-xs-4 col-sm-4 PlanFeature Plan2\">\r\n                    <i class=\"fa fa-check PlanCheck\"><\/i>\r\n                <\/div>\r\n                <div class=\"col-xs-4 col-sm-4 PlanFeature Plan3\">\r\n                    <i class=\"fa fa-check PlanCheck\"><\/i>\r\n                <\/div>\r\n            <\/div>\r\n        <\/div>\r\n    <\/div>\r\n   <div class=\"row PriceFeatureRow\">\r\n        <div class=\"col-xs-12 col-sm-4 PlanFeature\">\r\n            Support Via Live Chat\r\n        <\/div>\r\n        <div class=\"col-xs-12 col-sm-8\">\r\n            <div class=\"row\">\r\n                <div class=\"col-xs-4 col-sm-4 PlanFeature Plan1\">\r\n                    <i class=\"fa fa-times-circle PlanUnCheck\"><\/i>\r\n                <\/div>\r\n                <div class=\"col-xs-4 col-sm-4 PlanFeature Plan2\">\r\n                    <i class=\"fa fa-times-circle PlanUnCheck\"><\/i>\r\n                <\/div>\r\n                <div class=\"col-xs-4 col-sm-4 PlanFeature Plan3\">\r\n                    <i class=\"fa fa-check PlanCheck\"><\/i>\r\n                <\/div>\r\n            <\/div>\r\n        <\/div>\r\n    <\/div>\r\n   <div class=\"row PriceFeatureRow\">\r\n        <div class=\"col-xs-12 col-sm-4 PlanFeature\">\r\n            Log utredning<br \/>\r\n        <\/div>\r\n        <div class=\"col-xs-12 col-sm-8\">\r\n            <div class=\"row\">\r\n                <div class=\"col-xs-4 col-sm-4 PlanFeature Plan1\">\r\n                    <i class=\"fa fa-times-circle PlanUnCheck\"><\/i>\r\n                <\/div>\r\n                <div class=\"col-xs-4 col-sm-4 PlanFeature Plan2\">\r\n                    <i class=\"fa fa-times-circle PlanCheck\"><\/i>\r\n                <\/div>\r\n                <div class=\"col-xs-4 col-sm-4 PlanFeature Plan3\">\r\n                    <i class=\"fa fa-check PlanCheck\"><\/i>\r\n                <\/div>\r\n            <\/div>\r\n        <\/div>\r\n    <\/div>\r\n    <div class=\"row\">\r\n        <div class=\"col-xs-12 col-sm-offset-4 col-sm-8\">\r\n            <div class=\"row\">\r\n                \r\n                 <div class=\"col-xs-4 PlanHeader PlanBottom\">\r\n                    <a class=\"btn btn-default\" href=\"https:\/\/dahua-passwords.evosec.eu\">Best\u00e4llning<\/a><br \/>\r\n                <\/div>\r\n                <div class=\"col-xs-4 PlanHeader PlanBottom\">\r\n            \t    <a class=\"btn btn-default\" href=\"https:\/\/dahua-passwords.evosec.eu\">Best\u00e4llning<\/a><br \/>\r\n                <\/div>\r\n                <div class=\"col-xs-4 PlanHeader PlanBottom\">\r\n            \t    <a class=\"btn btn-default\" href=\"https:\/\/dahua-passwords.evosec.eu\">Best\u00e4llning<\/a><br \/>\r\n                <\/div>\r\n            <\/div>\r\n        <\/div>\r\n    <\/div>\r\n<\/div>\r\n<\/div>\r\n* Om det aktuella datumet p\u00e5 din DVR\/NVR skiljer sig fr\u00e5n det aktuella datumet.\r\n<\/div>\r\n<br \/>\r\n<br \/>\r\n<div class=\"alert alert-success\" role=\"alert\">Leverans ska vara omedelbar (via e-post) eller i ett f\u00f6nster i en timme. Om det inte h\u00e4nder (kontrollera din SPAM\/Bulk inkorg), v\u00e4nligen <a class=\"vt-p\" href=\"\/sv\/contact\/\">kontakta oss<\/a> f\u00f6r ytterligare hj\u00e4lp. Tack!<\/div>\r\n<hr \/>\r\n\r\n<div class=\"panel panel-primary\">\r\n  <div class=\"panel-heading\">FAQ: Vad kan jag g\u00f6ra med detta l\u00f6senord?<\/div>\r\n  <div class=\"panel-body\">\r\n    Med l\u00f6senord kommer vi ge dig, kan du \u00e4ndra gl\u00f6mt l\u00f6senord (du kommer anv\u00e4nda v\u00e5r l\u00f6senord som \u201dgammalt l\u00f6senord\u201d) och setup ett nytt l\u00f6senord f\u00f6r <strong>n\u00e5gon<\/strong> kontot p\u00e5 enheten.\r\n  <\/div>\r\n<\/div>\r\n\r\n<div class=\"panel panel-primary\">\r\n  <div class=\"panel-heading\">FAQ: Med vilka enheter fungerar tj\u00e4nsten?<\/div>\r\n  <div class=\"panel-body\">\r\n     Det kommer att fungera med n\u00e4stan alla DAHUA-baserade enheter som har en USB-anslutning f\u00f6r mus och en S-VIDEO\/VGA\/HDMI f\u00f6r monitorutg\u00e5ngen.\r\n  <\/div>\r\n<\/div>\r\n\r\n<hr \/>\r\n<p class=\"text-center\">\r\n<strong>Prov<\/strong>:<br \/>\r\n<a href=\"http:\/\/dahua.evosec.eu\/wp-content\/uploads\/2015\/06\/evosec_dh_pass.png\"><img decoding=\"async\" src=\"http:\/\/dahua.evosec.eu\/wp-content\/uploads\/2015\/06\/evosec_dh_pass-704x1024.png\" class=\"aligncenter img-responsive img-rounded\" \/><\/a>\r\n<\/p>\r\n<hr \/>\r\n<p class=\"text-center\">\r\n<strong>St\u00f6ds menyer<\/strong>:<br \/>\r\n<strong>V1:<\/strong><br \/>\r\n<img decoding=\"async\" src=\"http:\/\/dahua.evosec.eu\/wp-content\/uploads\/2017\/03\/v1_login.png\" alt=\"V1 Login\" \/>\r\n<strong>V2:<\/strong><br \/>\r\n<img decoding=\"async\" src=\"http:\/\/dahua.evosec.eu\/wp-content\/uploads\/2017\/03\/v2_login.png\" alt=\"V2 Login\" \/>\r\n<\/p>\r\n<hr \/>\r\n<br \/>\r\n<div class=\"panel panel-warning\">\r\n<div class=\"panel-body\">\r\n<p>Myt Busted:<\/p>\r\n<p class=\"list-group-item-text\">L\u00f6senordet \u00e5terst\u00e4lls inte om du tar bort batteriet, eftersom det inte lagras p\u00e5 det s\u00e4tt som den lagras i en BIOS. Detta kommer att endast \u00e5terst\u00e4lla din klocka och g\u00f6ra ditt liv sv\u00e5rare (kanske om\u00f6jligt) f\u00f6rs\u00f6ker f\u00e5 ett huvudl\u00f6senord.<\/div>\r\n<div class=\"panel-body\">PRO TIP: l\u00f6senordet kommer vi att skicka \u00e4r ocks\u00e5 k\u00e4nd som <strong>Dahua huvudl\u00f6senord<\/strong><\/div>\r\n<\/div>","protected":false},"excerpt":{"rendered":"Vi fick l\u00f6sningar p\u00e5 dina problem! Vi erbjuder ett snabbt och enkelt s\u00e4tt f\u00f6r dig att \u00e5terst\u00e4lla och \u00e4ndra l\u00f6senord anv\u00e4nds p\u00e5 \u00e4ldre eller nyare DAHUA produkter. Kolla in v\u00e5r nya och f\u00f6rb\u00e4ttrade service &#8211; https:\/\/dahua-passwords.evosec.eu\/ Om du har f\u00f6rlorat ditt l\u00f6senord av DAHUA enheten (eller enheter) eller inte kommer ih\u00e5g det, kan vi hj\u00e4lpa&hellip; <a class=\"more-link\" href=\"https:\/\/dahua.evosec.eu\/sv\/password-recovery\/\">Forts\u00e4tt l\u00e4sa DAHUA L\u00f6senords\u00e4ndring Eller \u00c5terst\u00e4ll<\/a>","protected":false},"author":1,"featured_media":879,"parent":0,"menu_order":0,"comment_status":"closed","ping_status":"closed","template":"","meta":{"footnotes":""},"class_list":["post-13","page","type-page","status-publish","has-post-thumbnail","hentry"],"translation":{"provider":"WPGlobus","version":"3.0.1","language":"sv","enabled_languages":["en","da","de","es","fi","fr","it","hu","nl","no","pt","pl","ru","sv","ja"],"languages":{"en":{"title":true,"content":true,"excerpt":false},"da":{"title":true,"content":true,"excerpt":false},"de":{"title":true,"content":true,"excerpt":false},"es":{"title":true,"content":true,"excerpt":false},"fi":{"title":true,"content":true,"excerpt":false},"fr":{"title":true,"content":true,"excerpt":false},"it":{"title":true,"content":true,"excerpt":false},"hu":{"title":true,"content":true,"excerpt":false},"nl":{"title":true,"content":true,"excerpt":false},"no":{"title":true,"content":true,"excerpt":false},"pt":{"title":true,"content":true,"excerpt":false},"pl":{"title":true,"content":true,"excerpt":false},"ru":{"title":true,"content":true,"excerpt":false},"sv":{"title":true,"content":true,"excerpt":false},"ja":{"title":true,"content":true,"excerpt":false}}},"yoast_head":"<!-- This site is optimized with the Yoast SEO plugin v27.3 - https:\/\/yoast.com\/product\/yoast-seo-wordpress\/ -->\n<title>DAHUA l\u00f6senords\u00e5terst\u00e4llning - Premium Support<\/title>\n<meta name=\"description\" content=\"Vi erbjuder ett snabbt s\u00e4tt f\u00f6r dig att \u00e5terst\u00e4lla och \u00e4ndra l\u00f6senord anv\u00e4nds p\u00e5 \u00e4ldre eller nyare DAHUA produkter\" \/>\n<meta name=\"robots\" content=\"index, follow, max-snippet:-1, max-image-preview:large, max-video-preview:-1\" \/>\n<link rel=\"canonical\" href=\"https:\/\/dahua.evosec.eu\/password-recovery\/\" \/>\n<meta property=\"og:locale\" content=\"sv_SE\" \/>\n<meta property=\"og:type\" content=\"article\" \/>\n<meta property=\"og:title\" content=\"DAHUA l\u00f6senords\u00e5terst\u00e4llning - Premium Support\" \/>\n<meta property=\"og:description\" content=\"Vi erbjuder ett snabbt s\u00e4tt f\u00f6r dig att \u00e5terst\u00e4lla och \u00e4ndra l\u00f6senord anv\u00e4nds p\u00e5 \u00e4ldre eller nyare DAHUA produkter\" \/>\n<meta property=\"og:url\" content=\"https:\/\/dahua.evosec.eu\/password-recovery\/\" \/>\n<meta property=\"og:site_name\" content=\"Premiumsupport f\u00f6r DAHUA produkter\" \/>\n<meta property=\"article:publisher\" content=\"https:\/\/www.facebook.com\/euroevosolutions\" \/>\n<meta property=\"article:modified_time\" content=\"2018-08-23T23:50:03+00:00\" \/>\n<meta property=\"og:image\" content=\"https:\/\/dahua.evosec.eu\/wp-content\/uploads\/2015\/06\/pass_gen_250x0.png\" \/>\n\t<meta property=\"og:image:width\" content=\"250\" \/>\n\t<meta property=\"og:image:height\" content=\"250\" \/>\n\t<meta property=\"og:image:type\" content=\"image\/png\" \/>\n<meta name=\"twitter:card\" content=\"summary_large_image\" \/>\n<meta name=\"twitter:site\" content=\"@evosec_eu\" \/>\n<meta name=\"twitter:label1\" content=\"Ber\u00e4knad l\u00e4stid\" \/>\n\t<meta name=\"twitter:data1\" content=\"23 minuter\" \/>\n<script type=\"application\/ld+json\" class=\"yoast-schema-graph\">{\"@context\":\"https:\\\/\\\/schema.org\",\"@graph\":[{\"@type\":\"WebPage\",\"@id\":\"https:\\\/\\\/dahua.evosec.eu\\\/password-recovery\\\/\",\"url\":\"https:\\\/\\\/dahua.evosec.eu\\\/password-recovery\\\/\",\"name\":\"DAHUA l\u00f6senords\u00e5terst\u00e4llning - Premium Support\",\"isPartOf\":{\"@id\":\"https:\\\/\\\/dahua.evosec.eu\\\/#website\"},\"primaryImageOfPage\":{\"@id\":\"https:\\\/\\\/dahua.evosec.eu\\\/password-recovery\\\/#primaryimage\"},\"image\":{\"@id\":\"https:\\\/\\\/dahua.evosec.eu\\\/password-recovery\\\/#primaryimage\"},\"thumbnailUrl\":\"https:\\\/\\\/dahua.evosec.eu\\\/wp-content\\\/uploads\\\/2015\\\/06\\\/pass_gen_250x0.png\",\"datePublished\":\"2015-06-11T14:23:18+00:00\",\"dateModified\":\"2018-08-23T23:50:03+00:00\",\"description\":\"Vi erbjuder ett snabbt s\u00e4tt f\u00f6r dig att \u00e5terst\u00e4lla och \u00e4ndra l\u00f6senord anv\u00e4nds p\u00e5 \u00e4ldre eller nyare DAHUA produkter\",\"breadcrumb\":{\"@id\":\"https:\\\/\\\/dahua.evosec.eu\\\/password-recovery\\\/#breadcrumb\"},\"inLanguage\":\"sv-SE\",\"potentialAction\":[{\"@type\":\"ReadAction\",\"target\":[\"https:\\\/\\\/dahua.evosec.eu\\\/password-recovery\\\/\"]}]},{\"@type\":\"ImageObject\",\"inLanguage\":\"sv-SE\",\"@id\":\"https:\\\/\\\/dahua.evosec.eu\\\/password-recovery\\\/#primaryimage\",\"url\":\"https:\\\/\\\/dahua.evosec.eu\\\/wp-content\\\/uploads\\\/2015\\\/06\\\/pass_gen_250x0.png\",\"contentUrl\":\"https:\\\/\\\/dahua.evosec.eu\\\/wp-content\\\/uploads\\\/2015\\\/06\\\/pass_gen_250x0.png\",\"width\":250,\"height\":250,\"caption\":\"DAHUA Password\"},{\"@type\":\"BreadcrumbList\",\"@id\":\"https:\\\/\\\/dahua.evosec.eu\\\/password-recovery\\\/#breadcrumb\",\"itemListElement\":[{\"@type\":\"ListItem\",\"position\":1,\"name\":\"Home\",\"item\":\"https:\\\/\\\/dahua.evosec.eu\\\/\"},{\"@type\":\"ListItem\",\"position\":2,\"name\":\"DAHUA Password Change or Reset\"}]},{\"@type\":\"WebSite\",\"@id\":\"https:\\\/\\\/dahua.evosec.eu\\\/#website\",\"url\":\"https:\\\/\\\/dahua.evosec.eu\\\/\",\"name\":\"Premiumsupport f\u00f6r DAHUA produkter\",\"description\":\"Vi \u00e4r ett 3: e part f\u00f6retag erfaren i DAHUA produkter\",\"potentialAction\":[{\"@type\":\"SearchAction\",\"target\":{\"@type\":\"EntryPoint\",\"urlTemplate\":\"https:\\\/\\\/dahua.evosec.eu\\\/?s={search_term_string}\"},\"query-input\":{\"@type\":\"PropertyValueSpecification\",\"valueRequired\":true,\"valueName\":\"search_term_string\"}}],\"inLanguage\":\"sv-SE\"}]}<\/script>\n<!-- \/ Yoast SEO plugin. -->","yoast_head_json":{"title":"DAHUA l\u00f6senords\u00e5terst\u00e4llning - Premium Support","description":"Vi erbjuder ett snabbt s\u00e4tt f\u00f6r dig att \u00e5terst\u00e4lla och \u00e4ndra l\u00f6senord anv\u00e4nds p\u00e5 \u00e4ldre eller nyare DAHUA produkter","robots":{"index":"index","follow":"follow","max-snippet":"max-snippet:-1","max-image-preview":"max-image-preview:large","max-video-preview":"max-video-preview:-1"},"canonical":"https:\/\/dahua.evosec.eu\/password-recovery\/","og_locale":"sv_SE","og_type":"article","og_title":"DAHUA l\u00f6senords\u00e5terst\u00e4llning - Premium Support","og_description":"Vi erbjuder ett snabbt s\u00e4tt f\u00f6r dig att \u00e5terst\u00e4lla och \u00e4ndra l\u00f6senord anv\u00e4nds p\u00e5 \u00e4ldre eller nyare DAHUA produkter","og_url":"https:\/\/dahua.evosec.eu\/password-recovery\/","og_site_name":"Premiumsupport f\u00f6r DAHUA produkter","article_publisher":"https:\/\/www.facebook.com\/euroevosolutions","article_modified_time":"2018-08-23T23:50:03+00:00","og_image":[{"width":250,"height":250,"url":"https:\/\/dahua.evosec.eu\/wp-content\/uploads\/2015\/06\/pass_gen_250x0.png","type":"image\/png"}],"twitter_card":"summary_large_image","twitter_site":"@evosec_eu","twitter_misc":{"Ber\u00e4knad l\u00e4stid":"23 minuter"},"schema":{"@context":"https:\/\/schema.org","@graph":[{"@type":"WebPage","@id":"https:\/\/dahua.evosec.eu\/password-recovery\/","url":"https:\/\/dahua.evosec.eu\/password-recovery\/","name":"DAHUA l\u00f6senords\u00e5terst\u00e4llning - Premium Support","isPartOf":{"@id":"https:\/\/dahua.evosec.eu\/#website"},"primaryImageOfPage":{"@id":"https:\/\/dahua.evosec.eu\/password-recovery\/#primaryimage"},"image":{"@id":"https:\/\/dahua.evosec.eu\/password-recovery\/#primaryimage"},"thumbnailUrl":"https:\/\/dahua.evosec.eu\/wp-content\/uploads\/2015\/06\/pass_gen_250x0.png","datePublished":"2015-06-11T14:23:18+00:00","dateModified":"2018-08-23T23:50:03+00:00","description":"Vi erbjuder ett snabbt s\u00e4tt f\u00f6r dig att \u00e5terst\u00e4lla och \u00e4ndra l\u00f6senord anv\u00e4nds p\u00e5 \u00e4ldre eller nyare DAHUA produkter","breadcrumb":{"@id":"https:\/\/dahua.evosec.eu\/password-recovery\/#breadcrumb"},"inLanguage":"sv-SE","potentialAction":[{"@type":"ReadAction","target":["https:\/\/dahua.evosec.eu\/password-recovery\/"]}]},{"@type":"ImageObject","inLanguage":"sv-SE","@id":"https:\/\/dahua.evosec.eu\/password-recovery\/#primaryimage","url":"https:\/\/dahua.evosec.eu\/wp-content\/uploads\/2015\/06\/pass_gen_250x0.png","contentUrl":"https:\/\/dahua.evosec.eu\/wp-content\/uploads\/2015\/06\/pass_gen_250x0.png","width":250,"height":250,"caption":"DAHUA Password"},{"@type":"BreadcrumbList","@id":"https:\/\/dahua.evosec.eu\/password-recovery\/#breadcrumb","itemListElement":[{"@type":"ListItem","position":1,"name":"Home","item":"https:\/\/dahua.evosec.eu\/"},{"@type":"ListItem","position":2,"name":"DAHUA Password Change or Reset"}]},{"@type":"WebSite","@id":"https:\/\/dahua.evosec.eu\/#website","url":"https:\/\/dahua.evosec.eu\/","name":"Premiumsupport f\u00f6r DAHUA produkter","description":"Vi \u00e4r ett 3: e part f\u00f6retag erfaren i DAHUA produkter","potentialAction":[{"@type":"SearchAction","target":{"@type":"EntryPoint","urlTemplate":"https:\/\/dahua.evosec.eu\/?s={search_term_string}"},"query-input":{"@type":"PropertyValueSpecification","valueRequired":true,"valueName":"search_term_string"}}],"inLanguage":"sv-SE"}]}},"_links":{"self":[{"href":"https:\/\/dahua.evosec.eu\/sv\/wp-json\/wp\/v2\/pages\/13","targetHints":{"allow":["GET"]}}],"collection":[{"href":"https:\/\/dahua.evosec.eu\/sv\/wp-json\/wp\/v2\/pages"}],"about":[{"href":"https:\/\/dahua.evosec.eu\/sv\/wp-json\/wp\/v2\/types\/page"}],"author":[{"embeddable":true,"href":"https:\/\/dahua.evosec.eu\/sv\/wp-json\/wp\/v2\/users\/1"}],"replies":[{"embeddable":true,"href":"https:\/\/dahua.evosec.eu\/sv\/wp-json\/wp\/v2\/comments?post=13"}],"version-history":[{"count":0,"href":"https:\/\/dahua.evosec.eu\/sv\/wp-json\/wp\/v2\/pages\/13\/revisions"}],"wp:featuredmedia":[{"embeddable":true,"href":"https:\/\/dahua.evosec.eu\/sv\/wp-json\/wp\/v2\/media\/879"}],"wp:attachment":[{"href":"https:\/\/dahua.evosec.eu\/sv\/wp-json\/wp\/v2\/media?parent=13"}],"curies":[{"name":"wp","href":"https:\/\/api.w.org\/{rel}","templated":true}]}}