{"id":57,"date":"2015-07-16T12:07:25","date_gmt":"2015-07-16T12:07:25","guid":{"rendered":"http:\/\/dahua.evosec.eu\/?page_id=57"},"modified":"2016-09-10T23:47:05","modified_gmt":"2016-09-10T23:47:05","slug":"firmware-customization","status":"publish","type":"page","link":"https:\/\/dahua.evosec.eu\/sv\/firmware-customization\/","title":{"rendered":"DAHUA Firmware Anpassning"},"content":{"rendered":"<p>Tror du att dina produkter ser tr\u00e5kigt eller saknar vissa funktioner? Eller kanske de har alltf\u00f6r m\u00e5nga funktioner? Anpassa dem!<\/p>\r\n<p style=\"text-align: center;\">Vad s\u00e4gs om en anpassad logik sk\u00e4rm?<\/p>\r\n<p style=\"text-align: center;\"><img loading=\"lazy\" decoding=\"async\" class=\"aligncenter wp-image-75 size-full\" src=\"http:\/\/dahua.evosec.eu\/wp-content\/uploads\/2015\/07\/custom_firmware_1.png\" alt=\"Custom Login Screen\" width=\"800\" height=\"600\" srcset=\"https:\/\/dahua.evosec.eu\/wp-content\/uploads\/2015\/07\/custom_firmware_1.png 800w, https:\/\/dahua.evosec.eu\/wp-content\/uploads\/2015\/07\/custom_firmware_1-300x225.png 300w, https:\/\/dahua.evosec.eu\/wp-content\/uploads\/2015\/07\/custom_firmware_1-360x270.png 360w, https:\/\/dahua.evosec.eu\/wp-content\/uploads\/2015\/07\/custom_firmware_1-200x150.png 200w, https:\/\/dahua.evosec.eu\/wp-content\/uploads\/2015\/07\/custom_firmware_1-100x75.png 100w\" sizes=\"auto, (max-width: 800px) 100vw, 800px\" \/><br \/>\r\nEller kanske en egen logotyp?<\/p>\r\n<p style=\"text-align: center;\"><img loading=\"lazy\" decoding=\"async\" class=\"aligncenter wp-image-76 size-full\" src=\"http:\/\/dahua.evosec.eu\/wp-content\/uploads\/2015\/07\/custom_firmware_2.png\" alt=\"Custom WEB Logo\" width=\"800\" height=\"600\" srcset=\"https:\/\/dahua.evosec.eu\/wp-content\/uploads\/2015\/07\/custom_firmware_2.png 800w, https:\/\/dahua.evosec.eu\/wp-content\/uploads\/2015\/07\/custom_firmware_2-300x225.png 300w, https:\/\/dahua.evosec.eu\/wp-content\/uploads\/2015\/07\/custom_firmware_2-360x270.png 360w, https:\/\/dahua.evosec.eu\/wp-content\/uploads\/2015\/07\/custom_firmware_2-200x150.png 200w, https:\/\/dahua.evosec.eu\/wp-content\/uploads\/2015\/07\/custom_firmware_2-100x75.png 100w\" sizes=\"auto, (max-width: 800px) 100vw, 800px\" \/><br \/>\r\nVi \u00e4r h\u00e4r f\u00f6r att hj\u00e4lpa dig!<\/p>\r\n<hr \/>\r\n<div class=\"well\">\r\nVi utvecklar ocks\u00e5 unik, s\u00e4krade firmwares. V\u00e4nligen kontrollera <a href=\"\/?p=226\">this page<\/a>.\r\n<\/div>\r\n<hr \/>\r\nBeh\u00f6ver mer information? L\u00e4mna din fr\u00e5ga s\u00e5 kontaktar vi dig inom en mycket kort tid.<br \/>\r\n[contact-form-7 id=&#8221;242&#8243; title=&#8221;Ytterligare detaljer&#8221;]<\/p>","protected":false},"excerpt":{"rendered":"Tror du att dina produkter ser tr\u00e5kigt eller saknar vissa funktioner? Eller kanske de har alltf\u00f6r m\u00e5nga funktioner? Anpassa dem! Vad s\u00e4gs om en anpassad logik sk\u00e4rm? Eller kanske en egen logotyp? Vi \u00e4r h\u00e4r f\u00f6r att hj\u00e4lpa dig! Vi utvecklar ocks\u00e5 unik, s\u00e4krade firmwares. V\u00e4nligen kontrollera this page. Beh\u00f6ver mer information? L\u00e4mna din fr\u00e5ga&hellip; <a class=\"more-link\" href=\"https:\/\/dahua.evosec.eu\/sv\/firmware-customization\/\">Forts\u00e4tt l\u00e4sa DAHUA Firmware Anpassning<\/a>","protected":false},"author":1,"featured_media":218,"parent":0,"menu_order":0,"comment_status":"closed","ping_status":"closed","template":"","meta":{"footnotes":""},"class_list":["post-57","page","type-page","status-publish","has-post-thumbnail","hentry"],"translation":{"provider":"WPGlobus","version":"3.0.1","language":"sv","enabled_languages":["en","da","de","es","fi","fr","it","hu","nl","no","pt","pl","ru","sv","ja"],"languages":{"en":{"title":true,"content":true,"excerpt":false},"da":{"title":true,"content":true,"excerpt":false},"de":{"title":true,"content":true,"excerpt":false},"es":{"title":true,"content":true,"excerpt":false},"fi":{"title":true,"content":true,"excerpt":false},"fr":{"title":true,"content":true,"excerpt":false},"it":{"title":true,"content":true,"excerpt":false},"hu":{"title":true,"content":true,"excerpt":false},"nl":{"title":true,"content":true,"excerpt":false},"no":{"title":true,"content":true,"excerpt":false},"pt":{"title":true,"content":true,"excerpt":false},"pl":{"title":true,"content":true,"excerpt":false},"ru":{"title":true,"content":true,"excerpt":false},"sv":{"title":true,"content":true,"excerpt":false},"ja":{"title":false,"content":false,"excerpt":false}}},"yoast_head":"<!-- This site is optimized with the Yoast SEO plugin v27.3 - https:\/\/yoast.com\/product\/yoast-seo-wordpress\/ -->\n<title>DAHUA Firmware Customization - Premium Services<\/title>\n<meta name=\"robots\" content=\"index, follow, max-snippet:-1, max-image-preview:large, max-video-preview:-1\" \/>\n<link rel=\"canonical\" href=\"https:\/\/dahua.evosec.eu\/firmware-customization\/\" \/>\n<meta property=\"og:locale\" content=\"sv_SE\" \/>\n<meta property=\"og:type\" content=\"article\" \/>\n<meta property=\"og:title\" content=\"DAHUA Firmware Anpassning - Premiumsupport f\u00f6r DAHUA produkter\" \/>\n<meta property=\"og:url\" content=\"https:\/\/dahua.evosec.eu\/firmware-customization\/\" \/>\n<meta property=\"og:site_name\" content=\"Premiumsupport f\u00f6r DAHUA produkter\" \/>\n<meta property=\"article:publisher\" content=\"https:\/\/www.facebook.com\/euroevosolutions\" \/>\n<meta property=\"article:modified_time\" content=\"2016-09-10T23:47:05+00:00\" \/>\n<meta property=\"og:image\" content=\"https:\/\/dahua.evosec.eu\/wp-content\/uploads\/2015\/07\/on_request.png\" \/>\n\t<meta property=\"og:image:width\" content=\"200\" \/>\n\t<meta property=\"og:image:height\" content=\"200\" \/>\n\t<meta property=\"og:image:type\" content=\"image\/png\" \/>\n<meta name=\"twitter:card\" content=\"summary_large_image\" \/>\n<meta name=\"twitter:site\" content=\"@evosec_eu\" \/>\n<meta name=\"twitter:label1\" content=\"Ber\u00e4knad l\u00e4stid\" \/>\n\t<meta name=\"twitter:data1\" content=\"5 minuter\" \/>\n<script type=\"application\/ld+json\" class=\"yoast-schema-graph\">{\"@context\":\"https:\\\/\\\/schema.org\",\"@graph\":[{\"@type\":\"WebPage\",\"@id\":\"https:\\\/\\\/dahua.evosec.eu\\\/firmware-customization\\\/\",\"url\":\"https:\\\/\\\/dahua.evosec.eu\\\/firmware-customization\\\/\",\"name\":\"DAHUA Firmware Customization - Premium Services\",\"isPartOf\":{\"@id\":\"https:\\\/\\\/dahua.evosec.eu\\\/#website\"},\"primaryImageOfPage\":{\"@id\":\"https:\\\/\\\/dahua.evosec.eu\\\/firmware-customization\\\/#primaryimage\"},\"image\":{\"@id\":\"https:\\\/\\\/dahua.evosec.eu\\\/firmware-customization\\\/#primaryimage\"},\"thumbnailUrl\":\"https:\\\/\\\/dahua.evosec.eu\\\/wp-content\\\/uploads\\\/2015\\\/07\\\/on_request.png\",\"datePublished\":\"2015-07-16T12:07:25+00:00\",\"dateModified\":\"2016-09-10T23:47:05+00:00\",\"description\":\"Need some graphics changed? Or maybe some text changes? We're here to help!\",\"breadcrumb\":{\"@id\":\"https:\\\/\\\/dahua.evosec.eu\\\/firmware-customization\\\/#breadcrumb\"},\"inLanguage\":\"sv-SE\",\"potentialAction\":[{\"@type\":\"ReadAction\",\"target\":[\"https:\\\/\\\/dahua.evosec.eu\\\/firmware-customization\\\/\"]}]},{\"@type\":\"ImageObject\",\"inLanguage\":\"sv-SE\",\"@id\":\"https:\\\/\\\/dahua.evosec.eu\\\/firmware-customization\\\/#primaryimage\",\"url\":\"https:\\\/\\\/dahua.evosec.eu\\\/wp-content\\\/uploads\\\/2015\\\/07\\\/on_request.png\",\"contentUrl\":\"https:\\\/\\\/dahua.evosec.eu\\\/wp-content\\\/uploads\\\/2015\\\/07\\\/on_request.png\",\"width\":200,\"height\":200},{\"@type\":\"BreadcrumbList\",\"@id\":\"https:\\\/\\\/dahua.evosec.eu\\\/firmware-customization\\\/#breadcrumb\",\"itemListElement\":[{\"@type\":\"ListItem\",\"position\":1,\"name\":\"Home\",\"item\":\"https:\\\/\\\/dahua.evosec.eu\\\/\"},{\"@type\":\"ListItem\",\"position\":2,\"name\":\"DAHUA Firmware Customization\"}]},{\"@type\":\"WebSite\",\"@id\":\"https:\\\/\\\/dahua.evosec.eu\\\/#website\",\"url\":\"https:\\\/\\\/dahua.evosec.eu\\\/\",\"name\":\"Premiumsupport f\u00f6r DAHUA produkter\",\"description\":\"Vi \u00e4r ett 3: e part f\u00f6retag erfaren i DAHUA produkter\",\"potentialAction\":[{\"@type\":\"SearchAction\",\"target\":{\"@type\":\"EntryPoint\",\"urlTemplate\":\"https:\\\/\\\/dahua.evosec.eu\\\/?s={search_term_string}\"},\"query-input\":{\"@type\":\"PropertyValueSpecification\",\"valueRequired\":true,\"valueName\":\"search_term_string\"}}],\"inLanguage\":\"sv-SE\"}]}<\/script>\n<!-- \/ Yoast SEO plugin. -->","yoast_head_json":{"title":"DAHUA Firmware Customization - Premium Services","robots":{"index":"index","follow":"follow","max-snippet":"max-snippet:-1","max-image-preview":"max-image-preview:large","max-video-preview":"max-video-preview:-1"},"canonical":"https:\/\/dahua.evosec.eu\/firmware-customization\/","og_locale":"sv_SE","og_type":"article","og_title":"DAHUA Firmware Anpassning - Premiumsupport f\u00f6r DAHUA produkter","og_url":"https:\/\/dahua.evosec.eu\/firmware-customization\/","og_site_name":"Premiumsupport f\u00f6r DAHUA produkter","article_publisher":"https:\/\/www.facebook.com\/euroevosolutions","article_modified_time":"2016-09-10T23:47:05+00:00","og_image":[{"width":200,"height":200,"url":"https:\/\/dahua.evosec.eu\/wp-content\/uploads\/2015\/07\/on_request.png","type":"image\/png"}],"twitter_card":"summary_large_image","twitter_site":"@evosec_eu","twitter_misc":{"Ber\u00e4knad l\u00e4stid":"5 minuter"},"schema":{"@context":"https:\/\/schema.org","@graph":[{"@type":"WebPage","@id":"https:\/\/dahua.evosec.eu\/firmware-customization\/","url":"https:\/\/dahua.evosec.eu\/firmware-customization\/","name":"DAHUA Firmware Customization - Premium Services","isPartOf":{"@id":"https:\/\/dahua.evosec.eu\/#website"},"primaryImageOfPage":{"@id":"https:\/\/dahua.evosec.eu\/firmware-customization\/#primaryimage"},"image":{"@id":"https:\/\/dahua.evosec.eu\/firmware-customization\/#primaryimage"},"thumbnailUrl":"https:\/\/dahua.evosec.eu\/wp-content\/uploads\/2015\/07\/on_request.png","datePublished":"2015-07-16T12:07:25+00:00","dateModified":"2016-09-10T23:47:05+00:00","description":"Need some graphics changed? Or maybe some text changes? We're here to help!","breadcrumb":{"@id":"https:\/\/dahua.evosec.eu\/firmware-customization\/#breadcrumb"},"inLanguage":"sv-SE","potentialAction":[{"@type":"ReadAction","target":["https:\/\/dahua.evosec.eu\/firmware-customization\/"]}]},{"@type":"ImageObject","inLanguage":"sv-SE","@id":"https:\/\/dahua.evosec.eu\/firmware-customization\/#primaryimage","url":"https:\/\/dahua.evosec.eu\/wp-content\/uploads\/2015\/07\/on_request.png","contentUrl":"https:\/\/dahua.evosec.eu\/wp-content\/uploads\/2015\/07\/on_request.png","width":200,"height":200},{"@type":"BreadcrumbList","@id":"https:\/\/dahua.evosec.eu\/firmware-customization\/#breadcrumb","itemListElement":[{"@type":"ListItem","position":1,"name":"Home","item":"https:\/\/dahua.evosec.eu\/"},{"@type":"ListItem","position":2,"name":"DAHUA Firmware Customization"}]},{"@type":"WebSite","@id":"https:\/\/dahua.evosec.eu\/#website","url":"https:\/\/dahua.evosec.eu\/","name":"Premiumsupport f\u00f6r DAHUA produkter","description":"Vi \u00e4r ett 3: e part f\u00f6retag erfaren i DAHUA produkter","potentialAction":[{"@type":"SearchAction","target":{"@type":"EntryPoint","urlTemplate":"https:\/\/dahua.evosec.eu\/?s={search_term_string}"},"query-input":{"@type":"PropertyValueSpecification","valueRequired":true,"valueName":"search_term_string"}}],"inLanguage":"sv-SE"}]}},"_links":{"self":[{"href":"https:\/\/dahua.evosec.eu\/sv\/wp-json\/wp\/v2\/pages\/57","targetHints":{"allow":["GET"]}}],"collection":[{"href":"https:\/\/dahua.evosec.eu\/sv\/wp-json\/wp\/v2\/pages"}],"about":[{"href":"https:\/\/dahua.evosec.eu\/sv\/wp-json\/wp\/v2\/types\/page"}],"author":[{"embeddable":true,"href":"https:\/\/dahua.evosec.eu\/sv\/wp-json\/wp\/v2\/users\/1"}],"replies":[{"embeddable":true,"href":"https:\/\/dahua.evosec.eu\/sv\/wp-json\/wp\/v2\/comments?post=57"}],"version-history":[{"count":0,"href":"https:\/\/dahua.evosec.eu\/sv\/wp-json\/wp\/v2\/pages\/57\/revisions"}],"wp:featuredmedia":[{"embeddable":true,"href":"https:\/\/dahua.evosec.eu\/sv\/wp-json\/wp\/v2\/media\/218"}],"wp:attachment":[{"href":"https:\/\/dahua.evosec.eu\/sv\/wp-json\/wp\/v2\/media?parent=57"}],"curies":[{"name":"wp","href":"https:\/\/api.w.org\/{rel}","templated":true}]}}